{"id":505,"date":"2018-10-11T22:53:45","date_gmt":"2018-10-11T20:53:45","guid":{"rendered":"http:\/\/www.baikowski.com\/?page_id=505"},"modified":"2022-12-26T17:18:33","modified_gmt":"2022-12-26T16:18:33","slug":"legal-notice","status":"publish","type":"page","link":"https:\/\/www.baikowski.com\/en\/legal-notice\/","title":{"rendered":"Legal notice"},"content":{"rendered":"<h3>Site publisher<\/h3>\n<p><strong>Baikowski\u00ae<\/strong><br \/>\nA French limited company in the form of a <em>Soci\u00e9t\u00e9 Anonyme \u00e0 conseil d\u2019administration<\/em> with share capital of \u20ac4,598,222.50<br \/>\nCompany number RCS Annecy B 303 970 388<br \/>\nEU VAT number FR 14303 970 388<\/p>\n<p><strong>Registered office<\/strong>:<br \/>\n1046 route de Chaumontet<br \/>\nBP 501<br \/>\n74330 POISY<br \/>\nFrance<\/p>\n<p><strong>Editor<\/strong>: Laura PHILIPPE<br \/>\nYour questions or remarks may be addressed to us at marketing.team@baikowski.com.<\/p>\n<h3>Hosting and design<\/h3>\n<p><strong>Gardeners<\/strong><br \/>\nZAC Valparc \u2013 74330 POISY \u2013 France<br \/>\nTelephone: +33 (0)4 50 244 244<br \/>\nEmail: info@agencegardeners.com<br \/>\nWebsite: <a href=\"https:\/\/www.agencegardeners.com\/\">www.agencegardeners.com<\/a><\/p>\n<h3>Photo credits<\/h3>\n<p>\u00a9utopikphoto<br \/>\n\u00a9Photo Gilles BERTRAND<br \/>\n\u00a9Baikowski\u00ae<\/p>\n<p><strong>Please read this legal notice attentively before consulting the website.<\/strong><\/p>\n<p>This notice is designed to define the bases on which BAIKOWSKI makes the present website available to you and on which you access and use the website. Any connection to the website is subordinated to compliance with the present legal notice which BAIKOWSKI reserves the right to modify or update at any time.<\/p>\n<h4>1. Access to the website<\/h4>\n<p>BAIKOWSKI strives to maintain the website accessible but has no obligation of so succeeding. It is specified that for the purposes of maintenance, updating and eventually for other reasons (notably technical), access to the website may be interrupted. BAIKOWSKI shall in no event be liable for any such interruptions and for any resulting consequences for any user of the website.<\/p>\n<h4>2. Intellectual property<\/h4>\n<p>Access to the https:\/\/baikowski.com website gives you a right to private and non-exclusive use of the website. Any and all articles, photographs and other documents on the website are the property of BAIKOWSKI, or have been authorized for publication by their owners, and are subject to copyright and other intellectual property rights. The brands present on the website (in the form of trademarks, logos or other forms) are the property of BAIKOWSKI Group companies. No license or other right of use of the brands displayed on the present website may be inferred. Any reproduction, representation, modification, publication, transmission or alteration, partial or total, by any means whatsoever and on any medium whatsoever, of the present website or its content engages the user\u2019s liability and may give rise to pursuit for counterfeiting.<\/p>\n<h4>3. Warranty and liability<\/h4>\n<p>Content published on the website is supplied \u201cas is\u201d and subject to no express or tacit warranty of any sort whatsoever. BAIKOWSKI reserves itself the right to modify, correct, interrupt and\/or suppress content of or access to the website at any time and without notice. BAIKOWSKI may not be held liable in the event of any contamination of your computer equipment as a result of the propagation of a virus or other computer infections. It is your responsibility to take appropriate measures for the protection of your computer equipment.<\/p>\n<p>In no event may BAIKOWSKI or its employees, vendors or other partners mentioned on the website be held liable, in respect of an action relating to contractual or penal liability, or of any other legal action, for any direct, indirect or incidental loss of any nature whatsoever, and notably for any financial or commercial loss, resulting from use of the website or of any information obtained on the website.<\/p>\n<h4>4. Hyperlinks<\/h4>\n<p>The www.baikowski.com website may have occasion to provide access to other websites by means of hyperlinks. Baikowski does not manage those websites and cannot control their content. Baikowski may therefore in no event be held liable for the content of said websites or for any collection and transmission of personal data, installation of cookies or other process for the same purposes performed by said websites.<\/p>\n<h4>5. Cookies<\/h4>\n<p>On opening a page of our website, you saw a message indicating the presence of cookies on the website. Such \u201ccookie\u201d files are installed on your terminal (computer, smartphone, tablet etc.) for the purpose of collecting information on your browsing. Below, you will find explanatory details as well as guidance for configuring the cookies in accordance with your choices.<\/p>\n<p><strong>Presentation of cookies<\/strong>:<\/p>\n<p>A cookie is a file containing information in respect of your browsing. It is recorded on your hard drive by your browser (as, for example, for your browsing history) when you visit a website. It is a small file which enables the server hosting the website to identify and recognize you during the cookie\u2019s lifetime.<\/p>\n<p><strong>Why use cookies?<\/strong><\/p>\n<p>There are 2 types of cookies we may use.<\/p>\n<p>Most technical cookies (such as session cookies) are indispensable for the website\u2019s proper functioning and their suppression may result in browsing difficulties.<\/p>\n<h5>1. Technical cookies<\/h5>\n<p>Technical cookies are indispensable for the website\u2019s functioning. They provide access to protected areas of the websites (such as professional areas) by means of personal identifiers (login and session password). They generally have a very short lifetime.<\/p>\n<h5>2. Statistical cookies (web analytics)<\/h5>\n<p>Statistical cookies collect your connection data to provide the website owner information on such matters as the number of visits to its website, the average duration of visits, the most visited pages and by means of which browser. Google Analytics generates a cookie possessing a unique identifier which collects your IP address in order to determine from which town or city you were connected but without ever establishing which computer or natural person you really are.<\/p>\n<p><strong>How can cookies be managed?<\/strong><br \/>\nSeveral possibilities for managing cookies are available to you. Any configuring you undertake may affect your internet browsing and your access to certain services requiring the use of cookies. You may choose at any time to express and modify your preferences in respect of cookies as described below.<\/p>\n<p><strong>Management of cookies<\/strong><br \/>\n<strong>Configuration:<\/strong><\/p>\n<h5>1. Configuration of your web browser<\/h5>\n<p>Each web browser may be configured to authorize (or not) the presence of cookies on your terminal.<br \/>\nList of the applicable procedures:<\/p>\n<ul>\n<li>For Chrome&#x2122;<br \/>\nhttps:\/\/support.google.com\/chrome\/answer\/95647?hl=fr&amp;hlrm=en<\/li>\n<li>For Internet Explorer&#x2122;<br \/>\nhttp:\/\/windows.microsoft.com\/fr-fr\/internet-explorer\/delete-manage-cookies<\/li>\n<li>For Firefox&#x2122;<br \/>\nhttp:\/\/support.mozilla.org\/fr\/kb\/cookies-informations-sites-enregistrent?redirectlocale=fr&amp;redirectslug=G\u00e9rer+les+cookies<\/li>\n<li>For Opera&#x2122;<br \/>\nhttp:\/\/help.opera.com\/Windows\/10.20\/fr\/cookies.html<\/li>\n<\/ul>\n<h5>2. Opt-out<\/h5>\n<p>You may also configure your choices directly on the platforms which deposit cookies using the following link. NB in the event of refusal of a cookie, your terminal will record a cookie whose sole purpose is to deactivate the services associated with the cookie, which means that if you delete all the cookies recorded on your terminal, via your web browser, we will no longer know that you have chosen this option. For audience measurement cookies deposited by Google Analytics, see https:\/\/tools.google.com\/dlpage\/gaoptout?hl=fr.<\/p>\n<p><strong>Additional information:<\/strong><br \/>\nFor more information on cookies, you may consult the French data protection authority\u2019s website at http:\/\/www.cnil.fr\/vos-droits\/vos-traces\/les-cookies\/.<\/p>\n<p>&nbsp;<\/p>\n<h4>6.Website conception<\/h4>\n<p><a href=\"https:\/\/www.agencegardeners.com\/\">GARDENERS AGENCY<\/a><\/p>\n","protected":false},"excerpt":{"rendered":"<p>Site publisher Baikowski\u00ae A French limited company in the form of a Soci\u00e9t\u00e9 Anonyme \u00e0 conseil d\u2019administration with share capital of \u20ac4,598,222.50 Company number RCS Annecy B 303 970 388 EU VAT number FR 14303 970 388 Registered office: 1046 route de Chaumontet BP 501 74330 POISY France Editor: Laura PHILIPPE Your questions or remarks [&hellip;]<\/p>\n","protected":false},"author":75,"featured_media":0,"parent":0,"menu_order":0,"comment_status":"closed","ping_status":"closed","template":"","meta":{"_acf_changed":false,"footnotes":""},"class_list":["post-505","page","type-page","status-publish","hentry"],"acf":[],"yoast_head":"<!-- This site is optimized with the Yoast SEO plugin v25.2 - https:\/\/yoast.com\/wordpress\/plugins\/seo\/ -->\n<title>Legal notice - Baikowski\u00ae<\/title>\n<meta name=\"robots\" content=\"index, follow, max-snippet:-1, max-image-preview:large, max-video-preview:-1\" \/>\n<link rel=\"canonical\" href=\"https:\/\/www.baikowski.com\/en\/legal-notice\/\" \/>\n<meta name=\"twitter:card\" content=\"summary_large_image\" \/>\n<meta name=\"twitter:title\" content=\"Legal notice - Baikowski\u00ae\" \/>\n<meta name=\"twitter:description\" content=\"Site publisher Baikowski\u00ae A French limited company in the form of a Soci\u00e9t\u00e9 Anonyme \u00e0 conseil d\u2019administration with share capital of \u20ac4,598,222.50 Company number RCS Annecy B 303 970 388 EU VAT number FR 14303 970 388 Registered office: 1046 route de Chaumontet BP 501 74330 POISY France Editor: Laura PHILIPPE Your questions or remarks [&hellip;]\" \/>\n<meta name=\"twitter:site\" content=\"@BaikowskiTeam\" \/>\n<meta name=\"twitter:label1\" content=\"Est. reading time\" \/>\n\t<meta name=\"twitter:data1\" content=\"5 minutes\" \/>\n<script type=\"application\/ld+json\" class=\"yoast-schema-graph\">{\"@context\":\"https:\/\/schema.org\",\"@graph\":[{\"@type\":\"WebPage\",\"@id\":\"https:\/\/www.baikowski.com\/en\/legal-notice\/\",\"url\":\"https:\/\/www.baikowski.com\/en\/legal-notice\/\",\"name\":\"Legal notice - Baikowski\u00ae\",\"isPartOf\":{\"@id\":\"https:\/\/www.baikowski.com\/en\/#website\"},\"datePublished\":\"2018-10-11T20:53:45+00:00\",\"dateModified\":\"2022-12-26T16:18:33+00:00\",\"breadcrumb\":{\"@id\":\"https:\/\/www.baikowski.com\/en\/legal-notice\/#breadcrumb\"},\"inLanguage\":\"en-US\",\"potentialAction\":[{\"@type\":\"ReadAction\",\"target\":[\"https:\/\/www.baikowski.com\/en\/legal-notice\/\"]}]},{\"@type\":\"BreadcrumbList\",\"@id\":\"https:\/\/www.baikowski.com\/en\/legal-notice\/#breadcrumb\",\"itemListElement\":[{\"@type\":\"ListItem\",\"position\":1,\"name\":\"Home\",\"item\":\"https:\/\/www.baikowski.com\/en\/\"},{\"@type\":\"ListItem\",\"position\":2,\"name\":\"Legal notice\"}]},{\"@type\":\"WebSite\",\"@id\":\"https:\/\/www.baikowski.com\/en\/#website\",\"url\":\"https:\/\/www.baikowski.com\/en\/\",\"name\":\"Baikowski\u00ae\",\"description\":\"Your solution partner for fine minerals\",\"publisher\":{\"@id\":\"https:\/\/www.baikowski.com\/en\/#organization\"},\"potentialAction\":[{\"@type\":\"SearchAction\",\"target\":{\"@type\":\"EntryPoint\",\"urlTemplate\":\"https:\/\/www.baikowski.com\/en\/?s={search_term_string}\"},\"query-input\":{\"@type\":\"PropertyValueSpecification\",\"valueRequired\":true,\"valueName\":\"search_term_string\"}}],\"inLanguage\":\"en-US\"},{\"@type\":\"Organization\",\"@id\":\"https:\/\/www.baikowski.com\/en\/#organization\",\"name\":\"Baikowski\u00ae\",\"url\":\"https:\/\/www.baikowski.com\/en\/\",\"logo\":{\"@type\":\"ImageObject\",\"inLanguage\":\"en-US\",\"@id\":\"https:\/\/www.baikowski.com\/en\/#\/schema\/logo\/image\/\",\"url\":\"https:\/\/www.baikowski.com\/wp-content\/uploads\/2020\/10\/Baikowski_blocmarque_RVB_ok.jpg\",\"contentUrl\":\"https:\/\/www.baikowski.com\/wp-content\/uploads\/2020\/10\/Baikowski_blocmarque_RVB_ok.jpg\",\"width\":1977,\"height\":754,\"caption\":\"Baikowski\u00ae\"},\"image\":{\"@id\":\"https:\/\/www.baikowski.com\/en\/#\/schema\/logo\/image\/\"},\"sameAs\":[\"https:\/\/x.com\/BaikowskiTeam\",\"https:\/\/www.linkedin.com\/company\/baikowski\",\"https:\/\/www.youtube.com\/channel\/UC8ypcOZkT7RxGf5HC_aW70g\"]}]}<\/script>\n<!-- \/ Yoast SEO plugin. -->","yoast_head_json":{"title":"Legal notice - Baikowski\u00ae","robots":{"index":"index","follow":"follow","max-snippet":"max-snippet:-1","max-image-preview":"max-image-preview:large","max-video-preview":"max-video-preview:-1"},"canonical":"https:\/\/www.baikowski.com\/en\/legal-notice\/","twitter_card":"summary_large_image","twitter_title":"Legal notice - Baikowski\u00ae","twitter_description":"Site publisher Baikowski\u00ae A French limited company in the form of a Soci\u00e9t\u00e9 Anonyme \u00e0 conseil d\u2019administration with share capital of \u20ac4,598,222.50 Company number RCS Annecy B 303 970 388 EU VAT number FR 14303 970 388 Registered office: 1046 route de Chaumontet BP 501 74330 POISY France Editor: Laura PHILIPPE Your questions or remarks [&hellip;]","twitter_site":"@BaikowskiTeam","twitter_misc":{"Est. reading time":"5 minutes"},"schema":{"@context":"https:\/\/schema.org","@graph":[{"@type":"WebPage","@id":"https:\/\/www.baikowski.com\/en\/legal-notice\/","url":"https:\/\/www.baikowski.com\/en\/legal-notice\/","name":"Legal notice - Baikowski\u00ae","isPartOf":{"@id":"https:\/\/www.baikowski.com\/en\/#website"},"datePublished":"2018-10-11T20:53:45+00:00","dateModified":"2022-12-26T16:18:33+00:00","breadcrumb":{"@id":"https:\/\/www.baikowski.com\/en\/legal-notice\/#breadcrumb"},"inLanguage":"en-US","potentialAction":[{"@type":"ReadAction","target":["https:\/\/www.baikowski.com\/en\/legal-notice\/"]}]},{"@type":"BreadcrumbList","@id":"https:\/\/www.baikowski.com\/en\/legal-notice\/#breadcrumb","itemListElement":[{"@type":"ListItem","position":1,"name":"Home","item":"https:\/\/www.baikowski.com\/en\/"},{"@type":"ListItem","position":2,"name":"Legal notice"}]},{"@type":"WebSite","@id":"https:\/\/www.baikowski.com\/en\/#website","url":"https:\/\/www.baikowski.com\/en\/","name":"Baikowski\u00ae","description":"Your solution partner for fine minerals","publisher":{"@id":"https:\/\/www.baikowski.com\/en\/#organization"},"potentialAction":[{"@type":"SearchAction","target":{"@type":"EntryPoint","urlTemplate":"https:\/\/www.baikowski.com\/en\/?s={search_term_string}"},"query-input":{"@type":"PropertyValueSpecification","valueRequired":true,"valueName":"search_term_string"}}],"inLanguage":"en-US"},{"@type":"Organization","@id":"https:\/\/www.baikowski.com\/en\/#organization","name":"Baikowski\u00ae","url":"https:\/\/www.baikowski.com\/en\/","logo":{"@type":"ImageObject","inLanguage":"en-US","@id":"https:\/\/www.baikowski.com\/en\/#\/schema\/logo\/image\/","url":"https:\/\/www.baikowski.com\/wp-content\/uploads\/2020\/10\/Baikowski_blocmarque_RVB_ok.jpg","contentUrl":"https:\/\/www.baikowski.com\/wp-content\/uploads\/2020\/10\/Baikowski_blocmarque_RVB_ok.jpg","width":1977,"height":754,"caption":"Baikowski\u00ae"},"image":{"@id":"https:\/\/www.baikowski.com\/en\/#\/schema\/logo\/image\/"},"sameAs":["https:\/\/x.com\/BaikowskiTeam","https:\/\/www.linkedin.com\/company\/baikowski","https:\/\/www.youtube.com\/channel\/UC8ypcOZkT7RxGf5HC_aW70g"]}]}},"_links":{"self":[{"href":"https:\/\/www.baikowski.com\/en\/wp-json\/wp\/v2\/pages\/505","targetHints":{"allow":["GET"]}}],"collection":[{"href":"https:\/\/www.baikowski.com\/en\/wp-json\/wp\/v2\/pages"}],"about":[{"href":"https:\/\/www.baikowski.com\/en\/wp-json\/wp\/v2\/types\/page"}],"author":[{"embeddable":true,"href":"https:\/\/www.baikowski.com\/en\/wp-json\/wp\/v2\/users\/75"}],"replies":[{"embeddable":true,"href":"https:\/\/www.baikowski.com\/en\/wp-json\/wp\/v2\/comments?post=505"}],"version-history":[{"count":11,"href":"https:\/\/www.baikowski.com\/en\/wp-json\/wp\/v2\/pages\/505\/revisions"}],"predecessor-version":[{"id":5884,"href":"https:\/\/www.baikowski.com\/en\/wp-json\/wp\/v2\/pages\/505\/revisions\/5884"}],"wp:attachment":[{"href":"https:\/\/www.baikowski.com\/en\/wp-json\/wp\/v2\/media?parent=505"}],"curies":[{"name":"wp","href":"https:\/\/api.w.org\/{rel}","templated":true}]}}