{"id":1104,"date":"2020-11-02T14:09:12","date_gmt":"2020-11-02T13:09:12","guid":{"rendered":"http:\/\/www.baikowski.com\/our-references\/"},"modified":"2023-07-24T09:30:38","modified_gmt":"2023-07-24T07:30:38","slug":"publications-scientifiques","status":"publish","type":"page","link":"https:\/\/www.baikowski.com\/fr\/publications-scientifiques\/","title":{"rendered":"Publications scientifiques"},"content":{"rendered":"<p>Retrouvez ici un aper\u00e7u de publications scientifiques qui ont \u00e9t\u00e9 men\u00e9es avec des produits Baikowski\u00ae. Nos chefs de projets R&amp;D ont lu ces \u00e9tudes et vous ont laiss\u00e9 un commentaire sur chaque aper\u00e7u !<\/p>\n","protected":false},"excerpt":{"rendered":"<p>Retrouvez ici un aper\u00e7u de publications scientifiques qui ont \u00e9t\u00e9 men\u00e9es avec des produits Baikowski\u00ae. Nos chefs de projets R&amp;D ont lu ces \u00e9tudes et vous ont laiss\u00e9 un commentaire sur chaque aper\u00e7u !<\/p>\n","protected":false},"author":79,"featured_media":6114,"parent":0,"menu_order":0,"comment_status":"closed","ping_status":"closed","template":"template-references.php","meta":{"_acf_changed":false,"footnotes":""},"class_list":["post-1104","page","type-page","status-publish","has-post-thumbnail","hentry"],"acf":[],"yoast_head":"<!-- This site is optimized with the Yoast SEO plugin v25.2 - https:\/\/yoast.com\/wordpress\/plugins\/seo\/ -->\n<title>Publications scientifiques incluant nos produits - Baikowski\u00ae<\/title>\n<meta name=\"description\" content=\"Nous vous livrons ici quelques publications scientifiques pr\u00e9sentant des produits Baikowski. Nos experts R&amp;D y ont laiss\u00e9 des commentaires !\" \/>\n<meta name=\"robots\" content=\"index, follow, max-snippet:-1, max-image-preview:large, max-video-preview:-1\" \/>\n<link rel=\"canonical\" href=\"https:\/\/www.baikowski.com\/fr\/publications-scientifiques\/\" \/>\n<meta name=\"twitter:card\" content=\"summary_large_image\" \/>\n<meta name=\"twitter:title\" content=\"Publications scientifiques incluant nos produits - Baikowski\u00ae\" \/>\n<meta name=\"twitter:description\" content=\"Nous vous livrons ici quelques publications scientifiques pr\u00e9sentant des produits Baikowski. Nos experts R&amp;D y ont laiss\u00e9 des commentaires !\" \/>\n<meta name=\"twitter:image\" content=\"https:\/\/www.baikowski.com\/wp-content\/uploads\/2023\/01\/slurry-viscosity-analyses.jpg\" \/>\n<meta name=\"twitter:site\" content=\"@BaikowskiTeam\" \/>\n<meta name=\"twitter:label1\" content=\"Dur\u00e9e de lecture estim\u00e9e\" \/>\n\t<meta name=\"twitter:data1\" content=\"1 minute\" \/>\n<script type=\"application\/ld+json\" class=\"yoast-schema-graph\">{\"@context\":\"https:\/\/schema.org\",\"@graph\":[{\"@type\":\"WebPage\",\"@id\":\"https:\/\/www.baikowski.com\/fr\/publications-scientifiques\/\",\"url\":\"https:\/\/www.baikowski.com\/fr\/publications-scientifiques\/\",\"name\":\"Publications scientifiques incluant nos produits - Baikowski\u00ae\",\"isPartOf\":{\"@id\":\"https:\/\/www.baikowski.com\/fr\/#website\"},\"primaryImageOfPage\":{\"@id\":\"https:\/\/www.baikowski.com\/fr\/publications-scientifiques\/#primaryimage\"},\"image\":{\"@id\":\"https:\/\/www.baikowski.com\/fr\/publications-scientifiques\/#primaryimage\"},\"thumbnailUrl\":\"https:\/\/www.baikowski.com\/wp-content\/uploads\/2023\/01\/slurry-viscosity-analyses.jpg\",\"datePublished\":\"2020-11-02T13:09:12+00:00\",\"dateModified\":\"2023-07-24T07:30:38+00:00\",\"description\":\"Nous vous livrons ici quelques publications scientifiques pr\u00e9sentant des produits Baikowski. Nos experts R&D y ont laiss\u00e9 des commentaires !\",\"breadcrumb\":{\"@id\":\"https:\/\/www.baikowski.com\/fr\/publications-scientifiques\/#breadcrumb\"},\"inLanguage\":\"fr-FR\",\"potentialAction\":[{\"@type\":\"ReadAction\",\"target\":[\"https:\/\/www.baikowski.com\/fr\/publications-scientifiques\/\"]}]},{\"@type\":\"ImageObject\",\"inLanguage\":\"fr-FR\",\"@id\":\"https:\/\/www.baikowski.com\/fr\/publications-scientifiques\/#primaryimage\",\"url\":\"https:\/\/www.baikowski.com\/wp-content\/uploads\/2023\/01\/slurry-viscosity-analyses.jpg\",\"contentUrl\":\"https:\/\/www.baikowski.com\/wp-content\/uploads\/2023\/01\/slurry-viscosity-analyses.jpg\",\"width\":800,\"height\":650,\"caption\":\"slurry viscosity analyses\"},{\"@type\":\"BreadcrumbList\",\"@id\":\"https:\/\/www.baikowski.com\/fr\/publications-scientifiques\/#breadcrumb\",\"itemListElement\":[{\"@type\":\"ListItem\",\"position\":1,\"name\":\"Accueil\",\"item\":\"https:\/\/www.baikowski.com\/fr\/\"},{\"@type\":\"ListItem\",\"position\":2,\"name\":\"Publications scientifiques\"}]},{\"@type\":\"WebSite\",\"@id\":\"https:\/\/www.baikowski.com\/fr\/#website\",\"url\":\"https:\/\/www.baikowski.com\/fr\/\",\"name\":\"Baikowski\u00ae\",\"description\":\"Your solution partner for fine minerals\",\"publisher\":{\"@id\":\"https:\/\/www.baikowski.com\/fr\/#organization\"},\"potentialAction\":[{\"@type\":\"SearchAction\",\"target\":{\"@type\":\"EntryPoint\",\"urlTemplate\":\"https:\/\/www.baikowski.com\/fr\/?s={search_term_string}\"},\"query-input\":{\"@type\":\"PropertyValueSpecification\",\"valueRequired\":true,\"valueName\":\"search_term_string\"}}],\"inLanguage\":\"fr-FR\"},{\"@type\":\"Organization\",\"@id\":\"https:\/\/www.baikowski.com\/fr\/#organization\",\"name\":\"Baikowski\u00ae\",\"url\":\"https:\/\/www.baikowski.com\/fr\/\",\"logo\":{\"@type\":\"ImageObject\",\"inLanguage\":\"fr-FR\",\"@id\":\"https:\/\/www.baikowski.com\/fr\/#\/schema\/logo\/image\/\",\"url\":\"https:\/\/www.baikowski.com\/wp-content\/uploads\/2020\/10\/Baikowski_blocmarque_RVB_ok.jpg\",\"contentUrl\":\"https:\/\/www.baikowski.com\/wp-content\/uploads\/2020\/10\/Baikowski_blocmarque_RVB_ok.jpg\",\"width\":1977,\"height\":754,\"caption\":\"Baikowski\u00ae\"},\"image\":{\"@id\":\"https:\/\/www.baikowski.com\/fr\/#\/schema\/logo\/image\/\"},\"sameAs\":[\"https:\/\/x.com\/BaikowskiTeam\",\"https:\/\/www.linkedin.com\/company\/baikowski\",\"https:\/\/www.youtube.com\/channel\/UC8ypcOZkT7RxGf5HC_aW70g\"]}]}<\/script>\n<!-- \/ Yoast SEO plugin. -->","yoast_head_json":{"title":"Publications scientifiques incluant nos produits - Baikowski\u00ae","description":"Nous vous livrons ici quelques publications scientifiques pr\u00e9sentant des produits Baikowski. Nos experts R&D y ont laiss\u00e9 des commentaires !","robots":{"index":"index","follow":"follow","max-snippet":"max-snippet:-1","max-image-preview":"max-image-preview:large","max-video-preview":"max-video-preview:-1"},"canonical":"https:\/\/www.baikowski.com\/fr\/publications-scientifiques\/","twitter_card":"summary_large_image","twitter_title":"Publications scientifiques incluant nos produits - Baikowski\u00ae","twitter_description":"Nous vous livrons ici quelques publications scientifiques pr\u00e9sentant des produits Baikowski. Nos experts R&D y ont laiss\u00e9 des commentaires !","twitter_image":"https:\/\/www.baikowski.com\/wp-content\/uploads\/2023\/01\/slurry-viscosity-analyses.jpg","twitter_site":"@BaikowskiTeam","twitter_misc":{"Dur\u00e9e de lecture estim\u00e9e":"1 minute"},"schema":{"@context":"https:\/\/schema.org","@graph":[{"@type":"WebPage","@id":"https:\/\/www.baikowski.com\/fr\/publications-scientifiques\/","url":"https:\/\/www.baikowski.com\/fr\/publications-scientifiques\/","name":"Publications scientifiques incluant nos produits - Baikowski\u00ae","isPartOf":{"@id":"https:\/\/www.baikowski.com\/fr\/#website"},"primaryImageOfPage":{"@id":"https:\/\/www.baikowski.com\/fr\/publications-scientifiques\/#primaryimage"},"image":{"@id":"https:\/\/www.baikowski.com\/fr\/publications-scientifiques\/#primaryimage"},"thumbnailUrl":"https:\/\/www.baikowski.com\/wp-content\/uploads\/2023\/01\/slurry-viscosity-analyses.jpg","datePublished":"2020-11-02T13:09:12+00:00","dateModified":"2023-07-24T07:30:38+00:00","description":"Nous vous livrons ici quelques publications scientifiques pr\u00e9sentant des produits Baikowski. Nos experts R&D y ont laiss\u00e9 des commentaires !","breadcrumb":{"@id":"https:\/\/www.baikowski.com\/fr\/publications-scientifiques\/#breadcrumb"},"inLanguage":"fr-FR","potentialAction":[{"@type":"ReadAction","target":["https:\/\/www.baikowski.com\/fr\/publications-scientifiques\/"]}]},{"@type":"ImageObject","inLanguage":"fr-FR","@id":"https:\/\/www.baikowski.com\/fr\/publications-scientifiques\/#primaryimage","url":"https:\/\/www.baikowski.com\/wp-content\/uploads\/2023\/01\/slurry-viscosity-analyses.jpg","contentUrl":"https:\/\/www.baikowski.com\/wp-content\/uploads\/2023\/01\/slurry-viscosity-analyses.jpg","width":800,"height":650,"caption":"slurry viscosity analyses"},{"@type":"BreadcrumbList","@id":"https:\/\/www.baikowski.com\/fr\/publications-scientifiques\/#breadcrumb","itemListElement":[{"@type":"ListItem","position":1,"name":"Accueil","item":"https:\/\/www.baikowski.com\/fr\/"},{"@type":"ListItem","position":2,"name":"Publications scientifiques"}]},{"@type":"WebSite","@id":"https:\/\/www.baikowski.com\/fr\/#website","url":"https:\/\/www.baikowski.com\/fr\/","name":"Baikowski\u00ae","description":"Your solution partner for fine minerals","publisher":{"@id":"https:\/\/www.baikowski.com\/fr\/#organization"},"potentialAction":[{"@type":"SearchAction","target":{"@type":"EntryPoint","urlTemplate":"https:\/\/www.baikowski.com\/fr\/?s={search_term_string}"},"query-input":{"@type":"PropertyValueSpecification","valueRequired":true,"valueName":"search_term_string"}}],"inLanguage":"fr-FR"},{"@type":"Organization","@id":"https:\/\/www.baikowski.com\/fr\/#organization","name":"Baikowski\u00ae","url":"https:\/\/www.baikowski.com\/fr\/","logo":{"@type":"ImageObject","inLanguage":"fr-FR","@id":"https:\/\/www.baikowski.com\/fr\/#\/schema\/logo\/image\/","url":"https:\/\/www.baikowski.com\/wp-content\/uploads\/2020\/10\/Baikowski_blocmarque_RVB_ok.jpg","contentUrl":"https:\/\/www.baikowski.com\/wp-content\/uploads\/2020\/10\/Baikowski_blocmarque_RVB_ok.jpg","width":1977,"height":754,"caption":"Baikowski\u00ae"},"image":{"@id":"https:\/\/www.baikowski.com\/fr\/#\/schema\/logo\/image\/"},"sameAs":["https:\/\/x.com\/BaikowskiTeam","https:\/\/www.linkedin.com\/company\/baikowski","https:\/\/www.youtube.com\/channel\/UC8ypcOZkT7RxGf5HC_aW70g"]}]}},"_links":{"self":[{"href":"https:\/\/www.baikowski.com\/fr\/wp-json\/wp\/v2\/pages\/1104","targetHints":{"allow":["GET"]}}],"collection":[{"href":"https:\/\/www.baikowski.com\/fr\/wp-json\/wp\/v2\/pages"}],"about":[{"href":"https:\/\/www.baikowski.com\/fr\/wp-json\/wp\/v2\/types\/page"}],"author":[{"embeddable":true,"href":"https:\/\/www.baikowski.com\/fr\/wp-json\/wp\/v2\/users\/79"}],"replies":[{"embeddable":true,"href":"https:\/\/www.baikowski.com\/fr\/wp-json\/wp\/v2\/comments?post=1104"}],"version-history":[{"count":6,"href":"https:\/\/www.baikowski.com\/fr\/wp-json\/wp\/v2\/pages\/1104\/revisions"}],"predecessor-version":[{"id":3756,"href":"https:\/\/www.baikowski.com\/fr\/wp-json\/wp\/v2\/pages\/1104\/revisions\/3756"}],"wp:featuredmedia":[{"embeddable":true,"href":"https:\/\/www.baikowski.com\/fr\/wp-json\/wp\/v2\/media\/6114"}],"wp:attachment":[{"href":"https:\/\/www.baikowski.com\/fr\/wp-json\/wp\/v2\/media?parent=1104"}],"curies":[{"name":"wp","href":"https:\/\/api.w.org\/{rel}","templated":true}]}}