{"id":1106,"date":"2018-10-03T14:01:30","date_gmt":"2018-10-03T12:01:30","guid":{"rendered":"http:\/\/www.baikowski.com\/contact-us\/"},"modified":"2026-04-13T13:31:59","modified_gmt":"2026-04-13T11:31:59","slug":"nous-contacter","status":"publish","type":"page","link":"https:\/\/www.baikowski.com\/fr\/nous-contacter\/","title":{"rendered":"Nous contacter"},"content":{"rendered":"<h2>Remplissez ce formulaire et nous vous r\u00e9pondrons dans les plus brefs d\u00e9lais<\/h2>\n<p>&nbsp;<\/p>\n\n<div class=\"wpcf7 no-js\" id=\"wpcf7-f13176-o1\" lang=\"fr-FR\" dir=\"ltr\" data-wpcf7-id=\"13176\">\n<div class=\"screen-reader-response\"><p role=\"status\" aria-live=\"polite\" aria-atomic=\"true\"><\/p> <ul><\/ul><\/div>\n<form action=\"\/fr\/wp-json\/wp\/v2\/pages\/1106#wpcf7-f13176-o1\" method=\"post\" class=\"wpcf7-form init\" aria-label=\"Formulaire de contact\" novalidate=\"novalidate\" data-status=\"init\">\n<div style=\"display: none;\">\n<input type=\"hidden\" name=\"_wpcf7\" value=\"13176\" \/>\n<input type=\"hidden\" name=\"_wpcf7_version\" value=\"6.0.6\" \/>\n<input type=\"hidden\" name=\"_wpcf7_locale\" value=\"fr_FR\" \/>\n<input type=\"hidden\" name=\"_wpcf7_unit_tag\" value=\"wpcf7-f13176-o1\" \/>\n<input type=\"hidden\" name=\"_wpcf7_container_post\" value=\"0\" \/>\n<input type=\"hidden\" name=\"_wpcf7_posted_data_hash\" value=\"\" \/>\n<\/div>\n<input class=\"wpcf7-form-control wpcf7-hidden\" id=\"input-mail\" value=\"\" type=\"hidden\" name=\"email-50\" \/>\n<input class=\"wpcf7-form-control wpcf7-hidden\" id=\"input-mail-copy\" value=\"\" type=\"hidden\" name=\"email-51\" \/>\n<p><label>Nom *<br \/>\n<span class=\"wpcf7-form-control-wrap\" data-name=\"your-name\"><input size=\"40\" maxlength=\"400\" class=\"wpcf7-form-control wpcf7-text wpcf7-validates-as-required\" aria-required=\"true\" aria-invalid=\"false\" value=\"\" type=\"text\" name=\"your-name\" \/><\/span><\/label>\n<\/p>\n<p><label>Email *<br \/>\n<span class=\"wpcf7-form-control-wrap\" data-name=\"your-email\"><input size=\"40\" maxlength=\"400\" class=\"wpcf7-form-control wpcf7-email wpcf7-validates-as-required wpcf7-text wpcf7-validates-as-email\" aria-required=\"true\" aria-invalid=\"false\" value=\"\" type=\"email\" name=\"your-email\" \/><\/span><\/label>\n<\/p>\n<p><label>Soci\u00e9t\u00e9 *<br \/>\n<span class=\"wpcf7-form-control-wrap\" data-name=\"your-company\"><input size=\"40\" maxlength=\"400\" class=\"wpcf7-form-control wpcf7-text wpcf7-validates-as-required\" aria-required=\"true\" aria-invalid=\"false\" value=\"\" type=\"text\" name=\"your-company\" \/><\/span><\/label>\n<\/p>\n<p><label>Pays *<br \/>\n<span class=\"wpcf7-form-control-wrap\" data-name=\"your-country\"><select class=\"wpcf7-form-control wpcf7-select wpcf7-validates-as-required\" id=\"your-country\" aria-required=\"true\" aria-invalid=\"false\" name=\"your-country\"><option value=\"\">&#8212;Veuillez choisir une option&#8212;<\/option><\/select><\/span><\/label><br \/>\n<span class=\"wpcf7-form-control-wrap\" data-name=\"country-other\"><input size=\"40\" maxlength=\"400\" class=\"wpcf7-form-control wpcf7-text\" id=\"country-other\" aria-invalid=\"false\" placeholder=\"Sp\u00e9cifier le pays\" value=\"\" type=\"text\" name=\"country-other\" \/><\/span><br \/>\n<input class=\"wpcf7-form-control wpcf7-hidden\" id=\"your-country-hidden\" value=\"\" type=\"hidden\" name=\"your-country-hidden\" \/>\n<\/p>\n<p><label>T\u00e9l. *<br \/>\n<span class=\"wpcf7-form-control-wrap\" data-name=\"tel-354\"><input size=\"40\" maxlength=\"400\" class=\"wpcf7-form-control wpcf7-tel wpcf7-validates-as-required wpcf7-text wpcf7-validates-as-tel\" aria-required=\"true\" aria-invalid=\"false\" value=\"\" type=\"tel\" name=\"tel-354\" \/><\/span><\/label>\n<\/p>\n<p><label>\u00c0 propos de vous<br \/>\n<span class=\"wpcf7-form-control-wrap\" data-name=\"You\"><select class=\"wpcf7-form-control wpcf7-select\" aria-invalid=\"false\" name=\"You\"><option value=\"\">---<\/option><option value=\"C&#039;est la premi\u00e8re fois que vous nous contactez\">C&#039;est la premi\u00e8re fois que vous nous contactez<\/option><option value=\"Vous utilisez d\u00e9j\u00e0 nos produits\">Vous utilisez d\u00e9j\u00e0 nos produits<\/option><option value=\"Vous effectuez une \u00e9tude scientifique \/ industrielle\">Vous effectuez une \u00e9tude scientifique \/ industrielle<\/option><option value=\"Autres\">Autres<\/option><\/select><\/span><\/label><br \/>\n<span class=\"wpcf7-form-control-wrap\" data-name=\"you-other\"><input size=\"40\" maxlength=\"400\" class=\"wpcf7-form-control wpcf7-text\" id=\"you-other\" aria-invalid=\"false\" placeholder=\"Sp\u00e9cifier\" value=\"\" type=\"text\" name=\"you-other\" \/><\/span>\n<\/p>\n<p><label>Demande *<br \/>\n<span class=\"wpcf7-form-control-wrap\" data-name=\"Subject\"><select class=\"wpcf7-form-control wpcf7-select wpcf7-validates-as-required\" aria-required=\"true\" aria-invalid=\"false\" name=\"Subject\"><option value=\"\">---<\/option><option value=\"Devis\">Devis<\/option><option value=\"Informations sur un produit\">Informations sur un produit<\/option><option value=\"Commande\">Commande<\/option><option value=\"Demande de document\">Demande de document<\/option><option value=\"SDS\/MSDS\">SDS\/MSDS<\/option><option value=\"\u00c9chantillon\">\u00c9chantillon<\/option><option value=\"Autre demande\">Autre demande<\/option><\/select><\/span><\/label><br \/>\n<span class=\"wpcf7-form-control-wrap\" data-name=\"subject-other\"><input size=\"40\" maxlength=\"400\" class=\"wpcf7-form-control wpcf7-text\" id=\"subject-other\" aria-invalid=\"false\" placeholder=\"Sp\u00e9cifier\" value=\"\" type=\"text\" name=\"subject-other\" \/><\/span>\n<\/p>\n<p><label>Application *<br \/>\n<span class=\"wpcf7-form-control-wrap\" data-name=\"Application\"><select class=\"wpcf7-form-control wpcf7-select wpcf7-validates-as-required\" aria-required=\"true\" aria-invalid=\"false\" name=\"Application\"><option value=\"\">---<\/option><option value=\"Batterie\">Batterie<\/option><option value=\"Bioc\u00e9ramiques\">Bioc\u00e9ramiques<\/option><option value=\"C\u00e9ramiques techniques\">C\u00e9ramiques techniques<\/option><option value=\"C\u00e9ramiques transparentes et translucides\">C\u00e9ramiques transparentes et translucides<\/option><option value=\"CMC - Composite \u00e0 Matrice C\u00e9ramique\">CMC - Composite \u00e0 Matrice C\u00e9ramique<\/option><option value=\"CMP - Polissage M\u00e9cano Chimique\">CMP - Polissage M\u00e9cano Chimique<\/option><option value=\"Conversion de lumi\u00e8re LED\">Conversion de lumi\u00e8re LED<\/option><option value=\"Eclairage conventionnel\">Eclairage conventionnel<\/option><option value=\"Horlogerie\">Horlogerie<\/option><option value=\"Solutions de Polissage\">Solutions de Polissage<\/option><option value=\"Autre application\">Autre application<\/option><\/select><\/span><\/label><br \/>\n<span class=\"wpcf7-form-control-wrap\" data-name=\"application-other\"><input size=\"40\" maxlength=\"400\" class=\"wpcf7-form-control wpcf7-text\" id=\"application-other\" aria-invalid=\"false\" placeholder=\"Sp\u00e9cifier\" value=\"\" type=\"text\" name=\"application-other\" \/><\/span>\n<\/p>\n<p><label>Produits<br \/>\n<span class=\"wpcf7-form-control-wrap\" data-name=\"Products\"><select class=\"wpcf7-form-control wpcf7-select\" aria-invalid=\"false\" name=\"Products\"><option value=\"\">---<\/option><option value=\"Alumine ultra-pure\">Alumine ultra-pure<\/option><option value=\"Luminophores\">Luminophores<\/option><option value=\"Spinelle\">Spinelle<\/option><option value=\"Zircone\">Zircone<\/option><option value=\"BaikoPolish\">BaikoPolish<\/option><option value=\"Nano-dispersions\">Nano-dispersions<\/option><option value=\"Mullite\">Mullite<\/option><\/select><\/span><br \/>\n<\/label>\n<\/p>\n<p><label>Message *<br \/>\n<span class=\"wpcf7-form-control-wrap\" data-name=\"your-message\"><textarea cols=\"40\" rows=\"10\" maxlength=\"2000\" class=\"wpcf7-form-control wpcf7-textarea wpcf7-validates-as-required\" aria-required=\"true\" aria-invalid=\"false\" name=\"your-message\"><\/textarea><\/span> <\/label>\n<\/p>\n<p><label>Anti-spam<br \/>\n<span class=\"wpcf7-form-control-wrap\" data-name=\"anti-spam\"><label><span class=\"wpcf7-quiz-label\">2+3=?<\/span> <input size=\"40\" class=\"wpcf7-form-control wpcf7-quiz\" autocomplete=\"off\" aria-required=\"true\" aria-invalid=\"false\" type=\"text\" name=\"anti-spam\" \/><\/label><input type=\"hidden\" name=\"_wpcf7_quiz_answer_anti-spam\" value=\"3964f9cd30ae69ebf80f6a16ab91cdf2\" \/><\/span><br \/>\n<\/label>\n<\/p>\n<p><label><span class=\"wpcf7-form-control-wrap\" data-name=\"acceptance-398\"><span class=\"wpcf7-form-control wpcf7-acceptance\"><span class=\"wpcf7-list-item\"><input type=\"checkbox\" name=\"acceptance-398\" value=\"1\" aria-invalid=\"false\" \/><\/span><\/span><\/span> Je consens au traitement de mes donn\u00e9es conform\u00e9ment \u00e0 la <a href=\"\/fr\/politique-de-confidentialite\/\">politique de confidentialit\u00e9 et de protection des donn\u00e9es<\/a>.*<\/label>\n<\/p>\n<p><!-- Mailchimp for WordPress v4.10.4 - https:\/\/www.mc4wp.com\/ --><input type=\"hidden\" name=\"_mc4wp_subscribe_contact-form-7\" value=\"0\" \/><span class=\"mc4wp-checkbox mc4wp-checkbox-contact-form-7 \"><label><input type=\"checkbox\" name=\"_mc4wp_subscribe_contact-form-7\" value=\"1\" ><span> Get updated and relevant information<\/span><\/label><\/span><!-- \/ Mailchimp for WordPress -->\n<\/p>\n<p><input class=\"wpcf7-form-control wpcf7-submit has-spinner\" type=\"submit\" value=\"Envoyer ma demande\" \/>\n<\/p><div class=\"wpcf7-response-output\" aria-hidden=\"true\"><\/div>\n<\/form>\n<\/div>\n\n","protected":false},"excerpt":{"rendered":"<p>Remplissez ce formulaire et nous vous r\u00e9pondrons dans les plus brefs d\u00e9lais &nbsp;<\/p>\n","protected":false},"author":79,"featured_media":0,"parent":0,"menu_order":0,"comment_status":"closed","ping_status":"closed","template":"template-contact.php","meta":{"_acf_changed":false,"footnotes":""},"class_list":["post-1106","page","type-page","status-publish","hentry"],"acf":[],"yoast_head":"<!-- This site is optimized with the Yoast SEO plugin v25.2 - https:\/\/yoast.com\/wordpress\/plugins\/seo\/ -->\n<title>Contactez-nous | Baikowski\u00ae est en France, USA, Japon, Chine, Cor\u00e9e<\/title>\n<meta name=\"description\" content=\"Contactez-nous gr\u00e2ce \u00e0 ce formulaire et nous reviendrons vers vous. Demandez un devis, un \u00e9chantillon ou toute information technique sur un produit ou application.\" \/>\n<meta name=\"robots\" content=\"index, follow, max-snippet:-1, max-image-preview:large, max-video-preview:-1\" \/>\n<link rel=\"canonical\" href=\"https:\/\/www.baikowski.com\/fr\/nous-contacter\/\" \/>\n<meta name=\"twitter:card\" content=\"summary_large_image\" \/>\n<meta name=\"twitter:title\" content=\"Contactez-nous | Baikowski\u00ae est en France, USA, Japon, Chine, Cor\u00e9e\" \/>\n<meta name=\"twitter:description\" content=\"Contactez-nous gr\u00e2ce \u00e0 ce formulaire et nous reviendrons vers vous. Demandez un devis, un \u00e9chantillon ou toute information technique sur un produit ou application.\" \/>\n<meta name=\"twitter:site\" content=\"@BaikowskiTeam\" \/>\n<meta name=\"twitter:label1\" content=\"Dur\u00e9e de lecture estim\u00e9e\" \/>\n\t<meta name=\"twitter:data1\" content=\"1 minute\" \/>\n<script type=\"application\/ld+json\" class=\"yoast-schema-graph\">{\"@context\":\"https:\/\/schema.org\",\"@graph\":[{\"@type\":\"WebPage\",\"@id\":\"https:\/\/www.baikowski.com\/fr\/nous-contacter\/\",\"url\":\"https:\/\/www.baikowski.com\/fr\/nous-contacter\/\",\"name\":\"Contactez-nous | Baikowski\u00ae est en France, USA, Japon, Chine, Cor\u00e9e\",\"isPartOf\":{\"@id\":\"https:\/\/www.baikowski.com\/fr\/#website\"},\"datePublished\":\"2018-10-03T12:01:30+00:00\",\"dateModified\":\"2026-04-13T11:31:59+00:00\",\"description\":\"Contactez-nous gr\u00e2ce \u00e0 ce formulaire et nous reviendrons vers vous. Demandez un devis, un \u00e9chantillon ou toute information technique sur un produit ou application.\",\"breadcrumb\":{\"@id\":\"https:\/\/www.baikowski.com\/fr\/nous-contacter\/#breadcrumb\"},\"inLanguage\":\"fr-FR\",\"potentialAction\":[{\"@type\":\"ReadAction\",\"target\":[\"https:\/\/www.baikowski.com\/fr\/nous-contacter\/\"]}]},{\"@type\":\"BreadcrumbList\",\"@id\":\"https:\/\/www.baikowski.com\/fr\/nous-contacter\/#breadcrumb\",\"itemListElement\":[{\"@type\":\"ListItem\",\"position\":1,\"name\":\"Accueil\",\"item\":\"https:\/\/www.baikowski.com\/fr\/\"},{\"@type\":\"ListItem\",\"position\":2,\"name\":\"Nous contacter\"}]},{\"@type\":\"WebSite\",\"@id\":\"https:\/\/www.baikowski.com\/fr\/#website\",\"url\":\"https:\/\/www.baikowski.com\/fr\/\",\"name\":\"Baikowski\u00ae\",\"description\":\"Your solution partner for fine minerals\",\"publisher\":{\"@id\":\"https:\/\/www.baikowski.com\/fr\/#organization\"},\"potentialAction\":[{\"@type\":\"SearchAction\",\"target\":{\"@type\":\"EntryPoint\",\"urlTemplate\":\"https:\/\/www.baikowski.com\/fr\/?s={search_term_string}\"},\"query-input\":{\"@type\":\"PropertyValueSpecification\",\"valueRequired\":true,\"valueName\":\"search_term_string\"}}],\"inLanguage\":\"fr-FR\"},{\"@type\":\"Organization\",\"@id\":\"https:\/\/www.baikowski.com\/fr\/#organization\",\"name\":\"Baikowski\u00ae\",\"url\":\"https:\/\/www.baikowski.com\/fr\/\",\"logo\":{\"@type\":\"ImageObject\",\"inLanguage\":\"fr-FR\",\"@id\":\"https:\/\/www.baikowski.com\/fr\/#\/schema\/logo\/image\/\",\"url\":\"https:\/\/www.baikowski.com\/wp-content\/uploads\/2020\/10\/Baikowski_blocmarque_RVB_ok.jpg\",\"contentUrl\":\"https:\/\/www.baikowski.com\/wp-content\/uploads\/2020\/10\/Baikowski_blocmarque_RVB_ok.jpg\",\"width\":1977,\"height\":754,\"caption\":\"Baikowski\u00ae\"},\"image\":{\"@id\":\"https:\/\/www.baikowski.com\/fr\/#\/schema\/logo\/image\/\"},\"sameAs\":[\"https:\/\/x.com\/BaikowskiTeam\",\"https:\/\/www.linkedin.com\/company\/baikowski\",\"https:\/\/www.youtube.com\/channel\/UC8ypcOZkT7RxGf5HC_aW70g\"]}]}<\/script>\n<!-- \/ Yoast SEO plugin. -->","yoast_head_json":{"title":"Contactez-nous | Baikowski\u00ae est en France, USA, Japon, Chine, Cor\u00e9e","description":"Contactez-nous gr\u00e2ce \u00e0 ce formulaire et nous reviendrons vers vous. Demandez un devis, un \u00e9chantillon ou toute information technique sur un produit ou application.","robots":{"index":"index","follow":"follow","max-snippet":"max-snippet:-1","max-image-preview":"max-image-preview:large","max-video-preview":"max-video-preview:-1"},"canonical":"https:\/\/www.baikowski.com\/fr\/nous-contacter\/","twitter_card":"summary_large_image","twitter_title":"Contactez-nous | Baikowski\u00ae est en France, USA, Japon, Chine, Cor\u00e9e","twitter_description":"Contactez-nous gr\u00e2ce \u00e0 ce formulaire et nous reviendrons vers vous. Demandez un devis, un \u00e9chantillon ou toute information technique sur un produit ou application.","twitter_site":"@BaikowskiTeam","twitter_misc":{"Dur\u00e9e de lecture estim\u00e9e":"1 minute"},"schema":{"@context":"https:\/\/schema.org","@graph":[{"@type":"WebPage","@id":"https:\/\/www.baikowski.com\/fr\/nous-contacter\/","url":"https:\/\/www.baikowski.com\/fr\/nous-contacter\/","name":"Contactez-nous | Baikowski\u00ae est en France, USA, Japon, Chine, Cor\u00e9e","isPartOf":{"@id":"https:\/\/www.baikowski.com\/fr\/#website"},"datePublished":"2018-10-03T12:01:30+00:00","dateModified":"2026-04-13T11:31:59+00:00","description":"Contactez-nous gr\u00e2ce \u00e0 ce formulaire et nous reviendrons vers vous. Demandez un devis, un \u00e9chantillon ou toute information technique sur un produit ou application.","breadcrumb":{"@id":"https:\/\/www.baikowski.com\/fr\/nous-contacter\/#breadcrumb"},"inLanguage":"fr-FR","potentialAction":[{"@type":"ReadAction","target":["https:\/\/www.baikowski.com\/fr\/nous-contacter\/"]}]},{"@type":"BreadcrumbList","@id":"https:\/\/www.baikowski.com\/fr\/nous-contacter\/#breadcrumb","itemListElement":[{"@type":"ListItem","position":1,"name":"Accueil","item":"https:\/\/www.baikowski.com\/fr\/"},{"@type":"ListItem","position":2,"name":"Nous contacter"}]},{"@type":"WebSite","@id":"https:\/\/www.baikowski.com\/fr\/#website","url":"https:\/\/www.baikowski.com\/fr\/","name":"Baikowski\u00ae","description":"Your solution partner for fine minerals","publisher":{"@id":"https:\/\/www.baikowski.com\/fr\/#organization"},"potentialAction":[{"@type":"SearchAction","target":{"@type":"EntryPoint","urlTemplate":"https:\/\/www.baikowski.com\/fr\/?s={search_term_string}"},"query-input":{"@type":"PropertyValueSpecification","valueRequired":true,"valueName":"search_term_string"}}],"inLanguage":"fr-FR"},{"@type":"Organization","@id":"https:\/\/www.baikowski.com\/fr\/#organization","name":"Baikowski\u00ae","url":"https:\/\/www.baikowski.com\/fr\/","logo":{"@type":"ImageObject","inLanguage":"fr-FR","@id":"https:\/\/www.baikowski.com\/fr\/#\/schema\/logo\/image\/","url":"https:\/\/www.baikowski.com\/wp-content\/uploads\/2020\/10\/Baikowski_blocmarque_RVB_ok.jpg","contentUrl":"https:\/\/www.baikowski.com\/wp-content\/uploads\/2020\/10\/Baikowski_blocmarque_RVB_ok.jpg","width":1977,"height":754,"caption":"Baikowski\u00ae"},"image":{"@id":"https:\/\/www.baikowski.com\/fr\/#\/schema\/logo\/image\/"},"sameAs":["https:\/\/x.com\/BaikowskiTeam","https:\/\/www.linkedin.com\/company\/baikowski","https:\/\/www.youtube.com\/channel\/UC8ypcOZkT7RxGf5HC_aW70g"]}]}},"_links":{"self":[{"href":"https:\/\/www.baikowski.com\/fr\/wp-json\/wp\/v2\/pages\/1106","targetHints":{"allow":["GET"]}}],"collection":[{"href":"https:\/\/www.baikowski.com\/fr\/wp-json\/wp\/v2\/pages"}],"about":[{"href":"https:\/\/www.baikowski.com\/fr\/wp-json\/wp\/v2\/types\/page"}],"author":[{"embeddable":true,"href":"https:\/\/www.baikowski.com\/fr\/wp-json\/wp\/v2\/users\/79"}],"replies":[{"embeddable":true,"href":"https:\/\/www.baikowski.com\/fr\/wp-json\/wp\/v2\/comments?post=1106"}],"version-history":[{"count":5,"href":"https:\/\/www.baikowski.com\/fr\/wp-json\/wp\/v2\/pages\/1106\/revisions"}],"predecessor-version":[{"id":13177,"href":"https:\/\/www.baikowski.com\/fr\/wp-json\/wp\/v2\/pages\/1106\/revisions\/13177"}],"wp:attachment":[{"href":"https:\/\/www.baikowski.com\/fr\/wp-json\/wp\/v2\/media?parent=1106"}],"curies":[{"name":"wp","href":"https:\/\/api.w.org\/{rel}","templated":true}]}}