{"id":2188,"date":"2020-01-14T12:19:48","date_gmt":"2020-01-14T11:19:48","guid":{"rendered":"http:\/\/www.baikowski.com\/?page_id=2188"},"modified":"2024-06-04T14:04:40","modified_gmt":"2024-06-04T12:04:40","slug":"capacites-analytiques","status":"publish","type":"page","link":"https:\/\/www.baikowski.com\/fr\/capacites-analytiques\/","title":{"rendered":"Capacit\u00e9s analytiques"},"content":{"rendered":"<h2>Fiable &amp; pertinent<\/h2>\n<p>Baikowski\u00ae poss\u00e8de ses propres capacit\u00e9s d&rsquo;analyse en interne, gr\u00e2ce \u00e0 du <strong>personnel hautement qualifi\u00e9<\/strong> et des <strong>\u00e9quipements de pointe en termes de mesure et caract\u00e9risation<\/strong>. Gr\u00e2ce \u00e0 des m\u00e9thodes et du mat\u00e9riel fiables, nous effectuons des <strong>analyses quotidiennes<\/strong> pour superviser nos proc\u00e9d\u00e9s et d\u00e9livrer une <strong>caract\u00e9risation fid\u00e8le et pr\u00e9cise<\/strong> de nos produits.<\/p>\n<p>La composition chimique de nos oxydes min\u00e9raux complexes est caract\u00e9ris\u00e9e par plusieurs techniques dont l&rsquo;<strong>ICP-AES<\/strong> (PQ9000 Elite) et la <strong>Fluorescence par rayons X<\/strong> (XRF), qui sont respectivement utilis\u00e9es pour quantifier les \u00e9l\u00e9ments mineurs et majeurs.<\/p>\n<p><img loading=\"lazy\" decoding=\"async\" class=\"wp-image-4324 aligncenter\" src=\"http:\/\/www.baikowski.com\/wp-content\/uploads\/2021\/06\/Test-laboratory-Baikowski-\u00a9pascallebeau-1.jpg\" alt=\"Analyses chimiques Horiba en laboratoire chez Baikowski\" width=\"800\" height=\"534\" srcset=\"https:\/\/www.baikowski.com\/wp-content\/uploads\/2021\/06\/Test-laboratory-Baikowski-\u00a9pascallebeau-1.jpg 2048w, https:\/\/www.baikowski.com\/wp-content\/uploads\/2021\/06\/Test-laboratory-Baikowski-\u00a9pascallebeau-1-300x200.jpg 300w, https:\/\/www.baikowski.com\/wp-content\/uploads\/2021\/06\/Test-laboratory-Baikowski-\u00a9pascallebeau-1-1024x684.jpg 1024w, https:\/\/www.baikowski.com\/wp-content\/uploads\/2021\/06\/Test-laboratory-Baikowski-\u00a9pascallebeau-1-768x513.jpg 768w, https:\/\/www.baikowski.com\/wp-content\/uploads\/2021\/06\/Test-laboratory-Baikowski-\u00a9pascallebeau-1-1536x1025.jpg 1536w\" sizes=\"auto, (max-width: 800px) 100vw, 800px\" \/><\/p>\n<h3>Caract\u00e9risation orient\u00e9e client<\/h3>\n<p>Nous faisons le constat que <strong>chacun de nos clients utilise nos produits d&rsquo;une fa\u00e7on qui lui est propre<\/strong>. L&rsquo;\u00e9quipe R&amp;D de Baikowski\u00ae rassemble une multitude de personnes qualifi\u00e9es, chacune avec leur expertise unique. Puisque nous d\u00e9livrons des produits \u00e0 haute valeur ajout\u00e9e, c&rsquo;est notre devoir de <strong>nous assurer que notre client commande le meilleur produit pour son application<\/strong> !<\/p>\n<p>C&rsquo;est pourquoi nous \u00e9tudions et anticipons comment chaque produit Baikowski\u00ae se comportera dans chaque proc\u00e9d\u00e9 sp\u00e9cifique. Nous fournissons un rapport d&rsquo;analyse sur les caract\u00e9ristiques qui sont consid\u00e9r\u00e9es comme<strong> les plus adapt\u00e9es \u00e0 nos clients<\/strong>.<\/p>\n<p style=\"text-align: center;\"><a class=\"bouton-bleu\" href=\"https:\/\/www.baikowski.com\/fr\/analytical-skills-and-tailor-made-oxide-solutions\/\" target=\"_blank\" rel=\"capacit\u00e9s analytiques et produits sur-mesure noopener\"> Voir la video<\/a><\/p>\n<h3>Les suspensions<\/h3>\n<ul>\n<li>Notre \u00e9quipe japonaise aiguise son expertise du polissage depuis plus de 30 ans. Baikowski\u00ae peut<strong> conseiller des abrasifs<\/strong> con\u00e7us pour polir des substrats sp\u00e9cifiques, que l&rsquo;on recherche un enl\u00e8vement de mati\u00e8re efficace ou une finition brillante.<\/li>\n<li>Nous \u00e9tudions <strong>dans quelle mesure la viscosit\u00e9 de la suspension est impact\u00e9e par la teneur en mati\u00e8re s\u00e8che<\/strong>, le pH, le vieillissement&#8230;<\/li>\n<\/ul>\n<p><img loading=\"lazy\" decoding=\"async\" class=\"wp-image-6114 size-full aligncenter\" src=\"https:\/\/www.baikowski.com\/wp-content\/uploads\/2023\/01\/slurry-viscosity-analyses.jpg\" alt=\"slurry viscosity analyses\" width=\"800\" height=\"650\" srcset=\"https:\/\/www.baikowski.com\/wp-content\/uploads\/2023\/01\/slurry-viscosity-analyses.jpg 800w, https:\/\/www.baikowski.com\/wp-content\/uploads\/2023\/01\/slurry-viscosity-analyses-300x244.jpg 300w, https:\/\/www.baikowski.com\/wp-content\/uploads\/2023\/01\/slurry-viscosity-analyses-768x624.jpg 768w\" sizes=\"auto, (max-width: 800px) 100vw, 800px\" \/><\/p>\n<ul>\n<li>Nous \u00e9valuons \u00e9galement la <strong>stabilit\u00e9 de la suspension<\/strong><\/li>\n<\/ul>\n<p><strong><img loading=\"lazy\" decoding=\"async\" class=\"wp-image-1905 aligncenter\" src=\"http:\/\/www.baikowski.com\/wp-content\/uploads\/2019\/12\/suspension-stability.png\" alt=\"\" width=\"800\" height=\"633\" srcset=\"https:\/\/www.baikowski.com\/wp-content\/uploads\/2019\/12\/suspension-stability.png 550w, https:\/\/www.baikowski.com\/wp-content\/uploads\/2019\/12\/suspension-stability-300x237.png 300w\" sizes=\"auto, (max-width: 800px) 100vw, 800px\" \/><\/strong><\/p>\n<h3>Luminophores pour conversion de lumi\u00e8re<\/h3>\n<p>Dans la mesure o\u00f9 nous fournissons des nano-luminophores pour des applications de pointe, nous garantissons que nos luminophores ont les propri\u00e9t\u00e9s ad\u00e9quates en termes d&rsquo;<strong>absorption, d&rsquo;\u00e9mission, de conversion &amp;\u00a0<\/strong><b>r\u00e9flexion<\/b>. Pour cela, nous utilisons des \u00e9quipements comme le spectrofluorim\u00e8tre :<\/p>\n<p><img loading=\"lazy\" decoding=\"async\" class=\"alignnone wp-image-1901 size-medium\" src=\"http:\/\/www.baikowski.com\/wp-content\/uploads\/2019\/12\/spectrofluorometer-300x201.png\" alt=\"\" width=\"300\" height=\"201\" srcset=\"https:\/\/www.baikowski.com\/wp-content\/uploads\/2019\/12\/spectrofluorometer-300x201.png 300w, https:\/\/www.baikowski.com\/wp-content\/uploads\/2019\/12\/spectrofluorometer-768x515.png 768w, https:\/\/www.baikowski.com\/wp-content\/uploads\/2019\/12\/spectrofluorometer.png 785w\" sizes=\"auto, (max-width: 300px) 100vw, 300px\" \/>\u00a0 \u00a0 \u00a0 \u00a0 \u00a0<img loading=\"lazy\" decoding=\"async\" class=\"alignnone wp-image-1903\" src=\"http:\/\/www.baikowski.com\/wp-content\/uploads\/2019\/12\/spectrofluorometer-2-300x125.png\" alt=\"\" width=\"500\" height=\"209\" srcset=\"https:\/\/www.baikowski.com\/wp-content\/uploads\/2019\/12\/spectrofluorometer-2-300x125.png 300w, https:\/\/www.baikowski.com\/wp-content\/uploads\/2019\/12\/spectrofluorometer-2.png 768w\" sizes=\"auto, (max-width: 500px) 100vw, 500px\" \/><\/p>\n<h3>C\u00e9ramiques techniques<\/h3>\n<p>Une part importante de nos produits est utilis\u00e9e pour fabriquer des c\u00e9ramiques techniques. Un grand nombre de caract\u00e9ristiques de ces c\u00e9ramiques est critique au regard de l&rsquo;application finale. Dans cet optique, les \u00e9quipes de Baikowski\u00ae testent une multitude de propri\u00e9t\u00e9s essentielles des c\u00e9ramiques :<\/p>\n<p><img loading=\"lazy\" decoding=\"async\" class=\"wp-image-6119 size-full aligncenter\" src=\"https:\/\/www.baikowski.com\/wp-content\/uploads\/2023\/01\/Dialometry-analyses.jpg\" alt=\"Dialometry analyses\" width=\"800\" height=\"476\" srcset=\"https:\/\/www.baikowski.com\/wp-content\/uploads\/2023\/01\/Dialometry-analyses.jpg 800w, https:\/\/www.baikowski.com\/wp-content\/uploads\/2023\/01\/Dialometry-analyses-300x179.jpg 300w, https:\/\/www.baikowski.com\/wp-content\/uploads\/2023\/01\/Dialometry-analyses-768x457.jpg 768w, https:\/\/www.baikowski.com\/wp-content\/uploads\/2023\/01\/Dialometry-analyses-200x120.jpg 200w\" sizes=\"auto, (max-width: 800px) 100vw, 800px\" \/><\/p>\n<ul>\n<li><b>R\u00e9activit\u00e9 au frittage (dilatom\u00e8tre)<\/b><\/li>\n<li><strong>Porosit\u00e9<\/strong>, mesur\u00e9e avec un porosim\u00e8tre \u00e0 mercure<\/li>\n<li><strong>La puret\u00e9 chimique <\/strong>de la c\u00e9ramique finale, qui est en partie li\u00e9e \u00e0 la puret\u00e9 de la mati\u00e8re premi\u00e8re. Nous utilisons la technologie ICP pour le mesurer.<\/li>\n<li>Notre \u00e9quipe R&amp;D peut vous conseiller vers quel produit vous diriger pour <strong>maximiser la transparence ou la translucidit\u00e9<\/strong> de votre c\u00e9ramique, en fonction de l&rsquo;application cibl\u00e9e<\/li>\n<li><strong>La densit\u00e9 d&#8217;empilement et la perm\u00e9abilit\u00e9<\/strong> sont souvent des caract\u00e9ristiques cl\u00e9 pour le c\u00e9ramiste. Nous les mesurons et ajustons notre offre en accord avec les besoins de notre client :<\/li>\n<\/ul>\n<p style=\"padding-left: 30px;\"><img loading=\"lazy\" decoding=\"async\" class=\"alignnone wp-image-1919 size-medium\" src=\"http:\/\/www.baikowski.com\/wp-content\/uploads\/2019\/12\/packing-density-300x195.png\" alt=\"\" width=\"300\" height=\"195\" srcset=\"https:\/\/www.baikowski.com\/wp-content\/uploads\/2019\/12\/packing-density-300x195.png 300w, https:\/\/www.baikowski.com\/wp-content\/uploads\/2019\/12\/packing-density-768x499.png 768w, https:\/\/www.baikowski.com\/wp-content\/uploads\/2019\/12\/packing-density.png 838w\" sizes=\"auto, (max-width: 300px) 100vw, 300px\" \/>\u00a0 \u00a0\u00a0<img loading=\"lazy\" decoding=\"async\" class=\"alignnone wp-image-1917 size-medium\" src=\"http:\/\/www.baikowski.com\/wp-content\/uploads\/2019\/12\/Evolution-permeability-300x197.png\" alt=\"\" width=\"300\" height=\"197\" srcset=\"https:\/\/www.baikowski.com\/wp-content\/uploads\/2019\/12\/Evolution-permeability-300x197.png 300w, https:\/\/www.baikowski.com\/wp-content\/uploads\/2019\/12\/Evolution-permeability.png 418w\" sizes=\"auto, (max-width: 300px) 100vw, 300px\" \/><\/p>\n<h3>Les poudres<\/h3>\n<p>De fa\u00e7on g\u00e9n\u00e9rale, les poudres Baikowski\u00ae sont \u00e9valu\u00e9es en fonction de leur :<\/p>\n<ul>\n<li><strong>Coulabilit\u00e9<\/strong>, qui peut \u00eatre importante pour conserver une certaine fluidit\u00e9 dans le proc\u00e9d\u00e9<\/li>\n<li><strong>Pollution m\u00e9tallique<\/strong>, pouvant \u00eatre critique dans des applications sp\u00e9cifiques<\/li>\n<li><strong>Contenu en eau, carbone ou sulfure.<\/strong><\/li>\n<\/ul>\n<p><img loading=\"lazy\" decoding=\"async\" class=\"wp-image-6111 size-full aligncenter\" src=\"https:\/\/www.baikowski.com\/wp-content\/uploads\/2023\/01\/thermogravimetric-and-DSC-analyses.jpg\" alt=\"thermogravimetric and DSC analyses of our oxide powders ans slurries\" width=\"800\" height=\"650\" srcset=\"https:\/\/www.baikowski.com\/wp-content\/uploads\/2023\/01\/thermogravimetric-and-DSC-analyses.jpg 800w, https:\/\/www.baikowski.com\/wp-content\/uploads\/2023\/01\/thermogravimetric-and-DSC-analyses-300x244.jpg 300w, https:\/\/www.baikowski.com\/wp-content\/uploads\/2023\/01\/thermogravimetric-and-DSC-analyses-768x624.jpg 768w\" sizes=\"auto, (max-width: 800px) 100vw, 800px\" \/><\/p>\n","protected":false},"excerpt":{"rendered":"<p>Fiable &amp; pertinent Baikowski\u00ae poss\u00e8de ses propres capacit\u00e9s d&rsquo;analyse en interne, gr\u00e2ce \u00e0 du personnel hautement qualifi\u00e9 et des \u00e9quipements de pointe en termes de mesure et caract\u00e9risation. Gr\u00e2ce \u00e0 des m\u00e9thodes et du mat\u00e9riel fiables, nous effectuons des analyses quotidiennes pour superviser nos proc\u00e9d\u00e9s et d\u00e9livrer une caract\u00e9risation fid\u00e8le et pr\u00e9cise de nos produits. [&hellip;]<\/p>\n","protected":false},"author":79,"featured_media":4329,"parent":0,"menu_order":0,"comment_status":"closed","ping_status":"closed","template":"","meta":{"_acf_changed":false,"footnotes":""},"class_list":["post-2188","page","type-page","status-publish","has-post-thumbnail","hentry"],"acf":[],"yoast_head":"<!-- This site is optimized with the Yoast SEO plugin v25.2 - https:\/\/yoast.com\/wordpress\/plugins\/seo\/ -->\n<title>Capacit\u00e9s analytiques - Baikowski\u00ae<\/title>\n<meta name=\"robots\" content=\"index, follow, max-snippet:-1, max-image-preview:large, max-video-preview:-1\" \/>\n<link rel=\"canonical\" href=\"https:\/\/www.baikowski.com\/fr\/capacites-analytiques\/\" \/>\n<meta name=\"twitter:card\" content=\"summary_large_image\" \/>\n<meta name=\"twitter:title\" content=\"Capacit\u00e9s analytiques - Baikowski\u00ae\" \/>\n<meta name=\"twitter:description\" content=\"Fiable &amp; pertinent Baikowski\u00ae poss\u00e8de ses propres capacit\u00e9s d&rsquo;analyse en interne, gr\u00e2ce \u00e0 du personnel hautement qualifi\u00e9 et des \u00e9quipements de pointe en termes de mesure et caract\u00e9risation. Gr\u00e2ce \u00e0 des m\u00e9thodes et du mat\u00e9riel fiables, nous effectuons des analyses quotidiennes pour superviser nos proc\u00e9d\u00e9s et d\u00e9livrer une caract\u00e9risation fid\u00e8le et pr\u00e9cise de nos produits. [&hellip;]\" \/>\n<meta name=\"twitter:image\" content=\"https:\/\/www.baikowski.com\/wp-content\/uploads\/2021\/06\/Laboratory-characterization-of-fine-oxide-powder-Baikowski.jpg\" \/>\n<meta name=\"twitter:site\" content=\"@BaikowskiTeam\" \/>\n<meta name=\"twitter:label1\" content=\"Dur\u00e9e de lecture estim\u00e9e\" \/>\n\t<meta name=\"twitter:data1\" content=\"4 minutes\" \/>\n<script type=\"application\/ld+json\" class=\"yoast-schema-graph\">{\"@context\":\"https:\/\/schema.org\",\"@graph\":[{\"@type\":\"WebPage\",\"@id\":\"https:\/\/www.baikowski.com\/fr\/capacites-analytiques\/\",\"url\":\"https:\/\/www.baikowski.com\/fr\/capacites-analytiques\/\",\"name\":\"Capacit\u00e9s analytiques - Baikowski\u00ae\",\"isPartOf\":{\"@id\":\"https:\/\/www.baikowski.com\/fr\/#website\"},\"primaryImageOfPage\":{\"@id\":\"https:\/\/www.baikowski.com\/fr\/capacites-analytiques\/#primaryimage\"},\"image\":{\"@id\":\"https:\/\/www.baikowski.com\/fr\/capacites-analytiques\/#primaryimage\"},\"thumbnailUrl\":\"https:\/\/www.baikowski.com\/wp-content\/uploads\/2021\/06\/Laboratory-characterization-of-fine-oxide-powder-Baikowski.jpg\",\"datePublished\":\"2020-01-14T11:19:48+00:00\",\"dateModified\":\"2024-06-04T12:04:40+00:00\",\"breadcrumb\":{\"@id\":\"https:\/\/www.baikowski.com\/fr\/capacites-analytiques\/#breadcrumb\"},\"inLanguage\":\"fr-FR\",\"potentialAction\":[{\"@type\":\"ReadAction\",\"target\":[\"https:\/\/www.baikowski.com\/fr\/capacites-analytiques\/\"]}]},{\"@type\":\"ImageObject\",\"inLanguage\":\"fr-FR\",\"@id\":\"https:\/\/www.baikowski.com\/fr\/capacites-analytiques\/#primaryimage\",\"url\":\"https:\/\/www.baikowski.com\/wp-content\/uploads\/2021\/06\/Laboratory-characterization-of-fine-oxide-powder-Baikowski.jpg\",\"contentUrl\":\"https:\/\/www.baikowski.com\/wp-content\/uploads\/2021\/06\/Laboratory-characterization-of-fine-oxide-powder-Baikowski.jpg\",\"width\":2048,\"height\":1367},{\"@type\":\"BreadcrumbList\",\"@id\":\"https:\/\/www.baikowski.com\/fr\/capacites-analytiques\/#breadcrumb\",\"itemListElement\":[{\"@type\":\"ListItem\",\"position\":1,\"name\":\"Accueil\",\"item\":\"https:\/\/www.baikowski.com\/fr\/\"},{\"@type\":\"ListItem\",\"position\":2,\"name\":\"Capacit\u00e9s analytiques\"}]},{\"@type\":\"WebSite\",\"@id\":\"https:\/\/www.baikowski.com\/fr\/#website\",\"url\":\"https:\/\/www.baikowski.com\/fr\/\",\"name\":\"Baikowski\u00ae\",\"description\":\"Your solution partner for fine minerals\",\"publisher\":{\"@id\":\"https:\/\/www.baikowski.com\/fr\/#organization\"},\"potentialAction\":[{\"@type\":\"SearchAction\",\"target\":{\"@type\":\"EntryPoint\",\"urlTemplate\":\"https:\/\/www.baikowski.com\/fr\/?s={search_term_string}\"},\"query-input\":{\"@type\":\"PropertyValueSpecification\",\"valueRequired\":true,\"valueName\":\"search_term_string\"}}],\"inLanguage\":\"fr-FR\"},{\"@type\":\"Organization\",\"@id\":\"https:\/\/www.baikowski.com\/fr\/#organization\",\"name\":\"Baikowski\u00ae\",\"url\":\"https:\/\/www.baikowski.com\/fr\/\",\"logo\":{\"@type\":\"ImageObject\",\"inLanguage\":\"fr-FR\",\"@id\":\"https:\/\/www.baikowski.com\/fr\/#\/schema\/logo\/image\/\",\"url\":\"https:\/\/www.baikowski.com\/wp-content\/uploads\/2020\/10\/Baikowski_blocmarque_RVB_ok.jpg\",\"contentUrl\":\"https:\/\/www.baikowski.com\/wp-content\/uploads\/2020\/10\/Baikowski_blocmarque_RVB_ok.jpg\",\"width\":1977,\"height\":754,\"caption\":\"Baikowski\u00ae\"},\"image\":{\"@id\":\"https:\/\/www.baikowski.com\/fr\/#\/schema\/logo\/image\/\"},\"sameAs\":[\"https:\/\/x.com\/BaikowskiTeam\",\"https:\/\/www.linkedin.com\/company\/baikowski\",\"https:\/\/www.youtube.com\/channel\/UC8ypcOZkT7RxGf5HC_aW70g\"]}]}<\/script>\n<!-- \/ Yoast SEO plugin. -->","yoast_head_json":{"title":"Capacit\u00e9s analytiques - Baikowski\u00ae","robots":{"index":"index","follow":"follow","max-snippet":"max-snippet:-1","max-image-preview":"max-image-preview:large","max-video-preview":"max-video-preview:-1"},"canonical":"https:\/\/www.baikowski.com\/fr\/capacites-analytiques\/","twitter_card":"summary_large_image","twitter_title":"Capacit\u00e9s analytiques - Baikowski\u00ae","twitter_description":"Fiable &amp; pertinent Baikowski\u00ae poss\u00e8de ses propres capacit\u00e9s d&rsquo;analyse en interne, gr\u00e2ce \u00e0 du personnel hautement qualifi\u00e9 et des \u00e9quipements de pointe en termes de mesure et caract\u00e9risation. Gr\u00e2ce \u00e0 des m\u00e9thodes et du mat\u00e9riel fiables, nous effectuons des analyses quotidiennes pour superviser nos proc\u00e9d\u00e9s et d\u00e9livrer une caract\u00e9risation fid\u00e8le et pr\u00e9cise de nos produits. [&hellip;]","twitter_image":"https:\/\/www.baikowski.com\/wp-content\/uploads\/2021\/06\/Laboratory-characterization-of-fine-oxide-powder-Baikowski.jpg","twitter_site":"@BaikowskiTeam","twitter_misc":{"Dur\u00e9e de lecture estim\u00e9e":"4 minutes"},"schema":{"@context":"https:\/\/schema.org","@graph":[{"@type":"WebPage","@id":"https:\/\/www.baikowski.com\/fr\/capacites-analytiques\/","url":"https:\/\/www.baikowski.com\/fr\/capacites-analytiques\/","name":"Capacit\u00e9s analytiques - Baikowski\u00ae","isPartOf":{"@id":"https:\/\/www.baikowski.com\/fr\/#website"},"primaryImageOfPage":{"@id":"https:\/\/www.baikowski.com\/fr\/capacites-analytiques\/#primaryimage"},"image":{"@id":"https:\/\/www.baikowski.com\/fr\/capacites-analytiques\/#primaryimage"},"thumbnailUrl":"https:\/\/www.baikowski.com\/wp-content\/uploads\/2021\/06\/Laboratory-characterization-of-fine-oxide-powder-Baikowski.jpg","datePublished":"2020-01-14T11:19:48+00:00","dateModified":"2024-06-04T12:04:40+00:00","breadcrumb":{"@id":"https:\/\/www.baikowski.com\/fr\/capacites-analytiques\/#breadcrumb"},"inLanguage":"fr-FR","potentialAction":[{"@type":"ReadAction","target":["https:\/\/www.baikowski.com\/fr\/capacites-analytiques\/"]}]},{"@type":"ImageObject","inLanguage":"fr-FR","@id":"https:\/\/www.baikowski.com\/fr\/capacites-analytiques\/#primaryimage","url":"https:\/\/www.baikowski.com\/wp-content\/uploads\/2021\/06\/Laboratory-characterization-of-fine-oxide-powder-Baikowski.jpg","contentUrl":"https:\/\/www.baikowski.com\/wp-content\/uploads\/2021\/06\/Laboratory-characterization-of-fine-oxide-powder-Baikowski.jpg","width":2048,"height":1367},{"@type":"BreadcrumbList","@id":"https:\/\/www.baikowski.com\/fr\/capacites-analytiques\/#breadcrumb","itemListElement":[{"@type":"ListItem","position":1,"name":"Accueil","item":"https:\/\/www.baikowski.com\/fr\/"},{"@type":"ListItem","position":2,"name":"Capacit\u00e9s analytiques"}]},{"@type":"WebSite","@id":"https:\/\/www.baikowski.com\/fr\/#website","url":"https:\/\/www.baikowski.com\/fr\/","name":"Baikowski\u00ae","description":"Your solution partner for fine minerals","publisher":{"@id":"https:\/\/www.baikowski.com\/fr\/#organization"},"potentialAction":[{"@type":"SearchAction","target":{"@type":"EntryPoint","urlTemplate":"https:\/\/www.baikowski.com\/fr\/?s={search_term_string}"},"query-input":{"@type":"PropertyValueSpecification","valueRequired":true,"valueName":"search_term_string"}}],"inLanguage":"fr-FR"},{"@type":"Organization","@id":"https:\/\/www.baikowski.com\/fr\/#organization","name":"Baikowski\u00ae","url":"https:\/\/www.baikowski.com\/fr\/","logo":{"@type":"ImageObject","inLanguage":"fr-FR","@id":"https:\/\/www.baikowski.com\/fr\/#\/schema\/logo\/image\/","url":"https:\/\/www.baikowski.com\/wp-content\/uploads\/2020\/10\/Baikowski_blocmarque_RVB_ok.jpg","contentUrl":"https:\/\/www.baikowski.com\/wp-content\/uploads\/2020\/10\/Baikowski_blocmarque_RVB_ok.jpg","width":1977,"height":754,"caption":"Baikowski\u00ae"},"image":{"@id":"https:\/\/www.baikowski.com\/fr\/#\/schema\/logo\/image\/"},"sameAs":["https:\/\/x.com\/BaikowskiTeam","https:\/\/www.linkedin.com\/company\/baikowski","https:\/\/www.youtube.com\/channel\/UC8ypcOZkT7RxGf5HC_aW70g"]}]}},"_links":{"self":[{"href":"https:\/\/www.baikowski.com\/fr\/wp-json\/wp\/v2\/pages\/2188","targetHints":{"allow":["GET"]}}],"collection":[{"href":"https:\/\/www.baikowski.com\/fr\/wp-json\/wp\/v2\/pages"}],"about":[{"href":"https:\/\/www.baikowski.com\/fr\/wp-json\/wp\/v2\/types\/page"}],"author":[{"embeddable":true,"href":"https:\/\/www.baikowski.com\/fr\/wp-json\/wp\/v2\/users\/79"}],"replies":[{"embeddable":true,"href":"https:\/\/www.baikowski.com\/fr\/wp-json\/wp\/v2\/comments?post=2188"}],"version-history":[{"count":23,"href":"https:\/\/www.baikowski.com\/fr\/wp-json\/wp\/v2\/pages\/2188\/revisions"}],"predecessor-version":[{"id":9231,"href":"https:\/\/www.baikowski.com\/fr\/wp-json\/wp\/v2\/pages\/2188\/revisions\/9231"}],"wp:featuredmedia":[{"embeddable":true,"href":"https:\/\/www.baikowski.com\/fr\/wp-json\/wp\/v2\/media\/4329"}],"wp:attachment":[{"href":"https:\/\/www.baikowski.com\/fr\/wp-json\/wp\/v2\/media?parent=2188"}],"curies":[{"name":"wp","href":"https:\/\/api.w.org\/{rel}","templated":true}]}}