{"id":2190,"date":"2020-01-14T12:23:54","date_gmt":"2020-01-14T11:23:54","guid":{"rendered":"http:\/\/www.baikowski.com\/?page_id=2190"},"modified":"2024-06-27T09:08:13","modified_gmt":"2024-06-27T07:08:13","slug":"politique-qhse-certificats-iso","status":"publish","type":"page","link":"https:\/\/www.baikowski.com\/fr\/politique-qhse-certificats-iso\/","title":{"rendered":"Politique QHSE &#038; certificats"},"content":{"rendered":"<h2>Certifications<\/h2>\n<p>Nous sommes <strong>conformes aux normes ISO 45001, ISO 14001 &amp; ISO 9001<\/strong>.\u00a0 Nous sommes aussi certifi\u00e9s Iso 22000 en France pour notre sous-produit BiNa, issu de notre processus de revalorisation. Vous pouvez t\u00e9l\u00e9charger nos certificats ici :<\/p>\n<h2><img loading=\"lazy\" decoding=\"async\" class=\"alignright wp-image-4346 \" src=\"http:\/\/www.baikowski.com\/wp-content\/uploads\/2021\/06\/Certified-ISO-9001-14001-45001-300x243.png\" alt=\"\" width=\"259\" height=\"210\" srcset=\"https:\/\/www.baikowski.com\/wp-content\/uploads\/2021\/06\/Certified-ISO-9001-14001-45001-300x243.png 300w, https:\/\/www.baikowski.com\/wp-content\/uploads\/2021\/06\/Certified-ISO-9001-14001-45001-1024x829.png 1024w, https:\/\/www.baikowski.com\/wp-content\/uploads\/2021\/06\/Certified-ISO-9001-14001-45001-768x622.png 768w, https:\/\/www.baikowski.com\/wp-content\/uploads\/2021\/06\/Certified-ISO-9001-14001-45001-1536x1244.png 1536w, https:\/\/www.baikowski.com\/wp-content\/uploads\/2021\/06\/Certified-ISO-9001-14001-45001-2048x1659.png 2048w\" sizes=\"auto, (max-width: 259px) 100vw, 259px\" \/><\/h2>\n<p><a class=\"bouton-bleu\" href=\"https:\/\/www.baikowski.com\/wp-content\/uploads\/2024\/06\/ISO-9001-C648948-1-fr-FR-20240607.pdf\" target=\"_blank\" rel=\"noopener noreferrer\">ISO 9001 : 2015<\/a>\u00a0 \u00a0 \u00a0<a class=\"bouton-bleu\" href=\"https:\/\/www.baikowski.com\/wp-content\/uploads\/2024\/06\/ISO-14001-C648949-1-fr-FR-20240607.pdf\" target=\"_blank\" rel=\"noopener noreferrer\">ISO 14001 : 2015<\/a>\u00a0 \u00a0 <a class=\"bouton-bleu\" href=\"https:\/\/www.baikowski.com\/wp-content\/uploads\/2024\/06\/ISO-45001-C648950-1-fr-FR-20240607.pdf\" target=\"_blank\" rel=\"noopener\">ISO 45001 : 2018<\/a><br \/>\n<a class=\"bouton-bleu\" href=\"https:\/\/www.baikowski.com\/wp-content\/uploads\/2023\/07\/2023-ISO-Certificate-malakoff.pdf\" target=\"_blank\" rel=\"noopener noreferrer\">ISO 9001 : 2015 Baikowski Malakoff<\/a> <a class=\"bouton-bleu\" href=\"https:\/\/www.baikowski.com\/wp-content\/uploads\/2023\/04\/Certification-iso22000.pdf\" target=\"_blank\" rel=\"noopener noreferrer\">ISO 22000 : 2018 Baikowski France<\/a><\/p>\n<h2>Politique QHSE (extrait)<\/h2>\n<p><img loading=\"lazy\" decoding=\"async\" class=\" wp-image-8088 alignleft\" src=\"https:\/\/www.baikowski.com\/wp-content\/uploads\/2024\/02\/Production-small-225x300.jpg\" alt=\"\" width=\"245\" height=\"327\" srcset=\"https:\/\/www.baikowski.com\/wp-content\/uploads\/2024\/02\/Production-small-225x300.jpg 225w, https:\/\/www.baikowski.com\/wp-content\/uploads\/2024\/02\/Production-small.jpg 450w\" sizes=\"auto, (max-width: 245px) 100vw, 245px\" \/>Baikowski\u00ae consid\u00e8re l&rsquo;hygi\u00e8ne et la s\u00e9curit\u00e9 des parties int\u00e9ress\u00e9es, la protection de l&rsquo;environnement et la qualit\u00e9 de ses produits, comme faisant partie int\u00e9grante de sa responsabilit\u00e9 au sein de ses activit\u00e9s.<\/p>\n<p>Le management QHSE permet :<\/p>\n<ul>\n<li>D&rsquo;accompagner les enjeux de la strat\u00e9gie de Baikowski\u00ae.<\/li>\n<li>D&rsquo;am\u00e9liorer les r\u00e9sultats en mati\u00e8re de pr\u00e9vention des accidents, de pr\u00e9servation de la sant\u00e9, de protection de l&rsquo;environnement et de la qualit\u00e9 de ses produits tout en optimisant les co\u00fbts pour la p\u00e9rennit\u00e9 de la Soci\u00e9t\u00e9.<\/li>\n<\/ul>\n<p>Chaque collaborateur et partie int\u00e9ress\u00e9e, par ses actions au quotidien et son professionnalisme, est un acteur essentiel de la politique QHSE de Baikowski\u00ae.<\/p>\n<h2>Environnement<\/h2>\n<p><img loading=\"lazy\" decoding=\"async\" class=\"size-medium wp-image-4119 alignleft\" src=\"https:\/\/www.baikowski.com\/wp-content\/uploads\/2021\/04\/filter-407151-300x200.jpg\" alt=\"\" width=\"300\" height=\"200\" srcset=\"https:\/\/www.baikowski.com\/wp-content\/uploads\/2021\/04\/filter-407151-300x200.jpg 300w, https:\/\/www.baikowski.com\/wp-content\/uploads\/2021\/04\/filter-407151-1024x683.jpg 1024w, https:\/\/www.baikowski.com\/wp-content\/uploads\/2021\/04\/filter-407151-768x512.jpg 768w, https:\/\/www.baikowski.com\/wp-content\/uploads\/2021\/04\/filter-407151.jpg 1300w\" sizes=\"auto, (max-width: 300px) 100vw, 300px\" \/>Chez Baikowski\u00ae, nous <strong>retraitons de fa\u00e7on performante<\/strong> nos effluents liquides et gazeux. L&rsquo;<strong>autosurveillance de nos rejets<\/strong> gazeux et liquides nous permet de g\u00e9rer notre emprunte environnementale locale tout en travaillant en <strong>\u00e9troite collaboration avec les autorit\u00e9s locales<\/strong>.<\/p>\n<p><a class=\"bouton-bleu\" href=\"https:\/\/www.baikowski.com\/fr\/perennite-de-nos-activites\/\">Voir notre politique environnementale<\/a><\/p>\n<p>&nbsp;<\/p>\n","protected":false},"excerpt":{"rendered":"<p>Certifications Nous sommes conformes aux normes ISO 45001, ISO 14001 &amp; ISO 9001.\u00a0 Nous sommes aussi certifi\u00e9s Iso 22000 en France pour notre sous-produit BiNa, issu de notre processus de revalorisation. Vous pouvez t\u00e9l\u00e9charger nos certificats ici : ISO 9001 : 2015\u00a0 \u00a0 \u00a0ISO 14001 : 2015\u00a0 \u00a0 ISO 45001 : 2018 ISO 9001 : [&hellip;]<\/p>\n","protected":false},"author":79,"featured_media":8097,"parent":0,"menu_order":0,"comment_status":"closed","ping_status":"closed","template":"","meta":{"_acf_changed":false,"footnotes":""},"class_list":["post-2190","page","type-page","status-publish","has-post-thumbnail","hentry"],"acf":[],"yoast_head":"<!-- This site is optimized with the Yoast SEO plugin v25.2 - https:\/\/yoast.com\/wordpress\/plugins\/seo\/ -->\n<title>Politique QHSE &amp; certificats ISO 9001, 14001, OHSAS 18001- Baikowski\u00ae<\/title>\n<meta name=\"description\" content=\"Baikowski\u00ae est certifi\u00e9 ISO 9001\/14001 et OHSAS 18001. Retrouvez un extrait de notre politique Qualit\u00e9, Hygi\u00e8ne, S\u00e9curit\u00e9, Environnement.\" \/>\n<meta name=\"robots\" content=\"index, follow, max-snippet:-1, max-image-preview:large, max-video-preview:-1\" \/>\n<link rel=\"canonical\" href=\"https:\/\/www.baikowski.com\/fr\/politique-qhse-certificats-iso\/\" \/>\n<meta name=\"twitter:card\" content=\"summary_large_image\" \/>\n<meta name=\"twitter:title\" content=\"Politique QHSE &amp; certificats ISO 9001, 14001, OHSAS 18001- Baikowski\u00ae\" \/>\n<meta name=\"twitter:description\" content=\"Baikowski\u00ae est certifi\u00e9 ISO 9001\/14001 et OHSAS 18001. Retrouvez un extrait de notre politique Qualit\u00e9, Hygi\u00e8ne, S\u00e9curit\u00e9, Environnement.\" \/>\n<meta name=\"twitter:image\" content=\"https:\/\/www.baikowski.com\/wp-content\/uploads\/2024\/02\/qhse-logo.jpg\" \/>\n<meta name=\"twitter:site\" content=\"@BaikowskiTeam\" \/>\n<meta name=\"twitter:label1\" content=\"Dur\u00e9e de lecture estim\u00e9e\" \/>\n\t<meta name=\"twitter:data1\" content=\"2 minutes\" \/>\n<script type=\"application\/ld+json\" class=\"yoast-schema-graph\">{\"@context\":\"https:\/\/schema.org\",\"@graph\":[{\"@type\":\"WebPage\",\"@id\":\"https:\/\/www.baikowski.com\/fr\/politique-qhse-certificats-iso\/\",\"url\":\"https:\/\/www.baikowski.com\/fr\/politique-qhse-certificats-iso\/\",\"name\":\"Politique QHSE & certificats ISO 9001, 14001, OHSAS 18001- Baikowski\u00ae\",\"isPartOf\":{\"@id\":\"https:\/\/www.baikowski.com\/fr\/#website\"},\"primaryImageOfPage\":{\"@id\":\"https:\/\/www.baikowski.com\/fr\/politique-qhse-certificats-iso\/#primaryimage\"},\"image\":{\"@id\":\"https:\/\/www.baikowski.com\/fr\/politique-qhse-certificats-iso\/#primaryimage\"},\"thumbnailUrl\":\"https:\/\/www.baikowski.com\/wp-content\/uploads\/2024\/02\/qhse-logo.jpg\",\"datePublished\":\"2020-01-14T11:23:54+00:00\",\"dateModified\":\"2024-06-27T07:08:13+00:00\",\"description\":\"Baikowski\u00ae est certifi\u00e9 ISO 9001\/14001 et OHSAS 18001. Retrouvez un extrait de notre politique Qualit\u00e9, Hygi\u00e8ne, S\u00e9curit\u00e9, Environnement.\",\"breadcrumb\":{\"@id\":\"https:\/\/www.baikowski.com\/fr\/politique-qhse-certificats-iso\/#breadcrumb\"},\"inLanguage\":\"fr-FR\",\"potentialAction\":[{\"@type\":\"ReadAction\",\"target\":[\"https:\/\/www.baikowski.com\/fr\/politique-qhse-certificats-iso\/\"]}]},{\"@type\":\"ImageObject\",\"inLanguage\":\"fr-FR\",\"@id\":\"https:\/\/www.baikowski.com\/fr\/politique-qhse-certificats-iso\/#primaryimage\",\"url\":\"https:\/\/www.baikowski.com\/wp-content\/uploads\/2024\/02\/qhse-logo.jpg\",\"contentUrl\":\"https:\/\/www.baikowski.com\/wp-content\/uploads\/2024\/02\/qhse-logo.jpg\",\"width\":350,\"height\":350},{\"@type\":\"BreadcrumbList\",\"@id\":\"https:\/\/www.baikowski.com\/fr\/politique-qhse-certificats-iso\/#breadcrumb\",\"itemListElement\":[{\"@type\":\"ListItem\",\"position\":1,\"name\":\"Accueil\",\"item\":\"https:\/\/www.baikowski.com\/fr\/\"},{\"@type\":\"ListItem\",\"position\":2,\"name\":\"Politique QHSE &#038; certificats\"}]},{\"@type\":\"WebSite\",\"@id\":\"https:\/\/www.baikowski.com\/fr\/#website\",\"url\":\"https:\/\/www.baikowski.com\/fr\/\",\"name\":\"Baikowski\u00ae\",\"description\":\"Your solution partner for fine minerals\",\"publisher\":{\"@id\":\"https:\/\/www.baikowski.com\/fr\/#organization\"},\"potentialAction\":[{\"@type\":\"SearchAction\",\"target\":{\"@type\":\"EntryPoint\",\"urlTemplate\":\"https:\/\/www.baikowski.com\/fr\/?s={search_term_string}\"},\"query-input\":{\"@type\":\"PropertyValueSpecification\",\"valueRequired\":true,\"valueName\":\"search_term_string\"}}],\"inLanguage\":\"fr-FR\"},{\"@type\":\"Organization\",\"@id\":\"https:\/\/www.baikowski.com\/fr\/#organization\",\"name\":\"Baikowski\u00ae\",\"url\":\"https:\/\/www.baikowski.com\/fr\/\",\"logo\":{\"@type\":\"ImageObject\",\"inLanguage\":\"fr-FR\",\"@id\":\"https:\/\/www.baikowski.com\/fr\/#\/schema\/logo\/image\/\",\"url\":\"https:\/\/www.baikowski.com\/wp-content\/uploads\/2020\/10\/Baikowski_blocmarque_RVB_ok.jpg\",\"contentUrl\":\"https:\/\/www.baikowski.com\/wp-content\/uploads\/2020\/10\/Baikowski_blocmarque_RVB_ok.jpg\",\"width\":1977,\"height\":754,\"caption\":\"Baikowski\u00ae\"},\"image\":{\"@id\":\"https:\/\/www.baikowski.com\/fr\/#\/schema\/logo\/image\/\"},\"sameAs\":[\"https:\/\/x.com\/BaikowskiTeam\",\"https:\/\/www.linkedin.com\/company\/baikowski\",\"https:\/\/www.youtube.com\/channel\/UC8ypcOZkT7RxGf5HC_aW70g\"]}]}<\/script>\n<!-- \/ Yoast SEO plugin. -->","yoast_head_json":{"title":"Politique QHSE & certificats ISO 9001, 14001, OHSAS 18001- Baikowski\u00ae","description":"Baikowski\u00ae est certifi\u00e9 ISO 9001\/14001 et OHSAS 18001. Retrouvez un extrait de notre politique Qualit\u00e9, Hygi\u00e8ne, S\u00e9curit\u00e9, Environnement.","robots":{"index":"index","follow":"follow","max-snippet":"max-snippet:-1","max-image-preview":"max-image-preview:large","max-video-preview":"max-video-preview:-1"},"canonical":"https:\/\/www.baikowski.com\/fr\/politique-qhse-certificats-iso\/","twitter_card":"summary_large_image","twitter_title":"Politique QHSE & certificats ISO 9001, 14001, OHSAS 18001- Baikowski\u00ae","twitter_description":"Baikowski\u00ae est certifi\u00e9 ISO 9001\/14001 et OHSAS 18001. Retrouvez un extrait de notre politique Qualit\u00e9, Hygi\u00e8ne, S\u00e9curit\u00e9, Environnement.","twitter_image":"https:\/\/www.baikowski.com\/wp-content\/uploads\/2024\/02\/qhse-logo.jpg","twitter_site":"@BaikowskiTeam","twitter_misc":{"Dur\u00e9e de lecture estim\u00e9e":"2 minutes"},"schema":{"@context":"https:\/\/schema.org","@graph":[{"@type":"WebPage","@id":"https:\/\/www.baikowski.com\/fr\/politique-qhse-certificats-iso\/","url":"https:\/\/www.baikowski.com\/fr\/politique-qhse-certificats-iso\/","name":"Politique QHSE & certificats ISO 9001, 14001, OHSAS 18001- Baikowski\u00ae","isPartOf":{"@id":"https:\/\/www.baikowski.com\/fr\/#website"},"primaryImageOfPage":{"@id":"https:\/\/www.baikowski.com\/fr\/politique-qhse-certificats-iso\/#primaryimage"},"image":{"@id":"https:\/\/www.baikowski.com\/fr\/politique-qhse-certificats-iso\/#primaryimage"},"thumbnailUrl":"https:\/\/www.baikowski.com\/wp-content\/uploads\/2024\/02\/qhse-logo.jpg","datePublished":"2020-01-14T11:23:54+00:00","dateModified":"2024-06-27T07:08:13+00:00","description":"Baikowski\u00ae est certifi\u00e9 ISO 9001\/14001 et OHSAS 18001. Retrouvez un extrait de notre politique Qualit\u00e9, Hygi\u00e8ne, S\u00e9curit\u00e9, Environnement.","breadcrumb":{"@id":"https:\/\/www.baikowski.com\/fr\/politique-qhse-certificats-iso\/#breadcrumb"},"inLanguage":"fr-FR","potentialAction":[{"@type":"ReadAction","target":["https:\/\/www.baikowski.com\/fr\/politique-qhse-certificats-iso\/"]}]},{"@type":"ImageObject","inLanguage":"fr-FR","@id":"https:\/\/www.baikowski.com\/fr\/politique-qhse-certificats-iso\/#primaryimage","url":"https:\/\/www.baikowski.com\/wp-content\/uploads\/2024\/02\/qhse-logo.jpg","contentUrl":"https:\/\/www.baikowski.com\/wp-content\/uploads\/2024\/02\/qhse-logo.jpg","width":350,"height":350},{"@type":"BreadcrumbList","@id":"https:\/\/www.baikowski.com\/fr\/politique-qhse-certificats-iso\/#breadcrumb","itemListElement":[{"@type":"ListItem","position":1,"name":"Accueil","item":"https:\/\/www.baikowski.com\/fr\/"},{"@type":"ListItem","position":2,"name":"Politique QHSE &#038; certificats"}]},{"@type":"WebSite","@id":"https:\/\/www.baikowski.com\/fr\/#website","url":"https:\/\/www.baikowski.com\/fr\/","name":"Baikowski\u00ae","description":"Your solution partner for fine minerals","publisher":{"@id":"https:\/\/www.baikowski.com\/fr\/#organization"},"potentialAction":[{"@type":"SearchAction","target":{"@type":"EntryPoint","urlTemplate":"https:\/\/www.baikowski.com\/fr\/?s={search_term_string}"},"query-input":{"@type":"PropertyValueSpecification","valueRequired":true,"valueName":"search_term_string"}}],"inLanguage":"fr-FR"},{"@type":"Organization","@id":"https:\/\/www.baikowski.com\/fr\/#organization","name":"Baikowski\u00ae","url":"https:\/\/www.baikowski.com\/fr\/","logo":{"@type":"ImageObject","inLanguage":"fr-FR","@id":"https:\/\/www.baikowski.com\/fr\/#\/schema\/logo\/image\/","url":"https:\/\/www.baikowski.com\/wp-content\/uploads\/2020\/10\/Baikowski_blocmarque_RVB_ok.jpg","contentUrl":"https:\/\/www.baikowski.com\/wp-content\/uploads\/2020\/10\/Baikowski_blocmarque_RVB_ok.jpg","width":1977,"height":754,"caption":"Baikowski\u00ae"},"image":{"@id":"https:\/\/www.baikowski.com\/fr\/#\/schema\/logo\/image\/"},"sameAs":["https:\/\/x.com\/BaikowskiTeam","https:\/\/www.linkedin.com\/company\/baikowski","https:\/\/www.youtube.com\/channel\/UC8ypcOZkT7RxGf5HC_aW70g"]}]}},"_links":{"self":[{"href":"https:\/\/www.baikowski.com\/fr\/wp-json\/wp\/v2\/pages\/2190","targetHints":{"allow":["GET"]}}],"collection":[{"href":"https:\/\/www.baikowski.com\/fr\/wp-json\/wp\/v2\/pages"}],"about":[{"href":"https:\/\/www.baikowski.com\/fr\/wp-json\/wp\/v2\/types\/page"}],"author":[{"embeddable":true,"href":"https:\/\/www.baikowski.com\/fr\/wp-json\/wp\/v2\/users\/79"}],"replies":[{"embeddable":true,"href":"https:\/\/www.baikowski.com\/fr\/wp-json\/wp\/v2\/comments?post=2190"}],"version-history":[{"count":27,"href":"https:\/\/www.baikowski.com\/fr\/wp-json\/wp\/v2\/pages\/2190\/revisions"}],"predecessor-version":[{"id":9437,"href":"https:\/\/www.baikowski.com\/fr\/wp-json\/wp\/v2\/pages\/2190\/revisions\/9437"}],"wp:featuredmedia":[{"embeddable":true,"href":"https:\/\/www.baikowski.com\/fr\/wp-json\/wp\/v2\/media\/8097"}],"wp:attachment":[{"href":"https:\/\/www.baikowski.com\/fr\/wp-json\/wp\/v2\/media?parent=2190"}],"curies":[{"name":"wp","href":"https:\/\/api.w.org\/{rel}","templated":true}]}}