{"id":2243,"date":"2020-11-19T12:00:01","date_gmt":"2020-11-19T11:00:01","guid":{"rendered":"http:\/\/www.baikowski.com\/?page_id=2243"},"modified":"2025-04-17T16:33:25","modified_gmt":"2025-04-17T14:33:25","slug":"ceramiques-techniques","status":"publish","type":"page","link":"https:\/\/www.baikowski.com\/fr\/ceramiques-techniques\/","title":{"rendered":"C\u00e9ramiques techniques"},"content":{"rendered":"<h2>Qu&rsquo;est-ce qu&rsquo;une c\u00e9ramique technique ?<\/h2>\n<p>L&rsquo;expression \u201c<strong>c\u00e9ramiques techniques<\/strong>\u201d fait r\u00e9f\u00e9rence \u00e0 une multitude d&rsquo;applications. Nous allons en aborder certaines d&rsquo;entre elles par leur fonction :<\/p>\n<figure id=\"attachment_3453\" aria-describedby=\"caption-attachment-3453\" style=\"width: 200px\" class=\"wp-caption alignright\"><img loading=\"lazy\" decoding=\"async\" class=\"wp-image-3453 size-medium\" src=\"http:\/\/www.baikowski.com\/wp-content\/uploads\/2020\/07\/Baikowski\u00ae-products-2018_\u00a9utopikphoto-16-200x300.jpg\" alt=\"3D printing ceramic, additive manufacturing with fine oxide powder\" width=\"200\" height=\"300\" \/><figcaption id=\"caption-attachment-3453\" class=\"wp-caption-text\">\u00a9 3D design from http:\/\/n-e-r-v-o-u-s.com printed with Prodways technology.<\/figcaption><\/figure>\n<ul>\n<li>Prot\u00e9ger ou renforcer un autre mat\u00e9riau: le rev\u00eatement c\u00e9ramique ou, en anglais, le \u00ab\u00a0coating\u00a0\u00bb<\/li>\n<li>Couper des mat\u00e9riaux relativement durs: outils de coupe<\/li>\n<li>Isoler ou conduire la chaleur : les c\u00e9ramiques de r\u00e9gulation thermique, ou \u00ab\u00a0thermal management\u00a0\u00bb<\/li>\n<li>Filtrer: les membranes c\u00e9ramiques d&rsquo;ultrafiltration<\/li>\n<\/ul>\n<p style=\"text-align: left;\"><a class=\"bouton-bleu\" href=\"https:\/\/www.baikowski.com\/fr\/application\/ceramiques-techniques\/\">Voir les produits associ\u00e9s<\/a><\/p>\n<h3>Propri\u00e9t\u00e9s du rev\u00eatement c\u00e9ramique<\/h3>\n<p>Ces coatings sont d\u00e9velopp\u00e9s dans le but d&rsquo;apporter de nouvelles propri\u00e9t\u00e9s au mat\u00e9riau recouvert. Cela permet de <strong>fonctionnaliser<\/strong> le mat\u00e9riau. Le rev\u00eatement c\u00e9ramique pr\u00e9sente certaines propri\u00e9t\u00e9s qui d\u00e9pendent de la fonction vis\u00e9e :<\/p>\n<p><img loading=\"lazy\" decoding=\"async\" class=\"alignleft wp-image-1715\" src=\"https:\/\/www.baikowski.com\/wp-content\/uploads\/2019\/11\/shutterstock_154317881-e1704963568611-300x295.jpg\" alt=\"\" width=\"247\" height=\"243\" srcset=\"https:\/\/www.baikowski.com\/wp-content\/uploads\/2019\/11\/shutterstock_154317881-e1704963568611-300x295.jpg 300w, https:\/\/www.baikowski.com\/wp-content\/uploads\/2019\/11\/shutterstock_154317881-e1704963568611-768x756.jpg 768w, https:\/\/www.baikowski.com\/wp-content\/uploads\/2019\/11\/shutterstock_154317881-e1704963568611-1024x1008.jpg 1024w, https:\/\/www.baikowski.com\/wp-content\/uploads\/2019\/11\/shutterstock_154317881-e1704963568611-1536x1512.jpg 1536w, https:\/\/www.baikowski.com\/wp-content\/uploads\/2019\/11\/shutterstock_154317881-e1704963568611-2048x2016.jpg 2048w\" sizes=\"auto, (max-width: 247px) 100vw, 247px\" \/><\/p>\n<ul>\n<li>Plan\u00e9it\u00e9 : <strong>Nous contr\u00f4lons la taille de particule de nos poudres<\/strong>, ce qui contribue \u00e0 optimiser l&rsquo;\u00e9paisseur de la couche de rev\u00eatement.<\/li>\n<li>R\u00e9sistance aux produits chimiques : un rev\u00eatement constitu\u00e9 d&rsquo;alumine haute puret\u00e9 ou d&rsquo;oxydes sp\u00e9ciaux est peu r\u00e9actif au stress chimique, de fa\u00e7on intrins\u00e8que. <strong>Nous contr\u00f4lons aussi la chimie de surface<\/strong> des particules, ce qui augmente la r\u00e9sistance chimique.<\/li>\n<li>R\u00e9sistance aux contraintes m\u00e9caniques: c&rsquo;est la propri\u00e9t\u00e9 intrins\u00e8que des particules d&rsquo;oxydes fins donnant naissance \u00e0 une microstructure c\u00e9ramique fine.<\/li>\n<li>Contr\u00f4le d&rsquo;autres propri\u00e9t\u00e9s physiques, comme la porosit\u00e9 ou mouillabilit\u00e9. Par exemple, nous pouvons optimiser la porosit\u00e9 de la c\u00e9ramique en contr\u00f4lant la taille des particules et la distribution de tailles.<\/li>\n<li>Temp\u00e9rature de frittage inf\u00e9rieure \u00e0 celle du mat\u00e9riau recouvert : <strong>nous produisons des particules hautement r\u00e9actives<\/strong> pour le permettre. En effet, nous ma\u00eetrisons la puret\u00e9 chimique de nos produits. Par ailleurs, <strong>nous contr\u00f4lons le retrait du mat\u00e9riau<\/strong> pour maximiser la compatibilit\u00e9 de la suspension de rev\u00eatement avec le mat\u00e9riau enduit.<\/li>\n<\/ul>\n<p>Toutes ces propri\u00e9t\u00e9s contr\u00f4l\u00e9es de nos produits aident \u00e0 jouer sur la rh\u00e9ologie (en particulier la viscosit\u00e9) de la suspension finale.<br \/>\nLe coating c\u00e9ramique est souvent utilis\u00e9 pour les capteurs, comme par exemple les capteurs d&rsquo;oxyg\u00e8ne. Le rev\u00eatement prot\u00e8ge ainsi le capteur de la corrosion.<\/p>\n<h3>Propri\u00e9t\u00e9s des outils de coupe c\u00e9ramique<\/h3>\n<p><img loading=\"lazy\" decoding=\"async\" class=\" wp-image-11082 alignleft\" src=\"https:\/\/www.baikowski.com\/wp-content\/uploads\/2025\/04\/Cutting-tool-white-paper-book-covering-205x300.jpg\" alt=\"Tailored Alumina-based Solution for Advanced Cutting Tools\" width=\"389\" height=\"570\" srcset=\"https:\/\/www.baikowski.com\/wp-content\/uploads\/2025\/04\/Cutting-tool-white-paper-book-covering-205x300.jpg 205w, https:\/\/www.baikowski.com\/wp-content\/uploads\/2025\/04\/Cutting-tool-white-paper-book-covering.jpg 672w\" sizes=\"auto, (max-width: 389px) 100vw, 389px\" \/>Les outils de coupe c\u00e9ramique deviennent incontournables lorsque la temp\u00e9rature de coupe est \u00e9lev\u00e9e et sans syst\u00e8me de refroidissement. Les outils de d\u00e9coupe en c\u00e9ramique, compos\u00e9s d&rsquo;<a href=\"https:\/\/www.baikowski.com\/fr\/chemistry\/alumine\/\">Alumine ultra-pure (HPA)<\/a>, ciblent plusieurs choses:<\/p>\n<ul>\n<li>La stabilit\u00e9 thermique et chimique (\u00e9viter l&rsquo;oxydation). C&rsquo;est une propri\u00e9t\u00e9 intrins\u00e8que de la c\u00e9ramique issue de l&rsquo;alumine haute puret\u00e9.<\/li>\n<li>La r\u00e9sistance \u00e0 l&rsquo;usure. Seules des pi\u00e8ces de haute densit\u00e9 avec une duret\u00e9 intrins\u00e8que \u00e9lev\u00e9e et non-poreuse peuvent pr\u00e9senter une excellente r\u00e9sistance \u00e0 l&rsquo;usure. Nous proposons des <a href=\"https:\/\/www.baikowski.com\/fr\/chemistry\/zircone\/\">zircones<\/a> et alumines ultrapures avec un <strong>contr\u00f4le des tailles de particule, des distributions de tailles et des agglom\u00e9rats (qui tendent vers z\u00e9ro pour \u00e9viter toute porosit\u00e9)<\/strong>.<\/li>\n<li>R\u00e9sister \u00e0 la rupture (t\u00e9nacit\u00e9). Par ailleurs, plus la microstructure est fine, plus l&rsquo;outil de coupe est robuste. <b>Baikowski\u00ae offre HPA &amp; Zircones <\/b>garantissant le contr\u00f4le de la taille des grains de la c\u00e9ramique finale et une certaine duret\u00e9 gr\u00e2ce \u00e0 une <strong>microstructure des plus fines<\/strong>.<\/li>\n<\/ul>\n<p style=\"text-align: left;\">Nous contr\u00f4lons nos produits aux niveaux de la taille de particule, la distribution de tailles et les agglom\u00e9rats. Toutes ces propri\u00e9t\u00e9s permettent de <strong>contr\u00f4ler la r\u00e9activit\u00e9 au frittage<\/strong>. Les c\u00e9ramiques obtenues apr\u00e8s frittage de nos produits sont donc <strong>tr\u00e8s denses m\u00eame \u00e0 basse temp\u00e9rature<\/strong>. Nous proposons aussi <strong>plusieurs dopants<\/strong>, dans le but de favoriser la densification de la c\u00e9ramique. De plus, certains additifs peuvent renforcer davantage les propri\u00e9t\u00e9s m\u00e9caniques, comme <a href=\"https:\/\/www.baikowski.com\/fr\/chemistry\/zircone\/\">la zircone<\/a>.<\/p>\n<p style=\"text-align: left;\"><a class=\"bouton-bleu\" href=\"https:\/\/www.baikowski.com\/wp-content\/uploads\/2025\/04\/Ceramic-cutting-tools-white-paper-2025.pdf\">Notre livre blanc sur les solutions pour outils de coupe en c\u00e9ramique<\/a><\/p>\n<h3>C\u00e9ramiques techniques pour r\u00e9gulation thermique ou \u00ab\u00a0thermal management\u00a0\u00bb<\/h3>\n<p><img loading=\"lazy\" decoding=\"async\" class=\"alignleft wp-image-3504 size-full\" src=\"https:\/\/www.baikowski.com\/wp-content\/uploads\/2020\/08\/Baikowski\u00ae-products-2018_\u00a9utopikphoto-34-e1721203533340.jpg\" alt=\"High purity alumina powder for electronic parts, technical ceramics for thermal management\" width=\"492\" height=\"400\" srcset=\"https:\/\/www.baikowski.com\/wp-content\/uploads\/2020\/08\/Baikowski\u00ae-products-2018_\u00a9utopikphoto-34-e1721203533340.jpg 492w, https:\/\/www.baikowski.com\/wp-content\/uploads\/2020\/08\/Baikowski\u00ae-products-2018_\u00a9utopikphoto-34-e1721203533340-300x244.jpg 300w\" sizes=\"auto, (max-width: 492px) 100vw, 492px\" \/>Le design des pi\u00e8ces c\u00e9ramique renforce certaines propri\u00e9t\u00e9s telles que l&rsquo;isolation ou la diffusion. Par exemple, c&rsquo;est le cas pour les petites pi\u00e8ces c\u00e9ramique en \u00e9lectronique ; elles agissent comme dissipateur de chaleur. Cette fonction gagne en importance, d&rsquo;autant plus que les syst\u00e8mes \u00e9lectroniques sont de plus en plus petits et fonctionnalis\u00e9s. Les c\u00e9ramiques de r\u00e9gulation thermique doivent :<\/p>\n<ul>\n<li>Refroidir ou \u00e9changer de la chaleur efficacement sur une longue dur\u00e9e. C&rsquo;est un des avantages essentiels des c\u00e9ramiques techniques compar\u00e9es aux m\u00e9taux. Elles garantissent de faibles co\u00fbts de maintenance gr\u00e2ce \u00e0 leur long\u00e9vit\u00e9 chimique sup\u00e9rieure. Baikowski\u00ae offre de l&rsquo;<strong>alumine haute puret\u00e9 permettant de contr\u00f4ler la porosit\u00e9 finale de la c\u00e9ramique<\/strong>. En effet, nous contr\u00f4lons la taille de particule, la distribution de taille de particules et les agglom\u00e9rats dans nos produits. Cela participe \u00e0 l&rsquo;efficacit\u00e9 de la dissipation de chaleur ou de l&rsquo;isolation.<\/li>\n<li>\u00catre all\u00e9g\u00e9es, du fait de l&rsquo;\u00e9volution du design des syst\u00e8mes \u00e9lectroniques. Nos produits permettent de fabriquer des c\u00e9ramiques de r\u00e9gulation thermique efficaces m\u00eame \u00e0 de faibles \u00e9paisseurs, gr\u00e2ce au <strong>contr\u00f4le du retrait et de la r\u00e9activit\u00e9 au frittage<\/strong>.<\/li>\n<\/ul>\n<p>Dans le cas o\u00f9 la r\u00e9gulation thermique est recherch\u00e9e avec une p\u00e2te \u00e0 base d&rsquo;alumine ultrapure, nos produits permettent d&rsquo;obtenir une viscosit\u00e9 ma\u00eetris\u00e9e gr\u00e2ce au contr\u00f4le de la taille de particule, la distribution de taille de particules et la fonctionnalisation de surface.<\/p>\n<p>&nbsp;<\/p>\n<h3>C\u00e9ramiques techniques pour l&rsquo;ultrafiltration<\/h3>\n<p>Nos produits peuvent intervenir dans d&rsquo;autres applications telles que les <strong>c\u00e9ramiques d&rsquo;ultrafiltration<\/strong>. Par exemple, nos produits permettent de d\u00e9velopper une <strong>porosit\u00e9 hi\u00e9rarchis\u00e9e<\/strong> dans la c\u00e9ramique filtrante. Cette fonctionnalit\u00e9 implique que chaque client peut utiliser son propre proc\u00e9d\u00e9 pour atteindre un <strong>tel haut niveau de contr\u00f4le de la porosit\u00e9<\/strong> dans la c\u00e9ramique finale. Nous adaptons notre offre en fonction du process de chaque client, qu&rsquo;il recherche des poudres c\u00e9ramique pour cr\u00e9er de la macroporosit\u00e9 ou de la nanoporosit\u00e9. Par exemple, nous d\u00e9veloppons de l&rsquo;alumine de haute puret\u00e9 d\u00e9di\u00e9es aux <strong>membranes m\u00e9soporeuses<\/strong>. Ces membranes en c\u00e9ramique utilisent la m\u00e9soporosit\u00e9 pour filtrer et purifier l&rsquo;eau (H2O).<\/p>\n<h3>L&rsquo;alumine haute puret\u00e9 dans les batteries<\/h3>\n<p>Les experts utilisent l&rsquo;alumine haute puret\u00e9 (HPA) pour son <strong>apport consid\u00e9rable dans la stabilit\u00e9 du s\u00e9parateur<\/strong> des batteries lithium-ion.<br \/>\nL&rsquo;alumine ultrapure (HPA) est chimiquement inerte vis-\u00e0-vis du lithium et des composants de l&rsquo;\u00e9lectrolyte. Les proc\u00e9d\u00e9s de Baikowski\u00ae <strong>garantissent le contr\u00f4le de la puret\u00e9 chimique et des propri\u00e9t\u00e9s de surface<\/strong>, qui minimisent ainsi l&rsquo;impacte de l&rsquo;alumine dans les composants de la batterie.<\/p>\n<p><img loading=\"lazy\" decoding=\"async\" class=\"wp-image-2301 size-medium alignleft\" src=\"http:\/\/www.baikowski.com\/wp-content\/uploads\/2020\/01\/Dimensional-stability-300x160.png\" alt=\"\" width=\"300\" height=\"160\" srcset=\"https:\/\/www.baikowski.com\/wp-content\/uploads\/2020\/01\/Dimensional-stability-300x160.png 300w, https:\/\/www.baikowski.com\/wp-content\/uploads\/2020\/01\/Dimensional-stability.png 415w\" sizes=\"auto, (max-width: 300px) 100vw, 300px\" \/><br \/>\nUne architecture contr\u00f4l\u00e9e de l&#8217;empilement des particules assure la stabilit\u00e9 dimensionnelle du s\u00e9parateur polym\u00e8re enduit d&rsquo;alumine HPA. Nous garantissons un contr\u00f4le optimal de la morphologie de nos produits, de telle sorte qu&rsquo;ils <strong>favorisent une meilleure stabilit\u00e9 dimensionnelle \u00e0 faible \u00e9paisseur<\/strong>. Notre mission, le <strong>design structurel<\/strong>, est de vous faire atteindre le meilleure compromis technologique et \u00e9conomique pour un coating de s\u00e9parateur r\u00e9ussi.<\/p>\n<p>Nous proposons de l&rsquo;alumine ultrapure de haute surface sp\u00e9cifique, adapt\u00e9e au <strong>rev\u00eatement de cathode, <\/strong>comme notre alumine gamma <strong><a href=\"https:\/\/www.baikowski.com\/fr\/serie\/cr\/&quot;\">CR15<\/a><\/strong>.<\/p>\n<p><img loading=\"lazy\" decoding=\"async\" class=\" wp-image-9833 alignleft\" src=\"https:\/\/www.baikowski.com\/wp-content\/uploads\/2024\/04\/Advanced-material-for-battery-alumina-and-nanozirconia-solutions.jpg\" alt=\"\" width=\"361\" height=\"529\" \/>Au fur et \u00e0 mesure que les technologies \u00e9voluent, l&rsquo;HPA joue un r\u00f4le pour surmonter les limitations telles que celles des batteries \u00e0 l&rsquo;\u00e9tat solide. Elle est aussi utilis\u00e9e comme s\u00e9parateur pour emp\u00eacher le contact entre l&rsquo;anode et la catode, ainsi que pour am\u00e9liorer la conductivit\u00e9 ionique et les performances \u00e9lectrochimiques des \u00e9lectrolytes.<\/p>\n<p>Pour plus d&rsquo;informations, consultez notre<br \/>\n<a class=\"bouton-bleu\" href=\"https:\/\/www.baikowski.com\/wp-content\/uploads\/2024\/04\/Alumina-solutions-for-batteries-white-paper.pdf\">notre livre blanc sur les batteries<\/a><\/p>\n","protected":false},"excerpt":{"rendered":"<p>Qu&rsquo;est-ce qu&rsquo;une c\u00e9ramique technique ? L&rsquo;expression \u201cc\u00e9ramiques techniques\u201d fait r\u00e9f\u00e9rence \u00e0 une multitude d&rsquo;applications. Nous allons en aborder certaines d&rsquo;entre elles par leur fonction : Prot\u00e9ger ou renforcer un autre mat\u00e9riau: le rev\u00eatement c\u00e9ramique ou, en anglais, le \u00ab\u00a0coating\u00a0\u00bb Couper des mat\u00e9riaux relativement durs: outils de coupe Isoler ou conduire la chaleur : les c\u00e9ramiques [&hellip;]<\/p>\n","protected":false},"author":79,"featured_media":2947,"parent":0,"menu_order":0,"comment_status":"closed","ping_status":"closed","template":"","meta":{"_acf_changed":false,"footnotes":""},"class_list":["post-2243","page","type-page","status-publish","has-post-thumbnail","hentry"],"acf":[],"yoast_head":"<!-- This site is optimized with the Yoast SEO plugin v25.2 - https:\/\/yoast.com\/wordpress\/plugins\/seo\/ -->\n<title>C\u00e9ramiques techniques : quelles propri\u00e9t\u00e9s ? - Baikowski\u00ae<\/title>\n<meta name=\"description\" content=\"En savoir plus sur les c\u00e9ramiques techniques et leurs propri\u00e9t\u00e9s notables : filtration, r\u00e9gulation thermique, outils de coupe, rev\u00eatement. Elles sont partout !\" \/>\n<meta name=\"robots\" content=\"index, follow, max-snippet:-1, max-image-preview:large, max-video-preview:-1\" \/>\n<link rel=\"canonical\" href=\"https:\/\/www.baikowski.com\/fr\/ceramiques-techniques\/\" \/>\n<meta name=\"twitter:card\" content=\"summary_large_image\" \/>\n<meta name=\"twitter:title\" content=\"C\u00e9ramiques techniques : quelles propri\u00e9t\u00e9s ? - Baikowski\u00ae\" \/>\n<meta name=\"twitter:description\" content=\"En savoir plus sur les c\u00e9ramiques techniques et leurs propri\u00e9t\u00e9s notables : filtration, r\u00e9gulation thermique, outils de coupe, rev\u00eatement. Elles sont partout !\" \/>\n<meta name=\"twitter:image\" content=\"https:\/\/www.baikowski.com\/wp-content\/uploads\/2020\/02\/shutterstock_1015636918.jpg\" \/>\n<meta name=\"twitter:site\" content=\"@BaikowskiTeam\" \/>\n<meta name=\"twitter:label1\" content=\"Dur\u00e9e de lecture estim\u00e9e\" \/>\n\t<meta name=\"twitter:data1\" content=\"7 minutes\" \/>\n<script type=\"application\/ld+json\" class=\"yoast-schema-graph\">{\"@context\":\"https:\/\/schema.org\",\"@graph\":[{\"@type\":\"WebPage\",\"@id\":\"https:\/\/www.baikowski.com\/fr\/ceramiques-techniques\/\",\"url\":\"https:\/\/www.baikowski.com\/fr\/ceramiques-techniques\/\",\"name\":\"C\u00e9ramiques techniques : quelles propri\u00e9t\u00e9s ? - Baikowski\u00ae\",\"isPartOf\":{\"@id\":\"https:\/\/www.baikowski.com\/fr\/#website\"},\"primaryImageOfPage\":{\"@id\":\"https:\/\/www.baikowski.com\/fr\/ceramiques-techniques\/#primaryimage\"},\"image\":{\"@id\":\"https:\/\/www.baikowski.com\/fr\/ceramiques-techniques\/#primaryimage\"},\"thumbnailUrl\":\"https:\/\/www.baikowski.com\/wp-content\/uploads\/2020\/02\/shutterstock_1015636918.jpg\",\"datePublished\":\"2020-11-19T11:00:01+00:00\",\"dateModified\":\"2025-04-17T14:33:25+00:00\",\"description\":\"En savoir plus sur les c\u00e9ramiques techniques et leurs propri\u00e9t\u00e9s notables : filtration, r\u00e9gulation thermique, outils de coupe, rev\u00eatement. Elles sont partout !\",\"breadcrumb\":{\"@id\":\"https:\/\/www.baikowski.com\/fr\/ceramiques-techniques\/#breadcrumb\"},\"inLanguage\":\"fr-FR\",\"potentialAction\":[{\"@type\":\"ReadAction\",\"target\":[\"https:\/\/www.baikowski.com\/fr\/ceramiques-techniques\/\"]}]},{\"@type\":\"ImageObject\",\"inLanguage\":\"fr-FR\",\"@id\":\"https:\/\/www.baikowski.com\/fr\/ceramiques-techniques\/#primaryimage\",\"url\":\"https:\/\/www.baikowski.com\/wp-content\/uploads\/2020\/02\/shutterstock_1015636918.jpg\",\"contentUrl\":\"https:\/\/www.baikowski.com\/wp-content\/uploads\/2020\/02\/shutterstock_1015636918.jpg\",\"width\":2100,\"height\":1400,\"caption\":\"Technical ceramics\"},{\"@type\":\"BreadcrumbList\",\"@id\":\"https:\/\/www.baikowski.com\/fr\/ceramiques-techniques\/#breadcrumb\",\"itemListElement\":[{\"@type\":\"ListItem\",\"position\":1,\"name\":\"Accueil\",\"item\":\"https:\/\/www.baikowski.com\/fr\/\"},{\"@type\":\"ListItem\",\"position\":2,\"name\":\"C\u00e9ramiques techniques\"}]},{\"@type\":\"WebSite\",\"@id\":\"https:\/\/www.baikowski.com\/fr\/#website\",\"url\":\"https:\/\/www.baikowski.com\/fr\/\",\"name\":\"Baikowski\u00ae\",\"description\":\"Your solution partner for fine minerals\",\"publisher\":{\"@id\":\"https:\/\/www.baikowski.com\/fr\/#organization\"},\"potentialAction\":[{\"@type\":\"SearchAction\",\"target\":{\"@type\":\"EntryPoint\",\"urlTemplate\":\"https:\/\/www.baikowski.com\/fr\/?s={search_term_string}\"},\"query-input\":{\"@type\":\"PropertyValueSpecification\",\"valueRequired\":true,\"valueName\":\"search_term_string\"}}],\"inLanguage\":\"fr-FR\"},{\"@type\":\"Organization\",\"@id\":\"https:\/\/www.baikowski.com\/fr\/#organization\",\"name\":\"Baikowski\u00ae\",\"url\":\"https:\/\/www.baikowski.com\/fr\/\",\"logo\":{\"@type\":\"ImageObject\",\"inLanguage\":\"fr-FR\",\"@id\":\"https:\/\/www.baikowski.com\/fr\/#\/schema\/logo\/image\/\",\"url\":\"https:\/\/www.baikowski.com\/wp-content\/uploads\/2020\/10\/Baikowski_blocmarque_RVB_ok.jpg\",\"contentUrl\":\"https:\/\/www.baikowski.com\/wp-content\/uploads\/2020\/10\/Baikowski_blocmarque_RVB_ok.jpg\",\"width\":1977,\"height\":754,\"caption\":\"Baikowski\u00ae\"},\"image\":{\"@id\":\"https:\/\/www.baikowski.com\/fr\/#\/schema\/logo\/image\/\"},\"sameAs\":[\"https:\/\/x.com\/BaikowskiTeam\",\"https:\/\/www.linkedin.com\/company\/baikowski\",\"https:\/\/www.youtube.com\/channel\/UC8ypcOZkT7RxGf5HC_aW70g\"]}]}<\/script>\n<!-- \/ Yoast SEO plugin. -->","yoast_head_json":{"title":"C\u00e9ramiques techniques : quelles propri\u00e9t\u00e9s ? - Baikowski\u00ae","description":"En savoir plus sur les c\u00e9ramiques techniques et leurs propri\u00e9t\u00e9s notables : filtration, r\u00e9gulation thermique, outils de coupe, rev\u00eatement. Elles sont partout !","robots":{"index":"index","follow":"follow","max-snippet":"max-snippet:-1","max-image-preview":"max-image-preview:large","max-video-preview":"max-video-preview:-1"},"canonical":"https:\/\/www.baikowski.com\/fr\/ceramiques-techniques\/","twitter_card":"summary_large_image","twitter_title":"C\u00e9ramiques techniques : quelles propri\u00e9t\u00e9s ? - Baikowski\u00ae","twitter_description":"En savoir plus sur les c\u00e9ramiques techniques et leurs propri\u00e9t\u00e9s notables : filtration, r\u00e9gulation thermique, outils de coupe, rev\u00eatement. Elles sont partout !","twitter_image":"https:\/\/www.baikowski.com\/wp-content\/uploads\/2020\/02\/shutterstock_1015636918.jpg","twitter_site":"@BaikowskiTeam","twitter_misc":{"Dur\u00e9e de lecture estim\u00e9e":"7 minutes"},"schema":{"@context":"https:\/\/schema.org","@graph":[{"@type":"WebPage","@id":"https:\/\/www.baikowski.com\/fr\/ceramiques-techniques\/","url":"https:\/\/www.baikowski.com\/fr\/ceramiques-techniques\/","name":"C\u00e9ramiques techniques : quelles propri\u00e9t\u00e9s ? - Baikowski\u00ae","isPartOf":{"@id":"https:\/\/www.baikowski.com\/fr\/#website"},"primaryImageOfPage":{"@id":"https:\/\/www.baikowski.com\/fr\/ceramiques-techniques\/#primaryimage"},"image":{"@id":"https:\/\/www.baikowski.com\/fr\/ceramiques-techniques\/#primaryimage"},"thumbnailUrl":"https:\/\/www.baikowski.com\/wp-content\/uploads\/2020\/02\/shutterstock_1015636918.jpg","datePublished":"2020-11-19T11:00:01+00:00","dateModified":"2025-04-17T14:33:25+00:00","description":"En savoir plus sur les c\u00e9ramiques techniques et leurs propri\u00e9t\u00e9s notables : filtration, r\u00e9gulation thermique, outils de coupe, rev\u00eatement. Elles sont partout !","breadcrumb":{"@id":"https:\/\/www.baikowski.com\/fr\/ceramiques-techniques\/#breadcrumb"},"inLanguage":"fr-FR","potentialAction":[{"@type":"ReadAction","target":["https:\/\/www.baikowski.com\/fr\/ceramiques-techniques\/"]}]},{"@type":"ImageObject","inLanguage":"fr-FR","@id":"https:\/\/www.baikowski.com\/fr\/ceramiques-techniques\/#primaryimage","url":"https:\/\/www.baikowski.com\/wp-content\/uploads\/2020\/02\/shutterstock_1015636918.jpg","contentUrl":"https:\/\/www.baikowski.com\/wp-content\/uploads\/2020\/02\/shutterstock_1015636918.jpg","width":2100,"height":1400,"caption":"Technical ceramics"},{"@type":"BreadcrumbList","@id":"https:\/\/www.baikowski.com\/fr\/ceramiques-techniques\/#breadcrumb","itemListElement":[{"@type":"ListItem","position":1,"name":"Accueil","item":"https:\/\/www.baikowski.com\/fr\/"},{"@type":"ListItem","position":2,"name":"C\u00e9ramiques techniques"}]},{"@type":"WebSite","@id":"https:\/\/www.baikowski.com\/fr\/#website","url":"https:\/\/www.baikowski.com\/fr\/","name":"Baikowski\u00ae","description":"Your solution partner for fine minerals","publisher":{"@id":"https:\/\/www.baikowski.com\/fr\/#organization"},"potentialAction":[{"@type":"SearchAction","target":{"@type":"EntryPoint","urlTemplate":"https:\/\/www.baikowski.com\/fr\/?s={search_term_string}"},"query-input":{"@type":"PropertyValueSpecification","valueRequired":true,"valueName":"search_term_string"}}],"inLanguage":"fr-FR"},{"@type":"Organization","@id":"https:\/\/www.baikowski.com\/fr\/#organization","name":"Baikowski\u00ae","url":"https:\/\/www.baikowski.com\/fr\/","logo":{"@type":"ImageObject","inLanguage":"fr-FR","@id":"https:\/\/www.baikowski.com\/fr\/#\/schema\/logo\/image\/","url":"https:\/\/www.baikowski.com\/wp-content\/uploads\/2020\/10\/Baikowski_blocmarque_RVB_ok.jpg","contentUrl":"https:\/\/www.baikowski.com\/wp-content\/uploads\/2020\/10\/Baikowski_blocmarque_RVB_ok.jpg","width":1977,"height":754,"caption":"Baikowski\u00ae"},"image":{"@id":"https:\/\/www.baikowski.com\/fr\/#\/schema\/logo\/image\/"},"sameAs":["https:\/\/x.com\/BaikowskiTeam","https:\/\/www.linkedin.com\/company\/baikowski","https:\/\/www.youtube.com\/channel\/UC8ypcOZkT7RxGf5HC_aW70g"]}]}},"_links":{"self":[{"href":"https:\/\/www.baikowski.com\/fr\/wp-json\/wp\/v2\/pages\/2243","targetHints":{"allow":["GET"]}}],"collection":[{"href":"https:\/\/www.baikowski.com\/fr\/wp-json\/wp\/v2\/pages"}],"about":[{"href":"https:\/\/www.baikowski.com\/fr\/wp-json\/wp\/v2\/types\/page"}],"author":[{"embeddable":true,"href":"https:\/\/www.baikowski.com\/fr\/wp-json\/wp\/v2\/users\/79"}],"replies":[{"embeddable":true,"href":"https:\/\/www.baikowski.com\/fr\/wp-json\/wp\/v2\/comments?post=2243"}],"version-history":[{"count":20,"href":"https:\/\/www.baikowski.com\/fr\/wp-json\/wp\/v2\/pages\/2243\/revisions"}],"predecessor-version":[{"id":11138,"href":"https:\/\/www.baikowski.com\/fr\/wp-json\/wp\/v2\/pages\/2243\/revisions\/11138"}],"wp:featuredmedia":[{"embeddable":true,"href":"https:\/\/www.baikowski.com\/fr\/wp-json\/wp\/v2\/media\/2947"}],"wp:attachment":[{"href":"https:\/\/www.baikowski.com\/fr\/wp-json\/wp\/v2\/media?parent=2243"}],"curies":[{"name":"wp","href":"https:\/\/api.w.org\/{rel}","templated":true}]}}