{"id":2245,"date":"2020-01-14T17:14:43","date_gmt":"2020-01-14T16:14:43","guid":{"rendered":"http:\/\/www.baikowski.com\/?page_id=2245"},"modified":"2025-06-30T16:31:24","modified_gmt":"2025-06-30T14:31:24","slug":"solutions-de-polissage","status":"publish","type":"page","link":"https:\/\/www.baikowski.com\/fr\/solutions-de-polissage\/","title":{"rendered":"Solutions de polissage"},"content":{"rendered":"<h2>Comment choisir votre produit de polissage ?<\/h2>\n<p><img loading=\"lazy\" decoding=\"async\" class=\"wp-image-1704 alignleft\" src=\"http:\/\/www.baikowski.com\/wp-content\/uploads\/2019\/11\/shutterstock_729694984-1024x683.jpg\" alt=\"\" width=\"485\" height=\"324\" srcset=\"https:\/\/www.baikowski.com\/wp-content\/uploads\/2019\/11\/shutterstock_729694984-1024x683.jpg 1024w, https:\/\/www.baikowski.com\/wp-content\/uploads\/2019\/11\/shutterstock_729694984-300x200.jpg 300w, https:\/\/www.baikowski.com\/wp-content\/uploads\/2019\/11\/shutterstock_729694984-768x512.jpg 768w\" sizes=\"auto, (max-width: 485px) 100vw, 485px\" \/>Polir est l&rsquo;action d&rsquo;\u00f4ter de la mati\u00e8re d&rsquo;une surface donn\u00e9e, dans un temps relativement court. Souvent, le polissage implique un haut niveau de finition, relatif \u00e0 l&rsquo;application finale.<\/p>\n<p>Le substrat poli correspond au mat\u00e9riau pr\u00e9sent sur la surface de l&rsquo;\u00e9quipement \u00e0 polir. Chaque substrat poss\u00e8de sa propre duret\u00e9 intrins\u00e8que, la plupart du temps mesur\u00e9e gr\u00e2ce \u00e0 l&rsquo;\u00e9chelle de Mohs (0 \u00e0 10).<\/p>\n<p>Le proc\u00e9d\u00e9 de polissage implique toujours un compromis entre la <strong>vitesse de polissage<\/strong> (d\u00e9sign\u00e9 par le taux d&rsquo;enl\u00e8vement de mati\u00e8re ou \u00ab\u00a0Removal rate &#8211; RR\u00a0\u00bb) et l&rsquo;<strong>\u00e9tat\u00a0de surface<\/strong> (surface finish). Ce compromis d\u00e9pendra de la nature du substrat \u00e0 polir et plus particuli\u00e8rement de sa duret\u00e9 intrins\u00e8que, ainsi que des techniques de polissage utilis\u00e9es.<\/p>\n<h2>Nos solutions d&rsquo;<strong>Alumine, de Silice, C\u00e9rium et Diamant<\/strong> pour polir diff\u00e9rents substrats :<\/h2>\n<p><strong><img loading=\"lazy\" decoding=\"async\" class=\" wp-image-10137 alignleft\" src=\"https:\/\/www.baikowski.com\/wp-content\/uploads\/2024\/11\/Polishing-Solutions-White-Paper-book-Covering-205x300.jpg\" alt=\"\" width=\"293\" height=\"429\" srcset=\"https:\/\/www.baikowski.com\/wp-content\/uploads\/2024\/11\/Polishing-Solutions-White-Paper-book-Covering-205x300.jpg 205w, https:\/\/www.baikowski.com\/wp-content\/uploads\/2024\/11\/Polishing-Solutions-White-Paper-book-Covering.jpg 300w\" sizes=\"auto, (max-width: 293px) 100vw, 293px\" \/><\/strong><\/p>\n<ul>\n<li><strong>C\u00e9ramiques &amp; Cristaux<\/strong> : Nos solutions sont adapt\u00e9es au polissage d\u2019une large gamme de substrats c\u00e9ramiques, tels que le spinelle et d&rsquo;autres c\u00e9ramiques techniques. Pour les mat\u00e9riaux cristallins comme le saphir, la formulation est ajust\u00e9e selon l\u2019orientation cristallographique afin d\u2019obtenir un r\u00e9sultat optimal.\u00a0 D\u00e9couvrez les performances de notre <a href=\"https:\/\/www.baikowski.com\/fr\/polissage-saphir-solutions-avancees-sph-pour-optique-electronique-horlogerie-semi-conducteurs\/\">suspension SPH pour le polissage du saphir. <\/a>Ces mat\u00e9riaux sont largement utilis\u00e9s en horlogerie, en opto\u00e9lectronique et dans les composants pour semi-conducteurs.<\/li>\n<li><strong>Verre :<\/strong> Nous proposons des suspensions \u00e0 base de c\u00e9rium ou d\u2019alumine pour le polissage de pi\u00e8ces en verre haute performance utilis\u00e9es en optique, affichage ou instrumentation.<\/li>\n<li><strong>M\u00e9taux<\/strong> : Les poudres d\u2019alumine Baikowski sont utilis\u00e9es pour le polissage de pi\u00e8ces m\u00e9talliques de pr\u00e9cision et pour la pr\u00e9paration m\u00e9tallographique, assurant un traitement rapide et propre sur des mat\u00e9riaux comme l\u2019aluminium et le cuivre.<\/li>\n<li><strong>Verre organique &amp; plastiques :<\/strong> Des mat\u00e9riaux comme le PMMA ou les lentilles intraoculaires b\u00e9n\u00e9ficient de syst\u00e8mes de polissage \u00e0 base d\u2019alumine, assurant une finition\u00a0 sans d\u00e9fauts.<\/li>\n<li><strong>Vernis &amp; laques :<\/strong> Pour des applications telles que le polissage automobile, nos produits combinant pouvoir abrasif et brillance en phase de superfinition.<\/li>\n<\/ul>\n<p>D\u00e9couvrez notre <span class=\"large\">guide de s\u00e9lection<\/span> qui vous aidera \u00e0 trouver la meilleure solution pour vos substrats dans notre livre blanc d\u00e9di\u00e9 (uniquement en Anglais).<\/p>\n<p style=\"text-align: center;\"><a class=\"bouton-bleu\" href=\"https:\/\/www.baikowski.com\/wp-content\/uploads\/2024\/11\/Polishing-oxide-and-diamond-solutions-white-paper-2024.pdf\">T\u00e9l\u00e9chargez notre Livre Blanc Polissage<\/a><\/p>\n<h2>Des solutions de polissage personnalis\u00e9es<\/h2>\n<p><img loading=\"lazy\" decoding=\"async\" class=\" wp-image-3542 alignleft\" src=\"https:\/\/www.baikowski.com\/wp-content\/uploads\/2020\/08\/Baikowski\u00ae-products-2018_\u00a9utopikphoto-15-200x300.jpg\" alt=\"High purity alumina (HPA) powder\" width=\"173\" height=\"260\" srcset=\"https:\/\/www.baikowski.com\/wp-content\/uploads\/2020\/08\/Baikowski\u00ae-products-2018_\u00a9utopikphoto-15-200x300.jpg 200w, https:\/\/www.baikowski.com\/wp-content\/uploads\/2020\/08\/Baikowski\u00ae-products-2018_\u00a9utopikphoto-15-683x1024.jpg 683w, https:\/\/www.baikowski.com\/wp-content\/uploads\/2020\/08\/Baikowski\u00ae-products-2018_\u00a9utopikphoto-15-768x1151.jpg 768w, https:\/\/www.baikowski.com\/wp-content\/uploads\/2020\/08\/Baikowski\u00ae-products-2018_\u00a9utopikphoto-15.jpg 1001w\" sizes=\"auto, (max-width: 173px) 100vw, 173px\" \/>Nous pouvons fournir divers produits adapt\u00e9s au proc\u00e9d\u00e9 de polissage de nos clients: <strong>poudre, suspension, p\u00e2te, formulation<\/strong>. Dans les poudres, <strong>nous contr\u00f4lons les agglom\u00e9rats<\/strong> pour offrir la meilleure efficacit\u00e9 (int\u00e9gration de produits atomis\u00e9s, fines particules alpha m\u00e9lang\u00e9es aux gammas, agglom\u00e9rats de particules alpha, particules alpha isol\u00e9es\u2026).<\/p>\n<p>En particulier pour les alumines, <strong>nous pouvons jouer sur la taille des particules et la distribution de tailles des particules<\/strong>. Ainsi, nous cherchons \u00e0 \u00eatre au plus pr\u00e8s de l&rsquo;\u00e9tat de surface requis. Nous intervenons \u00e9galement sur <strong>le taux d&rsquo;alumine alpha au sein d&rsquo;une matrice d&rsquo;alumine gamma<\/strong>. Dans le cas d&rsquo;une formulation, nous jouons sur d&rsquo;autres param\u00e8tres de polissage, comme la viscosit\u00e9, compl\u00e9mentaire \u00e0 l&rsquo;efficacit\u00e9 de l&rsquo;abrasif.<\/p>\n<h3>Mise en \u0153uvre des poudres Baikowski\u00ae<\/h3>\n<p>Nous \u00e9laborons nos produits de polissage pour les rendre impl\u00e9mentables dans tout m\u00e9dia (p\u00e2tes, suspensions). De plus, <strong>nous pouvons optimiser le design de nos abrasifs pour l&rsquo;adapter aux besoins de l&rsquo;application<\/strong> (viscosit\u00e9, contr\u00f4le du pH&#8230;).<\/p>\n<p style=\"text-align: center;\"><a class=\"bouton-bleu\" href=\"https:\/\/www.baikowski.com\/fr\/application\/baikopolish-solutions-de-polissage\/\">Voir les alumines associ\u00e9es<\/a><\/p>\n","protected":false},"excerpt":{"rendered":"<p>Comment choisir votre produit de polissage ? Polir est l&rsquo;action d&rsquo;\u00f4ter de la mati\u00e8re d&rsquo;une surface donn\u00e9e, dans un temps relativement court. Souvent, le polissage implique un haut niveau de finition, relatif \u00e0 l&rsquo;application finale. Le substrat poli correspond au mat\u00e9riau pr\u00e9sent sur la surface de l&rsquo;\u00e9quipement \u00e0 polir. Chaque substrat poss\u00e8de sa propre duret\u00e9 [&hellip;]<\/p>\n","protected":false},"author":79,"featured_media":3541,"parent":0,"menu_order":0,"comment_status":"closed","ping_status":"closed","template":"","meta":{"_acf_changed":false,"footnotes":""},"class_list":["post-2245","page","type-page","status-publish","has-post-thumbnail","hentry"],"acf":[],"yoast_head":"<!-- This site is optimized with the Yoast SEO plugin v25.2 - https:\/\/yoast.com\/wordpress\/plugins\/seo\/ -->\n<title>Solutions de polissage, comment choisir ? - Baikowski\u00ae<\/title>\n<meta name=\"description\" content=\"Apprenez-en plus sur les mat\u00e9riaux de polissage et les substrats. Nous offrons des poudres d&#039;alumines fines, silice colloidale ou formulations customis\u00e9e pour un polissage de haute pr\u00e9cision.\" \/>\n<meta name=\"robots\" content=\"index, follow, max-snippet:-1, max-image-preview:large, max-video-preview:-1\" \/>\n<link rel=\"canonical\" href=\"https:\/\/www.baikowski.com\/fr\/solutions-de-polissage\/\" \/>\n<meta name=\"twitter:card\" content=\"summary_large_image\" \/>\n<meta name=\"twitter:title\" content=\"Solutions de polissage, comment choisir ? - Baikowski\u00ae\" \/>\n<meta name=\"twitter:description\" content=\"Apprenez-en plus sur les mat\u00e9riaux de polissage et les substrats. Nous offrons des poudres d&#039;alumines fines, silice colloidale ou formulations customis\u00e9e pour un polissage de haute pr\u00e9cision.\" \/>\n<meta name=\"twitter:image\" content=\"https:\/\/www.baikowski.com\/wp-content\/uploads\/2020\/08\/Baikowski\u00ae-products-2018_\u00a9utopikphoto-14.jpg\" \/>\n<meta name=\"twitter:site\" content=\"@BaikowskiTeam\" \/>\n<meta name=\"twitter:label1\" content=\"Dur\u00e9e de lecture estim\u00e9e\" \/>\n\t<meta name=\"twitter:data1\" content=\"4 minutes\" \/>\n<script type=\"application\/ld+json\" class=\"yoast-schema-graph\">{\"@context\":\"https:\/\/schema.org\",\"@graph\":[{\"@type\":\"WebPage\",\"@id\":\"https:\/\/www.baikowski.com\/fr\/solutions-de-polissage\/\",\"url\":\"https:\/\/www.baikowski.com\/fr\/solutions-de-polissage\/\",\"name\":\"Solutions de polissage, comment choisir ? - Baikowski\u00ae\",\"isPartOf\":{\"@id\":\"https:\/\/www.baikowski.com\/fr\/#website\"},\"primaryImageOfPage\":{\"@id\":\"https:\/\/www.baikowski.com\/fr\/solutions-de-polissage\/#primaryimage\"},\"image\":{\"@id\":\"https:\/\/www.baikowski.com\/fr\/solutions-de-polissage\/#primaryimage\"},\"thumbnailUrl\":\"https:\/\/www.baikowski.com\/wp-content\/uploads\/2020\/08\/Baikowski\u00ae-products-2018_\u00a9utopikphoto-14.jpg\",\"datePublished\":\"2020-01-14T16:14:43+00:00\",\"dateModified\":\"2025-06-30T14:31:24+00:00\",\"description\":\"Apprenez-en plus sur les mat\u00e9riaux de polissage et les substrats. Nous offrons des poudres d'alumines fines, silice colloidale ou formulations customis\u00e9e pour un polissage de haute pr\u00e9cision.\",\"breadcrumb\":{\"@id\":\"https:\/\/www.baikowski.com\/fr\/solutions-de-polissage\/#breadcrumb\"},\"inLanguage\":\"fr-FR\",\"potentialAction\":[{\"@type\":\"ReadAction\",\"target\":[\"https:\/\/www.baikowski.com\/fr\/solutions-de-polissage\/\"]}]},{\"@type\":\"ImageObject\",\"inLanguage\":\"fr-FR\",\"@id\":\"https:\/\/www.baikowski.com\/fr\/solutions-de-polissage\/#primaryimage\",\"url\":\"https:\/\/www.baikowski.com\/wp-content\/uploads\/2020\/08\/Baikowski\u00ae-products-2018_\u00a9utopikphoto-14.jpg\",\"contentUrl\":\"https:\/\/www.baikowski.com\/wp-content\/uploads\/2020\/08\/Baikowski\u00ae-products-2018_\u00a9utopikphoto-14.jpg\",\"width\":1500,\"height\":1001,\"caption\":\"HPA suspension with high density\"},{\"@type\":\"BreadcrumbList\",\"@id\":\"https:\/\/www.baikowski.com\/fr\/solutions-de-polissage\/#breadcrumb\",\"itemListElement\":[{\"@type\":\"ListItem\",\"position\":1,\"name\":\"Accueil\",\"item\":\"https:\/\/www.baikowski.com\/fr\/\"},{\"@type\":\"ListItem\",\"position\":2,\"name\":\"Solutions de polissage\"}]},{\"@type\":\"WebSite\",\"@id\":\"https:\/\/www.baikowski.com\/fr\/#website\",\"url\":\"https:\/\/www.baikowski.com\/fr\/\",\"name\":\"Baikowski\u00ae\",\"description\":\"Your solution partner for fine minerals\",\"publisher\":{\"@id\":\"https:\/\/www.baikowski.com\/fr\/#organization\"},\"potentialAction\":[{\"@type\":\"SearchAction\",\"target\":{\"@type\":\"EntryPoint\",\"urlTemplate\":\"https:\/\/www.baikowski.com\/fr\/?s={search_term_string}\"},\"query-input\":{\"@type\":\"PropertyValueSpecification\",\"valueRequired\":true,\"valueName\":\"search_term_string\"}}],\"inLanguage\":\"fr-FR\"},{\"@type\":\"Organization\",\"@id\":\"https:\/\/www.baikowski.com\/fr\/#organization\",\"name\":\"Baikowski\u00ae\",\"url\":\"https:\/\/www.baikowski.com\/fr\/\",\"logo\":{\"@type\":\"ImageObject\",\"inLanguage\":\"fr-FR\",\"@id\":\"https:\/\/www.baikowski.com\/fr\/#\/schema\/logo\/image\/\",\"url\":\"https:\/\/www.baikowski.com\/wp-content\/uploads\/2020\/10\/Baikowski_blocmarque_RVB_ok.jpg\",\"contentUrl\":\"https:\/\/www.baikowski.com\/wp-content\/uploads\/2020\/10\/Baikowski_blocmarque_RVB_ok.jpg\",\"width\":1977,\"height\":754,\"caption\":\"Baikowski\u00ae\"},\"image\":{\"@id\":\"https:\/\/www.baikowski.com\/fr\/#\/schema\/logo\/image\/\"},\"sameAs\":[\"https:\/\/x.com\/BaikowskiTeam\",\"https:\/\/www.linkedin.com\/company\/baikowski\",\"https:\/\/www.youtube.com\/channel\/UC8ypcOZkT7RxGf5HC_aW70g\"]}]}<\/script>\n<!-- \/ Yoast SEO plugin. -->","yoast_head_json":{"title":"Solutions de polissage, comment choisir ? - Baikowski\u00ae","description":"Apprenez-en plus sur les mat\u00e9riaux de polissage et les substrats. Nous offrons des poudres d'alumines fines, silice colloidale ou formulations customis\u00e9e pour un polissage de haute pr\u00e9cision.","robots":{"index":"index","follow":"follow","max-snippet":"max-snippet:-1","max-image-preview":"max-image-preview:large","max-video-preview":"max-video-preview:-1"},"canonical":"https:\/\/www.baikowski.com\/fr\/solutions-de-polissage\/","twitter_card":"summary_large_image","twitter_title":"Solutions de polissage, comment choisir ? - Baikowski\u00ae","twitter_description":"Apprenez-en plus sur les mat\u00e9riaux de polissage et les substrats. Nous offrons des poudres d'alumines fines, silice colloidale ou formulations customis\u00e9e pour un polissage de haute pr\u00e9cision.","twitter_image":"https:\/\/www.baikowski.com\/wp-content\/uploads\/2020\/08\/Baikowski\u00ae-products-2018_\u00a9utopikphoto-14.jpg","twitter_site":"@BaikowskiTeam","twitter_misc":{"Dur\u00e9e de lecture estim\u00e9e":"4 minutes"},"schema":{"@context":"https:\/\/schema.org","@graph":[{"@type":"WebPage","@id":"https:\/\/www.baikowski.com\/fr\/solutions-de-polissage\/","url":"https:\/\/www.baikowski.com\/fr\/solutions-de-polissage\/","name":"Solutions de polissage, comment choisir ? - Baikowski\u00ae","isPartOf":{"@id":"https:\/\/www.baikowski.com\/fr\/#website"},"primaryImageOfPage":{"@id":"https:\/\/www.baikowski.com\/fr\/solutions-de-polissage\/#primaryimage"},"image":{"@id":"https:\/\/www.baikowski.com\/fr\/solutions-de-polissage\/#primaryimage"},"thumbnailUrl":"https:\/\/www.baikowski.com\/wp-content\/uploads\/2020\/08\/Baikowski\u00ae-products-2018_\u00a9utopikphoto-14.jpg","datePublished":"2020-01-14T16:14:43+00:00","dateModified":"2025-06-30T14:31:24+00:00","description":"Apprenez-en plus sur les mat\u00e9riaux de polissage et les substrats. Nous offrons des poudres d'alumines fines, silice colloidale ou formulations customis\u00e9e pour un polissage de haute pr\u00e9cision.","breadcrumb":{"@id":"https:\/\/www.baikowski.com\/fr\/solutions-de-polissage\/#breadcrumb"},"inLanguage":"fr-FR","potentialAction":[{"@type":"ReadAction","target":["https:\/\/www.baikowski.com\/fr\/solutions-de-polissage\/"]}]},{"@type":"ImageObject","inLanguage":"fr-FR","@id":"https:\/\/www.baikowski.com\/fr\/solutions-de-polissage\/#primaryimage","url":"https:\/\/www.baikowski.com\/wp-content\/uploads\/2020\/08\/Baikowski\u00ae-products-2018_\u00a9utopikphoto-14.jpg","contentUrl":"https:\/\/www.baikowski.com\/wp-content\/uploads\/2020\/08\/Baikowski\u00ae-products-2018_\u00a9utopikphoto-14.jpg","width":1500,"height":1001,"caption":"HPA suspension with high density"},{"@type":"BreadcrumbList","@id":"https:\/\/www.baikowski.com\/fr\/solutions-de-polissage\/#breadcrumb","itemListElement":[{"@type":"ListItem","position":1,"name":"Accueil","item":"https:\/\/www.baikowski.com\/fr\/"},{"@type":"ListItem","position":2,"name":"Solutions de polissage"}]},{"@type":"WebSite","@id":"https:\/\/www.baikowski.com\/fr\/#website","url":"https:\/\/www.baikowski.com\/fr\/","name":"Baikowski\u00ae","description":"Your solution partner for fine minerals","publisher":{"@id":"https:\/\/www.baikowski.com\/fr\/#organization"},"potentialAction":[{"@type":"SearchAction","target":{"@type":"EntryPoint","urlTemplate":"https:\/\/www.baikowski.com\/fr\/?s={search_term_string}"},"query-input":{"@type":"PropertyValueSpecification","valueRequired":true,"valueName":"search_term_string"}}],"inLanguage":"fr-FR"},{"@type":"Organization","@id":"https:\/\/www.baikowski.com\/fr\/#organization","name":"Baikowski\u00ae","url":"https:\/\/www.baikowski.com\/fr\/","logo":{"@type":"ImageObject","inLanguage":"fr-FR","@id":"https:\/\/www.baikowski.com\/fr\/#\/schema\/logo\/image\/","url":"https:\/\/www.baikowski.com\/wp-content\/uploads\/2020\/10\/Baikowski_blocmarque_RVB_ok.jpg","contentUrl":"https:\/\/www.baikowski.com\/wp-content\/uploads\/2020\/10\/Baikowski_blocmarque_RVB_ok.jpg","width":1977,"height":754,"caption":"Baikowski\u00ae"},"image":{"@id":"https:\/\/www.baikowski.com\/fr\/#\/schema\/logo\/image\/"},"sameAs":["https:\/\/x.com\/BaikowskiTeam","https:\/\/www.linkedin.com\/company\/baikowski","https:\/\/www.youtube.com\/channel\/UC8ypcOZkT7RxGf5HC_aW70g"]}]}},"_links":{"self":[{"href":"https:\/\/www.baikowski.com\/fr\/wp-json\/wp\/v2\/pages\/2245","targetHints":{"allow":["GET"]}}],"collection":[{"href":"https:\/\/www.baikowski.com\/fr\/wp-json\/wp\/v2\/pages"}],"about":[{"href":"https:\/\/www.baikowski.com\/fr\/wp-json\/wp\/v2\/types\/page"}],"author":[{"embeddable":true,"href":"https:\/\/www.baikowski.com\/fr\/wp-json\/wp\/v2\/users\/79"}],"replies":[{"embeddable":true,"href":"https:\/\/www.baikowski.com\/fr\/wp-json\/wp\/v2\/comments?post=2245"}],"version-history":[{"count":31,"href":"https:\/\/www.baikowski.com\/fr\/wp-json\/wp\/v2\/pages\/2245\/revisions"}],"predecessor-version":[{"id":11634,"href":"https:\/\/www.baikowski.com\/fr\/wp-json\/wp\/v2\/pages\/2245\/revisions\/11634"}],"wp:featuredmedia":[{"embeddable":true,"href":"https:\/\/www.baikowski.com\/fr\/wp-json\/wp\/v2\/media\/3541"}],"wp:attachment":[{"href":"https:\/\/www.baikowski.com\/fr\/wp-json\/wp\/v2\/media?parent=2245"}],"curies":[{"name":"wp","href":"https:\/\/api.w.org\/{rel}","templated":true}]}}