{"id":2247,"date":"2020-01-14T17:16:09","date_gmt":"2020-01-14T16:16:09","guid":{"rendered":"http:\/\/www.baikowski.com\/?page_id=2247"},"modified":"2024-06-06T16:44:08","modified_gmt":"2024-06-06T14:44:08","slug":"bioceramiques","status":"publish","type":"page","link":"https:\/\/www.baikowski.com\/fr\/bioceramiques\/","title":{"rendered":"Bioc\u00e9ramiques m\u00e9dicales"},"content":{"rendered":"<h2>Qu&rsquo;est-ce qu&rsquo;une bioc\u00e9ramique ?<\/h2>\n<p><span class=\"large\">La bioc\u00e9ramique <\/span>est une cat\u00e9gorie sp\u00e9cifique de c\u00e9ramique technique utilis\u00e9e pour des applications m\u00e9dicales. En effet, les bioc\u00e9ramiques sont chimiquement inertes, anticorrosives, antibact\u00e9riennes et de haute stabilit\u00e9 dimensionnelle. Ces propri\u00e9t\u00e9s font de ce type de c\u00e9ramique un mat\u00e9riau id\u00e9al pour le dentaire et les implants osseux. Les bioc\u00e9ramiques sont aussi utilis\u00e9es dans des applications de niche, telles que dans l&rsquo;outillage sp\u00e9cifique d\u00e9di\u00e9 aux op\u00e9rations chirurgicales ou dans les pacemakers comme isolant \u00e9lectrique.<\/p>\n<p>Les bioc\u00e9ramiques englobent beaucoup de mat\u00e9riaux, dont les mati\u00e8res premi\u00e8res \u00e0 base d&rsquo;alumine ultrapure et de zircones.<\/p>\n<p><img loading=\"lazy\" decoding=\"async\" class=\"aligncenter wp-image-1660 size-large\" src=\"http:\/\/www.baikowski.com\/wp-content\/uploads\/2019\/11\/shutterstock_357691577small-1024x683.jpg\" alt=\"\" width=\"1024\" height=\"683\" \/><\/p>\n<h3>Propri\u00e9t\u00e9s des bioc\u00e9ramiques<\/h3>\n<p>Les bioc\u00e9ramiques sont utilis\u00e9es dans d&rsquo;exigeantes applications m\u00e9dicales pour leur propri\u00e9t\u00e9s notables :<\/p>\n<p><img loading=\"lazy\" decoding=\"async\" class=\"alignright size-medium wp-image-1662\" src=\"http:\/\/www.baikowski.com\/wp-content\/uploads\/2019\/11\/shutterstock_48258208small-300x246.jpg\" alt=\"\" width=\"300\" height=\"246\" \/><\/p>\n<ul>\n<li>Int\u00e9gr\u00e9es au corps humain, les bioc\u00e9ramiques doivent \u00eatre enti\u00e8rement <strong>biocompatibles<\/strong>. D&rsquo;une part, ce mat\u00e9riau est antibact\u00e9rien et chimiquement inerte dans le corps. C&rsquo;est pourquoi les bioc\u00e9ramiques compos\u00e9es d&rsquo;alumine et de zircones sont particuli\u00e8rement biocompatibles. D&rsquo;autre part, la zircone est connue pour sa non-cytotoxicit\u00e9, c&rsquo;est-\u00e0-dire qu&rsquo;elle n&rsquo;est pas toxique pour les cellules.<\/li>\n<li>Une bioc\u00e9ramique doit \u00eatre <strong>durable<\/strong> dans le temps, car en tant qu&rsquo;implant, elle se doit de durer plus longtemps que son h\u00f4te. Ce mat\u00e9riau est d&rsquo;une grande stabilit\u00e9 dimensionnelle et anticorrosif. Il pr\u00e9sente de remarquables propri\u00e9t\u00e9s m\u00e9caniques comme toute c\u00e9ramique technique, gr\u00e2ce \u00e0 sa duret\u00e9 intrins\u00e8que exceptionnelle. <strong>Nous offrons <a href=\"https:\/\/www.baikowski.com\/fr\/chemistry\/zircone\/\">des mati\u00e8res premi\u00e8res \u00e0 base de zircone<\/a><\/strong> telles que les <strong>BSZ<\/strong> (les zircones stabilis\u00e9es \u00e0 l&rsquo;yttrium de Baikowski) et les <strong>ATZ<\/strong> (zircones renforc\u00e9es \u00e0 l&rsquo;alumine) ainsi que des <strong>mati\u00e8res premi\u00e8res \u00e0 base d&rsquo;alumine<\/strong> telles que les <strong>ZTA<\/strong> (alumine renforc\u00e9es \u00e0 la zircone) <strong>pour cr\u00e9er des bioc\u00e9ramiques durables<\/strong>.<\/li>\n<li>Pour les <strong><a href=\"https:\/\/www.baikowski.com\/fr\/materiaux-restauration-dentaire\/\">applications dentaires<\/a><\/strong>, les bioc\u00e9ramiques doivent \u00eatre <strong>esth\u00e9tiques<\/strong>. En effet, l&rsquo;implant est cens\u00e9 imiter parfaitement l&rsquo;apparence des dents naturelles. Ainsi, on recherche ici <strong>la transparence et une couleur sp\u00e9cifique<\/strong>. La BSZ8Y est particuli\u00e8rement adapt\u00e9e aux implants dentaires, dans la mesure o\u00f9 elle combine 8% d&rsquo;yttrium (pour la transparence) avec les propri\u00e9t\u00e9s m\u00e9caniques de la zircone. De plus, nous pouvons y ajouter des <strong>dopants color\u00e9s<\/strong> sur demande. On apportera ainsi la touche finale \u00e0 l&rsquo;apparence de l&rsquo;implant dentaire.<\/li>\n<li>Les composites dentaires doivent pr\u00e9senter une certaine <strong>radio-opacit\u00e9<\/strong> pour \u00eatre facilement identifiables sur une radiographie. C&rsquo;est pourquoi Mathym\u00ae a d\u00e9velopp\u00e9 l&rsquo;<strong>YbF3, nanoparticules de trifluorure d&rsquo;ytterbium en suspension<\/strong>. Ces dispersions contiennent les plus fines nanoparticules d&rsquo;YbF3 du march\u00e9 et pr\u00e9sentent la plus haute teneur en mati\u00e8re s\u00e8che disponible. Mathym\u00ae a aussi d\u00e9velopp\u00e9 des <strong>nanoparticules de zircone en suspension<\/strong>, permettant de combiner la radio-opacit\u00e9 et des <strong>propri\u00e9t\u00e9s m\u00e9caniques renforc\u00e9es<\/strong> pour le composite dentaire.<\/li>\n<\/ul>\n<p>Ces propri\u00e9t\u00e9s sont renforc\u00e9es par notre savoir-faire en termes de contr\u00f4le de la puret\u00e9 de phase cristallographique et des tailles et distributions de tailles de particules de nos produits. Par ailleurs, <strong>nous dopons nos produits sur simple demande<\/strong> dans le but d&rsquo;atteindre certaines propri\u00e9t\u00e9s m\u00e9caniques ou couleurs pour votre pi\u00e8ce en bioc\u00e9ramique.<\/p>\n<p><img loading=\"lazy\" decoding=\"async\" class=\"aligncenter wp-image-3486 size-large\" src=\"http:\/\/www.baikowski.com\/wp-content\/uploads\/2020\/08\/Baikowski\u00ae-products-2018_\u00a9utopikphoto-25-1024x683.jpg\" alt=\"Synthetic teeth made with high purity zirconia\" width=\"1024\" height=\"683\" \/><\/p>\n<h3>Mise en \u0153uvre des poudres Baikowski\u00ae<\/h3>\n<p>Nous cr\u00e9ons et commercialisons des poudres d\u00e9di\u00e9es au march\u00e9 des bioc\u00e9ramiques. Nos poudres s&rsquo;adaptent ais\u00e9ment au process client :<\/p>\n<ul>\n<li>Nos produits pr\u00e9sentent une <strong>haute r\u00e9activit\u00e9 au frittage<\/strong>, menant \u00e0 une faible temp\u00e9rature de fusion pendant le proc\u00e9d\u00e9 de notre client. La bioc\u00e9ramique finale conserve ainsi de bonnes propri\u00e9t\u00e9s m\u00e9caniques.<\/li>\n<li>Les c\u00e9ramiques techniques sont souvent fabriqu\u00e9es par injection moulage. Nous offrons des <strong>produits pr\u00eats \u00e0 la compression<\/strong> (RTP), conform\u00e9ment au proc\u00e9d\u00e9 client.<\/li>\n<li><strong>Nous customisons votre produit<\/strong> avec :\n<ul>\n<li>Un stabilisant de zircone (Y, Ce, Ca\u2026 ; ratio molaire). Notre BSZ peut \u00eatre dop\u00e9e \u00e0 l&rsquo;yttrium de 3 \u00e0 10 %mol<\/li>\n<li>Des pigments inorganiques, renfor\u00e7ant \u00e0 la fois les propri\u00e9t\u00e9s m\u00e9caniques et esth\u00e9tiques de votre pi\u00e8ce c\u00e9ramique<\/li>\n<li>Plusieurs m\u00e9dias pour votre zircone ou <strong><a href=\"https:\/\/www.baikowski.com\/fr\/chemistry\/nanosuspensions\/\">nano-dispersions<\/a><\/strong> d&rsquo;YbF3<\/li>\n<\/ul>\n<\/li>\n<li><strong>Nous contr\u00f4lons la puret\u00e9,<\/strong> puisque c&rsquo;est la premi\u00e8re garantie d&rsquo;une transparence parfaite et durable.<\/li>\n<li>Nous sommes en mesure de <strong>doper sur demande votre ATZ\/ZTA avec une troisi\u00e8me phase<\/strong>, pour des propri\u00e9t\u00e9s m\u00e9caniques am\u00e9lior\u00e9es.<\/li>\n<\/ul>\n<p style=\"text-align: center;\"><a class=\"bouton-bleu\" href=\"https:\/\/www.baikowski.com\/fr\/application\/bioceramiques\/\">Voir les produits associ\u00e9s<\/a><\/p>\n","protected":false},"excerpt":{"rendered":"<p>Qu&rsquo;est-ce qu&rsquo;une bioc\u00e9ramique ? La bioc\u00e9ramique est une cat\u00e9gorie sp\u00e9cifique de c\u00e9ramique technique utilis\u00e9e pour des applications m\u00e9dicales. En effet, les bioc\u00e9ramiques sont chimiquement inertes, anticorrosives, antibact\u00e9riennes et de haute stabilit\u00e9 dimensionnelle. Ces propri\u00e9t\u00e9s font de ce type de c\u00e9ramique un mat\u00e9riau id\u00e9al pour le dentaire et les implants osseux. Les bioc\u00e9ramiques sont aussi utilis\u00e9es [&hellip;]<\/p>\n","protected":false},"author":79,"featured_media":3559,"parent":0,"menu_order":0,"comment_status":"closed","ping_status":"closed","template":"","meta":{"_acf_changed":false,"footnotes":""},"class_list":["post-2247","page","type-page","status-publish","has-post-thumbnail","hentry"],"acf":[],"yoast_head":"<!-- This site is optimized with the Yoast SEO plugin v25.2 - https:\/\/yoast.com\/wordpress\/plugins\/seo\/ -->\n<title>Bioc\u00e9ramiques m\u00e9dicales, qu&#039;est-ce que c&#039;est ? - Baikowski\u00ae<\/title>\n<meta name=\"description\" content=\"Apprenez-en plus sur les bioc\u00e9ramiques faites de zircone stabilis\u00e9e et d&#039;alumine de haute puret\u00e9, utilis\u00e9es pour les proth\u00e8ses orthop\u00e9diques et dentaires.\" \/>\n<meta name=\"robots\" content=\"index, follow, max-snippet:-1, max-image-preview:large, max-video-preview:-1\" \/>\n<link rel=\"canonical\" href=\"https:\/\/www.baikowski.com\/fr\/bioceramiques\/\" \/>\n<meta name=\"twitter:card\" content=\"summary_large_image\" \/>\n<meta name=\"twitter:title\" content=\"Bioc\u00e9ramiques m\u00e9dicales, qu&#039;est-ce que c&#039;est ? - Baikowski\u00ae\" \/>\n<meta name=\"twitter:description\" content=\"Apprenez-en plus sur les bioc\u00e9ramiques faites de zircone stabilis\u00e9e et d&#039;alumine de haute puret\u00e9, utilis\u00e9es pour les proth\u00e8ses orthop\u00e9diques et dentaires.\" \/>\n<meta name=\"twitter:image\" content=\"https:\/\/www.baikowski.com\/wp-content\/uploads\/2019\/11\/dentiste-e1727078743943.jpg\" \/>\n<meta name=\"twitter:site\" content=\"@BaikowskiTeam\" \/>\n<meta name=\"twitter:label1\" content=\"Dur\u00e9e de lecture estim\u00e9e\" \/>\n\t<meta name=\"twitter:data1\" content=\"4 minutes\" \/>\n<script type=\"application\/ld+json\" class=\"yoast-schema-graph\">{\"@context\":\"https:\/\/schema.org\",\"@graph\":[{\"@type\":\"WebPage\",\"@id\":\"https:\/\/www.baikowski.com\/fr\/bioceramiques\/\",\"url\":\"https:\/\/www.baikowski.com\/fr\/bioceramiques\/\",\"name\":\"Bioc\u00e9ramiques m\u00e9dicales, qu'est-ce que c'est ? - Baikowski\u00ae\",\"isPartOf\":{\"@id\":\"https:\/\/www.baikowski.com\/fr\/#website\"},\"primaryImageOfPage\":{\"@id\":\"https:\/\/www.baikowski.com\/fr\/bioceramiques\/#primaryimage\"},\"image\":{\"@id\":\"https:\/\/www.baikowski.com\/fr\/bioceramiques\/#primaryimage\"},\"thumbnailUrl\":\"https:\/\/www.baikowski.com\/wp-content\/uploads\/2020\/08\/Baikowski\u00ae-products-2018_\u00a9utopikphoto-23-e1730107646806.jpg\",\"datePublished\":\"2020-01-14T16:16:09+00:00\",\"dateModified\":\"2024-06-06T14:44:08+00:00\",\"description\":\"Apprenez-en plus sur les bioc\u00e9ramiques faites de zircone stabilis\u00e9e et d'alumine de haute puret\u00e9, utilis\u00e9es pour les proth\u00e8ses orthop\u00e9diques et dentaires.\",\"breadcrumb\":{\"@id\":\"https:\/\/www.baikowski.com\/fr\/bioceramiques\/#breadcrumb\"},\"inLanguage\":\"fr-FR\",\"potentialAction\":[{\"@type\":\"ReadAction\",\"target\":[\"https:\/\/www.baikowski.com\/fr\/bioceramiques\/\"]}]},{\"@type\":\"ImageObject\",\"inLanguage\":\"fr-FR\",\"@id\":\"https:\/\/www.baikowski.com\/fr\/bioceramiques\/#primaryimage\",\"url\":\"https:\/\/www.baikowski.com\/wp-content\/uploads\/2020\/08\/Baikowski\u00ae-products-2018_\u00a9utopikphoto-23-e1730107646806.jpg\",\"contentUrl\":\"https:\/\/www.baikowski.com\/wp-content\/uploads\/2020\/08\/Baikowski\u00ae-products-2018_\u00a9utopikphoto-23-e1730107646806.jpg\",\"width\":1500,\"height\":1001,\"caption\":\"HPA (High Purity Alumina) with Bioceramics - hip joints and prosthesis\"},{\"@type\":\"BreadcrumbList\",\"@id\":\"https:\/\/www.baikowski.com\/fr\/bioceramiques\/#breadcrumb\",\"itemListElement\":[{\"@type\":\"ListItem\",\"position\":1,\"name\":\"Accueil\",\"item\":\"https:\/\/www.baikowski.com\/fr\/\"},{\"@type\":\"ListItem\",\"position\":2,\"name\":\"Bioc\u00e9ramiques m\u00e9dicales\"}]},{\"@type\":\"WebSite\",\"@id\":\"https:\/\/www.baikowski.com\/fr\/#website\",\"url\":\"https:\/\/www.baikowski.com\/fr\/\",\"name\":\"Baikowski\u00ae\",\"description\":\"Your solution partner for fine minerals\",\"publisher\":{\"@id\":\"https:\/\/www.baikowski.com\/fr\/#organization\"},\"potentialAction\":[{\"@type\":\"SearchAction\",\"target\":{\"@type\":\"EntryPoint\",\"urlTemplate\":\"https:\/\/www.baikowski.com\/fr\/?s={search_term_string}\"},\"query-input\":{\"@type\":\"PropertyValueSpecification\",\"valueRequired\":true,\"valueName\":\"search_term_string\"}}],\"inLanguage\":\"fr-FR\"},{\"@type\":\"Organization\",\"@id\":\"https:\/\/www.baikowski.com\/fr\/#organization\",\"name\":\"Baikowski\u00ae\",\"url\":\"https:\/\/www.baikowski.com\/fr\/\",\"logo\":{\"@type\":\"ImageObject\",\"inLanguage\":\"fr-FR\",\"@id\":\"https:\/\/www.baikowski.com\/fr\/#\/schema\/logo\/image\/\",\"url\":\"https:\/\/www.baikowski.com\/wp-content\/uploads\/2020\/10\/Baikowski_blocmarque_RVB_ok.jpg\",\"contentUrl\":\"https:\/\/www.baikowski.com\/wp-content\/uploads\/2020\/10\/Baikowski_blocmarque_RVB_ok.jpg\",\"width\":1977,\"height\":754,\"caption\":\"Baikowski\u00ae\"},\"image\":{\"@id\":\"https:\/\/www.baikowski.com\/fr\/#\/schema\/logo\/image\/\"},\"sameAs\":[\"https:\/\/x.com\/BaikowskiTeam\",\"https:\/\/www.linkedin.com\/company\/baikowski\",\"https:\/\/www.youtube.com\/channel\/UC8ypcOZkT7RxGf5HC_aW70g\"]}]}<\/script>\n<!-- \/ Yoast SEO plugin. -->","yoast_head_json":{"title":"Bioc\u00e9ramiques m\u00e9dicales, qu'est-ce que c'est ? - Baikowski\u00ae","description":"Apprenez-en plus sur les bioc\u00e9ramiques faites de zircone stabilis\u00e9e et d'alumine de haute puret\u00e9, utilis\u00e9es pour les proth\u00e8ses orthop\u00e9diques et dentaires.","robots":{"index":"index","follow":"follow","max-snippet":"max-snippet:-1","max-image-preview":"max-image-preview:large","max-video-preview":"max-video-preview:-1"},"canonical":"https:\/\/www.baikowski.com\/fr\/bioceramiques\/","twitter_card":"summary_large_image","twitter_title":"Bioc\u00e9ramiques m\u00e9dicales, qu'est-ce que c'est ? - Baikowski\u00ae","twitter_description":"Apprenez-en plus sur les bioc\u00e9ramiques faites de zircone stabilis\u00e9e et d'alumine de haute puret\u00e9, utilis\u00e9es pour les proth\u00e8ses orthop\u00e9diques et dentaires.","twitter_image":"https:\/\/www.baikowski.com\/wp-content\/uploads\/2019\/11\/dentiste-e1727078743943.jpg","twitter_site":"@BaikowskiTeam","twitter_misc":{"Dur\u00e9e de lecture estim\u00e9e":"4 minutes"},"schema":{"@context":"https:\/\/schema.org","@graph":[{"@type":"WebPage","@id":"https:\/\/www.baikowski.com\/fr\/bioceramiques\/","url":"https:\/\/www.baikowski.com\/fr\/bioceramiques\/","name":"Bioc\u00e9ramiques m\u00e9dicales, qu'est-ce que c'est ? - Baikowski\u00ae","isPartOf":{"@id":"https:\/\/www.baikowski.com\/fr\/#website"},"primaryImageOfPage":{"@id":"https:\/\/www.baikowski.com\/fr\/bioceramiques\/#primaryimage"},"image":{"@id":"https:\/\/www.baikowski.com\/fr\/bioceramiques\/#primaryimage"},"thumbnailUrl":"https:\/\/www.baikowski.com\/wp-content\/uploads\/2020\/08\/Baikowski\u00ae-products-2018_\u00a9utopikphoto-23-e1730107646806.jpg","datePublished":"2020-01-14T16:16:09+00:00","dateModified":"2024-06-06T14:44:08+00:00","description":"Apprenez-en plus sur les bioc\u00e9ramiques faites de zircone stabilis\u00e9e et d'alumine de haute puret\u00e9, utilis\u00e9es pour les proth\u00e8ses orthop\u00e9diques et dentaires.","breadcrumb":{"@id":"https:\/\/www.baikowski.com\/fr\/bioceramiques\/#breadcrumb"},"inLanguage":"fr-FR","potentialAction":[{"@type":"ReadAction","target":["https:\/\/www.baikowski.com\/fr\/bioceramiques\/"]}]},{"@type":"ImageObject","inLanguage":"fr-FR","@id":"https:\/\/www.baikowski.com\/fr\/bioceramiques\/#primaryimage","url":"https:\/\/www.baikowski.com\/wp-content\/uploads\/2020\/08\/Baikowski\u00ae-products-2018_\u00a9utopikphoto-23-e1730107646806.jpg","contentUrl":"https:\/\/www.baikowski.com\/wp-content\/uploads\/2020\/08\/Baikowski\u00ae-products-2018_\u00a9utopikphoto-23-e1730107646806.jpg","width":1500,"height":1001,"caption":"HPA (High Purity Alumina) with Bioceramics - hip joints and prosthesis"},{"@type":"BreadcrumbList","@id":"https:\/\/www.baikowski.com\/fr\/bioceramiques\/#breadcrumb","itemListElement":[{"@type":"ListItem","position":1,"name":"Accueil","item":"https:\/\/www.baikowski.com\/fr\/"},{"@type":"ListItem","position":2,"name":"Bioc\u00e9ramiques m\u00e9dicales"}]},{"@type":"WebSite","@id":"https:\/\/www.baikowski.com\/fr\/#website","url":"https:\/\/www.baikowski.com\/fr\/","name":"Baikowski\u00ae","description":"Your solution partner for fine minerals","publisher":{"@id":"https:\/\/www.baikowski.com\/fr\/#organization"},"potentialAction":[{"@type":"SearchAction","target":{"@type":"EntryPoint","urlTemplate":"https:\/\/www.baikowski.com\/fr\/?s={search_term_string}"},"query-input":{"@type":"PropertyValueSpecification","valueRequired":true,"valueName":"search_term_string"}}],"inLanguage":"fr-FR"},{"@type":"Organization","@id":"https:\/\/www.baikowski.com\/fr\/#organization","name":"Baikowski\u00ae","url":"https:\/\/www.baikowski.com\/fr\/","logo":{"@type":"ImageObject","inLanguage":"fr-FR","@id":"https:\/\/www.baikowski.com\/fr\/#\/schema\/logo\/image\/","url":"https:\/\/www.baikowski.com\/wp-content\/uploads\/2020\/10\/Baikowski_blocmarque_RVB_ok.jpg","contentUrl":"https:\/\/www.baikowski.com\/wp-content\/uploads\/2020\/10\/Baikowski_blocmarque_RVB_ok.jpg","width":1977,"height":754,"caption":"Baikowski\u00ae"},"image":{"@id":"https:\/\/www.baikowski.com\/fr\/#\/schema\/logo\/image\/"},"sameAs":["https:\/\/x.com\/BaikowskiTeam","https:\/\/www.linkedin.com\/company\/baikowski","https:\/\/www.youtube.com\/channel\/UC8ypcOZkT7RxGf5HC_aW70g"]}]}},"_links":{"self":[{"href":"https:\/\/www.baikowski.com\/fr\/wp-json\/wp\/v2\/pages\/2247","targetHints":{"allow":["GET"]}}],"collection":[{"href":"https:\/\/www.baikowski.com\/fr\/wp-json\/wp\/v2\/pages"}],"about":[{"href":"https:\/\/www.baikowski.com\/fr\/wp-json\/wp\/v2\/types\/page"}],"author":[{"embeddable":true,"href":"https:\/\/www.baikowski.com\/fr\/wp-json\/wp\/v2\/users\/79"}],"replies":[{"embeddable":true,"href":"https:\/\/www.baikowski.com\/fr\/wp-json\/wp\/v2\/comments?post=2247"}],"version-history":[{"count":14,"href":"https:\/\/www.baikowski.com\/fr\/wp-json\/wp\/v2\/pages\/2247\/revisions"}],"predecessor-version":[{"id":9261,"href":"https:\/\/www.baikowski.com\/fr\/wp-json\/wp\/v2\/pages\/2247\/revisions\/9261"}],"wp:featuredmedia":[{"embeddable":true,"href":"https:\/\/www.baikowski.com\/fr\/wp-json\/wp\/v2\/media\/3559"}],"wp:attachment":[{"href":"https:\/\/www.baikowski.com\/fr\/wp-json\/wp\/v2\/media?parent=2247"}],"curies":[{"name":"wp","href":"https:\/\/api.w.org\/{rel}","templated":true}]}}