{"id":2249,"date":"2020-01-14T17:18:43","date_gmt":"2020-01-14T16:18:43","guid":{"rendered":"http:\/\/www.baikowski.com\/?page_id=2249"},"modified":"2023-01-09T16:18:08","modified_gmt":"2023-01-09T15:18:08","slug":"luminophores-pour-conversion-de-lumiere","status":"publish","type":"page","link":"https:\/\/www.baikowski.com\/fr\/luminophores-pour-conversion-de-lumiere\/","title":{"rendered":"Conversion de lumi\u00e8re LED"},"content":{"rendered":"<h2>Comment la conversion de lumi\u00e8re avec les luminophores se produit-elle?<\/h2>\n<p>Tout d&rsquo;abord, vous trouverez ici quelques d\u00e9finitions pour mieux comprendre ce qu&rsquo;est une conversion de lumi\u00e8re. Ensuite, vous d\u00e9couvrirez plus en d\u00e9tails les mat\u00e9riaux inorganiques luminescents : les luminophores, parfois aussi appel\u00e9s phosphores.<\/p>\n<p><span class=\"large\">La lumi\u00e8re visible<\/span> est un terme qui rassemble toutes les ondes \u00e9lectromagn\u00e9tiques d\u00e9tect\u00e9es par l&rsquo;oeil humain. Dans le vide, le spectre du visible se situe entre 380 nm et 750 nm.<br \/>\n<a title=\"Philip Ronan, Gringer [CC BY-SA 3.0 (https:\/\/creativecommons.org\/licenses\/by-sa\/3.0)], via Wikimedia Commons\" href=\"https:\/\/commons.wikimedia.org\/wiki\/File:EM_spectrumrevised.png\" target=\"_blank\" rel=\"noopener noreferrer\"><img loading=\"lazy\" decoding=\"async\" class=\"aligncenter\" src=\"https:\/\/upload.wikimedia.org\/wikipedia\/commons\/thumb\/3\/30\/EM_spectrumrevised.png\/512px-EM_spectrumrevised.png\" alt=\"EM spectrumrevised\" width=\"512\" height=\"274\" \/><\/a><br \/>\n<span class=\"large\">Une diode \u00e9lectroluminescente,<\/span> plus connue sous le nom de LED (\u00ab\u00a0Light-Emitting Diode\u00a0\u00bb), est un dispositif \u00e9lectronique \u00e9mettant de la lumi\u00e8re lorsqu&rsquo;il est travers\u00e9 par un courant \u00e9lectrique. Le semiconducteur (v\u00e9ritable coeur de la LED) \u00e9mets dans un spectre tr\u00e8s \u00e9troit. C&rsquo;est pourquoi on d\u00e9signe souvent la LED comme un \u00e9metteur \u00ab\u00a0monochromatique\u00a0\u00bb. Dans la plupart des cas, la LED \u00e9met une lumi\u00e8re bleue ou UV native.<\/p>\n<p><span class=\"large\">La conversion de lumi\u00e8re<\/span> se produit lorsqu&rsquo;une longueur d&rsquo;onde est convertie en une ou plusieurs longueurs d&rsquo;ondes distinctes. Par ailleurs, la conversion de lumi\u00e8re est effective soit au moyen d&rsquo;un mix de poudres dispers\u00e9es dans une matrice, soit gr\u00e2ce \u00e0 un convertisseur c\u00e9ramique. Baikowski\u00ae d\u00e9veloppe des <a href=\"https:\/\/www.baikowski.com\/fr\/chemistry\/luminophores\">Luminophores<\/a>, pens\u00e9s pour permettre une conversion de haute performance. Pour la conversion de lumi\u00e8re bleue LED, nous dopons nos nano-luminophores avec du c\u00e9rium. De plus, nous pouvons ajouter d&rsquo;autres dopants \u00e0 nos produits sur demande.<\/p>\n<figure id=\"attachment_3494\" aria-describedby=\"caption-attachment-3494\" style=\"width: 1024px\" class=\"wp-caption aligncenter\"><img loading=\"lazy\" decoding=\"async\" class=\"wp-image-3494 size-large\" src=\"http:\/\/www.baikowski.com\/wp-content\/uploads\/2020\/08\/Baikowski\u00ae-products-2018_\u00a9utopikphoto-29-1024x683.jpg\" alt=\"High power LED chip made with fine YAG powder\" width=\"1024\" height=\"683\" \/><figcaption id=\"caption-attachment-3494\" class=\"wp-caption-text\">Puce LED haute-puissance compos\u00e9e de convertisseurs c\u00e9ramiques<\/figcaption><\/figure>\n<h2>Propri\u00e9t\u00e9s des luminophores<\/h2>\n<p>Nos luminophores pr\u00e9sentent de remarquables propri\u00e9t\u00e9s dans diverses applications :<\/p>\n<ul>\n<li>Contrairement aux matrices polym\u00e8re, <strong>les convertisseurs c\u00e9ramique permettent des temp\u00e9ratures \u00e9lev\u00e9es<\/strong> dans le syst\u00e8me. Ils offrent ainsi une conversion avec peu d&rsquo;alt\u00e9rations et une <strong>diffusion optimale de la lumi\u00e8re<\/strong>. C&rsquo;est pourquoi les convertisseurs c\u00e9ramique sont essentiels lorsqu&rsquo;il s&rsquo;agit de LED haute-puissance ou de lasers.<\/li>\n<li>Les luminophores encapsul\u00e9s pourraient devenir avoir recours aux nanomat\u00e9riaux pour r\u00e9pondre aux exigences des nouveaux designs de semiconducteurs (LED 3D par exemple).<\/li>\n<\/ul>\n<figure id=\"attachment_3500\" aria-describedby=\"caption-attachment-3500\" style=\"width: 300px\" class=\"wp-caption alignright\"><img loading=\"lazy\" decoding=\"async\" class=\"wp-image-3500 size-medium\" src=\"http:\/\/www.baikowski.com\/wp-content\/uploads\/2020\/08\/Baikowski\u00ae-products-2018_\u00a9utopikphoto-32-300x200.jpg\" alt=\"LuAG powder under UV light phosphorescent\" width=\"300\" height=\"200\" \/><figcaption id=\"caption-attachment-3500\" class=\"wp-caption-text\">Nano-luminophore sous lumi\u00e8re UV<\/figcaption><\/figure>\n<p>De plus, les <a href=\"https:\/\/www.baikowski.com\/fr\/serie\/yag\/\">YAG<\/a> et <a href=\"https:\/\/www.baikowski.com\/fr\/serie\/luag\/\">LuAG<\/a> de Baikowski sont recommand\u00e9s pour leur :<\/p>\n<ul>\n<li>Haute cristallinit\u00e9<\/li>\n<li>Puret\u00e9 chimique<\/li>\n<li>Distribution optimale d&rsquo;activateurs au sein du maillage. Cela am\u00e9liore ainsi les propri\u00e9t\u00e9s optiques (<strong>rendement quantique&#8230;<\/strong>)<\/li>\n<li>Contr\u00f4le submicronique des tailles et distributions de taille des particules. Par cons\u00e9quent, la<strong> c\u00e9ramique obtenue est dense<\/strong> \u00e0 basse temp\u00e9rature et pr\u00e9sente une <strong>microstructure tr\u00e8s fine<\/strong> (faible \u00e9paisseur et diffusion de lumi\u00e8re contr\u00f4l\u00e9e).<\/li>\n<\/ul>\n<p>En outre, nous formulons les produits YAG et LuAG au plus proche des demandes de nos clients. Nous proposons une <strong>grande vari\u00e9t\u00e9 de dopants<\/strong> tels que :<\/p>\n<ul>\n<li>Nd, Cr, Er, Yb&#8230; pour applications laser.<\/li>\n<li>Ce, Pr, Gd\u2026 pour les convertisseurs de lumi\u00e8re en c\u00e9ramique et les luminophores encapsul\u00e9s. for ceramic light converters &amp; encapsulated phosphors<\/li>\n<\/ul>\n<h2>Mise en \u0153uvre des poudres Baikowski\u00ae pour la conversion de lumi\u00e8re<\/h2>\n<p>Nous offrons des nano-luminophores et poudres de sp\u00e9cialit\u00e9 pour la conversion de lumi\u00e8re. <strong>Les produits Baikowski\u00ae atteignent une haute r\u00e9activit\u00e9 au frittage sans aide au frittage.<\/strong> Nous nous assurons que les activateurs sont r\u00e9partis de fa\u00e7on homog\u00e8ne dans le maillage, pour ainsi viser un <strong>rendement quantique maximal<\/strong>.<br \/>\nPar ailleurs, nos poudres s&rsquo;adaptent facilement au proc\u00e9d\u00e9 client :<\/p>\n<ul>\n<li>Pressage \u00e0 chaud et pressage isostatique \u00e0 chaud (HIP)<\/li>\n<li>Coulage en bande<\/li>\n<li>Coulage en barbotine<\/li>\n<li>Impression jet d&rsquo;encre c\u00e9ramique&#8230;<\/li>\n<\/ul>\n<h2>Applications de conversion de lumi\u00e8re gr\u00e2ce aux luminophores<\/h2>\n<figure id=\"attachment_3524\" aria-describedby=\"caption-attachment-3524\" style=\"width: 1024px\" class=\"wp-caption aligncenter\"><img loading=\"lazy\" decoding=\"async\" class=\"wp-image-3524 size-large\" src=\"http:\/\/www.baikowski.com\/wp-content\/uploads\/2020\/08\/Baikowski\u00ae-products-2018_\u00a9utopikphoto-4-1024x683.jpg\" alt=\"YAG tape cast piece illustrating blue LED light conversion\" width=\"1024\" height=\"683\" \/><figcaption id=\"caption-attachment-3524\" class=\"wp-caption-text\">C\u00e9ramique YAG obtenue par coulage en bande, convertisseur de lumi\u00e8re bleue LED vers une lumi\u00e8re plus chaleureuse<\/figcaption><\/figure>\n<p>Vous retrouverez les luminophores dans de multiples applications, aussi diverses que les :<\/p>\n<ul>\n<li>LED haute-puissance pour l&rsquo;automobile<\/li>\n<li>Lasers pour\u00a0 leurs propri\u00e9t\u00e9s de conversion de longueur d&rsquo;onde (<u>YAG non dop\u00e9<\/u>)<\/li>\n<li>Traitements de surface UV dans les tubes fluorescents<\/li>\n<li>LED pour les nouvelles technologies d&rsquo;affichage<\/li>\n<\/ul>\n<h3 style=\"text-align: center;\">D\u00e9couvrez notre livre blanc sur les d\u00e9tecteurs inorganiques<\/h3>\n<table style=\"width: 100%; border-collapse: collapse; border-style: hidden;\" border=\"0\">\n<tbody>\n<tr>\n<td style=\"width: 50%; text-align: right;\"><\/td>\n<td style=\"width: 50%; text-align: left;\"><span style=\"font-family: inherit; font-size: inherit;\">Click here<br \/>\n<img loading=\"lazy\" decoding=\"async\" class=\"wp-image-5746 alignleft\" src=\"https:\/\/www.baikowski.com\/wp-content\/uploads\/2022\/12\/DOIGT-CLICK-e1670496011996.png\" alt=\"\" width=\"39\" height=\"39\" \/><br \/>\n<\/span><\/td>\n<\/tr>\n<tr>\n<td style=\"width: 100%; text-align: right;\" colspan=\"2\"><span style=\"font-family: inherit; font-size: inherit;\"><a href=\"https:\/\/www.baikowski.com\/fr\/serie\/inorganic-detection-white-paper\/\"><img loading=\"lazy\" decoding=\"async\" class=\"wp-image-5640 aligncenter\" src=\"https:\/\/www.baikowski.com\/wp-content\/uploads\/2022\/12\/Detection-Inorganique-Livre-blanc-scaled.jpg\" alt=\"D\u00e9tecteurs inorganiques: Poudres d'aluminate submicroniques 4N &amp; dopage\" width=\"485\" height=\"670\" \/><\/a><\/span>&#8211;<\/td>\n<\/tr>\n<\/tbody>\n<\/table>\n<p>&nbsp;<\/p>\n","protected":false},"excerpt":{"rendered":"<p>Comment la conversion de lumi\u00e8re avec les luminophores se produit-elle? Tout d&rsquo;abord, vous trouverez ici quelques d\u00e9finitions pour mieux comprendre ce qu&rsquo;est une conversion de lumi\u00e8re. Ensuite, vous d\u00e9couvrirez plus en d\u00e9tails les mat\u00e9riaux inorganiques luminescents : les luminophores, parfois aussi appel\u00e9s phosphores. La lumi\u00e8re visible est un terme qui rassemble toutes les ondes \u00e9lectromagn\u00e9tiques [&hellip;]<\/p>\n","protected":false},"author":79,"featured_media":1668,"parent":0,"menu_order":0,"comment_status":"closed","ping_status":"closed","template":"","meta":{"_acf_changed":false,"footnotes":""},"class_list":["post-2249","page","type-page","status-publish","has-post-thumbnail","hentry"],"acf":[],"yoast_head":"<!-- This site is optimized with the Yoast SEO plugin v25.2 - https:\/\/yoast.com\/wordpress\/plugins\/seo\/ -->\n<title>Conversion de lumi\u00e8re LED, comment \u00e7a marche? - Baikowski\u00ae<\/title>\n<meta name=\"description\" content=\"D\u00e9couvrez comment se produit la conversion de lumi\u00e8re avec les luminophores YAG\/LuAG. Les convertisseurs de lumi\u00e8re en c\u00e9ramique se trouvent dans les phares de voiture, entre autres.\" \/>\n<meta name=\"robots\" content=\"index, follow, max-snippet:-1, max-image-preview:large, max-video-preview:-1\" \/>\n<link rel=\"canonical\" href=\"https:\/\/www.baikowski.com\/fr\/luminophores-pour-conversion-de-lumiere\/\" \/>\n<meta name=\"twitter:card\" content=\"summary_large_image\" \/>\n<meta name=\"twitter:title\" content=\"Conversion de lumi\u00e8re LED, comment \u00e7a marche? - Baikowski\u00ae\" \/>\n<meta name=\"twitter:description\" content=\"D\u00e9couvrez comment se produit la conversion de lumi\u00e8re avec les luminophores YAG\/LuAG. Les convertisseurs de lumi\u00e8re en c\u00e9ramique se trouvent dans les phares de voiture, entre autres.\" \/>\n<meta name=\"twitter:image\" content=\"https:\/\/www.baikowski.com\/wp-content\/uploads\/2019\/11\/High-Power-LED-car-e1719498590865.jpg\" \/>\n<meta name=\"twitter:site\" content=\"@BaikowskiTeam\" \/>\n<meta name=\"twitter:label1\" content=\"Dur\u00e9e de lecture estim\u00e9e\" \/>\n\t<meta name=\"twitter:data1\" content=\"4 minutes\" \/>\n<script type=\"application\/ld+json\" class=\"yoast-schema-graph\">{\"@context\":\"https:\/\/schema.org\",\"@graph\":[{\"@type\":\"WebPage\",\"@id\":\"https:\/\/www.baikowski.com\/fr\/luminophores-pour-conversion-de-lumiere\/\",\"url\":\"https:\/\/www.baikowski.com\/fr\/luminophores-pour-conversion-de-lumiere\/\",\"name\":\"Conversion de lumi\u00e8re LED, comment \u00e7a marche? - Baikowski\u00ae\",\"isPartOf\":{\"@id\":\"https:\/\/www.baikowski.com\/fr\/#website\"},\"primaryImageOfPage\":{\"@id\":\"https:\/\/www.baikowski.com\/fr\/luminophores-pour-conversion-de-lumiere\/#primaryimage\"},\"image\":{\"@id\":\"https:\/\/www.baikowski.com\/fr\/luminophores-pour-conversion-de-lumiere\/#primaryimage\"},\"thumbnailUrl\":\"https:\/\/www.baikowski.com\/wp-content\/uploads\/2019\/11\/High-Power-LED-car-e1719498590865.jpg\",\"datePublished\":\"2020-01-14T16:18:43+00:00\",\"dateModified\":\"2023-01-09T15:18:08+00:00\",\"description\":\"D\u00e9couvrez comment se produit la conversion de lumi\u00e8re avec les luminophores YAG\/LuAG. Les convertisseurs de lumi\u00e8re en c\u00e9ramique se trouvent dans les phares de voiture, entre autres.\",\"breadcrumb\":{\"@id\":\"https:\/\/www.baikowski.com\/fr\/luminophores-pour-conversion-de-lumiere\/#breadcrumb\"},\"inLanguage\":\"fr-FR\",\"potentialAction\":[{\"@type\":\"ReadAction\",\"target\":[\"https:\/\/www.baikowski.com\/fr\/luminophores-pour-conversion-de-lumiere\/\"]}]},{\"@type\":\"ImageObject\",\"inLanguage\":\"fr-FR\",\"@id\":\"https:\/\/www.baikowski.com\/fr\/luminophores-pour-conversion-de-lumiere\/#primaryimage\",\"url\":\"https:\/\/www.baikowski.com\/wp-content\/uploads\/2019\/11\/High-Power-LED-car-e1719498590865.jpg\",\"contentUrl\":\"https:\/\/www.baikowski.com\/wp-content\/uploads\/2019\/11\/High-Power-LED-car-e1719498590865.jpg\",\"width\":550,\"height\":365,\"caption\":\"High power LED car\"},{\"@type\":\"BreadcrumbList\",\"@id\":\"https:\/\/www.baikowski.com\/fr\/luminophores-pour-conversion-de-lumiere\/#breadcrumb\",\"itemListElement\":[{\"@type\":\"ListItem\",\"position\":1,\"name\":\"Accueil\",\"item\":\"https:\/\/www.baikowski.com\/fr\/\"},{\"@type\":\"ListItem\",\"position\":2,\"name\":\"Conversion de lumi\u00e8re LED\"}]},{\"@type\":\"WebSite\",\"@id\":\"https:\/\/www.baikowski.com\/fr\/#website\",\"url\":\"https:\/\/www.baikowski.com\/fr\/\",\"name\":\"Baikowski\u00ae\",\"description\":\"Your solution partner for fine minerals\",\"publisher\":{\"@id\":\"https:\/\/www.baikowski.com\/fr\/#organization\"},\"potentialAction\":[{\"@type\":\"SearchAction\",\"target\":{\"@type\":\"EntryPoint\",\"urlTemplate\":\"https:\/\/www.baikowski.com\/fr\/?s={search_term_string}\"},\"query-input\":{\"@type\":\"PropertyValueSpecification\",\"valueRequired\":true,\"valueName\":\"search_term_string\"}}],\"inLanguage\":\"fr-FR\"},{\"@type\":\"Organization\",\"@id\":\"https:\/\/www.baikowski.com\/fr\/#organization\",\"name\":\"Baikowski\u00ae\",\"url\":\"https:\/\/www.baikowski.com\/fr\/\",\"logo\":{\"@type\":\"ImageObject\",\"inLanguage\":\"fr-FR\",\"@id\":\"https:\/\/www.baikowski.com\/fr\/#\/schema\/logo\/image\/\",\"url\":\"https:\/\/www.baikowski.com\/wp-content\/uploads\/2020\/10\/Baikowski_blocmarque_RVB_ok.jpg\",\"contentUrl\":\"https:\/\/www.baikowski.com\/wp-content\/uploads\/2020\/10\/Baikowski_blocmarque_RVB_ok.jpg\",\"width\":1977,\"height\":754,\"caption\":\"Baikowski\u00ae\"},\"image\":{\"@id\":\"https:\/\/www.baikowski.com\/fr\/#\/schema\/logo\/image\/\"},\"sameAs\":[\"https:\/\/x.com\/BaikowskiTeam\",\"https:\/\/www.linkedin.com\/company\/baikowski\",\"https:\/\/www.youtube.com\/channel\/UC8ypcOZkT7RxGf5HC_aW70g\"]}]}<\/script>\n<!-- \/ Yoast SEO plugin. -->","yoast_head_json":{"title":"Conversion de lumi\u00e8re LED, comment \u00e7a marche? - Baikowski\u00ae","description":"D\u00e9couvrez comment se produit la conversion de lumi\u00e8re avec les luminophores YAG\/LuAG. Les convertisseurs de lumi\u00e8re en c\u00e9ramique se trouvent dans les phares de voiture, entre autres.","robots":{"index":"index","follow":"follow","max-snippet":"max-snippet:-1","max-image-preview":"max-image-preview:large","max-video-preview":"max-video-preview:-1"},"canonical":"https:\/\/www.baikowski.com\/fr\/luminophores-pour-conversion-de-lumiere\/","twitter_card":"summary_large_image","twitter_title":"Conversion de lumi\u00e8re LED, comment \u00e7a marche? - Baikowski\u00ae","twitter_description":"D\u00e9couvrez comment se produit la conversion de lumi\u00e8re avec les luminophores YAG\/LuAG. Les convertisseurs de lumi\u00e8re en c\u00e9ramique se trouvent dans les phares de voiture, entre autres.","twitter_image":"https:\/\/www.baikowski.com\/wp-content\/uploads\/2019\/11\/High-Power-LED-car-e1719498590865.jpg","twitter_site":"@BaikowskiTeam","twitter_misc":{"Dur\u00e9e de lecture estim\u00e9e":"4 minutes"},"schema":{"@context":"https:\/\/schema.org","@graph":[{"@type":"WebPage","@id":"https:\/\/www.baikowski.com\/fr\/luminophores-pour-conversion-de-lumiere\/","url":"https:\/\/www.baikowski.com\/fr\/luminophores-pour-conversion-de-lumiere\/","name":"Conversion de lumi\u00e8re LED, comment \u00e7a marche? - Baikowski\u00ae","isPartOf":{"@id":"https:\/\/www.baikowski.com\/fr\/#website"},"primaryImageOfPage":{"@id":"https:\/\/www.baikowski.com\/fr\/luminophores-pour-conversion-de-lumiere\/#primaryimage"},"image":{"@id":"https:\/\/www.baikowski.com\/fr\/luminophores-pour-conversion-de-lumiere\/#primaryimage"},"thumbnailUrl":"https:\/\/www.baikowski.com\/wp-content\/uploads\/2019\/11\/High-Power-LED-car-e1719498590865.jpg","datePublished":"2020-01-14T16:18:43+00:00","dateModified":"2023-01-09T15:18:08+00:00","description":"D\u00e9couvrez comment se produit la conversion de lumi\u00e8re avec les luminophores YAG\/LuAG. Les convertisseurs de lumi\u00e8re en c\u00e9ramique se trouvent dans les phares de voiture, entre autres.","breadcrumb":{"@id":"https:\/\/www.baikowski.com\/fr\/luminophores-pour-conversion-de-lumiere\/#breadcrumb"},"inLanguage":"fr-FR","potentialAction":[{"@type":"ReadAction","target":["https:\/\/www.baikowski.com\/fr\/luminophores-pour-conversion-de-lumiere\/"]}]},{"@type":"ImageObject","inLanguage":"fr-FR","@id":"https:\/\/www.baikowski.com\/fr\/luminophores-pour-conversion-de-lumiere\/#primaryimage","url":"https:\/\/www.baikowski.com\/wp-content\/uploads\/2019\/11\/High-Power-LED-car-e1719498590865.jpg","contentUrl":"https:\/\/www.baikowski.com\/wp-content\/uploads\/2019\/11\/High-Power-LED-car-e1719498590865.jpg","width":550,"height":365,"caption":"High power LED car"},{"@type":"BreadcrumbList","@id":"https:\/\/www.baikowski.com\/fr\/luminophores-pour-conversion-de-lumiere\/#breadcrumb","itemListElement":[{"@type":"ListItem","position":1,"name":"Accueil","item":"https:\/\/www.baikowski.com\/fr\/"},{"@type":"ListItem","position":2,"name":"Conversion de lumi\u00e8re LED"}]},{"@type":"WebSite","@id":"https:\/\/www.baikowski.com\/fr\/#website","url":"https:\/\/www.baikowski.com\/fr\/","name":"Baikowski\u00ae","description":"Your solution partner for fine minerals","publisher":{"@id":"https:\/\/www.baikowski.com\/fr\/#organization"},"potentialAction":[{"@type":"SearchAction","target":{"@type":"EntryPoint","urlTemplate":"https:\/\/www.baikowski.com\/fr\/?s={search_term_string}"},"query-input":{"@type":"PropertyValueSpecification","valueRequired":true,"valueName":"search_term_string"}}],"inLanguage":"fr-FR"},{"@type":"Organization","@id":"https:\/\/www.baikowski.com\/fr\/#organization","name":"Baikowski\u00ae","url":"https:\/\/www.baikowski.com\/fr\/","logo":{"@type":"ImageObject","inLanguage":"fr-FR","@id":"https:\/\/www.baikowski.com\/fr\/#\/schema\/logo\/image\/","url":"https:\/\/www.baikowski.com\/wp-content\/uploads\/2020\/10\/Baikowski_blocmarque_RVB_ok.jpg","contentUrl":"https:\/\/www.baikowski.com\/wp-content\/uploads\/2020\/10\/Baikowski_blocmarque_RVB_ok.jpg","width":1977,"height":754,"caption":"Baikowski\u00ae"},"image":{"@id":"https:\/\/www.baikowski.com\/fr\/#\/schema\/logo\/image\/"},"sameAs":["https:\/\/x.com\/BaikowskiTeam","https:\/\/www.linkedin.com\/company\/baikowski","https:\/\/www.youtube.com\/channel\/UC8ypcOZkT7RxGf5HC_aW70g"]}]}},"_links":{"self":[{"href":"https:\/\/www.baikowski.com\/fr\/wp-json\/wp\/v2\/pages\/2249","targetHints":{"allow":["GET"]}}],"collection":[{"href":"https:\/\/www.baikowski.com\/fr\/wp-json\/wp\/v2\/pages"}],"about":[{"href":"https:\/\/www.baikowski.com\/fr\/wp-json\/wp\/v2\/types\/page"}],"author":[{"embeddable":true,"href":"https:\/\/www.baikowski.com\/fr\/wp-json\/wp\/v2\/users\/79"}],"replies":[{"embeddable":true,"href":"https:\/\/www.baikowski.com\/fr\/wp-json\/wp\/v2\/comments?post=2249"}],"version-history":[{"count":11,"href":"https:\/\/www.baikowski.com\/fr\/wp-json\/wp\/v2\/pages\/2249\/revisions"}],"predecessor-version":[{"id":6096,"href":"https:\/\/www.baikowski.com\/fr\/wp-json\/wp\/v2\/pages\/2249\/revisions\/6096"}],"wp:featuredmedia":[{"embeddable":true,"href":"https:\/\/www.baikowski.com\/fr\/wp-json\/wp\/v2\/media\/1668"}],"wp:attachment":[{"href":"https:\/\/www.baikowski.com\/fr\/wp-json\/wp\/v2\/media?parent=2249"}],"curies":[{"name":"wp","href":"https:\/\/api.w.org\/{rel}","templated":true}]}}