{"id":2251,"date":"2020-01-14T17:21:33","date_gmt":"2020-01-14T16:21:33","guid":{"rendered":"http:\/\/www.baikowski.com\/?page_id=2251"},"modified":"2020-11-25T12:22:57","modified_gmt":"2020-11-25T11:22:57","slug":"horlogerie","status":"publish","type":"page","link":"https:\/\/www.baikowski.com\/fr\/horlogerie\/","title":{"rendered":"Horlogerie"},"content":{"rendered":"<h2>Quelles mati\u00e8res premi\u00e8res pour la haute horlogerie ?<\/h2>\n<figure id=\"attachment_3552\" aria-describedby=\"caption-attachment-3552\" style=\"width: 200px\" class=\"wp-caption alignright\"><img loading=\"lazy\" decoding=\"async\" class=\"wp-image-3552 size-medium\" src=\"http:\/\/www.baikowski.com\/wp-content\/uploads\/2020\/08\/Baikowski\u00ae-products-2018_\u00a9utopikphoto-20-200x300.jpg\" alt=\"Synthetic sapphires made by Verneuil process with high purity alumina\" width=\"200\" height=\"300\" srcset=\"https:\/\/www.baikowski.com\/wp-content\/uploads\/2020\/08\/Baikowski\u00ae-products-2018_\u00a9utopikphoto-20-200x300.jpg 200w, https:\/\/www.baikowski.com\/wp-content\/uploads\/2020\/08\/Baikowski\u00ae-products-2018_\u00a9utopikphoto-20-683x1024.jpg 683w, https:\/\/www.baikowski.com\/wp-content\/uploads\/2020\/08\/Baikowski\u00ae-products-2018_\u00a9utopikphoto-20-768x1151.jpg 768w, https:\/\/www.baikowski.com\/wp-content\/uploads\/2020\/08\/Baikowski\u00ae-products-2018_\u00a9utopikphoto-20.jpg 1001w\" sizes=\"auto, (max-width: 200px) 100vw, 200px\" \/><figcaption id=\"caption-attachment-3552\" class=\"wp-caption-text\"><em>Sapphire pieces made from HPA with Verneuil process<\/em><\/figcaption><\/figure>\n<p><span class=\"large\">L&rsquo;horlogerie<\/span> est une industrie tr\u00e8s exigeante qui n\u00e9cessite des mat\u00e9riaux pures et performants. Presque tous les composants d&rsquo;une montre (dont le bo\u00eetier, le bracelet, la couronne, la boucle, le boutons poussoir et le cadran) peuvent \u00eatre des <strong>c\u00e9ramiques techniques<\/strong>.<br \/>\nQuant au verre de montre, visant une parfaite transparence et r\u00e9sistance aux rayures, le march\u00e9 de l&rsquo;horlogerie a souvent recours \u00e0 la fen\u00eatre saphir. Le saphir synth\u00e9tique, aussi pr\u00e9sent\u00e9 comme \u00ab\u00a0<strong>verre saphir<\/strong>\u00ab\u00a0, est \u00e0 la fois transparent aux longueurs d&rsquo;ondes de lumi\u00e8re et hautement r\u00e9sistant aux rayures. En horlogerie, le saphir est souvent produit gr\u00e2ce au proc\u00e9d\u00e9 Verneuil avec de l&rsquo;alumine gamma telle que nos produits BT. Les montres m\u00e9caniques, compos\u00e9es de plusieurs rouages pour conserver un mouvement perp\u00e9tuel, requi\u00e8rent aussi de petits saphirs comme \u00ab\u00a0<strong>pierres d&rsquo;horlogerie<\/strong>\u00ab\u00a0. Ces saphirs &#8211; environ 17 par montre en moyenne &#8211; garantissent une certaine long\u00e9vit\u00e9 et fiabilit\u00e9 pour la montre.<\/p>\n<h3>Verres saphir pour l&rsquo;horlogerie<\/h3>\n<p>Le verre saphir est le verre de montre le plus r\u00e9pandu dans l&rsquo;horlogerie de luxe. Il pr\u00e9sente d&rsquo;impressionnantes propri\u00e9t\u00e9s :<\/p>\n<ul>\n<li>Le verre de montre doit garantir une haute r\u00e9sistance aux rayures : le saphir doit ainsi rester transparent avec d&rsquo;excellentes propri\u00e9t\u00e9s de transmission, m\u00eame dans des conditions extr\u00eames d&rsquo;utilisation. Dans cette optique, nous offrons de l&rsquo;<strong><a href=\"https:\/\/www.baikowski.com\/fr\/chemistry\/alumine\/\">alumine de haute puret\u00e9<\/a>, ne causant aucun d\u00e9faut ou voile au saphir et garantissant un verre de montre sans rayure et hautement transparent<\/strong>.<\/li>\n<li>Par ailleurs, l&rsquo;<strong>\u00e9tape de polissage de pr\u00e9cision<\/strong> est une \u00e9tape cl\u00e9 pour la transparence finale du saphir. Nous d\u00e9veloppons des suspensions aux formulations adapt\u00e9es, qui vous apporterons une parfaite brillance (voir le produit <a href=\"https:\/\/www.baikowski.com\/fr\/serie\/sph\/\">SPH<\/a>). Nous produisons \u00e9galement des mat\u00e9riaux de sp\u00e9cialit\u00e9 pour polir les c\u00e9ramiques techniques (voir le produit <a href=\"https:\/\/www.baikowski.com\/fr\/serie\/bra\/\">BR<\/a>).<\/li>\n<\/ul>\n<figure id=\"attachment_3554\" aria-describedby=\"caption-attachment-3554\" style=\"width: 1024px\" class=\"wp-caption aligncenter\"><img loading=\"lazy\" decoding=\"async\" class=\"wp-image-3554 size-large\" src=\"http:\/\/www.baikowski.com\/wp-content\/uploads\/2020\/08\/Baikowski\u00ae-products-2018_\u00a9utopikphoto-21-1024x683.jpg\" alt=\"Polished and unpolished sapphire for watch made with high purity alumina\" width=\"1024\" height=\"683\" \/><figcaption id=\"caption-attachment-3554\" class=\"wp-caption-text\"><em>Verres de montre en saphir, avant et apr\u00e8s polissage de pr\u00e9cision.<\/em><\/figcaption><\/figure>\n<p>&nbsp;<\/p>\n<h3>Propri\u00e9t\u00e9s des mati\u00e8res premi\u00e8res pour la haute horlogerie<\/h3>\n<p>Sur les derni\u00e8res d\u00e9cennies, la c\u00e9ramique est devenue l&rsquo;un des mat\u00e9riaux f\u00e9tiches des marques de montres de luxe, et ce pour ses propri\u00e9t\u00e9s remarquables :<\/p>\n<ul>\n<li>Un mat\u00e9riau durable : le consommateur souhaite conserver sa montre de luxe sans limite de temps. Les c\u00e9ramiques techniques sont ultra r\u00e9sistantes aux rayures (duret\u00e9 intrins\u00e8que exceptionnelle), ne se d\u00e9colorent pas (r\u00e9sistantes aux UV) et ne rouillent pas. Nous offrons des <strong>mat\u00e9riaux \u00e0 base de zircone, tels que les<\/strong> <strong><a href=\"https:\/\/www.baikowski.com\/fr\/serie\/bsz\/\">BSZ<\/a>\u00a0<\/strong>(les zircones stabilis\u00e9es \u00e0 l\u2019yttrium de Baikowski)<strong> et <a href=\"https:\/\/www.baikowski.com\/fr\/serie\/atz-zta\/\">ATZ<\/a>\u00a0<\/strong>(notre zircone renforc\u00e9e \u00e0 l\u2019alumine)<strong> ainsi que des mat\u00e9riaux \u00e0 base d&rsquo;alumine comme les <a href=\"https:\/\/www.baikowski.com\/fr\/serie\/atz-zta\/\">ZTA<\/a>\u00a0<\/strong>(alumine renforc\u00e9es \u00e0 la zircone)<strong> pour cr\u00e9er des composants c\u00e9ramiques durables.<\/strong><\/li>\n<li>Un look esth\u00e9tique : Le consommateur est \u00e0 la recherche d&rsquo;une pi\u00e8ce singuli\u00e8re au style unique, qui peut \u00eatre atteint avec le design de la montre. La coloration de la c\u00e9ramique fait partie de la mati\u00e8re premi\u00e8re, contrairement aux m\u00e9taux qui sont uniquement recouvert de couleur. Nous offrons des <strong>pigments inorganiques associ\u00e9s aux produits BSZ<\/strong>. L&rsquo;inclusion de la couleur contribue aux propri\u00e9t\u00e9s intrins\u00e8ques du mat\u00e9riau.<br \/>\nDe plus, le consommateur rep\u00e8rera le lustre final des pi\u00e8ces c\u00e9ramiques gr\u00e2ce \u00e0 nos <strong>solutions de polissage sur-mesure. Elles apporteront une parfaite brillance aux pi\u00e8ces obtenues.<\/strong><\/li>\n<li>Confortable : Les c\u00e9ramiques techniques sont plus l\u00e9g\u00e8res que la plupart des m\u00e9taux, ce qui les rend plus confortables \u00e0 porter. Par ailleurs, elles sont hypoallerg\u00e9niques et agissent comme un r\u00e9gulateur de temp\u00e9rature ; l\u00e0 o\u00f9 un bo\u00eetier m\u00e9tallique se r\u00e9chaufferait au soleil, la c\u00e9ramique reste fra\u00eeche. Ces propri\u00e9t\u00e9s font des montres en c\u00e9ramiques des <strong>alli\u00e9es pour la peau<\/strong>.<\/li>\n<\/ul>\n<p><img loading=\"lazy\" decoding=\"async\" class=\"aligncenter size-full wp-image-1742\" src=\"http:\/\/www.baikowski.com\/wp-content\/uploads\/2019\/11\/shutterstock_288537584.jpg\" alt=\"\" width=\"3020\" height=\"1899\" srcset=\"https:\/\/www.baikowski.com\/wp-content\/uploads\/2019\/11\/shutterstock_288537584.jpg 3020w, https:\/\/www.baikowski.com\/wp-content\/uploads\/2019\/11\/shutterstock_288537584-300x189.jpg 300w, https:\/\/www.baikowski.com\/wp-content\/uploads\/2019\/11\/shutterstock_288537584-768x483.jpg 768w, https:\/\/www.baikowski.com\/wp-content\/uploads\/2019\/11\/shutterstock_288537584-1024x644.jpg 1024w\" sizes=\"auto, (max-width: 3020px) 100vw, 3020px\" \/>Ces propri\u00e9t\u00e9s sont renforc\u00e9es par notre savoir-faire sur le contr\u00f4le de la puret\u00e9 de phase cristallographique et des tailles et distribution de tailles des particules de nos produits. En outre, <strong>nous pouvons doper nos produits sur simple demande<\/strong> pour ajouter des propri\u00e9t\u00e9s et une couleur particuli\u00e8re \u00e0 votre pi\u00e8ce c\u00e9ramique finale.<\/p>\n<h3>Mise en \u0153uvre des poudres Baikowski\u00ae<\/h3>\n<p>Nous proposons des poudres pour vos c\u00e9ramiques techniques et saphirs. Nos poudres s&rsquo;adaptent facilement au proc\u00e9d\u00e9 client:<\/p>\n<ul>\n<li><strong>Nous contr\u00f4lons la puret\u00e9<\/strong>, puisque c&rsquo;est la premi\u00e8re garantie d&rsquo;une transparence irr\u00e9prochable et durable.<\/li>\n<li>Les saphirs synth\u00e9tiques peuvent \u00eatre fabriqu\u00e9s gr\u00e2ce au proc\u00e9d\u00e9 Verneuil. Dans le but d&rsquo;am\u00e9liorer l&rsquo;efficacit\u00e9 du proc\u00e9d\u00e9, nous proposons des produits sp\u00e9cialement con\u00e7us pour leur <strong>haute coulabilit\u00e9<\/strong>. Demandez-nous des <strong>produits atomis\u00e9s<\/strong> !<\/li>\n<li>L&rsquo;injection moulage c\u00e9ramique (CIM) est le proc\u00e9d\u00e9 le plus connu pour la fabrication de c\u00e9ramique technique. Nous offrons des <strong>produits pr\u00eats \u00e0 la compression<\/strong> (RTP), conform\u00e9ment au proc\u00e9d\u00e9 client.<\/li>\n<li>Nous pouvons <strong>doper votre BSZ sur demande<\/strong> avec des pigments inorganiques, et ainsi renforcer les propri\u00e9t\u00e9s m\u00e9caniques et esth\u00e9tiques de votre c\u00e9ramique.<\/li>\n<\/ul>\n<p style=\"text-align: center;\"><a class=\"bouton-bleu\" href=\"https:\/\/www.baikowski.com\/fr\/application\/horlogerie\/\">Voir les produits associ\u00e9s<\/a><\/p>\n","protected":false},"excerpt":{"rendered":"<p>Quelles mati\u00e8res premi\u00e8res pour la haute horlogerie ? L&rsquo;horlogerie est une industrie tr\u00e8s exigeante qui n\u00e9cessite des mat\u00e9riaux pures et performants. Presque tous les composants d&rsquo;une montre (dont le bo\u00eetier, le bracelet, la couronne, la boucle, le boutons poussoir et le cadran) peuvent \u00eatre des c\u00e9ramiques techniques. Quant au verre de montre, visant une parfaite [&hellip;]<\/p>\n","protected":false},"author":79,"featured_media":1740,"parent":0,"menu_order":0,"comment_status":"closed","ping_status":"closed","template":"","meta":{"_acf_changed":false,"footnotes":""},"class_list":["post-2251","page","type-page","status-publish","has-post-thumbnail","hentry"],"acf":[],"yoast_head":"<!-- This site is optimized with the Yoast SEO plugin v25.2 - https:\/\/yoast.com\/wordpress\/plugins\/seo\/ -->\n<title>Horlogerie : quelles mati\u00e8res premi\u00e8res pour le luxe ? - Baikowski\u00ae<\/title>\n<meta name=\"description\" content=\"La haute horlogerie a recours \u00e0 des mat\u00e9riaux de haute qualit\u00e9 pour les verres saphir inrayables et les c\u00e9ramiques color\u00e9es. Nous offrons des poudres de haute puret\u00e9 pour les montres.\" \/>\n<meta name=\"robots\" content=\"index, follow, max-snippet:-1, max-image-preview:large, max-video-preview:-1\" \/>\n<link rel=\"canonical\" href=\"https:\/\/www.baikowski.com\/fr\/horlogerie\/\" \/>\n<meta name=\"twitter:card\" content=\"summary_large_image\" \/>\n<meta name=\"twitter:title\" content=\"Horlogerie : quelles mati\u00e8res premi\u00e8res pour le luxe ? - Baikowski\u00ae\" \/>\n<meta name=\"twitter:description\" content=\"La haute horlogerie a recours \u00e0 des mat\u00e9riaux de haute qualit\u00e9 pour les verres saphir inrayables et les c\u00e9ramiques color\u00e9es. Nous offrons des poudres de haute puret\u00e9 pour les montres.\" \/>\n<meta name=\"twitter:image\" content=\"https:\/\/www.baikowski.com\/wp-content\/uploads\/2019\/11\/shutterstock_461723545.jpg\" \/>\n<meta name=\"twitter:site\" content=\"@BaikowskiTeam\" \/>\n<meta name=\"twitter:label1\" content=\"Dur\u00e9e de lecture estim\u00e9e\" \/>\n\t<meta name=\"twitter:data1\" content=\"4 minutes\" \/>\n<script type=\"application\/ld+json\" class=\"yoast-schema-graph\">{\"@context\":\"https:\/\/schema.org\",\"@graph\":[{\"@type\":\"WebPage\",\"@id\":\"https:\/\/www.baikowski.com\/fr\/horlogerie\/\",\"url\":\"https:\/\/www.baikowski.com\/fr\/horlogerie\/\",\"name\":\"Horlogerie : quelles mati\u00e8res premi\u00e8res pour le luxe ? - Baikowski\u00ae\",\"isPartOf\":{\"@id\":\"https:\/\/www.baikowski.com\/fr\/#website\"},\"primaryImageOfPage\":{\"@id\":\"https:\/\/www.baikowski.com\/fr\/horlogerie\/#primaryimage\"},\"image\":{\"@id\":\"https:\/\/www.baikowski.com\/fr\/horlogerie\/#primaryimage\"},\"thumbnailUrl\":\"https:\/\/www.baikowski.com\/wp-content\/uploads\/2019\/11\/shutterstock_461723545.jpg\",\"datePublished\":\"2020-01-14T16:21:33+00:00\",\"dateModified\":\"2020-11-25T11:22:57+00:00\",\"description\":\"La haute horlogerie a recours \u00e0 des mat\u00e9riaux de haute qualit\u00e9 pour les verres saphir inrayables et les c\u00e9ramiques color\u00e9es. Nous offrons des poudres de haute puret\u00e9 pour les montres.\",\"breadcrumb\":{\"@id\":\"https:\/\/www.baikowski.com\/fr\/horlogerie\/#breadcrumb\"},\"inLanguage\":\"fr-FR\",\"potentialAction\":[{\"@type\":\"ReadAction\",\"target\":[\"https:\/\/www.baikowski.com\/fr\/horlogerie\/\"]}]},{\"@type\":\"ImageObject\",\"inLanguage\":\"fr-FR\",\"@id\":\"https:\/\/www.baikowski.com\/fr\/horlogerie\/#primaryimage\",\"url\":\"https:\/\/www.baikowski.com\/wp-content\/uploads\/2019\/11\/shutterstock_461723545.jpg\",\"contentUrl\":\"https:\/\/www.baikowski.com\/wp-content\/uploads\/2019\/11\/shutterstock_461723545.jpg\",\"width\":3689,\"height\":2460,\"caption\":\"Watch mechanism sapphire made with high purity alumina\"},{\"@type\":\"BreadcrumbList\",\"@id\":\"https:\/\/www.baikowski.com\/fr\/horlogerie\/#breadcrumb\",\"itemListElement\":[{\"@type\":\"ListItem\",\"position\":1,\"name\":\"Accueil\",\"item\":\"https:\/\/www.baikowski.com\/fr\/\"},{\"@type\":\"ListItem\",\"position\":2,\"name\":\"Horlogerie\"}]},{\"@type\":\"WebSite\",\"@id\":\"https:\/\/www.baikowski.com\/fr\/#website\",\"url\":\"https:\/\/www.baikowski.com\/fr\/\",\"name\":\"Baikowski\u00ae\",\"description\":\"Your solution partner for fine minerals\",\"publisher\":{\"@id\":\"https:\/\/www.baikowski.com\/fr\/#organization\"},\"potentialAction\":[{\"@type\":\"SearchAction\",\"target\":{\"@type\":\"EntryPoint\",\"urlTemplate\":\"https:\/\/www.baikowski.com\/fr\/?s={search_term_string}\"},\"query-input\":{\"@type\":\"PropertyValueSpecification\",\"valueRequired\":true,\"valueName\":\"search_term_string\"}}],\"inLanguage\":\"fr-FR\"},{\"@type\":\"Organization\",\"@id\":\"https:\/\/www.baikowski.com\/fr\/#organization\",\"name\":\"Baikowski\u00ae\",\"url\":\"https:\/\/www.baikowski.com\/fr\/\",\"logo\":{\"@type\":\"ImageObject\",\"inLanguage\":\"fr-FR\",\"@id\":\"https:\/\/www.baikowski.com\/fr\/#\/schema\/logo\/image\/\",\"url\":\"https:\/\/www.baikowski.com\/wp-content\/uploads\/2020\/10\/Baikowski_blocmarque_RVB_ok.jpg\",\"contentUrl\":\"https:\/\/www.baikowski.com\/wp-content\/uploads\/2020\/10\/Baikowski_blocmarque_RVB_ok.jpg\",\"width\":1977,\"height\":754,\"caption\":\"Baikowski\u00ae\"},\"image\":{\"@id\":\"https:\/\/www.baikowski.com\/fr\/#\/schema\/logo\/image\/\"},\"sameAs\":[\"https:\/\/x.com\/BaikowskiTeam\",\"https:\/\/www.linkedin.com\/company\/baikowski\",\"https:\/\/www.youtube.com\/channel\/UC8ypcOZkT7RxGf5HC_aW70g\"]}]}<\/script>\n<!-- \/ Yoast SEO plugin. -->","yoast_head_json":{"title":"Horlogerie : quelles mati\u00e8res premi\u00e8res pour le luxe ? - Baikowski\u00ae","description":"La haute horlogerie a recours \u00e0 des mat\u00e9riaux de haute qualit\u00e9 pour les verres saphir inrayables et les c\u00e9ramiques color\u00e9es. Nous offrons des poudres de haute puret\u00e9 pour les montres.","robots":{"index":"index","follow":"follow","max-snippet":"max-snippet:-1","max-image-preview":"max-image-preview:large","max-video-preview":"max-video-preview:-1"},"canonical":"https:\/\/www.baikowski.com\/fr\/horlogerie\/","twitter_card":"summary_large_image","twitter_title":"Horlogerie : quelles mati\u00e8res premi\u00e8res pour le luxe ? - Baikowski\u00ae","twitter_description":"La haute horlogerie a recours \u00e0 des mat\u00e9riaux de haute qualit\u00e9 pour les verres saphir inrayables et les c\u00e9ramiques color\u00e9es. Nous offrons des poudres de haute puret\u00e9 pour les montres.","twitter_image":"https:\/\/www.baikowski.com\/wp-content\/uploads\/2019\/11\/shutterstock_461723545.jpg","twitter_site":"@BaikowskiTeam","twitter_misc":{"Dur\u00e9e de lecture estim\u00e9e":"4 minutes"},"schema":{"@context":"https:\/\/schema.org","@graph":[{"@type":"WebPage","@id":"https:\/\/www.baikowski.com\/fr\/horlogerie\/","url":"https:\/\/www.baikowski.com\/fr\/horlogerie\/","name":"Horlogerie : quelles mati\u00e8res premi\u00e8res pour le luxe ? - Baikowski\u00ae","isPartOf":{"@id":"https:\/\/www.baikowski.com\/fr\/#website"},"primaryImageOfPage":{"@id":"https:\/\/www.baikowski.com\/fr\/horlogerie\/#primaryimage"},"image":{"@id":"https:\/\/www.baikowski.com\/fr\/horlogerie\/#primaryimage"},"thumbnailUrl":"https:\/\/www.baikowski.com\/wp-content\/uploads\/2019\/11\/shutterstock_461723545.jpg","datePublished":"2020-01-14T16:21:33+00:00","dateModified":"2020-11-25T11:22:57+00:00","description":"La haute horlogerie a recours \u00e0 des mat\u00e9riaux de haute qualit\u00e9 pour les verres saphir inrayables et les c\u00e9ramiques color\u00e9es. Nous offrons des poudres de haute puret\u00e9 pour les montres.","breadcrumb":{"@id":"https:\/\/www.baikowski.com\/fr\/horlogerie\/#breadcrumb"},"inLanguage":"fr-FR","potentialAction":[{"@type":"ReadAction","target":["https:\/\/www.baikowski.com\/fr\/horlogerie\/"]}]},{"@type":"ImageObject","inLanguage":"fr-FR","@id":"https:\/\/www.baikowski.com\/fr\/horlogerie\/#primaryimage","url":"https:\/\/www.baikowski.com\/wp-content\/uploads\/2019\/11\/shutterstock_461723545.jpg","contentUrl":"https:\/\/www.baikowski.com\/wp-content\/uploads\/2019\/11\/shutterstock_461723545.jpg","width":3689,"height":2460,"caption":"Watch mechanism sapphire made with high purity alumina"},{"@type":"BreadcrumbList","@id":"https:\/\/www.baikowski.com\/fr\/horlogerie\/#breadcrumb","itemListElement":[{"@type":"ListItem","position":1,"name":"Accueil","item":"https:\/\/www.baikowski.com\/fr\/"},{"@type":"ListItem","position":2,"name":"Horlogerie"}]},{"@type":"WebSite","@id":"https:\/\/www.baikowski.com\/fr\/#website","url":"https:\/\/www.baikowski.com\/fr\/","name":"Baikowski\u00ae","description":"Your solution partner for fine minerals","publisher":{"@id":"https:\/\/www.baikowski.com\/fr\/#organization"},"potentialAction":[{"@type":"SearchAction","target":{"@type":"EntryPoint","urlTemplate":"https:\/\/www.baikowski.com\/fr\/?s={search_term_string}"},"query-input":{"@type":"PropertyValueSpecification","valueRequired":true,"valueName":"search_term_string"}}],"inLanguage":"fr-FR"},{"@type":"Organization","@id":"https:\/\/www.baikowski.com\/fr\/#organization","name":"Baikowski\u00ae","url":"https:\/\/www.baikowski.com\/fr\/","logo":{"@type":"ImageObject","inLanguage":"fr-FR","@id":"https:\/\/www.baikowski.com\/fr\/#\/schema\/logo\/image\/","url":"https:\/\/www.baikowski.com\/wp-content\/uploads\/2020\/10\/Baikowski_blocmarque_RVB_ok.jpg","contentUrl":"https:\/\/www.baikowski.com\/wp-content\/uploads\/2020\/10\/Baikowski_blocmarque_RVB_ok.jpg","width":1977,"height":754,"caption":"Baikowski\u00ae"},"image":{"@id":"https:\/\/www.baikowski.com\/fr\/#\/schema\/logo\/image\/"},"sameAs":["https:\/\/x.com\/BaikowskiTeam","https:\/\/www.linkedin.com\/company\/baikowski","https:\/\/www.youtube.com\/channel\/UC8ypcOZkT7RxGf5HC_aW70g"]}]}},"_links":{"self":[{"href":"https:\/\/www.baikowski.com\/fr\/wp-json\/wp\/v2\/pages\/2251","targetHints":{"allow":["GET"]}}],"collection":[{"href":"https:\/\/www.baikowski.com\/fr\/wp-json\/wp\/v2\/pages"}],"about":[{"href":"https:\/\/www.baikowski.com\/fr\/wp-json\/wp\/v2\/types\/page"}],"author":[{"embeddable":true,"href":"https:\/\/www.baikowski.com\/fr\/wp-json\/wp\/v2\/users\/79"}],"replies":[{"embeddable":true,"href":"https:\/\/www.baikowski.com\/fr\/wp-json\/wp\/v2\/comments?post=2251"}],"version-history":[{"count":6,"href":"https:\/\/www.baikowski.com\/fr\/wp-json\/wp\/v2\/pages\/2251\/revisions"}],"predecessor-version":[{"id":3815,"href":"https:\/\/www.baikowski.com\/fr\/wp-json\/wp\/v2\/pages\/2251\/revisions\/3815"}],"wp:featuredmedia":[{"embeddable":true,"href":"https:\/\/www.baikowski.com\/fr\/wp-json\/wp\/v2\/media\/1740"}],"wp:attachment":[{"href":"https:\/\/www.baikowski.com\/fr\/wp-json\/wp\/v2\/media?parent=2251"}],"curies":[{"name":"wp","href":"https:\/\/api.w.org\/{rel}","templated":true}]}}