{"id":2260,"date":"2020-01-15T09:15:10","date_gmt":"2020-01-15T08:15:10","guid":{"rendered":"http:\/\/www.baikowski.com\/?page_id=2260"},"modified":"2024-12-20T11:19:22","modified_gmt":"2024-12-20T10:19:22","slug":"cmc-composite-a-matrice-ceramique","status":"publish","type":"page","link":"https:\/\/www.baikowski.com\/fr\/cmc-composite-a-matrice-ceramique\/","title":{"rendered":"CMC &#8211; Composite \u00e0 Matrice C\u00e9ramique"},"content":{"rendered":"<p style=\"text-align: left;\"><a class=\"bouton-bleu\" href=\"https:\/\/www.baikowski.com\/fr\/application\/cmc-fr\/\">Voir les produits associ\u00e9s<\/a><\/p>\n<h2>Qu&rsquo;est-ce que le CMC ?<\/h2>\n<figure id=\"attachment_1499\" aria-describedby=\"caption-attachment-1499\" style=\"width: 150px\" class=\"wp-caption alignright\"><img loading=\"lazy\" decoding=\"async\" class=\"wp-image-1499 size-thumbnail\" src=\"http:\/\/www.baikowski.com\/wp-content\/uploads\/2019\/11\/CMC-MEB-1-150x150.jpg\" alt=\"\" width=\"150\" height=\"150\" srcset=\"https:\/\/www.baikowski.com\/wp-content\/uploads\/2019\/11\/CMC-MEB-1-150x150.jpg 150w, https:\/\/www.baikowski.com\/wp-content\/uploads\/2019\/11\/CMC-MEB-1-300x300.jpg 300w, https:\/\/www.baikowski.com\/wp-content\/uploads\/2019\/11\/CMC-MEB-1.jpg 349w\" sizes=\"auto, (max-width: 150px) 100vw, 150px\" \/><figcaption id=\"caption-attachment-1499\" class=\"wp-caption-text\">Microscope Electronique \u00e0 Balayage (MEB) d&rsquo;une pi\u00e8ce CMC<\/figcaption><\/figure>\n<p><span class=\"large\">Un Composite \u00e0 Matrice C\u00e9ramique (CMC)<\/span> est une matrice c\u00e9ramique dans laquelle des fibres en c\u00e9ramique sont incorpor\u00e9es. Cette association unique de mat\u00e9riaux a r\u00e9volutionn\u00e9 l&rsquo;industrie a\u00e9ronautique, rendant <strong>les composants plus r\u00e9sistants aux conditions extr\u00eames et plus l\u00e9gers compar\u00e9 aux technologies pr\u00e9c\u00e9dentes<\/strong>. Les CMCs l&#8217;emportent sur la plupart des inconv\u00e9nients induits par les c\u00e9ramiques techniques plus conventionnelles qui ont souvent une r\u00e9sistance\u00a0limit\u00e9e\u00a0\u00e0 la rupture et aux chocs thermiques.<\/p>\n<p>Les fibres ne mesurent qu&rsquo;une fraction de l&rsquo;\u00e9paisseur d&rsquo;un cheveu (voir l&rsquo;image ci-contre). Pourtant, elles peuvent \u00e9viter la casse d&rsquo;un composant d&rsquo;avion expos\u00e9 \u00e0 des conditions extr\u00eames ! Baikowski\u00ae d\u00e9veloppe de l&rsquo;<strong><a href=\"https:\/\/www.baikowski.com\/fr\/chemistry\/alumine\/\">alumine ultrapure<\/a> et de la mullite pour contribuer \u00e0 la performance de matrices c\u00e9ramiques<\/strong> dans les CMCs oxydes-oxyde, comme la <a href=\"https:\/\/www.baikowski.com\/fr\/serie\/ba\/\">BA15-PSS<\/a> our la <a href=\"https:\/\/www.baikowski.com\/fr\/serie\/sm\/\">SM8<\/a>.<\/p>\n<h3>Propri\u00e9t\u00e9s du CMC<\/h3>\n<p>La technologie CMC est con\u00e7ue pour faire face aux conditions extr\u00eames, gr\u00e2ce \u00e0 ses propri\u00e9t\u00e9s remarquables :<\/p>\n<ul>\n<li><strong>R\u00e9sistance thermique <\/strong>: alors que les c\u00e9ramiques techniques sont d\u00e9j\u00e0 des isolants \u00e9prouv\u00e9s, le CMC ajoute une composante dimensionnelle (fibres, matrice, pores) que renforce encore plus la r\u00e9sistance du mat\u00e9riau face aux chocs thermiques.<\/li>\n<li><strong>All\u00e8gement <\/strong>: compar\u00e9 aux technologies pr\u00e9c\u00e9dentes de composites utilis\u00e9s dans un environnement extr\u00eame, un composant en CMC est bien plus l\u00e9ger. Par exemple, il p\u00e8sera seulement 1\/3 du poids du m\u00eame composant en superalliage de nickel.<\/li>\n<\/ul>\n<p>Ces deux caract\u00e9ristiques participent \u00e0 <strong>r\u00e9duire la consommation de carburant et les \u00e9missions de polluants<\/strong>, dans la mesure o\u00f9 les moteurs peuvent fonctionner \u00e0 plus haute temp\u00e9rature. Ils permettent donc une combustion plus compl\u00e8te du carburant. De plus, un avion plus l\u00e9ger consommera moins de carburant.<\/p>\n<ul>\n<li><strong>T\u00e9nacit\u00e9 <\/strong>: le CMC est moins fragile qu&rsquo;une c\u00e9ramique technique conventionnelle, puisque les fibres contribuent \u00e0 combler les \u00e9ventuelles fissures.<\/li>\n<li><strong>Isolation \u00e9lectrique <\/strong>: le CMC oxyde pr\u00e9sente de la transparence di\u00e9lectrique, contrairement aux autres types de CMC.<\/li>\n<li><strong>Stabilit\u00e9 chimique <\/strong>: la matrice en alumine de haute puret\u00e9 offre une excellente r\u00e9sistance \u00e0 la corrosion pouvant \u00eatre caus\u00e9e par des produits chimiques.<\/li>\n<\/ul>\n<p>Ces propri\u00e9t\u00e9s sont renforc\u00e9es par le <strong>contr\u00f4le de la taille de particules et de la distribution de taille de particules<\/strong> de nos produits (d50&lt;0.2\u00b5m). De plus, nous offrons une large gamme de produits (poudre et suspension) de haute puret\u00e9 chimique, 100% alumine alpha. Nos suspensions sont fournies avec <strong>une haute teneur en mati\u00e8re s\u00e8che<\/strong>.<\/p>\n<p><img loading=\"lazy\" decoding=\"async\" class=\"wp-image-1501 alignright\" src=\"http:\/\/www.baikowski.com\/wp-content\/uploads\/2019\/11\/shutterstock_85369999-1024x683.jpg\" alt=\"\" width=\"364\" height=\"243\" \/><\/p>\n<h2>Applications pour les CMCs<\/h2>\n<p>Le composite \u00e0 matrice c\u00e9ramique se retrouve dans beaucoup d&rsquo;applications diff\u00e9rentes :<\/p>\n<ul>\n<li>Composants pour les turbines \u00e0 gaz (pales de turbine, chambre de combustion)<\/li>\n<li>Ecran thermique pour l&rsquo;a\u00e9ronautique<\/li>\n<li>Divers br\u00fbleurs<\/li>\n<li>Syst\u00e8mes de freinage haute performance<\/li>\n<\/ul>\n<h3>Mise en \u0153uvre des poudres et suspensions Baikowski\u00ae<img loading=\"lazy\" decoding=\"async\" class=\" wp-image-7545 alignright\" src=\"https:\/\/www.baikowski.com\/wp-content\/uploads\/2023\/10\/Cmc-livre-blanc-1-240x300.jpg\" alt=\"Alumine et mullite ultra pues pour CMC Ox\/Ox\" width=\"357\" height=\"446\" srcset=\"https:\/\/www.baikowski.com\/wp-content\/uploads\/2023\/10\/Cmc-livre-blanc-1-240x300.jpg 240w, https:\/\/www.baikowski.com\/wp-content\/uploads\/2023\/10\/Cmc-livre-blanc-1.jpg 494w\" sizes=\"auto, (max-width: 357px) 100vw, 357px\" \/><\/h3>\n<p>La matrice c\u00e9ramique n\u00e9cessite des pr\u00e9curseurs de taille bien inf\u00e9rieure \u00e0 10\u00b5m pour :<\/p>\n<ul>\n<li>Une<strong> facilit\u00e9 de traitement<\/strong> (m\u00e9lange fin pendant la fabrication du composite)<\/li>\n<li><strong>Frittage basse temp\u00e9rature<\/strong><\/li>\n<li><strong>Bonne propri\u00e9t\u00e9s m\u00e9caniques <\/strong>apr\u00e8s frittage<\/li>\n<\/ul>\n<p><strong>Nous fabriquons des poudres et suspensions \u00e9labor\u00e9es sp\u00e9cifiquement pour l&rsquo;application CMC.<\/strong> \u00cates-vous \u00e0 la recherche d&rsquo;un partenariat \u00e0 long-terme ? Nous d\u00e9veloppons des solutions sur-mesure :<\/p>\n<ul>\n<li>Poudres en suspension<\/li>\n<li>Mat\u00e9riau constitutif<\/li>\n<li>CMC r\u00e9parable<\/li>\n<\/ul>\n<p>Pour en savoir plus sur ce qu&rsquo;est une matrice performante,<strong> t\u00e9l\u00e9chargez notre <a href=\"https:\/\/www.baikowski.com\/wp-content\/uploads\/2024\/12\/Alumina-mullite-solutions-pour-applications-CMC-livre-blanc-2024.pdf\">livre blanc sur les mat\u00e9riaux innovants pour CMC Ox\/Ox<\/a><\/strong><\/p>\n","protected":false},"excerpt":{"rendered":"<p>Voir les produits associ\u00e9s Qu&rsquo;est-ce que le CMC ? Un Composite \u00e0 Matrice C\u00e9ramique (CMC) est une matrice c\u00e9ramique dans laquelle des fibres en c\u00e9ramique sont incorpor\u00e9es. Cette association unique de mat\u00e9riaux a r\u00e9volutionn\u00e9 l&rsquo;industrie a\u00e9ronautique, rendant les composants plus r\u00e9sistants aux conditions extr\u00eames et plus l\u00e9gers compar\u00e9 aux technologies pr\u00e9c\u00e9dentes. Les CMCs l&#8217;emportent sur [&hellip;]<\/p>\n","protected":false},"author":79,"featured_media":1498,"parent":0,"menu_order":0,"comment_status":"closed","ping_status":"closed","template":"","meta":{"_acf_changed":false,"footnotes":""},"class_list":["post-2260","page","type-page","status-publish","has-post-thumbnail","hentry"],"acf":[],"yoast_head":"<!-- This site is optimized with the Yoast SEO plugin v25.2 - https:\/\/yoast.com\/wordpress\/plugins\/seo\/ -->\n<title>CMC - Composite \u00e0 Matrice C\u00e9ramique : quelles propri\u00e9t\u00e9s ? - Baikowski\u00ae<\/title>\n<meta name=\"description\" content=\"D\u00e9couvrez ce que sont les CMC et dans quelle mesure ce mat\u00e9riau innovant permet d&#039;all\u00e9ger et de renforcer les avions de demain.\" \/>\n<meta name=\"robots\" content=\"index, follow, max-snippet:-1, max-image-preview:large, max-video-preview:-1\" \/>\n<link rel=\"canonical\" href=\"https:\/\/www.baikowski.com\/fr\/cmc-composite-a-matrice-ceramique\/\" \/>\n<meta name=\"twitter:card\" content=\"summary_large_image\" \/>\n<meta name=\"twitter:title\" content=\"CMC - Composite \u00e0 Matrice C\u00e9ramique : quelles propri\u00e9t\u00e9s ? - Baikowski\u00ae\" \/>\n<meta name=\"twitter:description\" content=\"D\u00e9couvrez ce que sont les CMC et dans quelle mesure ce mat\u00e9riau innovant permet d&#039;all\u00e9ger et de renforcer les avions de demain.\" \/>\n<meta name=\"twitter:image\" content=\"https:\/\/www.baikowski.com\/wp-content\/uploads\/2019\/11\/Plane-shutterstock-e1705486797970.jpg\" \/>\n<meta name=\"twitter:site\" content=\"@BaikowskiTeam\" \/>\n<meta name=\"twitter:label1\" content=\"Dur\u00e9e de lecture estim\u00e9e\" \/>\n\t<meta name=\"twitter:data1\" content=\"3 minutes\" \/>\n<script type=\"application\/ld+json\" class=\"yoast-schema-graph\">{\"@context\":\"https:\/\/schema.org\",\"@graph\":[{\"@type\":\"WebPage\",\"@id\":\"https:\/\/www.baikowski.com\/fr\/cmc-composite-a-matrice-ceramique\/\",\"url\":\"https:\/\/www.baikowski.com\/fr\/cmc-composite-a-matrice-ceramique\/\",\"name\":\"CMC - Composite \u00e0 Matrice C\u00e9ramique : quelles propri\u00e9t\u00e9s ? - Baikowski\u00ae\",\"isPartOf\":{\"@id\":\"https:\/\/www.baikowski.com\/fr\/#website\"},\"primaryImageOfPage\":{\"@id\":\"https:\/\/www.baikowski.com\/fr\/cmc-composite-a-matrice-ceramique\/#primaryimage\"},\"image\":{\"@id\":\"https:\/\/www.baikowski.com\/fr\/cmc-composite-a-matrice-ceramique\/#primaryimage\"},\"thumbnailUrl\":\"https:\/\/www.baikowski.com\/wp-content\/uploads\/2019\/11\/Plane-shutterstock-e1705486797970.jpg\",\"datePublished\":\"2020-01-15T08:15:10+00:00\",\"dateModified\":\"2024-12-20T10:19:22+00:00\",\"description\":\"D\u00e9couvrez ce que sont les CMC et dans quelle mesure ce mat\u00e9riau innovant permet d'all\u00e9ger et de renforcer les avions de demain.\",\"breadcrumb\":{\"@id\":\"https:\/\/www.baikowski.com\/fr\/cmc-composite-a-matrice-ceramique\/#breadcrumb\"},\"inLanguage\":\"fr-FR\",\"potentialAction\":[{\"@type\":\"ReadAction\",\"target\":[\"https:\/\/www.baikowski.com\/fr\/cmc-composite-a-matrice-ceramique\/\"]}]},{\"@type\":\"ImageObject\",\"inLanguage\":\"fr-FR\",\"@id\":\"https:\/\/www.baikowski.com\/fr\/cmc-composite-a-matrice-ceramique\/#primaryimage\",\"url\":\"https:\/\/www.baikowski.com\/wp-content\/uploads\/2019\/11\/Plane-shutterstock-e1705486797970.jpg\",\"contentUrl\":\"https:\/\/www.baikowski.com\/wp-content\/uploads\/2019\/11\/Plane-shutterstock-e1705486797970.jpg\",\"width\":6000,\"height\":4000,\"caption\":\"aeroplane\"},{\"@type\":\"BreadcrumbList\",\"@id\":\"https:\/\/www.baikowski.com\/fr\/cmc-composite-a-matrice-ceramique\/#breadcrumb\",\"itemListElement\":[{\"@type\":\"ListItem\",\"position\":1,\"name\":\"Accueil\",\"item\":\"https:\/\/www.baikowski.com\/fr\/\"},{\"@type\":\"ListItem\",\"position\":2,\"name\":\"CMC &#8211; Composite \u00e0 Matrice C\u00e9ramique\"}]},{\"@type\":\"WebSite\",\"@id\":\"https:\/\/www.baikowski.com\/fr\/#website\",\"url\":\"https:\/\/www.baikowski.com\/fr\/\",\"name\":\"Baikowski\u00ae\",\"description\":\"Your solution partner for fine minerals\",\"publisher\":{\"@id\":\"https:\/\/www.baikowski.com\/fr\/#organization\"},\"potentialAction\":[{\"@type\":\"SearchAction\",\"target\":{\"@type\":\"EntryPoint\",\"urlTemplate\":\"https:\/\/www.baikowski.com\/fr\/?s={search_term_string}\"},\"query-input\":{\"@type\":\"PropertyValueSpecification\",\"valueRequired\":true,\"valueName\":\"search_term_string\"}}],\"inLanguage\":\"fr-FR\"},{\"@type\":\"Organization\",\"@id\":\"https:\/\/www.baikowski.com\/fr\/#organization\",\"name\":\"Baikowski\u00ae\",\"url\":\"https:\/\/www.baikowski.com\/fr\/\",\"logo\":{\"@type\":\"ImageObject\",\"inLanguage\":\"fr-FR\",\"@id\":\"https:\/\/www.baikowski.com\/fr\/#\/schema\/logo\/image\/\",\"url\":\"https:\/\/www.baikowski.com\/wp-content\/uploads\/2020\/10\/Baikowski_blocmarque_RVB_ok.jpg\",\"contentUrl\":\"https:\/\/www.baikowski.com\/wp-content\/uploads\/2020\/10\/Baikowski_blocmarque_RVB_ok.jpg\",\"width\":1977,\"height\":754,\"caption\":\"Baikowski\u00ae\"},\"image\":{\"@id\":\"https:\/\/www.baikowski.com\/fr\/#\/schema\/logo\/image\/\"},\"sameAs\":[\"https:\/\/x.com\/BaikowskiTeam\",\"https:\/\/www.linkedin.com\/company\/baikowski\",\"https:\/\/www.youtube.com\/channel\/UC8ypcOZkT7RxGf5HC_aW70g\"]}]}<\/script>\n<!-- \/ Yoast SEO plugin. -->","yoast_head_json":{"title":"CMC - Composite \u00e0 Matrice C\u00e9ramique : quelles propri\u00e9t\u00e9s ? - Baikowski\u00ae","description":"D\u00e9couvrez ce que sont les CMC et dans quelle mesure ce mat\u00e9riau innovant permet d'all\u00e9ger et de renforcer les avions de demain.","robots":{"index":"index","follow":"follow","max-snippet":"max-snippet:-1","max-image-preview":"max-image-preview:large","max-video-preview":"max-video-preview:-1"},"canonical":"https:\/\/www.baikowski.com\/fr\/cmc-composite-a-matrice-ceramique\/","twitter_card":"summary_large_image","twitter_title":"CMC - Composite \u00e0 Matrice C\u00e9ramique : quelles propri\u00e9t\u00e9s ? - Baikowski\u00ae","twitter_description":"D\u00e9couvrez ce que sont les CMC et dans quelle mesure ce mat\u00e9riau innovant permet d'all\u00e9ger et de renforcer les avions de demain.","twitter_image":"https:\/\/www.baikowski.com\/wp-content\/uploads\/2019\/11\/Plane-shutterstock-e1705486797970.jpg","twitter_site":"@BaikowskiTeam","twitter_misc":{"Dur\u00e9e de lecture estim\u00e9e":"3 minutes"},"schema":{"@context":"https:\/\/schema.org","@graph":[{"@type":"WebPage","@id":"https:\/\/www.baikowski.com\/fr\/cmc-composite-a-matrice-ceramique\/","url":"https:\/\/www.baikowski.com\/fr\/cmc-composite-a-matrice-ceramique\/","name":"CMC - Composite \u00e0 Matrice C\u00e9ramique : quelles propri\u00e9t\u00e9s ? - Baikowski\u00ae","isPartOf":{"@id":"https:\/\/www.baikowski.com\/fr\/#website"},"primaryImageOfPage":{"@id":"https:\/\/www.baikowski.com\/fr\/cmc-composite-a-matrice-ceramique\/#primaryimage"},"image":{"@id":"https:\/\/www.baikowski.com\/fr\/cmc-composite-a-matrice-ceramique\/#primaryimage"},"thumbnailUrl":"https:\/\/www.baikowski.com\/wp-content\/uploads\/2019\/11\/Plane-shutterstock-e1705486797970.jpg","datePublished":"2020-01-15T08:15:10+00:00","dateModified":"2024-12-20T10:19:22+00:00","description":"D\u00e9couvrez ce que sont les CMC et dans quelle mesure ce mat\u00e9riau innovant permet d'all\u00e9ger et de renforcer les avions de demain.","breadcrumb":{"@id":"https:\/\/www.baikowski.com\/fr\/cmc-composite-a-matrice-ceramique\/#breadcrumb"},"inLanguage":"fr-FR","potentialAction":[{"@type":"ReadAction","target":["https:\/\/www.baikowski.com\/fr\/cmc-composite-a-matrice-ceramique\/"]}]},{"@type":"ImageObject","inLanguage":"fr-FR","@id":"https:\/\/www.baikowski.com\/fr\/cmc-composite-a-matrice-ceramique\/#primaryimage","url":"https:\/\/www.baikowski.com\/wp-content\/uploads\/2019\/11\/Plane-shutterstock-e1705486797970.jpg","contentUrl":"https:\/\/www.baikowski.com\/wp-content\/uploads\/2019\/11\/Plane-shutterstock-e1705486797970.jpg","width":6000,"height":4000,"caption":"aeroplane"},{"@type":"BreadcrumbList","@id":"https:\/\/www.baikowski.com\/fr\/cmc-composite-a-matrice-ceramique\/#breadcrumb","itemListElement":[{"@type":"ListItem","position":1,"name":"Accueil","item":"https:\/\/www.baikowski.com\/fr\/"},{"@type":"ListItem","position":2,"name":"CMC &#8211; Composite \u00e0 Matrice C\u00e9ramique"}]},{"@type":"WebSite","@id":"https:\/\/www.baikowski.com\/fr\/#website","url":"https:\/\/www.baikowski.com\/fr\/","name":"Baikowski\u00ae","description":"Your solution partner for fine minerals","publisher":{"@id":"https:\/\/www.baikowski.com\/fr\/#organization"},"potentialAction":[{"@type":"SearchAction","target":{"@type":"EntryPoint","urlTemplate":"https:\/\/www.baikowski.com\/fr\/?s={search_term_string}"},"query-input":{"@type":"PropertyValueSpecification","valueRequired":true,"valueName":"search_term_string"}}],"inLanguage":"fr-FR"},{"@type":"Organization","@id":"https:\/\/www.baikowski.com\/fr\/#organization","name":"Baikowski\u00ae","url":"https:\/\/www.baikowski.com\/fr\/","logo":{"@type":"ImageObject","inLanguage":"fr-FR","@id":"https:\/\/www.baikowski.com\/fr\/#\/schema\/logo\/image\/","url":"https:\/\/www.baikowski.com\/wp-content\/uploads\/2020\/10\/Baikowski_blocmarque_RVB_ok.jpg","contentUrl":"https:\/\/www.baikowski.com\/wp-content\/uploads\/2020\/10\/Baikowski_blocmarque_RVB_ok.jpg","width":1977,"height":754,"caption":"Baikowski\u00ae"},"image":{"@id":"https:\/\/www.baikowski.com\/fr\/#\/schema\/logo\/image\/"},"sameAs":["https:\/\/x.com\/BaikowskiTeam","https:\/\/www.linkedin.com\/company\/baikowski","https:\/\/www.youtube.com\/channel\/UC8ypcOZkT7RxGf5HC_aW70g"]}]}},"_links":{"self":[{"href":"https:\/\/www.baikowski.com\/fr\/wp-json\/wp\/v2\/pages\/2260","targetHints":{"allow":["GET"]}}],"collection":[{"href":"https:\/\/www.baikowski.com\/fr\/wp-json\/wp\/v2\/pages"}],"about":[{"href":"https:\/\/www.baikowski.com\/fr\/wp-json\/wp\/v2\/types\/page"}],"author":[{"embeddable":true,"href":"https:\/\/www.baikowski.com\/fr\/wp-json\/wp\/v2\/users\/79"}],"replies":[{"embeddable":true,"href":"https:\/\/www.baikowski.com\/fr\/wp-json\/wp\/v2\/comments?post=2260"}],"version-history":[{"count":14,"href":"https:\/\/www.baikowski.com\/fr\/wp-json\/wp\/v2\/pages\/2260\/revisions"}],"predecessor-version":[{"id":10531,"href":"https:\/\/www.baikowski.com\/fr\/wp-json\/wp\/v2\/pages\/2260\/revisions\/10531"}],"wp:featuredmedia":[{"embeddable":true,"href":"https:\/\/www.baikowski.com\/fr\/wp-json\/wp\/v2\/media\/1498"}],"wp:attachment":[{"href":"https:\/\/www.baikowski.com\/fr\/wp-json\/wp\/v2\/media?parent=2260"}],"curies":[{"name":"wp","href":"https:\/\/api.w.org\/{rel}","templated":true}]}}