{"id":2339,"date":"2020-01-21T09:42:57","date_gmt":"2020-01-21T08:42:57","guid":{"rendered":"http:\/\/www.baikowski.com\/?page_id=2339"},"modified":"2022-12-26T17:17:11","modified_gmt":"2022-12-26T16:17:11","slug":"mentions-legales","status":"publish","type":"page","link":"https:\/\/www.baikowski.com\/fr\/mentions-legales\/","title":{"rendered":"Mentions l\u00e9gales"},"content":{"rendered":"<h3>Soci\u00e9t\u00e9 \u00e9ditrice<\/h3>\n<p><strong>Baikowski\u00ae<\/strong><br \/>\nSoci\u00e9t\u00e9 Anonyme \u00e0 conseil d\u2019administration, au capital de 4 598 222,50\u20ac<br \/>\nRCS Annecy B 303 970 388<br \/>\nTVA intracommunautaire FR 14303 970 388<\/p>\n<p><strong>Si\u00e8ge social<\/strong><br \/>\n1046 route de Chaumontet,<br \/>\nBP 501<br \/>\n74330 Poisy, France<\/p>\n<p><strong>Directrice de publication<\/strong> : Laura PHILIPPE<br \/>\nAdressez-nous vos questions ou remarques \u00e0 l\u2019adresse marketing.team@baikowski.com !<\/p>\n<h3>H\u00e9bergement et r\u00e9alisation<\/h3>\n<p><strong>Agence Gardeners<\/strong><br \/>\nZAC Valparc \u2013 74330 Poisy<br \/>\nTelephone: +33 (0)4 50 244 244<br \/>\nEmail: info@agencegardeners.com<br \/>\nWeb site: <a href=\"https:\/\/www.agencegardeners.com\/\">www.agencegardeners.com<\/a><\/p>\n<h3>Cr\u00e9dits photos<\/h3>\n<p>\u00a9utopikphoto<br \/>\n\u00a9 Photo Gilles BERTRAND<br \/>\n\u00a9Baikowski\u00ae<\/p>\n<p><strong>Merci de lire attentivement cette notice l\u00e9gale avant de consulter ce Site.<\/strong><\/p>\n<p>La pr\u00e9sente notice a pour objet de d\u00e9finir les modalit\u00e9s selon lesquelles BAIKOWSKI met \u00e0 votre disposition le Site et les modalit\u00e9s selon lesquelles vous acc\u00e9dez et utilisez ce Site. Toute connexion au Site est subordonn\u00e9e au respect de la pr\u00e9sente notice l\u00e9gale que BAIKOWSKI se r\u00e9serve de modifier ou de mettre \u00e0 jour \u00e0 tout moment.<\/p>\n<h4>1. Acc\u00e8s au site<\/h4>\n<p>BAIKOWSKI s&rsquo;efforce de maintenir accessible le site, sans pour autant \u00eatre tenu \u00e0 aucune obligation d&rsquo;y parvenir. Il est pr\u00e9cis\u00e9 qu&rsquo;\u00e0 des fins de maintenance, de mise \u00e0 jour et pour toute autre raison, notamment d&rsquo;ordre technique, l&rsquo;acc\u00e8s au site pourra \u00eatre interrompu. BAIKOWSKI n&rsquo;est en aucun cas responsable de ces interruptions et des cons\u00e9quences qui peuvent en d\u00e9couler pour l&rsquo;utilisateur.<\/p>\n<h4>2. Propri\u00e9t\u00e9 intellectuelle<\/h4>\n<p>L&rsquo;acc\u00e8s au site https:\/\/baikowski.com vous conf\u00e8re un droit d&rsquo;usage priv\u00e9 et non exclusif de ce site.<br \/>\nTous les articles, photographies et autres documents sur ce site sont la propri\u00e9t\u00e9 de BAIKOWSKI, ou sont autoris\u00e9s avec l&rsquo;autorisation de leurs propri\u00e9taires, et sont soumis au droit d&rsquo;auteur et autres droits de propri\u00e9t\u00e9 intellectuelle.<br \/>\nLes marques (qu\u2019elles soient de commerce, logos ou autres\u2026) pr\u00e9sents sur ce site Internet appartiennent aux soci\u00e9t\u00e9s du Groupe BAIKOWSKI. Aucune interpr\u00e9tation ne peut \u00eatre faite en faveur d&rsquo;une licence d&rsquo;utilisation ou d&rsquo;un quelconque droit d&rsquo;utiliser les marques affich\u00e9es sur le site Internet.<br \/>\nAussi, toute reproduction, repr\u00e9sentation, modification, publication, transmission, alt\u00e9ration, partielle ou totale du site ou de son contenu, par quelque proc\u00e9d\u00e9 que ce soit, et sur quelque support que ce soit, est strictement interdite, engage la responsabilit\u00e9 de l&rsquo;utilisateur et peut donner lieu \u00e0 une action en contrefa\u00e7on.<\/p>\n<h4>3. Garantie et Responsabilit\u00e9<\/h4>\n<p>Les contenus diffus\u00e9s sur le Site sont fournis \u00ab en l\u2019\u00e9tat \u00bb sans aucune garantie expresse ou tacite de quelque sorte que ce soit. BAIKOWSKI se r\u00e9serve le droit de modifier, corriger, interrompre et\/ou supprimer les contenus ou l\u2019acc\u00e8s au Site \u00e0 tout moment, sans pr\u00e9avis. BAIKOWSKI ne pourra \u00eatre tenu pour responsable en cas de contamination de vos mat\u00e9riels informatiques r\u00e9sultant de la propagation d\u2019un virus ou autres infections informatiques. Il vous appartient de prendre toutes les mesures appropri\u00e9es de fa\u00e7on \u00e0 prot\u00e9ger vos mat\u00e9riels informatiques.<\/p>\n<p>En aucun cas BAIKOWSKI, ses employ\u00e9s, ses fournisseurs, ou les partenaires mentionn\u00e9s dans le Site ne peuvent \u00eatre tenus responsables, au titre d\u2019une action en responsabilit\u00e9 contractuelle, en responsabilit\u00e9 d\u00e9lictuelle ou de toute autre action, de tout dommage direct ou indirect, incident ou accessoire, ou de quelque nature qu\u2019il soit ou de tout pr\u00e9judice, notamment, de nature financi\u00e8re ou commerciale, r\u00e9sultant de l\u2019utilisation du Site ou d\u2019une quelconque information obtenue sur le Site.<\/p>\n<h4>4. Liens hypertextes<\/h4>\n<p>Le site www.baikowski.com peut \u00eatre amen\u00e9 \u00e0 donner acc\u00e8s \u00e0 d&rsquo;autres sites par le biais de liens hypertextes. Baikowski ne g\u00e8re pas ces sites et ne peut en contr\u00f4ler le contenu. En cons\u00e9quence, Baikowski ne pourra en aucun cas \u00eatre tenu pour responsable du contenu des sites ainsi accessibles, ou des \u00e9ventuelles collectes et transmission de donn\u00e9es personnelles, installation de cookies ou tout autre proc\u00e9d\u00e9 tendant aux m\u00eames fins, effectu\u00e9s par ces sites.<\/p>\n<h4>5. Cookies<\/h4>\n<p>A l\u2019ouverture d\u2019une page de notre site Internet, vous avez vu un message vous indiquant la pr\u00e9sence de Cookies sur notre site. Ces fichiers \u00ab Cookies \u00bb sont install\u00e9s sur votre terminal (Ordinateur, Smartphone, Tablette etc.) afin de collecter des informations relatives \u00e0 votre navigation. Vous trouverez ci-dessous des explications ainsi que les moyens de configurer les cookies selon vos choix.<\/p>\n<p><strong>Pr\u00e9sentation des cookies<\/strong><\/p>\n<p>Un cookie est un fichier dans lequel sont inscrits les informations relatives \u00e0 votre navigation, et il est enregistr\u00e9 sur votre disque dur par votre navigateur (comme l\u2019historique par exemple) lorsque vous visitez un site. Ce petit fichier permet au serveur contenant le site de vous identifier et de vous reconna\u00eetre pendant la dur\u00e9e de vie du cookie.<\/p>\n<p><strong>Pourquoi utiliser des cookies ?<\/strong><\/p>\n<p>Il y a 2 types de cookies que nous pouvons utiliser.<\/p>\n<p>La plupart des cookies techniques (comme les cookies de session) sont indispensables pour le bon fonctionnement du site internet. Leur suppression peut entrainer des difficult\u00e9s de navigation.<\/p>\n<h5>1. Les cookies techniques<\/h5>\n<p>Les cookies techniques sont indispensables au fonctionnement du site. Ils permettent d&rsquo;acc\u00e9der aux espaces prot\u00e9g\u00e9s (comme les espaces pros par exemple) gr\u00e2ce aux identifiants personnels (login et mot de passe de session).<br \/>\nIls ont g\u00e9n\u00e9ralement une dur\u00e9e de vie tr\u00e8s courte.<\/p>\n<h5>2. Les cookies de statistiques (web analytics)<\/h5>\n<p>Ces cookies collectent vos informations de connexion afin que le propri\u00e9taire du site puisse conna\u00eetre le nombre de visites sur son site, le temps moyen de visite, les pages les plus visit\u00e9es, depuis quel navigateur, etc.<br \/>\nGoogle Analytics, g\u00e9n\u00e8rent un cookie avec un identifiant unique qui collecte votre adresse IP afin de conna\u00eetre la ville depuis laquelle vous vous connectez mais sans jamais conna\u00eetre quel ordinateur ou quelle personne physique vous \u00eates vraiment.<\/p>\n<p><strong>Comment g\u00e9rer les cookies ?<\/strong><br \/>\nPlusieurs possibilit\u00e9s vous sont offertes pour g\u00e9rer les cookies. Tout param\u00e9trage que vous pouvez entreprendre sera susceptible de modifier votre navigation sur Internet et vos conditions d&rsquo;acc\u00e8s \u00e0 certains services n\u00e9cessitant l&rsquo;utilisation de Cookies.<br \/>\nVous pouvez faire le choix \u00e0 tout moment d&rsquo;exprimer et de modifier vos souhaits en mati\u00e8re de cookies, par les moyens d\u00e9crits ci-dessous.<\/p>\n<p><strong>Gestion des cookies <\/strong><br \/>\n<strong>Param\u00e9trage :<\/strong><\/p>\n<h5>1. Param\u00e9trage de votre navigateur<\/h5>\n<p>Chaque navigateur peut \u00eatre configur\u00e9 pour autoriser ou non la pr\u00e9sence de cookies sur votre terminal.<br \/>\nListe des proc\u00e9dures :<\/p>\n<ul>\n<li>Pour Chrome &#x2122;<br \/>\nhttps:\/\/support.google.com\/chrome\/answer\/95647?hl=fr&amp;hlrm=en<\/li>\n<li>Pour Internet Explorer &#x2122;<br \/>\nhttp:\/\/windows.microsoft.com\/fr-fr\/internet-explorer\/delete-manage-cookies<\/li>\n<li>Pour Firefox &#x2122;<br \/>\nhttp:\/\/support.mozilla.org\/fr\/kb\/cookies-informations-sites-enregistrent?redirectlocale=fr&amp;redirectslug=G\u00e9rer+les+cookies<\/li>\n<li>Pour Op\u00e9ra &#x2122;<br \/>\nhttp:\/\/help.opera.com\/Windows\/10.20\/fr\/cookies.html<\/li>\n<\/ul>\n<h5>2. Modalit\u00e9s de refus (opt-out)<\/h5>\n<p>Vous pouvez \u00e9galement param\u00e9trer directement vos choix sur les plateformes qui posent les cookies via le lien suivant. Attention en cas de refus du cookie, il sera enregistr\u00e9 dans votre terminal un cookie ayant pour unique objet de d\u00e9sactiver les services associ\u00e9s au cookie. Donc si vous supprimez tous les cookies enregistr\u00e9s dans votre terminal, via votre navigateur, nous ne saurons plus que vous avez choisi cette option. Pour les cookies de mesure d&rsquo;audience \u2013 r\u00e9alisation de statistiques d\u00e9pos\u00e9s par Google Analytics : https:\/\/tools.google.com\/dlpage\/gaoptout?hl=fr<\/p>\n<p><strong>Informations suppl\u00e9mentaires<\/strong> :<br \/>\nPour plus d&rsquo;informations sur les cookies, vous pouvez consulter le site de la CNIL, \u00e0 cette adresse :<br \/>\nhttp:\/\/www.cnil.fr\/vos-droits\/vos-traces\/les-cookies\/<\/p>\n<p>&nbsp;<\/p>\n<h4>6. Conception &amp; r\u00e9alisation<\/h4>\n<p><a href=\"https:\/\/www.agencegardeners.com\/\">AGENCE GARDENERS<\/a><\/p>\n","protected":false},"excerpt":{"rendered":"<p>Soci\u00e9t\u00e9 \u00e9ditrice Baikowski\u00ae Soci\u00e9t\u00e9 Anonyme \u00e0 conseil d\u2019administration, au capital de 4 598 222,50\u20ac RCS Annecy B 303 970 388 TVA intracommunautaire FR 14303 970 388 Si\u00e8ge social 1046 route de Chaumontet, BP 501 74330 Poisy, France Directrice de publication : Laura PHILIPPE Adressez-nous vos questions ou remarques \u00e0 l\u2019adresse marketing.team@baikowski.com ! H\u00e9bergement et r\u00e9alisation [&hellip;]<\/p>\n","protected":false},"author":75,"featured_media":0,"parent":0,"menu_order":0,"comment_status":"closed","ping_status":"closed","template":"","meta":{"_acf_changed":false,"footnotes":""},"class_list":["post-2339","page","type-page","status-publish","hentry"],"acf":[],"yoast_head":"<!-- This site is optimized with the Yoast SEO plugin v25.2 - https:\/\/yoast.com\/wordpress\/plugins\/seo\/ -->\n<title>Mentions l\u00e9gales - Baikowski\u00ae<\/title>\n<meta name=\"robots\" content=\"index, follow, max-snippet:-1, max-image-preview:large, max-video-preview:-1\" \/>\n<link rel=\"canonical\" href=\"https:\/\/www.baikowski.com\/fr\/mentions-legales\/\" \/>\n<meta name=\"twitter:card\" content=\"summary_large_image\" \/>\n<meta name=\"twitter:title\" content=\"Mentions l\u00e9gales - Baikowski\u00ae\" \/>\n<meta name=\"twitter:description\" content=\"Soci\u00e9t\u00e9 \u00e9ditrice Baikowski\u00ae Soci\u00e9t\u00e9 Anonyme \u00e0 conseil d\u2019administration, au capital de 4 598 222,50\u20ac RCS Annecy B 303 970 388 TVA intracommunautaire FR 14303 970 388 Si\u00e8ge social 1046 route de Chaumontet, BP 501 74330 Poisy, France Directrice de publication : Laura PHILIPPE Adressez-nous vos questions ou remarques \u00e0 l\u2019adresse marketing.team@baikowski.com ! H\u00e9bergement et r\u00e9alisation [&hellip;]\" \/>\n<meta name=\"twitter:site\" content=\"@BaikowskiTeam\" \/>\n<meta name=\"twitter:label1\" content=\"Dur\u00e9e de lecture estim\u00e9e\" \/>\n\t<meta name=\"twitter:data1\" content=\"5 minutes\" \/>\n<script type=\"application\/ld+json\" class=\"yoast-schema-graph\">{\"@context\":\"https:\/\/schema.org\",\"@graph\":[{\"@type\":\"WebPage\",\"@id\":\"https:\/\/www.baikowski.com\/fr\/mentions-legales\/\",\"url\":\"https:\/\/www.baikowski.com\/fr\/mentions-legales\/\",\"name\":\"Mentions l\u00e9gales - Baikowski\u00ae\",\"isPartOf\":{\"@id\":\"https:\/\/www.baikowski.com\/fr\/#website\"},\"datePublished\":\"2020-01-21T08:42:57+00:00\",\"dateModified\":\"2022-12-26T16:17:11+00:00\",\"breadcrumb\":{\"@id\":\"https:\/\/www.baikowski.com\/fr\/mentions-legales\/#breadcrumb\"},\"inLanguage\":\"fr-FR\",\"potentialAction\":[{\"@type\":\"ReadAction\",\"target\":[\"https:\/\/www.baikowski.com\/fr\/mentions-legales\/\"]}]},{\"@type\":\"BreadcrumbList\",\"@id\":\"https:\/\/www.baikowski.com\/fr\/mentions-legales\/#breadcrumb\",\"itemListElement\":[{\"@type\":\"ListItem\",\"position\":1,\"name\":\"Accueil\",\"item\":\"https:\/\/www.baikowski.com\/fr\/\"},{\"@type\":\"ListItem\",\"position\":2,\"name\":\"Mentions l\u00e9gales\"}]},{\"@type\":\"WebSite\",\"@id\":\"https:\/\/www.baikowski.com\/fr\/#website\",\"url\":\"https:\/\/www.baikowski.com\/fr\/\",\"name\":\"Baikowski\u00ae\",\"description\":\"Your solution partner for fine minerals\",\"publisher\":{\"@id\":\"https:\/\/www.baikowski.com\/fr\/#organization\"},\"potentialAction\":[{\"@type\":\"SearchAction\",\"target\":{\"@type\":\"EntryPoint\",\"urlTemplate\":\"https:\/\/www.baikowski.com\/fr\/?s={search_term_string}\"},\"query-input\":{\"@type\":\"PropertyValueSpecification\",\"valueRequired\":true,\"valueName\":\"search_term_string\"}}],\"inLanguage\":\"fr-FR\"},{\"@type\":\"Organization\",\"@id\":\"https:\/\/www.baikowski.com\/fr\/#organization\",\"name\":\"Baikowski\u00ae\",\"url\":\"https:\/\/www.baikowski.com\/fr\/\",\"logo\":{\"@type\":\"ImageObject\",\"inLanguage\":\"fr-FR\",\"@id\":\"https:\/\/www.baikowski.com\/fr\/#\/schema\/logo\/image\/\",\"url\":\"https:\/\/www.baikowski.com\/wp-content\/uploads\/2020\/10\/Baikowski_blocmarque_RVB_ok.jpg\",\"contentUrl\":\"https:\/\/www.baikowski.com\/wp-content\/uploads\/2020\/10\/Baikowski_blocmarque_RVB_ok.jpg\",\"width\":1977,\"height\":754,\"caption\":\"Baikowski\u00ae\"},\"image\":{\"@id\":\"https:\/\/www.baikowski.com\/fr\/#\/schema\/logo\/image\/\"},\"sameAs\":[\"https:\/\/x.com\/BaikowskiTeam\",\"https:\/\/www.linkedin.com\/company\/baikowski\",\"https:\/\/www.youtube.com\/channel\/UC8ypcOZkT7RxGf5HC_aW70g\"]}]}<\/script>\n<!-- \/ Yoast SEO plugin. -->","yoast_head_json":{"title":"Mentions l\u00e9gales - Baikowski\u00ae","robots":{"index":"index","follow":"follow","max-snippet":"max-snippet:-1","max-image-preview":"max-image-preview:large","max-video-preview":"max-video-preview:-1"},"canonical":"https:\/\/www.baikowski.com\/fr\/mentions-legales\/","twitter_card":"summary_large_image","twitter_title":"Mentions l\u00e9gales - Baikowski\u00ae","twitter_description":"Soci\u00e9t\u00e9 \u00e9ditrice Baikowski\u00ae Soci\u00e9t\u00e9 Anonyme \u00e0 conseil d\u2019administration, au capital de 4 598 222,50\u20ac RCS Annecy B 303 970 388 TVA intracommunautaire FR 14303 970 388 Si\u00e8ge social 1046 route de Chaumontet, BP 501 74330 Poisy, France Directrice de publication : Laura PHILIPPE Adressez-nous vos questions ou remarques \u00e0 l\u2019adresse marketing.team@baikowski.com ! H\u00e9bergement et r\u00e9alisation [&hellip;]","twitter_site":"@BaikowskiTeam","twitter_misc":{"Dur\u00e9e de lecture estim\u00e9e":"5 minutes"},"schema":{"@context":"https:\/\/schema.org","@graph":[{"@type":"WebPage","@id":"https:\/\/www.baikowski.com\/fr\/mentions-legales\/","url":"https:\/\/www.baikowski.com\/fr\/mentions-legales\/","name":"Mentions l\u00e9gales - Baikowski\u00ae","isPartOf":{"@id":"https:\/\/www.baikowski.com\/fr\/#website"},"datePublished":"2020-01-21T08:42:57+00:00","dateModified":"2022-12-26T16:17:11+00:00","breadcrumb":{"@id":"https:\/\/www.baikowski.com\/fr\/mentions-legales\/#breadcrumb"},"inLanguage":"fr-FR","potentialAction":[{"@type":"ReadAction","target":["https:\/\/www.baikowski.com\/fr\/mentions-legales\/"]}]},{"@type":"BreadcrumbList","@id":"https:\/\/www.baikowski.com\/fr\/mentions-legales\/#breadcrumb","itemListElement":[{"@type":"ListItem","position":1,"name":"Accueil","item":"https:\/\/www.baikowski.com\/fr\/"},{"@type":"ListItem","position":2,"name":"Mentions l\u00e9gales"}]},{"@type":"WebSite","@id":"https:\/\/www.baikowski.com\/fr\/#website","url":"https:\/\/www.baikowski.com\/fr\/","name":"Baikowski\u00ae","description":"Your solution partner for fine minerals","publisher":{"@id":"https:\/\/www.baikowski.com\/fr\/#organization"},"potentialAction":[{"@type":"SearchAction","target":{"@type":"EntryPoint","urlTemplate":"https:\/\/www.baikowski.com\/fr\/?s={search_term_string}"},"query-input":{"@type":"PropertyValueSpecification","valueRequired":true,"valueName":"search_term_string"}}],"inLanguage":"fr-FR"},{"@type":"Organization","@id":"https:\/\/www.baikowski.com\/fr\/#organization","name":"Baikowski\u00ae","url":"https:\/\/www.baikowski.com\/fr\/","logo":{"@type":"ImageObject","inLanguage":"fr-FR","@id":"https:\/\/www.baikowski.com\/fr\/#\/schema\/logo\/image\/","url":"https:\/\/www.baikowski.com\/wp-content\/uploads\/2020\/10\/Baikowski_blocmarque_RVB_ok.jpg","contentUrl":"https:\/\/www.baikowski.com\/wp-content\/uploads\/2020\/10\/Baikowski_blocmarque_RVB_ok.jpg","width":1977,"height":754,"caption":"Baikowski\u00ae"},"image":{"@id":"https:\/\/www.baikowski.com\/fr\/#\/schema\/logo\/image\/"},"sameAs":["https:\/\/x.com\/BaikowskiTeam","https:\/\/www.linkedin.com\/company\/baikowski","https:\/\/www.youtube.com\/channel\/UC8ypcOZkT7RxGf5HC_aW70g"]}]}},"_links":{"self":[{"href":"https:\/\/www.baikowski.com\/fr\/wp-json\/wp\/v2\/pages\/2339","targetHints":{"allow":["GET"]}}],"collection":[{"href":"https:\/\/www.baikowski.com\/fr\/wp-json\/wp\/v2\/pages"}],"about":[{"href":"https:\/\/www.baikowski.com\/fr\/wp-json\/wp\/v2\/types\/page"}],"author":[{"embeddable":true,"href":"https:\/\/www.baikowski.com\/fr\/wp-json\/wp\/v2\/users\/75"}],"replies":[{"embeddable":true,"href":"https:\/\/www.baikowski.com\/fr\/wp-json\/wp\/v2\/comments?post=2339"}],"version-history":[{"count":4,"href":"https:\/\/www.baikowski.com\/fr\/wp-json\/wp\/v2\/pages\/2339\/revisions"}],"predecessor-version":[{"id":5883,"href":"https:\/\/www.baikowski.com\/fr\/wp-json\/wp\/v2\/pages\/2339\/revisions\/5883"}],"wp:attachment":[{"href":"https:\/\/www.baikowski.com\/fr\/wp-json\/wp\/v2\/media?parent=2339"}],"curies":[{"name":"wp","href":"https:\/\/api.w.org\/{rel}","templated":true}]}}