{"id":2489,"date":"2020-01-23T09:59:50","date_gmt":"2020-01-23T08:59:50","guid":{"rendered":"http:\/\/www.baikowski.com\/?page_id=2489"},"modified":"2026-04-03T14:53:08","modified_gmt":"2026-04-03T12:53:08","slug":"societe","status":"publish","type":"page","link":"https:\/\/www.baikowski.com\/fr\/societe\/","title":{"rendered":"Pr\u00e9sentation de la Soci\u00e9t\u00e9"},"content":{"rendered":"<h2>Message du Directeur G\u00e9n\u00e9ral, Beno\u00eet GRENOT<\/h2>\n<figure id=\"attachment_4558\" aria-describedby=\"caption-attachment-4558\" style=\"width: 300px\" class=\"wp-caption alignleft\"><img loading=\"lazy\" decoding=\"async\" class=\"wp-image-4558 size-medium\" src=\"http:\/\/www.baikowski.com\/wp-content\/uploads\/2021\/11\/001-8725-portraits-Baikowski-\u00a9Thomas-Vigliano-e1637068635666-300x294.jpg\" alt=\"Beno\u00eet Grenot (photo \u00a9Thomas-Vigliano)\" width=\"300\" height=\"294\" srcset=\"https:\/\/www.baikowski.com\/wp-content\/uploads\/2021\/11\/001-8725-portraits-Baikowski-\u00a9Thomas-Vigliano-e1637068635666-300x294.jpg 300w, https:\/\/www.baikowski.com\/wp-content\/uploads\/2021\/11\/001-8725-portraits-Baikowski-\u00a9Thomas-Vigliano-e1637068635666-1024x1002.jpg 1024w, https:\/\/www.baikowski.com\/wp-content\/uploads\/2021\/11\/001-8725-portraits-Baikowski-\u00a9Thomas-Vigliano-e1637068635666-768x752.jpg 768w, https:\/\/www.baikowski.com\/wp-content\/uploads\/2021\/11\/001-8725-portraits-Baikowski-\u00a9Thomas-Vigliano-e1637068635666.jpg 1365w\" sizes=\"auto, (max-width: 300px) 100vw, 300px\" \/><figcaption id=\"caption-attachment-4558\" class=\"wp-caption-text\"><em>Beno\u00eet Grenot, Directeur G\u00e9n\u00e9ral<\/em><\/figcaption><\/figure>\n<p>Depuis sa cr\u00e9ation en 1904, Baikowski\u00ae occupe une place unique, au sein de l\u2019industrie des produits chimiques de sp\u00e9cialit\u00e9, caract\u00e9ris\u00e9e par sa capacit\u00e9 d\u2019innovation et d\u2019agilit\u00e9. Son positionnement sur des march\u00e9s de niche en forte croissance, tels que les c\u00e9ramiques techniques, le polissage des semiconducteurs ou encore les nouvelles g\u00e9n\u00e9rations de batteries, a \u00e9t\u00e9 renforc\u00e9 par l\u2019ind\u00e9pendance prise fin 2018 et l\u2019acquisition de Mathym\u00ae, sp\u00e9cialiste des nano-dispersions innovantes, en 2019. Fort de son expertise unique et de sa pr\u00e9sence internationale sur 3 continents, Baikowski a pour objectif d\u2019\u00eatre l\u2019acteur mondial de r\u00e9f\u00e9rence dans la fabrication d\u2019oxydes min\u00e9raux fins pour applications durables et de haute technologie. Afin de soutenir ce cap, Baikowski continue d\u2019investir dans l\u2019innovation, notamment \u00e0 travers la recherche et des acquisitions strat\u00e9giques cibl\u00e9es. Acteur engag\u00e9 depuis de nombreuses ann\u00e9es dans une<a href=\"https:\/\/www.baikowski.com\/fr\/decarbonation-consommation-responsble\/\"> politique responsable de gestion de ses ressources<\/a>, Baikowski\u00ae participe activement au d\u00e9veloppement des technologies durables de demain.<\/p>\n","protected":false},"excerpt":{"rendered":"<p>Message du Directeur G\u00e9n\u00e9ral, Beno\u00eet GRENOT Depuis sa cr\u00e9ation en 1904, Baikowski\u00ae occupe une place unique, au sein de l\u2019industrie des produits chimiques de sp\u00e9cialit\u00e9, caract\u00e9ris\u00e9e par sa capacit\u00e9 d\u2019innovation et d\u2019agilit\u00e9. Son positionnement sur des march\u00e9s de niche en forte croissance, tels que les c\u00e9ramiques techniques, le polissage des semiconducteurs ou encore les nouvelles [&hellip;]<\/p>\n","protected":false},"author":70,"featured_media":11523,"parent":0,"menu_order":0,"comment_status":"closed","ping_status":"closed","template":"template-investisseurs.php","meta":{"_acf_changed":false,"footnotes":""},"class_list":["post-2489","page","type-page","status-publish","has-post-thumbnail","hentry"],"acf":[],"yoast_head":"<!-- This site is optimized with the Yoast SEO plugin v25.2 - https:\/\/yoast.com\/wordpress\/plugins\/seo\/ -->\n<title>Pr\u00e9sentation de la Soci\u00e9t\u00e9 - Baikowski\u00ae<\/title>\n<meta name=\"robots\" content=\"index, follow, max-snippet:-1, max-image-preview:large, max-video-preview:-1\" \/>\n<link rel=\"canonical\" href=\"https:\/\/www.baikowski.com\/fr\/societe\/\" \/>\n<meta name=\"twitter:card\" content=\"summary_large_image\" \/>\n<meta name=\"twitter:title\" content=\"Pr\u00e9sentation de la Soci\u00e9t\u00e9 - Baikowski\u00ae\" \/>\n<meta name=\"twitter:description\" content=\"Message du Directeur G\u00e9n\u00e9ral, Beno\u00eet GRENOT Depuis sa cr\u00e9ation en 1904, Baikowski\u00ae occupe une place unique, au sein de l\u2019industrie des produits chimiques de sp\u00e9cialit\u00e9, caract\u00e9ris\u00e9e par sa capacit\u00e9 d\u2019innovation et d\u2019agilit\u00e9. Son positionnement sur des march\u00e9s de niche en forte croissance, tels que les c\u00e9ramiques techniques, le polissage des semiconducteurs ou encore les nouvelles [&hellip;]\" \/>\n<meta name=\"twitter:image\" content=\"https:\/\/www.baikowski.com\/wp-content\/uploads\/2025\/06\/low-carbon-alumina-1.jpg\" \/>\n<meta name=\"twitter:site\" content=\"@BaikowskiTeam\" \/>\n<meta name=\"twitter:label1\" content=\"Dur\u00e9e de lecture estim\u00e9e\" \/>\n\t<meta name=\"twitter:data1\" content=\"2 minutes\" \/>\n<script type=\"application\/ld+json\" class=\"yoast-schema-graph\">{\"@context\":\"https:\/\/schema.org\",\"@graph\":[{\"@type\":\"WebPage\",\"@id\":\"https:\/\/www.baikowski.com\/fr\/societe\/\",\"url\":\"https:\/\/www.baikowski.com\/fr\/societe\/\",\"name\":\"Pr\u00e9sentation de la Soci\u00e9t\u00e9 - Baikowski\u00ae\",\"isPartOf\":{\"@id\":\"https:\/\/www.baikowski.com\/fr\/#website\"},\"primaryImageOfPage\":{\"@id\":\"https:\/\/www.baikowski.com\/fr\/societe\/#primaryimage\"},\"image\":{\"@id\":\"https:\/\/www.baikowski.com\/fr\/societe\/#primaryimage\"},\"thumbnailUrl\":\"https:\/\/www.baikowski.com\/wp-content\/uploads\/2025\/06\/low-carbon-alumina-1.jpg\",\"datePublished\":\"2020-01-23T08:59:50+00:00\",\"dateModified\":\"2026-04-03T12:53:08+00:00\",\"breadcrumb\":{\"@id\":\"https:\/\/www.baikowski.com\/fr\/societe\/#breadcrumb\"},\"inLanguage\":\"fr-FR\",\"potentialAction\":[{\"@type\":\"ReadAction\",\"target\":[\"https:\/\/www.baikowski.com\/fr\/societe\/\"]}]},{\"@type\":\"ImageObject\",\"inLanguage\":\"fr-FR\",\"@id\":\"https:\/\/www.baikowski.com\/fr\/societe\/#primaryimage\",\"url\":\"https:\/\/www.baikowski.com\/wp-content\/uploads\/2025\/06\/low-carbon-alumina-1.jpg\",\"contentUrl\":\"https:\/\/www.baikowski.com\/wp-content\/uploads\/2025\/06\/low-carbon-alumina-1.jpg\",\"width\":391,\"height\":317,\"caption\":\"Low carbon Alumina\"},{\"@type\":\"BreadcrumbList\",\"@id\":\"https:\/\/www.baikowski.com\/fr\/societe\/#breadcrumb\",\"itemListElement\":[{\"@type\":\"ListItem\",\"position\":1,\"name\":\"Accueil\",\"item\":\"https:\/\/www.baikowski.com\/fr\/\"},{\"@type\":\"ListItem\",\"position\":2,\"name\":\"Pr\u00e9sentation de la Soci\u00e9t\u00e9\"}]},{\"@type\":\"WebSite\",\"@id\":\"https:\/\/www.baikowski.com\/fr\/#website\",\"url\":\"https:\/\/www.baikowski.com\/fr\/\",\"name\":\"Baikowski\u00ae\",\"description\":\"Your solution partner for fine minerals\",\"publisher\":{\"@id\":\"https:\/\/www.baikowski.com\/fr\/#organization\"},\"potentialAction\":[{\"@type\":\"SearchAction\",\"target\":{\"@type\":\"EntryPoint\",\"urlTemplate\":\"https:\/\/www.baikowski.com\/fr\/?s={search_term_string}\"},\"query-input\":{\"@type\":\"PropertyValueSpecification\",\"valueRequired\":true,\"valueName\":\"search_term_string\"}}],\"inLanguage\":\"fr-FR\"},{\"@type\":\"Organization\",\"@id\":\"https:\/\/www.baikowski.com\/fr\/#organization\",\"name\":\"Baikowski\u00ae\",\"url\":\"https:\/\/www.baikowski.com\/fr\/\",\"logo\":{\"@type\":\"ImageObject\",\"inLanguage\":\"fr-FR\",\"@id\":\"https:\/\/www.baikowski.com\/fr\/#\/schema\/logo\/image\/\",\"url\":\"https:\/\/www.baikowski.com\/wp-content\/uploads\/2020\/10\/Baikowski_blocmarque_RVB_ok.jpg\",\"contentUrl\":\"https:\/\/www.baikowski.com\/wp-content\/uploads\/2020\/10\/Baikowski_blocmarque_RVB_ok.jpg\",\"width\":1977,\"height\":754,\"caption\":\"Baikowski\u00ae\"},\"image\":{\"@id\":\"https:\/\/www.baikowski.com\/fr\/#\/schema\/logo\/image\/\"},\"sameAs\":[\"https:\/\/x.com\/BaikowskiTeam\",\"https:\/\/www.linkedin.com\/company\/baikowski\",\"https:\/\/www.youtube.com\/channel\/UC8ypcOZkT7RxGf5HC_aW70g\"]}]}<\/script>\n<!-- \/ Yoast SEO plugin. -->","yoast_head_json":{"title":"Pr\u00e9sentation de la Soci\u00e9t\u00e9 - Baikowski\u00ae","robots":{"index":"index","follow":"follow","max-snippet":"max-snippet:-1","max-image-preview":"max-image-preview:large","max-video-preview":"max-video-preview:-1"},"canonical":"https:\/\/www.baikowski.com\/fr\/societe\/","twitter_card":"summary_large_image","twitter_title":"Pr\u00e9sentation de la Soci\u00e9t\u00e9 - Baikowski\u00ae","twitter_description":"Message du Directeur G\u00e9n\u00e9ral, Beno\u00eet GRENOT Depuis sa cr\u00e9ation en 1904, Baikowski\u00ae occupe une place unique, au sein de l\u2019industrie des produits chimiques de sp\u00e9cialit\u00e9, caract\u00e9ris\u00e9e par sa capacit\u00e9 d\u2019innovation et d\u2019agilit\u00e9. Son positionnement sur des march\u00e9s de niche en forte croissance, tels que les c\u00e9ramiques techniques, le polissage des semiconducteurs ou encore les nouvelles [&hellip;]","twitter_image":"https:\/\/www.baikowski.com\/wp-content\/uploads\/2025\/06\/low-carbon-alumina-1.jpg","twitter_site":"@BaikowskiTeam","twitter_misc":{"Dur\u00e9e de lecture estim\u00e9e":"2 minutes"},"schema":{"@context":"https:\/\/schema.org","@graph":[{"@type":"WebPage","@id":"https:\/\/www.baikowski.com\/fr\/societe\/","url":"https:\/\/www.baikowski.com\/fr\/societe\/","name":"Pr\u00e9sentation de la Soci\u00e9t\u00e9 - Baikowski\u00ae","isPartOf":{"@id":"https:\/\/www.baikowski.com\/fr\/#website"},"primaryImageOfPage":{"@id":"https:\/\/www.baikowski.com\/fr\/societe\/#primaryimage"},"image":{"@id":"https:\/\/www.baikowski.com\/fr\/societe\/#primaryimage"},"thumbnailUrl":"https:\/\/www.baikowski.com\/wp-content\/uploads\/2025\/06\/low-carbon-alumina-1.jpg","datePublished":"2020-01-23T08:59:50+00:00","dateModified":"2026-04-03T12:53:08+00:00","breadcrumb":{"@id":"https:\/\/www.baikowski.com\/fr\/societe\/#breadcrumb"},"inLanguage":"fr-FR","potentialAction":[{"@type":"ReadAction","target":["https:\/\/www.baikowski.com\/fr\/societe\/"]}]},{"@type":"ImageObject","inLanguage":"fr-FR","@id":"https:\/\/www.baikowski.com\/fr\/societe\/#primaryimage","url":"https:\/\/www.baikowski.com\/wp-content\/uploads\/2025\/06\/low-carbon-alumina-1.jpg","contentUrl":"https:\/\/www.baikowski.com\/wp-content\/uploads\/2025\/06\/low-carbon-alumina-1.jpg","width":391,"height":317,"caption":"Low carbon Alumina"},{"@type":"BreadcrumbList","@id":"https:\/\/www.baikowski.com\/fr\/societe\/#breadcrumb","itemListElement":[{"@type":"ListItem","position":1,"name":"Accueil","item":"https:\/\/www.baikowski.com\/fr\/"},{"@type":"ListItem","position":2,"name":"Pr\u00e9sentation de la Soci\u00e9t\u00e9"}]},{"@type":"WebSite","@id":"https:\/\/www.baikowski.com\/fr\/#website","url":"https:\/\/www.baikowski.com\/fr\/","name":"Baikowski\u00ae","description":"Your solution partner for fine minerals","publisher":{"@id":"https:\/\/www.baikowski.com\/fr\/#organization"},"potentialAction":[{"@type":"SearchAction","target":{"@type":"EntryPoint","urlTemplate":"https:\/\/www.baikowski.com\/fr\/?s={search_term_string}"},"query-input":{"@type":"PropertyValueSpecification","valueRequired":true,"valueName":"search_term_string"}}],"inLanguage":"fr-FR"},{"@type":"Organization","@id":"https:\/\/www.baikowski.com\/fr\/#organization","name":"Baikowski\u00ae","url":"https:\/\/www.baikowski.com\/fr\/","logo":{"@type":"ImageObject","inLanguage":"fr-FR","@id":"https:\/\/www.baikowski.com\/fr\/#\/schema\/logo\/image\/","url":"https:\/\/www.baikowski.com\/wp-content\/uploads\/2020\/10\/Baikowski_blocmarque_RVB_ok.jpg","contentUrl":"https:\/\/www.baikowski.com\/wp-content\/uploads\/2020\/10\/Baikowski_blocmarque_RVB_ok.jpg","width":1977,"height":754,"caption":"Baikowski\u00ae"},"image":{"@id":"https:\/\/www.baikowski.com\/fr\/#\/schema\/logo\/image\/"},"sameAs":["https:\/\/x.com\/BaikowskiTeam","https:\/\/www.linkedin.com\/company\/baikowski","https:\/\/www.youtube.com\/channel\/UC8ypcOZkT7RxGf5HC_aW70g"]}]}},"_links":{"self":[{"href":"https:\/\/www.baikowski.com\/fr\/wp-json\/wp\/v2\/pages\/2489","targetHints":{"allow":["GET"]}}],"collection":[{"href":"https:\/\/www.baikowski.com\/fr\/wp-json\/wp\/v2\/pages"}],"about":[{"href":"https:\/\/www.baikowski.com\/fr\/wp-json\/wp\/v2\/types\/page"}],"author":[{"embeddable":true,"href":"https:\/\/www.baikowski.com\/fr\/wp-json\/wp\/v2\/users\/70"}],"replies":[{"embeddable":true,"href":"https:\/\/www.baikowski.com\/fr\/wp-json\/wp\/v2\/comments?post=2489"}],"version-history":[{"count":117,"href":"https:\/\/www.baikowski.com\/fr\/wp-json\/wp\/v2\/pages\/2489\/revisions"}],"predecessor-version":[{"id":13091,"href":"https:\/\/www.baikowski.com\/fr\/wp-json\/wp\/v2\/pages\/2489\/revisions\/13091"}],"wp:featuredmedia":[{"embeddable":true,"href":"https:\/\/www.baikowski.com\/fr\/wp-json\/wp\/v2\/media\/11523"}],"wp:attachment":[{"href":"https:\/\/www.baikowski.com\/fr\/wp-json\/wp\/v2\/media?parent=2489"}],"curies":[{"name":"wp","href":"https:\/\/api.w.org\/{rel}","templated":true}]}}