{"id":2518,"date":"2020-01-27T09:25:35","date_gmt":"2020-01-27T08:25:35","guid":{"rendered":"http:\/\/www.baikowski.com\/?page_id=2518"},"modified":"2026-04-13T11:05:38","modified_gmt":"2026-04-13T09:05:38","slug":"calendrier-financier","status":"publish","type":"page","link":"https:\/\/www.baikowski.com\/fr\/calendrier-financier\/","title":{"rendered":"Calendrier Financier"},"content":{"rendered":"<h2>2026<\/h2>\n<table style=\"width: 100%; border-collapse: collapse; border-style: none;\" border=\"1\" rules=\"ROWS\">\n<tbody>\n<tr style=\"height: 50px;\">\n<td style=\"width: 15%;\">2 F\u00e9vrier<\/td>\n<td style=\"width: 5%;\"><\/td>\n<td style=\"width: 80%;\">Chiffre d&rsquo;affaires 2025<\/td>\n<\/tr>\n<tr style=\"height: 50px;\">\n<td style=\"width: 15%;\">10 Avril<\/td>\n<td style=\"width: 5%;\"><\/td>\n<td style=\"width: 80%;\">R\u00e9sultats annuels 2025 et mise \u00e0 disposition du rapport annuel 2025<\/td>\n<\/tr>\n<tr style=\"height: 50px;\">\n<td style=\"width: 15%;\">11 Juin<\/td>\n<td style=\"width: 5%;\"><\/td>\n<td style=\"width: 80%;\">Assembl\u00e9e G\u00e9n\u00e9rale annuelle des actionnaires<\/td>\n<\/tr>\n<tr style=\"height: 50px;\">\n<td style=\"width: 15%;\">27 Juillet<\/td>\n<td style=\"width: 5%;\"><\/td>\n<td style=\"width: 80%;\">Chiffre d&rsquo;affaires du 1er semestre 2026<\/td>\n<\/tr>\n<tr style=\"height: 50px;\">\n<td style=\"width: 15%;\">28 Septembre<\/td>\n<td style=\"width: 5%;\"><\/td>\n<td style=\"width: 80%;\">R\u00e9sultats semestriels 2026 et mise \u00e0 disposition du rapport semestriel 2026<\/td>\n<\/tr>\n<\/tbody>\n<\/table>\n<p>&nbsp;<\/p>\n<h2>2025<\/h2>\n<table style=\"width: 100%; border-collapse: collapse; border-style: none;\" border=\"1\" rules=\"ROWS\">\n<tbody>\n<tr style=\"height: 50px;\">\n<td style=\"width: 15%;\">30 Janvier<\/td>\n<td style=\"width: 5%;\"><\/td>\n<td style=\"width: 80%;\">Chiffre d&rsquo;affaires 2024<\/td>\n<\/tr>\n<tr style=\"height: 50px;\">\n<td style=\"width: 15%;\">3 Avril<\/td>\n<td style=\"width: 5%;\"><\/td>\n<td style=\"width: 80%;\">R\u00e9sultats annuels 2024 et mise \u00e0 disposition du rapport annuel 2024<\/td>\n<\/tr>\n<tr style=\"height: 50px;\">\n<td style=\"width: 15%;\">16 Juin<\/td>\n<td style=\"width: 5%;\"><\/td>\n<td style=\"width: 80%;\">Assembl\u00e9e G\u00e9n\u00e9rale annuelle des actionnaires<\/td>\n<\/tr>\n<tr style=\"height: 50px;\">\n<td style=\"width: 15%;\">24 Juillet<\/td>\n<td style=\"width: 5%;\"><\/td>\n<td style=\"width: 80%;\">Chiffre d&rsquo;affaires du 1er semestre 2025<\/td>\n<\/tr>\n<tr style=\"height: 50px;\">\n<td style=\"width: 15%;\">29 Septembre<\/td>\n<td style=\"width: 5%;\"><\/td>\n<td style=\"width: 80%;\">R\u00e9sultats semestriels 2025 et mise \u00e0 disposition du rapport semestriel 2025<\/td>\n<\/tr>\n<\/tbody>\n<\/table>\n<p>&nbsp;<\/p>\n<h2>2024<\/h2>\n<table style=\"width: 100%; border-collapse: collapse; border-style: none;\" border=\"1\" rules=\"ROWS\">\n<tbody>\n<tr style=\"height: 50px;\">\n<td style=\"width: 15%;\">5 F\u00e9vrier<\/td>\n<td style=\"width: 5%;\"><\/td>\n<td style=\"width: 80%;\">Chiffre d&rsquo;affaires 2023<\/td>\n<\/tr>\n<tr style=\"height: 50px;\">\n<td style=\"width: 15%;\">28 Mars<\/td>\n<td style=\"width: 5%;\"><\/td>\n<td style=\"width: 80%;\">R\u00e9sultats annuels 2023<\/td>\n<\/tr>\n<tr style=\"height: 50px;\">\n<td style=\"width: 15%;\">5 Avril<\/td>\n<td style=\"width: 5%;\"><\/td>\n<td style=\"width: 80%;\">Mise \u00e0 disposition du rapport annuel 2023<\/td>\n<\/tr>\n<tr style=\"height: 50px;\">\n<td style=\"width: 15%;\">5 Juin<\/td>\n<td style=\"width: 5%;\"><\/td>\n<td style=\"width: 80%;\">Assembl\u00e9e G\u00e9n\u00e9rale annuelle des actionnaires<\/td>\n<\/tr>\n<tr style=\"height: 50px;\">\n<td style=\"width: 15%;\">26 Juillet<\/td>\n<td style=\"width: 5%;\"><\/td>\n<td style=\"width: 80%;\">Chiffre d&rsquo;affaires du 1er semestre 2024<\/td>\n<\/tr>\n<tr style=\"height: 50px;\">\n<td style=\"width: 15%;\">20 Septembre<\/td>\n<td style=\"width: 5%;\"><\/td>\n<td style=\"width: 80%;\">R\u00e9sultats semestriels 2024 et mise \u00e0 disposition du rapport semestriel 2024<\/td>\n<\/tr>\n<\/tbody>\n<\/table>\n<p>&nbsp;<\/p>\n<h2>2023<\/h2>\n<table style=\"width: 100%; border-collapse: collapse; border-style: none;\" border=\"1\" rules=\"ROWS\">\n<tbody>\n<tr style=\"height: 50px;\">\n<td style=\"width: 15%;\">23 F\u00e9vrier<\/td>\n<td style=\"width: 5%;\"><\/td>\n<td style=\"width: 80%;\">Chiffre d&rsquo;affaires 2022<\/td>\n<\/tr>\n<tr style=\"height: 50px;\">\n<td style=\"width: 15%;\">7 Avril<\/td>\n<td style=\"width: 5%;\"><\/td>\n<td style=\"width: 80%;\">R\u00e9sultats 2022<\/td>\n<\/tr>\n<tr style=\"height: 50px;\">\n<td style=\"width: 15%;\">21 Juin<\/td>\n<td style=\"width: 5%;\"><\/td>\n<td style=\"width: 80%;\">Assembl\u00e9e G\u00e9n\u00e9rale annuelle des actionnaires<\/td>\n<\/tr>\n<tr style=\"height: 50px;\">\n<td style=\"width: 15%;\">27 Juillet<\/td>\n<td style=\"width: 5%;\"><\/td>\n<td style=\"width: 80%;\">Chiffre d&rsquo;affaires semestriel 2023<\/td>\n<\/tr>\n<tr style=\"height: 50px;\">\n<td style=\"width: 15%;\">27 Septembre<\/td>\n<td style=\"width: 5%;\"><\/td>\n<td style=\"width: 80%;\">R\u00e9sultats semestriels 2023<\/td>\n<\/tr>\n<\/tbody>\n<\/table>\n<p>&nbsp;<\/p>\n<h2>2022<\/h2>\n<table style=\"width: 100%; border-collapse: collapse; border-style: none;\" border=\"1\" rules=\"ROWS\">\n<tbody>\n<tr style=\"height: 50px;\">\n<td style=\"width: 15%;\">10 F\u00e9vrier<\/td>\n<td style=\"width: 5%;\"><\/td>\n<td style=\"width: 80%;\">Chiffre d&rsquo;affaires 2021<\/td>\n<\/tr>\n<tr style=\"height: 50px;\">\n<td style=\"width: 15%;\">14 Avril<\/td>\n<td style=\"width: 5%;\"><\/td>\n<td style=\"width: 80%;\">R\u00e9sultats 2021<\/td>\n<\/tr>\n<tr style=\"height: 50px;\">\n<td style=\"width: 15%;\">8 Juin<\/td>\n<td style=\"width: 5%;\"><\/td>\n<td style=\"width: 80%;\">Assembl\u00e9e G\u00e9n\u00e9rale annuelle des actionnaires<\/td>\n<\/tr>\n<tr style=\"height: 50px;\">\n<td style=\"width: 15%;\">28 Juillet<\/td>\n<td style=\"width: 5%;\"><\/td>\n<td style=\"width: 80%;\">Chiffre d&rsquo;affaires semestriel 2022<\/td>\n<\/tr>\n<tr style=\"height: 50px;\">\n<td style=\"width: 15%;\">28 Septembre<\/td>\n<td style=\"width: 5%;\"><\/td>\n<td style=\"width: 80%;\">R\u00e9sultats semestriels 2022<\/td>\n<\/tr>\n<\/tbody>\n<\/table>\n<p>&nbsp;<\/p>\n<h2>2021<\/h2>\n<table style=\"width: 100%; border-collapse: collapse; border-style: none;\" border=\"1\" rules=\"ROWS\">\n<tbody>\n<tr style=\"height: 50px;\">\n<td style=\"width: 15%;\">9 F\u00e9vrier<\/td>\n<td style=\"width: 5%;\"><\/td>\n<td style=\"width: 80%;\">Chiffre d&rsquo;affaires 2020<\/td>\n<\/tr>\n<tr style=\"height: 50px;\">\n<td style=\"width: 15%;\">12 Avril<\/td>\n<td style=\"width: 5%;\"><\/td>\n<td style=\"width: 80%;\">R\u00e9sultats 2020<\/td>\n<\/tr>\n<tr style=\"height: 50px;\">\n<td style=\"width: 15%;\">16 Juin<\/td>\n<td style=\"width: 5%;\"><\/td>\n<td style=\"width: 80%;\">Assembl\u00e9e G\u00e9n\u00e9rale annuelle des actionnaires<\/td>\n<\/tr>\n<tr style=\"height: 50px;\">\n<td style=\"width: 15%;\">29 Juillet<\/td>\n<td style=\"width: 5%;\"><\/td>\n<td style=\"width: 80%;\">Chiffre d&rsquo;affaires semestriel 2021<\/td>\n<\/tr>\n<tr style=\"height: 50px;\">\n<td style=\"width: 15%;\">29 Septembre<\/td>\n<td style=\"width: 5%;\"><\/td>\n<td style=\"width: 80%;\">R\u00e9sultats semestriels 2021<\/td>\n<\/tr>\n<\/tbody>\n<\/table>\n<p>&nbsp;<\/p>\n<h2>2020<\/h2>\n<table style=\"width: 100%; border-collapse: collapse; border-style: none;\" border=\"1\" rules=\"ROWS\">\n<tbody>\n<tr style=\"height: 50px;\">\n<td style=\"width: 15%;\">4 F\u00e9vrier<\/td>\n<td style=\"width: 5%;\"><\/td>\n<td style=\"width: 80%;\">Chiffre d&rsquo;affaires 2019<\/td>\n<\/tr>\n<tr style=\"height: 50px;\">\n<td style=\"width: 15%;\">20 Avril<\/td>\n<td style=\"width: 5%;\"><\/td>\n<td style=\"width: 80%;\">R\u00e9sultats 2019<\/td>\n<\/tr>\n<tr style=\"height: 50px;\">\n<td style=\"width: 15%;\">23 Juin<\/td>\n<td style=\"width: 5%;\"><\/td>\n<td style=\"width: 80%;\">Assembl\u00e9e G\u00e9n\u00e9rale annuelle des actionnaires<\/td>\n<\/tr>\n<tr style=\"height: 50px;\">\n<td style=\"width: 15%;\">30 Juillet<\/td>\n<td style=\"width: 5%;\"><\/td>\n<td style=\"width: 80%;\">Chiffre d&rsquo;affaires semestriel 2020<\/td>\n<\/tr>\n<tr style=\"height: 50px;\">\n<td style=\"width: 15%;\">24 Septembre<\/td>\n<td style=\"width: 5%;\"><\/td>\n<td style=\"width: 80%;\">R\u00e9sultats semestriels 2020<\/td>\n<\/tr>\n<tr style=\"height: 50px;\">\n<td style=\"width: 15%;\">30 Septembre<\/td>\n<td style=\"width: 5%;\"><\/td>\n<td style=\"width: 80%;\">Forum Lyon P\u00f4le Bourse<\/td>\n<\/tr>\n<\/tbody>\n<\/table>\n<p>&nbsp;<\/p>\n<h2>2019<\/h2>\n<table style=\"width: 100%; border-collapse: collapse; padding: 10px 10px; border-style: none;\" border=\"1\" rules=\"ROWS\">\n<tbody>\n<tr style=\"height: 50px;\">\n<td style=\"width: 15%;\">11 Mars<\/td>\n<td style=\"width: 5%;\"><\/td>\n<td style=\"width: 80%;\">R\u00e9sultats 2018<\/td>\n<\/tr>\n<tr style=\"height: 50px;\">\n<td style=\"width: 15%;\">10 Avril<\/td>\n<td style=\"width: 5%;\"><\/td>\n<td style=\"width: 80%;\">Pr\u00e9sentation des r\u00e9sultats 2018 aux analystes financiers<\/td>\n<\/tr>\n<tr style=\"height: 50px;\">\n<td style=\"width: 15%;\">15 Mai<\/td>\n<td style=\"width: 5%;\"><\/td>\n<td style=\"width: 80%;\">Assembl\u00e9e G\u00e9n\u00e9rale annuelle des actionnaires<\/td>\n<\/tr>\n<tr style=\"height: 50px;\">\n<td style=\"width: 15%;\">29 Juillet<\/td>\n<td style=\"width: 5%;\"><\/td>\n<td style=\"width: 80%;\">Chiffre d&rsquo;affaires semestriel 2019<\/td>\n<\/tr>\n<tr style=\"height: 50px;\">\n<td style=\"width: 15%;\">6 Septembre<\/td>\n<td style=\"width: 5%;\"><\/td>\n<td style=\"width: 80%;\">R\u00e9sultats semestriels 2019<\/td>\n<\/tr>\n<tr style=\"height: 50px;\">\n<td style=\"width: 15%;\">30 Septembre<\/td>\n<td style=\"width: 5%;\"><\/td>\n<td style=\"width: 80%;\">Acquisition de Mathym SAS<\/td>\n<\/tr>\n<\/tbody>\n<\/table>\n<p>&nbsp;<\/p>\n<h2>2018<\/h2>\n<table style=\"width: 100%; border-collapse: collapse; padding: 10px 10px; border-style: none;\" border=\"1\" rules=\"ROWS\">\n<tbody>\n<tr style=\"height: 70px;\">\n<td style=\"width: 15%;\">24 D\u00e9cembre<\/td>\n<td style=\"width: 5%;\"><\/td>\n<td style=\"width: 80%;\">\n<div>Publication d\u2019un avis Euronext mentionnant le cours de r\u00e9f\u00e9rence technique de l\u2019action Baikowski\u00ae<\/div>\n<div>(\u00e0 l&rsquo;issue de la s\u00e9ance de bourse)<\/div>\n<\/td>\n<\/tr>\n<tr style=\"height: 70px;\">\n<td style=\"width: 15%;\">27 D\u00e9cembre<\/td>\n<td style=\"width: 5%;\"><\/td>\n<td style=\"width: 80%;\">\n<div>Ex date du spin-off :\u00a0D\u00e9tachement des actions Baikowski\u00ae des actions de PSB Industries<\/div>\n<div>Admission aux n\u00e9gociations des actions Baikowski\u00ae sur Euronext Growth Paris<\/div>\n<\/td>\n<\/tr>\n<tr style=\"height: 50px;\">\n<td style=\"width: 15%;\">28 D\u00e9cembre<\/td>\n<td style=\"width: 5%;\"><\/td>\n<td style=\"width: 80%;\">Record date du Spin-off : Inscription en compte Euroclear<\/td>\n<\/tr>\n<tr style=\"height: 50px;\">\n<td style=\"width: 15%;\">31 D\u00e9cembre<\/td>\n<td style=\"width: 5%;\"><\/td>\n<td style=\"width: 80%;\">Payment date du Spin-off : Livraison des actions Baikowski\u00ae aux actionnaires de PSB Industries<\/td>\n<\/tr>\n<\/tbody>\n<\/table>\n<p>&nbsp;<\/p>\n","protected":false},"excerpt":{"rendered":"<p>2026 2 F\u00e9vrier Chiffre d&rsquo;affaires 2025 10 Avril R\u00e9sultats annuels 2025 et mise \u00e0 disposition du rapport annuel 2025 11 Juin Assembl\u00e9e G\u00e9n\u00e9rale annuelle des actionnaires 27 Juillet Chiffre d&rsquo;affaires du 1er semestre 2026 28 Septembre R\u00e9sultats semestriels 2026 et mise \u00e0 disposition du rapport semestriel 2026 &nbsp; 2025 30 Janvier Chiffre d&rsquo;affaires 2024 3 [&hellip;]<\/p>\n","protected":false},"author":80,"featured_media":0,"parent":0,"menu_order":0,"comment_status":"closed","ping_status":"closed","template":"","meta":{"_acf_changed":false,"footnotes":""},"class_list":["post-2518","page","type-page","status-publish","hentry"],"acf":[],"yoast_head":"<!-- This site is optimized with the Yoast SEO plugin v25.2 - https:\/\/yoast.com\/wordpress\/plugins\/seo\/ -->\n<title>Calendrier Financier - Baikowski\u00ae<\/title>\n<meta name=\"robots\" content=\"index, follow, max-snippet:-1, max-image-preview:large, max-video-preview:-1\" \/>\n<link rel=\"canonical\" href=\"https:\/\/www.baikowski.com\/fr\/calendrier-financier\/\" \/>\n<meta name=\"twitter:card\" content=\"summary_large_image\" \/>\n<meta name=\"twitter:title\" content=\"Calendrier Financier - Baikowski\u00ae\" \/>\n<meta name=\"twitter:description\" content=\"2026 2 F\u00e9vrier Chiffre d&rsquo;affaires 2025 10 Avril R\u00e9sultats annuels 2025 et mise \u00e0 disposition du rapport annuel 2025 11 Juin Assembl\u00e9e G\u00e9n\u00e9rale annuelle des actionnaires 27 Juillet Chiffre d&rsquo;affaires du 1er semestre 2026 28 Septembre R\u00e9sultats semestriels 2026 et mise \u00e0 disposition du rapport semestriel 2026 &nbsp; 2025 30 Janvier Chiffre d&rsquo;affaires 2024 3 [&hellip;]\" \/>\n<meta name=\"twitter:site\" content=\"@BaikowskiTeam\" \/>\n<meta name=\"twitter:label1\" content=\"Dur\u00e9e de lecture estim\u00e9e\" \/>\n\t<meta name=\"twitter:data1\" content=\"2 minutes\" \/>\n<script type=\"application\/ld+json\" class=\"yoast-schema-graph\">{\"@context\":\"https:\/\/schema.org\",\"@graph\":[{\"@type\":\"WebPage\",\"@id\":\"https:\/\/www.baikowski.com\/fr\/calendrier-financier\/\",\"url\":\"https:\/\/www.baikowski.com\/fr\/calendrier-financier\/\",\"name\":\"Calendrier Financier - Baikowski\u00ae\",\"isPartOf\":{\"@id\":\"https:\/\/www.baikowski.com\/fr\/#website\"},\"datePublished\":\"2020-01-27T08:25:35+00:00\",\"dateModified\":\"2026-04-13T09:05:38+00:00\",\"breadcrumb\":{\"@id\":\"https:\/\/www.baikowski.com\/fr\/calendrier-financier\/#breadcrumb\"},\"inLanguage\":\"fr-FR\",\"potentialAction\":[{\"@type\":\"ReadAction\",\"target\":[\"https:\/\/www.baikowski.com\/fr\/calendrier-financier\/\"]}]},{\"@type\":\"BreadcrumbList\",\"@id\":\"https:\/\/www.baikowski.com\/fr\/calendrier-financier\/#breadcrumb\",\"itemListElement\":[{\"@type\":\"ListItem\",\"position\":1,\"name\":\"Accueil\",\"item\":\"https:\/\/www.baikowski.com\/fr\/\"},{\"@type\":\"ListItem\",\"position\":2,\"name\":\"Calendrier Financier\"}]},{\"@type\":\"WebSite\",\"@id\":\"https:\/\/www.baikowski.com\/fr\/#website\",\"url\":\"https:\/\/www.baikowski.com\/fr\/\",\"name\":\"Baikowski\u00ae\",\"description\":\"Your solution partner for fine minerals\",\"publisher\":{\"@id\":\"https:\/\/www.baikowski.com\/fr\/#organization\"},\"potentialAction\":[{\"@type\":\"SearchAction\",\"target\":{\"@type\":\"EntryPoint\",\"urlTemplate\":\"https:\/\/www.baikowski.com\/fr\/?s={search_term_string}\"},\"query-input\":{\"@type\":\"PropertyValueSpecification\",\"valueRequired\":true,\"valueName\":\"search_term_string\"}}],\"inLanguage\":\"fr-FR\"},{\"@type\":\"Organization\",\"@id\":\"https:\/\/www.baikowski.com\/fr\/#organization\",\"name\":\"Baikowski\u00ae\",\"url\":\"https:\/\/www.baikowski.com\/fr\/\",\"logo\":{\"@type\":\"ImageObject\",\"inLanguage\":\"fr-FR\",\"@id\":\"https:\/\/www.baikowski.com\/fr\/#\/schema\/logo\/image\/\",\"url\":\"https:\/\/www.baikowski.com\/wp-content\/uploads\/2020\/10\/Baikowski_blocmarque_RVB_ok.jpg\",\"contentUrl\":\"https:\/\/www.baikowski.com\/wp-content\/uploads\/2020\/10\/Baikowski_blocmarque_RVB_ok.jpg\",\"width\":1977,\"height\":754,\"caption\":\"Baikowski\u00ae\"},\"image\":{\"@id\":\"https:\/\/www.baikowski.com\/fr\/#\/schema\/logo\/image\/\"},\"sameAs\":[\"https:\/\/x.com\/BaikowskiTeam\",\"https:\/\/www.linkedin.com\/company\/baikowski\",\"https:\/\/www.youtube.com\/channel\/UC8ypcOZkT7RxGf5HC_aW70g\"]}]}<\/script>\n<!-- \/ Yoast SEO plugin. -->","yoast_head_json":{"title":"Calendrier Financier - Baikowski\u00ae","robots":{"index":"index","follow":"follow","max-snippet":"max-snippet:-1","max-image-preview":"max-image-preview:large","max-video-preview":"max-video-preview:-1"},"canonical":"https:\/\/www.baikowski.com\/fr\/calendrier-financier\/","twitter_card":"summary_large_image","twitter_title":"Calendrier Financier - Baikowski\u00ae","twitter_description":"2026 2 F\u00e9vrier Chiffre d&rsquo;affaires 2025 10 Avril R\u00e9sultats annuels 2025 et mise \u00e0 disposition du rapport annuel 2025 11 Juin Assembl\u00e9e G\u00e9n\u00e9rale annuelle des actionnaires 27 Juillet Chiffre d&rsquo;affaires du 1er semestre 2026 28 Septembre R\u00e9sultats semestriels 2026 et mise \u00e0 disposition du rapport semestriel 2026 &nbsp; 2025 30 Janvier Chiffre d&rsquo;affaires 2024 3 [&hellip;]","twitter_site":"@BaikowskiTeam","twitter_misc":{"Dur\u00e9e de lecture estim\u00e9e":"2 minutes"},"schema":{"@context":"https:\/\/schema.org","@graph":[{"@type":"WebPage","@id":"https:\/\/www.baikowski.com\/fr\/calendrier-financier\/","url":"https:\/\/www.baikowski.com\/fr\/calendrier-financier\/","name":"Calendrier Financier - Baikowski\u00ae","isPartOf":{"@id":"https:\/\/www.baikowski.com\/fr\/#website"},"datePublished":"2020-01-27T08:25:35+00:00","dateModified":"2026-04-13T09:05:38+00:00","breadcrumb":{"@id":"https:\/\/www.baikowski.com\/fr\/calendrier-financier\/#breadcrumb"},"inLanguage":"fr-FR","potentialAction":[{"@type":"ReadAction","target":["https:\/\/www.baikowski.com\/fr\/calendrier-financier\/"]}]},{"@type":"BreadcrumbList","@id":"https:\/\/www.baikowski.com\/fr\/calendrier-financier\/#breadcrumb","itemListElement":[{"@type":"ListItem","position":1,"name":"Accueil","item":"https:\/\/www.baikowski.com\/fr\/"},{"@type":"ListItem","position":2,"name":"Calendrier Financier"}]},{"@type":"WebSite","@id":"https:\/\/www.baikowski.com\/fr\/#website","url":"https:\/\/www.baikowski.com\/fr\/","name":"Baikowski\u00ae","description":"Your solution partner for fine minerals","publisher":{"@id":"https:\/\/www.baikowski.com\/fr\/#organization"},"potentialAction":[{"@type":"SearchAction","target":{"@type":"EntryPoint","urlTemplate":"https:\/\/www.baikowski.com\/fr\/?s={search_term_string}"},"query-input":{"@type":"PropertyValueSpecification","valueRequired":true,"valueName":"search_term_string"}}],"inLanguage":"fr-FR"},{"@type":"Organization","@id":"https:\/\/www.baikowski.com\/fr\/#organization","name":"Baikowski\u00ae","url":"https:\/\/www.baikowski.com\/fr\/","logo":{"@type":"ImageObject","inLanguage":"fr-FR","@id":"https:\/\/www.baikowski.com\/fr\/#\/schema\/logo\/image\/","url":"https:\/\/www.baikowski.com\/wp-content\/uploads\/2020\/10\/Baikowski_blocmarque_RVB_ok.jpg","contentUrl":"https:\/\/www.baikowski.com\/wp-content\/uploads\/2020\/10\/Baikowski_blocmarque_RVB_ok.jpg","width":1977,"height":754,"caption":"Baikowski\u00ae"},"image":{"@id":"https:\/\/www.baikowski.com\/fr\/#\/schema\/logo\/image\/"},"sameAs":["https:\/\/x.com\/BaikowskiTeam","https:\/\/www.linkedin.com\/company\/baikowski","https:\/\/www.youtube.com\/channel\/UC8ypcOZkT7RxGf5HC_aW70g"]}]}},"_links":{"self":[{"href":"https:\/\/www.baikowski.com\/fr\/wp-json\/wp\/v2\/pages\/2518","targetHints":{"allow":["GET"]}}],"collection":[{"href":"https:\/\/www.baikowski.com\/fr\/wp-json\/wp\/v2\/pages"}],"about":[{"href":"https:\/\/www.baikowski.com\/fr\/wp-json\/wp\/v2\/types\/page"}],"author":[{"embeddable":true,"href":"https:\/\/www.baikowski.com\/fr\/wp-json\/wp\/v2\/users\/80"}],"replies":[{"embeddable":true,"href":"https:\/\/www.baikowski.com\/fr\/wp-json\/wp\/v2\/comments?post=2518"}],"version-history":[{"count":23,"href":"https:\/\/www.baikowski.com\/fr\/wp-json\/wp\/v2\/pages\/2518\/revisions"}],"predecessor-version":[{"id":13170,"href":"https:\/\/www.baikowski.com\/fr\/wp-json\/wp\/v2\/pages\/2518\/revisions\/13170"}],"wp:attachment":[{"href":"https:\/\/www.baikowski.com\/fr\/wp-json\/wp\/v2\/media?parent=2518"}],"curies":[{"name":"wp","href":"https:\/\/api.w.org\/{rel}","templated":true}]}}