{"id":2823,"date":"2020-02-03T11:58:29","date_gmt":"2020-02-03T10:58:29","guid":{"rendered":"http:\/\/www.baikowski.com\/decouvrez-mathym\/"},"modified":"2024-11-07T10:00:27","modified_gmt":"2024-11-07T09:00:27","slug":"decouvrez-mathym","status":"publish","type":"page","link":"https:\/\/www.baikowski.com\/fr\/decouvrez-mathym\/","title":{"rendered":"D\u00e9couvrez Mathym\u00ae"},"content":{"rendered":"<h2>Baikowski\u00ae \u00e9largit son portefeuille produits avec les nanodispersions de Mathym\u00ae<\/h2>\n<p>Mathym\u00ae France fait partie du groupe Baikowski depuis septembre 2019. Situ\u00e9e dans la banlieue de Lyon, la soci\u00e9t\u00e9 est sp\u00e9cialis\u00e9e dans le d\u00e9veloppement de nanodispersions innovantes et uniques.<\/p>\n<p>Son c\u0153ur d&rsquo;expertise repose sur les nanomat\u00e9riaux constitu\u00e9s de nanoparticules inorganiques dispers\u00e9es dans divers liquides.<\/p>\n<p>Les diff\u00e9rents compos\u00e9s inorganiques, d\u00e9velopp\u00e9s d\u00e8s le d\u00e9part, conf\u00e8rent des propri\u00e9t\u00e9s recherch\u00e9es (par exemple la radio-opacit\u00e9, l\u2019am\u00e9lioration de l\u2019indice de r\u00e9fraction, la r\u00e9sistance \u00e0 l\u2019usure) tandis que leurs structures nanom\u00e9triques pr\u00e9servent un tr\u00e8s haut niveau de transparence et augmentent leur activit\u00e9 lorsque des surfaces sp\u00e9cifiques \u00e9lev\u00e9es sont en jeu.<\/p>\n<p>Leur technologie polyvalente est un atout pour fabriquer des solutions qui r\u00e9pondent aux exigences des clients et permettent d&rsquo;aborder les march\u00e9s \u00e9mergents. Parmi les march\u00e9s desservis, on peut citer :<img loading=\"lazy\" decoding=\"async\" class=\"alignright wp-image-7676\" src=\"https:\/\/www.baikowski.com\/wp-content\/uploads\/2023\/11\/PICTO-300x149.png\" alt=\"Mathym's products applications\" width=\"525\" height=\"260\" srcset=\"https:\/\/www.baikowski.com\/wp-content\/uploads\/2023\/11\/PICTO-300x149.png 300w, https:\/\/www.baikowski.com\/wp-content\/uploads\/2023\/11\/PICTO-1024x507.png 1024w, https:\/\/www.baikowski.com\/wp-content\/uploads\/2023\/11\/PICTO-768x380.png 768w, https:\/\/www.baikowski.com\/wp-content\/uploads\/2023\/11\/PICTO-1536x761.png 1536w, https:\/\/www.baikowski.com\/wp-content\/uploads\/2023\/11\/PICTO-2048x1014.png 2048w\" sizes=\"auto, (max-width: 525px) 100vw, 525px\" \/><\/p>\n<ul>\n<li>Les c\u00e9ramiques fines,<\/li>\n<li>l&rsquo;optique et la photonique,<\/li>\n<li>l&rsquo;\u00e9clairage,<\/li>\n<li>l&rsquo;\u00e9nergie,<\/li>\n<li>les semi-conducteurs,<\/li>\n<li>Les \u00e9crans<\/li>\n<li>Le biom\u00e9dical, y compris le secteur dentaire.<\/li>\n<\/ul>\n<p>Cette entreprise de nanotechnologie est certifi\u00e9e <strong>ISO 9001.<\/strong><\/p>\n<h2 style=\"text-align: left;\"><a class=\"bouton-bleu\" href=\"https:\/\/www.baikowski.com\/fr\/chemistry\/nanosuspensions\/\" rel=\"noopener\">Voir les nanodispersions de Mathym\u00ae<\/a><\/h2>\n<h2>Des Solutions collo\u00efdales innovantes pour des applications haut de gamme<\/h2>\n<p>Les dispersions de nanomat\u00e9riaux ultra-petits de Mathym pr\u00e9sentent les caract\u00e9ristiques suivantes :<img loading=\"lazy\" decoding=\"async\" class=\"wp-image-2809 alignright\" src=\"https:\/\/www.baikowski.com\/wp-content\/uploads\/2020\/02\/small-trois-produits-2-e1633357720363-300x155.jpg\" alt=\"Mathym nano-dispersions\" width=\"358\" height=\"185\" \/><\/p>\n<ul>\n<li>\u00a0Taille de distribution des particules \u00e9troite<\/li>\n<li>\u00a0Haute cristallinit\u00e9<\/li>\n<li>Dispersions sans agglom\u00e9rats<\/li>\n<li>Dispersions stables et homog\u00e8nes dans l&rsquo;eau, les solvants et les monom\u00e8res<\/li>\n<\/ul>\n<h2>Leur portefeuille de nanodispersions<\/h2>\n<p>Les produits industriels de Mathym\u00ae, <strong>zilight\u00ae<\/strong> et <strong>filyxio\u00ae<\/strong>, sont actuellement utilis\u00e9s dans les secteurs biom\u00e9dical (dentaire et orthop\u00e9dique), de la catalyse, de la c\u00e9ramique et de l&rsquo;impression 3D.<\/p>\n<ul>\n<li><strong><a href=\"https:\/\/www.baikowski.com\/fr\/zilight-un-succes-pour-mathym\/\">zilight\u00ae<\/a> <\/strong>(ZrO2) permet de moduler l&rsquo;indice de r\u00e9fraction tout en maintenant une transparence \u00e9lev\u00e9e pour les applications d&rsquo;affichage et d&rsquo;optique telles que le rev\u00eatement LED, XR ou ophtalmique.<\/li>\n<li><strong>filyxio\u00ae<\/strong> (YbF3), le meilleur radiopacifiant de sa cat\u00e9gorie pour les composites dentaires, permet un<strong><a href=\"https:\/\/www.baikowski.com\/fr\/materiaux-restauration-dentaire\/\"> durcissement plus profond et des restaurations plus esth\u00e9tiques<\/a><\/strong>.<\/li>\n<\/ul>\n<p>Parmi les produits en d\u00e9veloppement \u00e0 fort potentiel de croissance future, on trouve <strong>le nano-CeO2 hautement cristallis\u00e9<\/strong> de Mathym\u00ae<\/p>\n<h2 style=\"text-align: left;\"><a class=\"bouton-bleu\" href=\"https:\/\/www.baikowski.com\/wp-content\/uploads\/2024\/04\/Leaflet_9_Nano-dispersions-2024-web-1.pdf\" rel=\"noopener\">T\u00e9l\u00e9chargez la brochure produit<\/a><\/h2>\n<p>&nbsp;<\/p>\n<p><img loading=\"lazy\" decoding=\"async\" class=\"wp-image-5816 alignnone\" src=\"https:\/\/www.baikowski.com\/wp-content\/uploads\/2022\/12\/Logo_Mathym_RVB_Fondtransparent-300x75.png\" alt=\"Mathym logo\" width=\"272\" height=\"68\" srcset=\"https:\/\/www.baikowski.com\/wp-content\/uploads\/2022\/12\/Logo_Mathym_RVB_Fondtransparent-300x75.png 300w, https:\/\/www.baikowski.com\/wp-content\/uploads\/2022\/12\/Logo_Mathym_RVB_Fondtransparent-1024x256.png 1024w, https:\/\/www.baikowski.com\/wp-content\/uploads\/2022\/12\/Logo_Mathym_RVB_Fondtransparent-768x192.png 768w, https:\/\/www.baikowski.com\/wp-content\/uploads\/2022\/12\/Logo_Mathym_RVB_Fondtransparent.png 1417w\" sizes=\"auto, (max-width: 272px) 100vw, 272px\" \/><img loading=\"lazy\" decoding=\"async\" class=\" wp-image-9976 alignright\" src=\"https:\/\/www.baikowski.com\/wp-content\/uploads\/2024\/11\/120-ANS-BAIKOWSKI-MATHYM-300x186.jpg\" alt=\"Celebration of 120 years of Baikowski at Mathym plant\" width=\"403\" height=\"250\" srcset=\"https:\/\/www.baikowski.com\/wp-content\/uploads\/2024\/11\/120-ANS-BAIKOWSKI-MATHYM-300x186.jpg 300w, https:\/\/www.baikowski.com\/wp-content\/uploads\/2024\/11\/120-ANS-BAIKOWSKI-MATHYM-768x477.jpg 768w, https:\/\/www.baikowski.com\/wp-content\/uploads\/2024\/11\/120-ANS-BAIKOWSKI-MATHYM.jpg 1024w\" sizes=\"auto, (max-width: 403px) 100vw, 403px\" \/><br \/>\n22, rue des Aulnes<br \/>\n69410 Champagne-au-Mont-d\u2019Or<br \/>\nFRANCE<\/p>\n<p>Tel:<strong>+33 (0)4 78 83 72 93<\/strong><br \/>\n<strong><a href=\"mailto:contact@mathym.com\">contact@mathym.com<\/a><\/strong><\/p>\n<p>&nbsp;<\/p>\n<p>&nbsp;<\/p>\n","protected":false},"excerpt":{"rendered":"<p>Baikowski\u00ae \u00e9largit son portefeuille produits avec les nanodispersions de Mathym\u00ae Mathym\u00ae France fait partie du groupe Baikowski depuis septembre 2019. Situ\u00e9e dans la banlieue de Lyon, la soci\u00e9t\u00e9 est sp\u00e9cialis\u00e9e dans le d\u00e9veloppement de nanodispersions innovantes et uniques. Son c\u0153ur d&rsquo;expertise repose sur les nanomat\u00e9riaux constitu\u00e9s de nanoparticules inorganiques dispers\u00e9es dans divers liquides. Les diff\u00e9rents [&hellip;]<\/p>\n","protected":false},"author":79,"featured_media":8995,"parent":0,"menu_order":0,"comment_status":"closed","ping_status":"closed","template":"","meta":{"_acf_changed":false,"footnotes":""},"class_list":["post-2823","page","type-page","status-publish","has-post-thumbnail","hentry"],"acf":[],"yoast_head":"<!-- This site is optimized with the Yoast SEO plugin v25.2 - https:\/\/yoast.com\/wordpress\/plugins\/seo\/ -->\n<title>Mathym\u00ae | Nano-dispersions pour march\u00e9s innovants - Baikowski\u00ae<\/title>\n<meta name=\"description\" content=\"Mathym est une entreprise de nanotechnologies d\u00e9veloppant des nano-dispersions pour des applications exigeantes comme le dentaire. Baikowski a int\u00e9gr\u00e9 Mathym SAS en 2019.\" \/>\n<meta name=\"robots\" content=\"index, follow, max-snippet:-1, max-image-preview:large, max-video-preview:-1\" \/>\n<link rel=\"canonical\" href=\"https:\/\/www.baikowski.com\/fr\/decouvrez-mathym\/\" \/>\n<meta name=\"twitter:card\" content=\"summary_large_image\" \/>\n<meta name=\"twitter:title\" content=\"Mathym\u00ae | Nano-dispersions pour march\u00e9s innovants - Baikowski\u00ae\" \/>\n<meta name=\"twitter:description\" content=\"Mathym est une entreprise de nanotechnologies d\u00e9veloppant des nano-dispersions pour des applications exigeantes comme le dentaire. Baikowski a int\u00e9gr\u00e9 Mathym SAS en 2019.\" \/>\n<meta name=\"twitter:image\" content=\"https:\/\/www.baikowski.com\/wp-content\/uploads\/2024\/05\/mathym-production-s.jpg\" \/>\n<meta name=\"twitter:site\" content=\"@BaikowskiTeam\" \/>\n<meta name=\"twitter:label1\" content=\"Dur\u00e9e de lecture estim\u00e9e\" \/>\n\t<meta name=\"twitter:data1\" content=\"3 minutes\" \/>\n<script type=\"application\/ld+json\" class=\"yoast-schema-graph\">{\"@context\":\"https:\/\/schema.org\",\"@graph\":[{\"@type\":\"WebPage\",\"@id\":\"https:\/\/www.baikowski.com\/fr\/decouvrez-mathym\/\",\"url\":\"https:\/\/www.baikowski.com\/fr\/decouvrez-mathym\/\",\"name\":\"Mathym\u00ae | Nano-dispersions pour march\u00e9s innovants - Baikowski\u00ae\",\"isPartOf\":{\"@id\":\"https:\/\/www.baikowski.com\/fr\/#website\"},\"primaryImageOfPage\":{\"@id\":\"https:\/\/www.baikowski.com\/fr\/decouvrez-mathym\/#primaryimage\"},\"image\":{\"@id\":\"https:\/\/www.baikowski.com\/fr\/decouvrez-mathym\/#primaryimage\"},\"thumbnailUrl\":\"https:\/\/www.baikowski.com\/wp-content\/uploads\/2024\/05\/mathym-production-s.jpg\",\"datePublished\":\"2020-02-03T10:58:29+00:00\",\"dateModified\":\"2024-11-07T09:00:27+00:00\",\"description\":\"Mathym est une entreprise de nanotechnologies d\u00e9veloppant des nano-dispersions pour des applications exigeantes comme le dentaire. Baikowski a int\u00e9gr\u00e9 Mathym SAS en 2019.\",\"breadcrumb\":{\"@id\":\"https:\/\/www.baikowski.com\/fr\/decouvrez-mathym\/#breadcrumb\"},\"inLanguage\":\"fr-FR\",\"potentialAction\":[{\"@type\":\"ReadAction\",\"target\":[\"https:\/\/www.baikowski.com\/fr\/decouvrez-mathym\/\"]}]},{\"@type\":\"ImageObject\",\"inLanguage\":\"fr-FR\",\"@id\":\"https:\/\/www.baikowski.com\/fr\/decouvrez-mathym\/#primaryimage\",\"url\":\"https:\/\/www.baikowski.com\/wp-content\/uploads\/2024\/05\/mathym-production-s.jpg\",\"contentUrl\":\"https:\/\/www.baikowski.com\/wp-content\/uploads\/2024\/05\/mathym-production-s.jpg\",\"width\":650,\"height\":464,\"caption\":\"Mathm production\"},{\"@type\":\"BreadcrumbList\",\"@id\":\"https:\/\/www.baikowski.com\/fr\/decouvrez-mathym\/#breadcrumb\",\"itemListElement\":[{\"@type\":\"ListItem\",\"position\":1,\"name\":\"Accueil\",\"item\":\"https:\/\/www.baikowski.com\/fr\/\"},{\"@type\":\"ListItem\",\"position\":2,\"name\":\"D\u00e9couvrez Mathym\u00ae\"}]},{\"@type\":\"WebSite\",\"@id\":\"https:\/\/www.baikowski.com\/fr\/#website\",\"url\":\"https:\/\/www.baikowski.com\/fr\/\",\"name\":\"Baikowski\u00ae\",\"description\":\"Your solution partner for fine minerals\",\"publisher\":{\"@id\":\"https:\/\/www.baikowski.com\/fr\/#organization\"},\"potentialAction\":[{\"@type\":\"SearchAction\",\"target\":{\"@type\":\"EntryPoint\",\"urlTemplate\":\"https:\/\/www.baikowski.com\/fr\/?s={search_term_string}\"},\"query-input\":{\"@type\":\"PropertyValueSpecification\",\"valueRequired\":true,\"valueName\":\"search_term_string\"}}],\"inLanguage\":\"fr-FR\"},{\"@type\":\"Organization\",\"@id\":\"https:\/\/www.baikowski.com\/fr\/#organization\",\"name\":\"Baikowski\u00ae\",\"url\":\"https:\/\/www.baikowski.com\/fr\/\",\"logo\":{\"@type\":\"ImageObject\",\"inLanguage\":\"fr-FR\",\"@id\":\"https:\/\/www.baikowski.com\/fr\/#\/schema\/logo\/image\/\",\"url\":\"https:\/\/www.baikowski.com\/wp-content\/uploads\/2020\/10\/Baikowski_blocmarque_RVB_ok.jpg\",\"contentUrl\":\"https:\/\/www.baikowski.com\/wp-content\/uploads\/2020\/10\/Baikowski_blocmarque_RVB_ok.jpg\",\"width\":1977,\"height\":754,\"caption\":\"Baikowski\u00ae\"},\"image\":{\"@id\":\"https:\/\/www.baikowski.com\/fr\/#\/schema\/logo\/image\/\"},\"sameAs\":[\"https:\/\/x.com\/BaikowskiTeam\",\"https:\/\/www.linkedin.com\/company\/baikowski\",\"https:\/\/www.youtube.com\/channel\/UC8ypcOZkT7RxGf5HC_aW70g\"]}]}<\/script>\n<!-- \/ Yoast SEO plugin. -->","yoast_head_json":{"title":"Mathym\u00ae | Nano-dispersions pour march\u00e9s innovants - Baikowski\u00ae","description":"Mathym est une entreprise de nanotechnologies d\u00e9veloppant des nano-dispersions pour des applications exigeantes comme le dentaire. Baikowski a int\u00e9gr\u00e9 Mathym SAS en 2019.","robots":{"index":"index","follow":"follow","max-snippet":"max-snippet:-1","max-image-preview":"max-image-preview:large","max-video-preview":"max-video-preview:-1"},"canonical":"https:\/\/www.baikowski.com\/fr\/decouvrez-mathym\/","twitter_card":"summary_large_image","twitter_title":"Mathym\u00ae | Nano-dispersions pour march\u00e9s innovants - Baikowski\u00ae","twitter_description":"Mathym est une entreprise de nanotechnologies d\u00e9veloppant des nano-dispersions pour des applications exigeantes comme le dentaire. Baikowski a int\u00e9gr\u00e9 Mathym SAS en 2019.","twitter_image":"https:\/\/www.baikowski.com\/wp-content\/uploads\/2024\/05\/mathym-production-s.jpg","twitter_site":"@BaikowskiTeam","twitter_misc":{"Dur\u00e9e de lecture estim\u00e9e":"3 minutes"},"schema":{"@context":"https:\/\/schema.org","@graph":[{"@type":"WebPage","@id":"https:\/\/www.baikowski.com\/fr\/decouvrez-mathym\/","url":"https:\/\/www.baikowski.com\/fr\/decouvrez-mathym\/","name":"Mathym\u00ae | Nano-dispersions pour march\u00e9s innovants - Baikowski\u00ae","isPartOf":{"@id":"https:\/\/www.baikowski.com\/fr\/#website"},"primaryImageOfPage":{"@id":"https:\/\/www.baikowski.com\/fr\/decouvrez-mathym\/#primaryimage"},"image":{"@id":"https:\/\/www.baikowski.com\/fr\/decouvrez-mathym\/#primaryimage"},"thumbnailUrl":"https:\/\/www.baikowski.com\/wp-content\/uploads\/2024\/05\/mathym-production-s.jpg","datePublished":"2020-02-03T10:58:29+00:00","dateModified":"2024-11-07T09:00:27+00:00","description":"Mathym est une entreprise de nanotechnologies d\u00e9veloppant des nano-dispersions pour des applications exigeantes comme le dentaire. Baikowski a int\u00e9gr\u00e9 Mathym SAS en 2019.","breadcrumb":{"@id":"https:\/\/www.baikowski.com\/fr\/decouvrez-mathym\/#breadcrumb"},"inLanguage":"fr-FR","potentialAction":[{"@type":"ReadAction","target":["https:\/\/www.baikowski.com\/fr\/decouvrez-mathym\/"]}]},{"@type":"ImageObject","inLanguage":"fr-FR","@id":"https:\/\/www.baikowski.com\/fr\/decouvrez-mathym\/#primaryimage","url":"https:\/\/www.baikowski.com\/wp-content\/uploads\/2024\/05\/mathym-production-s.jpg","contentUrl":"https:\/\/www.baikowski.com\/wp-content\/uploads\/2024\/05\/mathym-production-s.jpg","width":650,"height":464,"caption":"Mathm production"},{"@type":"BreadcrumbList","@id":"https:\/\/www.baikowski.com\/fr\/decouvrez-mathym\/#breadcrumb","itemListElement":[{"@type":"ListItem","position":1,"name":"Accueil","item":"https:\/\/www.baikowski.com\/fr\/"},{"@type":"ListItem","position":2,"name":"D\u00e9couvrez Mathym\u00ae"}]},{"@type":"WebSite","@id":"https:\/\/www.baikowski.com\/fr\/#website","url":"https:\/\/www.baikowski.com\/fr\/","name":"Baikowski\u00ae","description":"Your solution partner for fine minerals","publisher":{"@id":"https:\/\/www.baikowski.com\/fr\/#organization"},"potentialAction":[{"@type":"SearchAction","target":{"@type":"EntryPoint","urlTemplate":"https:\/\/www.baikowski.com\/fr\/?s={search_term_string}"},"query-input":{"@type":"PropertyValueSpecification","valueRequired":true,"valueName":"search_term_string"}}],"inLanguage":"fr-FR"},{"@type":"Organization","@id":"https:\/\/www.baikowski.com\/fr\/#organization","name":"Baikowski\u00ae","url":"https:\/\/www.baikowski.com\/fr\/","logo":{"@type":"ImageObject","inLanguage":"fr-FR","@id":"https:\/\/www.baikowski.com\/fr\/#\/schema\/logo\/image\/","url":"https:\/\/www.baikowski.com\/wp-content\/uploads\/2020\/10\/Baikowski_blocmarque_RVB_ok.jpg","contentUrl":"https:\/\/www.baikowski.com\/wp-content\/uploads\/2020\/10\/Baikowski_blocmarque_RVB_ok.jpg","width":1977,"height":754,"caption":"Baikowski\u00ae"},"image":{"@id":"https:\/\/www.baikowski.com\/fr\/#\/schema\/logo\/image\/"},"sameAs":["https:\/\/x.com\/BaikowskiTeam","https:\/\/www.linkedin.com\/company\/baikowski","https:\/\/www.youtube.com\/channel\/UC8ypcOZkT7RxGf5HC_aW70g"]}]}},"_links":{"self":[{"href":"https:\/\/www.baikowski.com\/fr\/wp-json\/wp\/v2\/pages\/2823","targetHints":{"allow":["GET"]}}],"collection":[{"href":"https:\/\/www.baikowski.com\/fr\/wp-json\/wp\/v2\/pages"}],"about":[{"href":"https:\/\/www.baikowski.com\/fr\/wp-json\/wp\/v2\/types\/page"}],"author":[{"embeddable":true,"href":"https:\/\/www.baikowski.com\/fr\/wp-json\/wp\/v2\/users\/79"}],"replies":[{"embeddable":true,"href":"https:\/\/www.baikowski.com\/fr\/wp-json\/wp\/v2\/comments?post=2823"}],"version-history":[{"count":29,"href":"https:\/\/www.baikowski.com\/fr\/wp-json\/wp\/v2\/pages\/2823\/revisions"}],"predecessor-version":[{"id":9978,"href":"https:\/\/www.baikowski.com\/fr\/wp-json\/wp\/v2\/pages\/2823\/revisions\/9978"}],"wp:featuredmedia":[{"embeddable":true,"href":"https:\/\/www.baikowski.com\/fr\/wp-json\/wp\/v2\/media\/8995"}],"wp:attachment":[{"href":"https:\/\/www.baikowski.com\/fr\/wp-json\/wp\/v2\/media?parent=2823"}],"curies":[{"name":"wp","href":"https:\/\/api.w.org\/{rel}","templated":true}]}}