{"id":4691,"date":"2022-02-03T16:46:25","date_gmt":"2022-02-03T15:46:25","guid":{"rendered":"https:\/\/www.baikowski.com\/?page_id=4691"},"modified":"2022-06-15T11:37:26","modified_gmt":"2022-06-15T09:37:26","slug":"batterie","status":"publish","type":"page","link":"https:\/\/www.baikowski.com\/fr\/batterie\/","title":{"rendered":"Batterie"},"content":{"rendered":"<h2>Quels sont les composants de la batterie ?<\/h2>\n<p>Une batterie lithium-ion s\u2019apparente \u00e0 un sandwich comprenant une \u00e9lectrode positive, une \u00e9lectrode n\u00e9gative (plus commun\u00e9ment appel\u00e9es, respectivement, <strong>cathode et anode<\/strong>) ainsi qu\u2019un <strong>s\u00e9parateur<\/strong> plac\u00e9 entre les deux \u00e9lectrodes.<\/p>\n<p><strong>L\u2019\u00e9lectrolyte<\/strong> est un liquide organique qui permet la circulation des ions lithium entre les p\u00f4les.<\/p>\n<h3>Quel est le r\u00f4le du s\u00e9parateur au sein d\u2019une batterie ?<img loading=\"lazy\" decoding=\"async\" class=\"alignright size-medium wp-image-4697\" src=\"http:\/\/www.baikowski.com\/wp-content\/uploads\/2022\/02\/Battery-2-300x201.jpg\" alt=\"\" width=\"300\" height=\"201\" srcset=\"https:\/\/www.baikowski.com\/wp-content\/uploads\/2022\/02\/Battery-2-300x201.jpg 300w, https:\/\/www.baikowski.com\/wp-content\/uploads\/2022\/02\/Battery-2-1024x685.jpg 1024w, https:\/\/www.baikowski.com\/wp-content\/uploads\/2022\/02\/Battery-2-768x514.jpg 768w, https:\/\/www.baikowski.com\/wp-content\/uploads\/2022\/02\/Battery-2-1536x1028.jpg 1536w, https:\/\/www.baikowski.com\/wp-content\/uploads\/2022\/02\/Battery-2-2048x1371.jpg 2048w\" sizes=\"auto, (max-width: 300px) 100vw, 300px\" \/><\/h3>\n<p>Cet \u00e9lectrolyte est contenu dans une membrane microporeuse, le <strong>s\u00e9parateur<\/strong>, qui joue un double r\u00f4le.<\/p>\n<p>D\u2019une part, <strong>le s\u00e9parateur emp\u00eache les \u00e9lectrodes d\u2019entrer en contact physique<\/strong>, ce qui g\u00e9n\u00e8rerait un court-circuit interne.<\/p>\n<p>D\u2019autre part, <strong>il laisse circuler les ions lithium<\/strong> d\u2019une \u00e9lectrode \u00e0 l\u2019autre au sein de l\u2019\u00e9lectrolyte.<\/p>\n<h2>Les d\u00e9fis techniques pour la batterie<\/h2>\n<p><strong>Les batteries font face \u00e0 d\u2019importants challenges techniques<\/strong>, car de plus en plus impliqu\u00e9es dans nos vies de tous les jours. Par exemple en 2021, un Fran\u00e7ais utilisait en moyenne 21 batteries ou objets \u00e9quip\u00e9s d\u2019une batterie par an.<\/p>\n<p>Parmi les param\u00e8tres exigeants, <strong>la s\u00fbret\u00e9 et stabilit\u00e9 de la batterie sont incontournables<\/strong> pour des raisons \u00e9videntes. Mais ces d\u00e9fis sont loin d\u2019\u00eatre les seuls.<\/p>\n<p>Nous pouvons ajouter \u00e0 la liste le fait que les batteries doivent offrir des <strong>densit\u00e9s \u00e9nerg\u00e9tiques et de puissance toujours plus \u00e9lev\u00e9es<\/strong> (quantit\u00e9 d\u2019\u00e9nergie embarqu\u00e9e dans un volume donn\u00e9), avec un <strong>bon rapport co\u00fbt-efficacit\u00e9 <\/strong>et tout en \u00e9tant<strong> durable<\/strong> (nombre de cycles de charge \u00e9lev\u00e9). La fin de vie de la batterie doit aussi faire partie de l\u2019\u00e9quation\u00a0; va-t-elle \u00eatre <strong>r\u00e9utilisable<\/strong>, quel est son <strong>taux de recyclabilit\u00e9<\/strong>\u00a0?<\/p>\n<p><span class=\"large\">Tous ces d\u00e9fis techniques repr\u00e9sentent les principaux axes d\u2019innovation dans la fili\u00e8re.<\/span><\/p>\n<p><a class=\"bouton-bleu\" href=\"https:\/\/www.baikowski.com\/fr\/application\/batterie\/\">Voir les produits associ\u00e9s aux batteries<\/a><\/p>\n<p><img loading=\"lazy\" decoding=\"async\" class=\"aligncenter wp-image-4702 size-full\" src=\"http:\/\/www.baikowski.com\/wp-content\/uploads\/2022\/02\/shutterstock_533381200-e1643901657556.jpg\" alt=\"\" width=\"1500\" height=\"1000\" \/><\/p>\n<h3>Zoom sur le s\u00e9parateur<\/h3>\n<p>Sur le march\u00e9, on trouve des s\u00e9parateurs polym\u00e8re ayant \u00e9t\u00e9 d\u00e9velopp\u00e9 avec une stabilit\u00e9 m\u00e9canique et \u00e9lectrochimique suffisante. Ils pr\u00e9sentent \u00e9galement une haute porosit\u00e9.<\/p>\n<p>Cependant, <strong>ces s\u00e9parateurs de type polyol\u00e9fine souffrent d\u2019une pauvre affinit\u00e9 \u00e9lectrolytique<\/strong> due \u00e0 leur caract\u00e8re hydrophobe. De plus, leur point de fusion relativement bas induit une <strong>faible int\u00e9grit\u00e9 de structure thermique<\/strong>. En fin de compte, cela peut mener \u00e0 un court-circuit interne et \u00e0 un emballement thermique.<\/p>\n<p>C\u2019est pourquoi de <strong>nouveaux projets sont en train d\u2019\u00e9merger<\/strong>. Par exemple, garnir la polyol\u00e9fine avec des particules de haute stabilit\u00e9 thermique, telles qu\u2019une <a href=\"https:\/\/www.baikowski.com\/fr\/chemistry\/alumine\/\" target=\"_blank\" rel=\"noopener\"><strong>alumine (charge de Al<sub>2<\/sub>O<sub>3<\/sub>)<\/strong><\/a>, montre une <strong>r\u00e9duction notoire du retrait thermique<\/strong>.<\/p>\n<p>En effet, le coating (ou rev\u00eatement) c\u00e9ramique est une approche alternative. On parle ici de s\u00e9parateurs \u00e0 rev\u00eatement c\u00e9ramique (<strong>ceramic-coated separators<\/strong>\u00a0&#8211; <strong>CCSs)<\/strong>.<\/p>\n<h2>Qu\u2019apportent les oxydes comme l\u2019alumine ultra pure \u00e0 la batterie ?<\/h2>\n<p><strong>En apposant un rev\u00eatement c\u00e9ramique<\/strong> \u2013 compos\u00e9 de particules c\u00e9ramique et de liant \u2013 sur le film de base en polyol\u00e9fine, on obtient un<strong> retrait thermique drastiquement r\u00e9duit<\/strong>.<\/p>\n<p>De plus, la propri\u00e9t\u00e9 de surface hydrophile des particules c\u00e9ramique et la haute porosit\u00e9 des CCSs peuvent apporter respectivement une <strong>mouillabilit\u00e9 additionnelle \u00e0 l\u2019\u00e9lectrolyte ainsi qu\u2019un transport efficace ions lithium<\/strong>. La performance \u00e9lectrochimique de la batterie se voit ainsi augment\u00e9e. Par ailleurs, non seulement l\u2019ajout d\u2019un rev\u00eatement c\u00e9ramique est viable pour la production \u00e0 grand \u00e9chelle, mais c\u2019est aussi la fa\u00e7on la plus efficace de fabriquer des s\u00e9parateurs \u00e0 moindre co\u00fbt tout en \u00e9tant le candidat id\u00e9al pour d\u00e9velopper des <strong>s\u00e9parateurs \u00e0 s\u00e9curit\u00e9 renforc\u00e9e<\/strong>.<\/p>\n<p>Le s\u00e9parateur, charg\u00e9 avec des particules Al2O3 ou recouvert d\u2019une couche d\u2019alumine, peut \u00eatre assimil\u00e9 \u00e0 un r\u00e9seau poreux dans lequel la phase continue serait l\u2019\u00e9lectrolyte.<br \/>\nLes ions Li+ se d\u00e9placent \u00e0 l\u2019int\u00e9rieur du r\u00e9seau poreux pour atteindre les \u00e9lectrodes de la batterie.<br \/>\nL\u2019ensemble [s\u00e9parateur polym\u00e8re \u2013 particules d\u2019Al2O3 \u2013 pores] conditionnent toutes les propri\u00e9t\u00e9s recherch\u00e9es pour un s\u00e9parateur.<br \/>\nC\u2019est donc raisonnable d\u2019affirmer que tout intrant exer\u00e7ant une influence sur les caract\u00e9ristiques du r\u00e9seau poreux affectera les propri\u00e9t\u00e9s et les fonctionnalit\u00e9s du s\u00e9parateur.<\/p>\n<p><img loading=\"lazy\" decoding=\"async\" class=\"aligncenter wp-image-4618 size-full\" src=\"http:\/\/www.baikowski.com\/wp-content\/uploads\/2021\/12\/Baikowski-battery-hpa-influence.jpg\" alt=\"The influence of HPA in the Li-ion battery\" width=\"1033\" height=\"764\" srcset=\"https:\/\/www.baikowski.com\/wp-content\/uploads\/2021\/12\/Baikowski-battery-hpa-influence.jpg 1033w, https:\/\/www.baikowski.com\/wp-content\/uploads\/2021\/12\/Baikowski-battery-hpa-influence-300x222.jpg 300w, https:\/\/www.baikowski.com\/wp-content\/uploads\/2021\/12\/Baikowski-battery-hpa-influence-1024x757.jpg 1024w, https:\/\/www.baikowski.com\/wp-content\/uploads\/2021\/12\/Baikowski-battery-hpa-influence-768x568.jpg 768w\" sizes=\"auto, (max-width: 1033px) 100vw, 1033px\" \/><\/p>\n<h3>Pourquoi utiliser des produits Baikowski pour vos projets batterie ?<\/h3>\n<p>Nous savons que <strong>nos oxydes peuvent influencer<\/strong> les param\u00e8tres cit\u00e9s pr\u00e9c\u00e9demment, tout comme les propri\u00e9t\u00e9s g\u00e9n\u00e9rales du s\u00e9parateur \u00e0 savoir sa <strong>porosit\u00e9, sa perm\u00e9abilit\u00e9, sa haute stabilit\u00e9 thermique et sa r\u00e9sistance<\/strong>. C\u2019est pourquoi Baikowski a d\u00e9velopp\u00e9 des <strong><a href=\"https:\/\/www.baikowski.com\/fr\/chemistry\/alumine\/\" target=\"_blank\" rel=\"noopener\">alumines ultra pures<\/a> aux propri\u00e9t\u00e9s hautement contr\u00f4l\u00e9es<\/strong>\u00a0:<\/p>\n<ul>\n<li>Distribution de taille de particule<\/li>\n<li>Taux de particules fines<\/li>\n<li>Volume des pores<\/li>\n<li>Distribution des pores<\/li>\n<li>Potentiel z\u00eata<\/li>\n<li>Puret\u00e9 chimique<\/li>\n<\/ul>\n<p>En effet, nous sommes conscients que certains param\u00e8tres de la poudre peuvent \u00eatre d\u00e9cisifs pour leur impl\u00e9mentation dans le process client\u00a0:<\/p>\n<ul>\n<li>Coulabilit\u00e9 de la poudre<\/li>\n<li>Pulv\u00e9rulence<\/li>\n<li>Dispersibilit\u00e9 de la poudre en phase continue<\/li>\n<li>Viscosit\u00e9 pour un taux de charge donn\u00e9<\/li>\n<li>\u00ab\u00a0Dur\u00e9e de vie\u00a0\u00bb du m\u00e9lange (\u00e9volution de la viscosit\u00e9 en fonction du temps)<\/li>\n<\/ul>\n<p>A travers nos produits hautement contr\u00f4l\u00e9s<strong>, nous souhaitons offrir la meilleure solution technique<\/strong> pour le s\u00e9parateur final. En fin de compte, <strong>notre client peut avoir la main sur d\u2019int\u00e9ressantes caract\u00e9ristiques<\/strong> n\u00e9cessaires \u00e0 un s\u00e9parateur optimal :<\/p>\n<ul>\n<li>Epaisseur de la couche d\u2019Al2O3 (ou du s\u00e9parateur fini)<\/li>\n<li>Densit\u00e9 du s\u00e9parateur charg\u00e9 compar\u00e9 au s\u00e9parateur vierge<\/li>\n<li>Potentiel d\u2019absorption de l\u2019\u00e9lectrolyte<\/li>\n<li>Qualit\u00e9 d\u2019adh\u00e9sion de la couche d\u2019alumine d\u00e9pos\u00e9e en surface (cas du coating).<\/li>\n<\/ul>\n<p>Nous d\u00e9veloppons \u00e9galement de l&rsquo;<a href=\"https:\/\/www.baikowski.com\/fr\/chemistry\/alumine\/\" target=\"_blank\" rel=\"noopener\">alumine de haute puret\u00e9<\/a> du surface sp\u00e9cifique \u00e9lev\u00e9e, adapt\u00e9 au <strong>coating sur cathode et anode<\/strong>.<br \/>\nD&rsquo;autres recherches sont en cours pour l&rsquo;utilisation d&rsquo;oxydes fins dans les batteries. Par exemple, l&rsquo;<strong>\u00e9lectrolyte solide<\/strong>, et plus pr\u00e9cis\u00e9ment l&rsquo;\u00e9lectrolyte polym\u00e8re solide (SPE) sont en cours de d\u00e9veloppement. L&#8217;emploi de l&rsquo;alumine de haute puret\u00e9 dans cette technologie naissante semble pr\u00e9senter un potentiel int\u00e9ressant.<\/p>\n<p><a class=\"bouton-bleu\" href=\"https:\/\/www.baikowski.com\/fr\/application\/batterie\/\">Voir les produits associ\u00e9s aux batteries<\/a><\/p>\n<hr \/>\n<p>&nbsp;<\/p>\n<p><a href=\"https:\/\/www.baikowski.com\/fr\/bepa\/\" target=\"_blank\" rel=\"noopener\"><img loading=\"lazy\" decoding=\"async\" class=\"alignright size-full wp-image-4582\" src=\"http:\/\/www.baikowski.com\/wp-content\/uploads\/2021\/12\/BEPA-logo.png\" alt=\"\" width=\"368\" height=\"137\" srcset=\"https:\/\/www.baikowski.com\/wp-content\/uploads\/2021\/12\/BEPA-logo.png 368w, https:\/\/www.baikowski.com\/wp-content\/uploads\/2021\/12\/BEPA-logo-300x112.png 300w\" sizes=\"auto, (max-width: 368px) 100vw, 368px\" \/><\/a><\/p>\n<p>Souhaitant faire un pas de plus dans le domaine des batteries, Baikowski est entr\u00e9 dans le <strong><a href=\"https:\/\/www.baikowski.com\/fr\/bepa\/\" target=\"_blank\" rel=\"noopener\">BEPA<\/a> <\/strong>en 2021. Cette association li\u00e9e au partenariat europ\u00e9en sur les batteries <strong>regroupe\u00a0toutes les parties prenantes de la batterie<\/strong> de la Communaut\u00e9 de Recherche Europ\u00e9enne.<\/p>\n","protected":false},"excerpt":{"rendered":"<p>Quels sont les composants de la batterie ? Une batterie lithium-ion s\u2019apparente \u00e0 un sandwich comprenant une \u00e9lectrode positive, une \u00e9lectrode n\u00e9gative (plus commun\u00e9ment appel\u00e9es, respectivement, cathode et anode) ainsi qu\u2019un s\u00e9parateur plac\u00e9 entre les deux \u00e9lectrodes. L\u2019\u00e9lectrolyte est un liquide organique qui permet la circulation des ions lithium entre les p\u00f4les. Quel est le [&hellip;]<\/p>\n","protected":false},"author":79,"featured_media":4693,"parent":0,"menu_order":0,"comment_status":"closed","ping_status":"closed","template":"","meta":{"_acf_changed":false,"footnotes":""},"class_list":["post-4691","page","type-page","status-publish","has-post-thumbnail","hentry"],"acf":[],"yoast_head":"<!-- This site is optimized with the Yoast SEO plugin v25.2 - https:\/\/yoast.com\/wordpress\/plugins\/seo\/ -->\n<title>Batterie et oxydes fins - Baikowski\u00ae<\/title>\n<meta name=\"description\" content=\"Nous sommes convaincus que les oxydes fins comme l&#039;alumine ultra pure peuvent rendre les batteries plus performantes et plus s\u00fbres.\" \/>\n<meta name=\"robots\" content=\"index, follow, max-snippet:-1, max-image-preview:large, max-video-preview:-1\" \/>\n<link rel=\"canonical\" href=\"https:\/\/www.baikowski.com\/fr\/batterie\/\" \/>\n<meta name=\"twitter:card\" content=\"summary_large_image\" \/>\n<meta name=\"twitter:title\" content=\"Batterie et oxydes fins - Baikowski\u00ae\" \/>\n<meta name=\"twitter:description\" content=\"Nous sommes convaincus que les oxydes fins comme l&#039;alumine ultra pure peuvent rendre les batteries plus performantes et plus s\u00fbres.\" \/>\n<meta name=\"twitter:image\" content=\"https:\/\/www.baikowski.com\/wp-content\/uploads\/2022\/02\/shutterstock_744766768-e1712933855907.jpg\" \/>\n<meta name=\"twitter:site\" content=\"@BaikowskiTeam\" \/>\n<meta name=\"twitter:label1\" content=\"Dur\u00e9e de lecture estim\u00e9e\" \/>\n\t<meta name=\"twitter:data1\" content=\"5 minutes\" \/>\n<script type=\"application\/ld+json\" class=\"yoast-schema-graph\">{\"@context\":\"https:\/\/schema.org\",\"@graph\":[{\"@type\":\"WebPage\",\"@id\":\"https:\/\/www.baikowski.com\/fr\/batterie\/\",\"url\":\"https:\/\/www.baikowski.com\/fr\/batterie\/\",\"name\":\"Batterie et oxydes fins - Baikowski\u00ae\",\"isPartOf\":{\"@id\":\"https:\/\/www.baikowski.com\/fr\/#website\"},\"primaryImageOfPage\":{\"@id\":\"https:\/\/www.baikowski.com\/fr\/batterie\/#primaryimage\"},\"image\":{\"@id\":\"https:\/\/www.baikowski.com\/fr\/batterie\/#primaryimage\"},\"thumbnailUrl\":\"https:\/\/www.baikowski.com\/wp-content\/uploads\/2022\/02\/shutterstock_744766768-e1712933855907.jpg\",\"datePublished\":\"2022-02-03T15:46:25+00:00\",\"dateModified\":\"2022-06-15T09:37:26+00:00\",\"description\":\"Nous sommes convaincus que les oxydes fins comme l'alumine ultra pure peuvent rendre les batteries plus performantes et plus s\u00fbres.\",\"breadcrumb\":{\"@id\":\"https:\/\/www.baikowski.com\/fr\/batterie\/#breadcrumb\"},\"inLanguage\":\"fr-FR\",\"potentialAction\":[{\"@type\":\"ReadAction\",\"target\":[\"https:\/\/www.baikowski.com\/fr\/batterie\/\"]}]},{\"@type\":\"ImageObject\",\"inLanguage\":\"fr-FR\",\"@id\":\"https:\/\/www.baikowski.com\/fr\/batterie\/#primaryimage\",\"url\":\"https:\/\/www.baikowski.com\/wp-content\/uploads\/2022\/02\/shutterstock_744766768-e1712933855907.jpg\",\"contentUrl\":\"https:\/\/www.baikowski.com\/wp-content\/uploads\/2022\/02\/shutterstock_744766768-e1712933855907.jpg\",\"width\":500,\"height\":313,\"caption\":\"Li-ion battery\"},{\"@type\":\"BreadcrumbList\",\"@id\":\"https:\/\/www.baikowski.com\/fr\/batterie\/#breadcrumb\",\"itemListElement\":[{\"@type\":\"ListItem\",\"position\":1,\"name\":\"Accueil\",\"item\":\"https:\/\/www.baikowski.com\/fr\/\"},{\"@type\":\"ListItem\",\"position\":2,\"name\":\"Batterie\"}]},{\"@type\":\"WebSite\",\"@id\":\"https:\/\/www.baikowski.com\/fr\/#website\",\"url\":\"https:\/\/www.baikowski.com\/fr\/\",\"name\":\"Baikowski\u00ae\",\"description\":\"Your solution partner for fine minerals\",\"publisher\":{\"@id\":\"https:\/\/www.baikowski.com\/fr\/#organization\"},\"potentialAction\":[{\"@type\":\"SearchAction\",\"target\":{\"@type\":\"EntryPoint\",\"urlTemplate\":\"https:\/\/www.baikowski.com\/fr\/?s={search_term_string}\"},\"query-input\":{\"@type\":\"PropertyValueSpecification\",\"valueRequired\":true,\"valueName\":\"search_term_string\"}}],\"inLanguage\":\"fr-FR\"},{\"@type\":\"Organization\",\"@id\":\"https:\/\/www.baikowski.com\/fr\/#organization\",\"name\":\"Baikowski\u00ae\",\"url\":\"https:\/\/www.baikowski.com\/fr\/\",\"logo\":{\"@type\":\"ImageObject\",\"inLanguage\":\"fr-FR\",\"@id\":\"https:\/\/www.baikowski.com\/fr\/#\/schema\/logo\/image\/\",\"url\":\"https:\/\/www.baikowski.com\/wp-content\/uploads\/2020\/10\/Baikowski_blocmarque_RVB_ok.jpg\",\"contentUrl\":\"https:\/\/www.baikowski.com\/wp-content\/uploads\/2020\/10\/Baikowski_blocmarque_RVB_ok.jpg\",\"width\":1977,\"height\":754,\"caption\":\"Baikowski\u00ae\"},\"image\":{\"@id\":\"https:\/\/www.baikowski.com\/fr\/#\/schema\/logo\/image\/\"},\"sameAs\":[\"https:\/\/x.com\/BaikowskiTeam\",\"https:\/\/www.linkedin.com\/company\/baikowski\",\"https:\/\/www.youtube.com\/channel\/UC8ypcOZkT7RxGf5HC_aW70g\"]}]}<\/script>\n<!-- \/ Yoast SEO plugin. -->","yoast_head_json":{"title":"Batterie et oxydes fins - Baikowski\u00ae","description":"Nous sommes convaincus que les oxydes fins comme l'alumine ultra pure peuvent rendre les batteries plus performantes et plus s\u00fbres.","robots":{"index":"index","follow":"follow","max-snippet":"max-snippet:-1","max-image-preview":"max-image-preview:large","max-video-preview":"max-video-preview:-1"},"canonical":"https:\/\/www.baikowski.com\/fr\/batterie\/","twitter_card":"summary_large_image","twitter_title":"Batterie et oxydes fins - Baikowski\u00ae","twitter_description":"Nous sommes convaincus que les oxydes fins comme l'alumine ultra pure peuvent rendre les batteries plus performantes et plus s\u00fbres.","twitter_image":"https:\/\/www.baikowski.com\/wp-content\/uploads\/2022\/02\/shutterstock_744766768-e1712933855907.jpg","twitter_site":"@BaikowskiTeam","twitter_misc":{"Dur\u00e9e de lecture estim\u00e9e":"5 minutes"},"schema":{"@context":"https:\/\/schema.org","@graph":[{"@type":"WebPage","@id":"https:\/\/www.baikowski.com\/fr\/batterie\/","url":"https:\/\/www.baikowski.com\/fr\/batterie\/","name":"Batterie et oxydes fins - Baikowski\u00ae","isPartOf":{"@id":"https:\/\/www.baikowski.com\/fr\/#website"},"primaryImageOfPage":{"@id":"https:\/\/www.baikowski.com\/fr\/batterie\/#primaryimage"},"image":{"@id":"https:\/\/www.baikowski.com\/fr\/batterie\/#primaryimage"},"thumbnailUrl":"https:\/\/www.baikowski.com\/wp-content\/uploads\/2022\/02\/shutterstock_744766768-e1712933855907.jpg","datePublished":"2022-02-03T15:46:25+00:00","dateModified":"2022-06-15T09:37:26+00:00","description":"Nous sommes convaincus que les oxydes fins comme l'alumine ultra pure peuvent rendre les batteries plus performantes et plus s\u00fbres.","breadcrumb":{"@id":"https:\/\/www.baikowski.com\/fr\/batterie\/#breadcrumb"},"inLanguage":"fr-FR","potentialAction":[{"@type":"ReadAction","target":["https:\/\/www.baikowski.com\/fr\/batterie\/"]}]},{"@type":"ImageObject","inLanguage":"fr-FR","@id":"https:\/\/www.baikowski.com\/fr\/batterie\/#primaryimage","url":"https:\/\/www.baikowski.com\/wp-content\/uploads\/2022\/02\/shutterstock_744766768-e1712933855907.jpg","contentUrl":"https:\/\/www.baikowski.com\/wp-content\/uploads\/2022\/02\/shutterstock_744766768-e1712933855907.jpg","width":500,"height":313,"caption":"Li-ion battery"},{"@type":"BreadcrumbList","@id":"https:\/\/www.baikowski.com\/fr\/batterie\/#breadcrumb","itemListElement":[{"@type":"ListItem","position":1,"name":"Accueil","item":"https:\/\/www.baikowski.com\/fr\/"},{"@type":"ListItem","position":2,"name":"Batterie"}]},{"@type":"WebSite","@id":"https:\/\/www.baikowski.com\/fr\/#website","url":"https:\/\/www.baikowski.com\/fr\/","name":"Baikowski\u00ae","description":"Your solution partner for fine minerals","publisher":{"@id":"https:\/\/www.baikowski.com\/fr\/#organization"},"potentialAction":[{"@type":"SearchAction","target":{"@type":"EntryPoint","urlTemplate":"https:\/\/www.baikowski.com\/fr\/?s={search_term_string}"},"query-input":{"@type":"PropertyValueSpecification","valueRequired":true,"valueName":"search_term_string"}}],"inLanguage":"fr-FR"},{"@type":"Organization","@id":"https:\/\/www.baikowski.com\/fr\/#organization","name":"Baikowski\u00ae","url":"https:\/\/www.baikowski.com\/fr\/","logo":{"@type":"ImageObject","inLanguage":"fr-FR","@id":"https:\/\/www.baikowski.com\/fr\/#\/schema\/logo\/image\/","url":"https:\/\/www.baikowski.com\/wp-content\/uploads\/2020\/10\/Baikowski_blocmarque_RVB_ok.jpg","contentUrl":"https:\/\/www.baikowski.com\/wp-content\/uploads\/2020\/10\/Baikowski_blocmarque_RVB_ok.jpg","width":1977,"height":754,"caption":"Baikowski\u00ae"},"image":{"@id":"https:\/\/www.baikowski.com\/fr\/#\/schema\/logo\/image\/"},"sameAs":["https:\/\/x.com\/BaikowskiTeam","https:\/\/www.linkedin.com\/company\/baikowski","https:\/\/www.youtube.com\/channel\/UC8ypcOZkT7RxGf5HC_aW70g"]}]}},"_links":{"self":[{"href":"https:\/\/www.baikowski.com\/fr\/wp-json\/wp\/v2\/pages\/4691","targetHints":{"allow":["GET"]}}],"collection":[{"href":"https:\/\/www.baikowski.com\/fr\/wp-json\/wp\/v2\/pages"}],"about":[{"href":"https:\/\/www.baikowski.com\/fr\/wp-json\/wp\/v2\/types\/page"}],"author":[{"embeddable":true,"href":"https:\/\/www.baikowski.com\/fr\/wp-json\/wp\/v2\/users\/79"}],"replies":[{"embeddable":true,"href":"https:\/\/www.baikowski.com\/fr\/wp-json\/wp\/v2\/comments?post=4691"}],"version-history":[{"count":9,"href":"https:\/\/www.baikowski.com\/fr\/wp-json\/wp\/v2\/pages\/4691\/revisions"}],"predecessor-version":[{"id":4741,"href":"https:\/\/www.baikowski.com\/fr\/wp-json\/wp\/v2\/pages\/4691\/revisions\/4741"}],"wp:featuredmedia":[{"embeddable":true,"href":"https:\/\/www.baikowski.com\/fr\/wp-json\/wp\/v2\/media\/4693"}],"wp:attachment":[{"href":"https:\/\/www.baikowski.com\/fr\/wp-json\/wp\/v2\/media?parent=4691"}],"curies":[{"name":"wp","href":"https:\/\/api.w.org\/{rel}","templated":true}]}}