{"id":5382,"date":"2022-11-15T17:07:06","date_gmt":"2022-11-15T16:07:06","guid":{"rendered":"https:\/\/www.baikowski.com\/?page_id=5382"},"modified":"2026-04-10T10:39:03","modified_gmt":"2026-04-10T08:39:03","slug":"salons-et-conferences","status":"publish","type":"page","link":"https:\/\/www.baikowski.com\/fr\/salons-et-conferences\/","title":{"rendered":"Salons &#038; conferences"},"content":{"rendered":"<h2>Visitez-nous, nous exposons en 2025-2026<\/h2>\n<table style=\"height: 632px; width: 918px; border-style: none; border-color: #ffffff;\" width=\"918\" cellspacing=\"1\" cellpadding=\"1\">\n<tbody>\n<tr style=\"height: 83px;\">\n<td style=\"width: 92px; height: 16px; background-color: #465376; border-style: solid; border-color: #ffffff; text-align: center;\"><span style=\"color: #ffffff;\"><strong>Salons<\/strong><\/span><\/td>\n<td style=\"width: 66px; height: 16px; background-color: #465376; border-style: solid; border-color: #ffffff; text-align: center;\"><span style=\"color: #ffffff;\"><strong>Stand<\/strong><\/span><\/td>\n<td style=\"width: 99px; height: 16px; background-color: #465376; border-style: solid; border-color: #ffffff; text-align: center;\"><span style=\"color: #ffffff;\"><strong>Quand<\/strong><\/span><\/td>\n<td style=\"width: 87px; height: 16px; background-color: #465376; border-style: solid; border-color: #ffffff; text-align: center;\"><span style=\"color: #ffffff;\"><strong>O\u00f9<\/strong><\/span><\/td>\n<td style=\"width: 81px; height: 16px; background-color: #465376; border-style: solid; border-color: #ffffff; text-align: center;\"><span style=\"color: #ffffff;\"><strong>A propos<\/strong><\/span><\/td>\n<td style=\"width: 87px; height: 16px; background-color: #465376; border-style: solid; border-color: #ffffff; text-align: center;\"><span style=\"color: #ffffff;\"><strong>Soci\u00e9t\u00e9<br \/>\n<\/strong><\/span><span style=\"color: #ffffff;\"><strong>Baikowski\u00ae\u00a0<\/strong><\/span><\/td>\n<\/tr>\n<tr style=\"height: 72px;\">\n<td style=\"width: 92px; background-color: #e0e0e0; border-style: none; height: 59px; vertical-align: middle; border-color: #ffffff; text-align: center;\"><strong>Semicon Japan<\/strong><\/td>\n<td style=\"width: 66px; background-color: #e0e0e0; border-style: none; height: 59px; border-color: #ffffff; text-align: center;\">6006<\/td>\n<td style=\"width: 99px; background-color: #e0e0e0; border-style: none; height: 59px; border-color: #ffffff; text-align: center;\">17-19\/12\/2025<\/td>\n<td style=\"width: 87px; background-color: #e0e0e0; border-style: none; height: 59px; border-color: #ffffff; text-align: center;\">Tokyo &#8211; <strong>Japon<\/strong><\/td>\n<td style=\"width: 81px; background-color: #e0e0e0; border-style: none; height: 59px; border-color: #ffffff; text-align: center;\">Semiconducteurs<\/td>\n<td style=\"width: 87px; background-color: #e0e0e0; border-style: none; height: 59px; border-color: #ffffff; text-align: center;\">Baikowski\u00ae Japan Co<\/td>\n<\/tr>\n<tr style=\"height: 103px;\">\n<td style=\"width: 92px; background-color: #e0e0e0; border-style: none; height: 58px; vertical-align: middle; border-color: #ffffff; text-align: center;\"><a href=\"https:\/\/www.baikowski.com\/fr\/ceramitec-2026-une-nouvelle-alumine-rtp-stand-507\/\"><strong>Ceramitec<\/strong><\/a><\/td>\n<td style=\"width: 66px; background-color: #e0e0e0; border-style: none; height: 58px; border-color: #ffffff; text-align: center;\">507<\/td>\n<td style=\"width: 99px; background-color: #e0e0e0; border-style: none; height: 58px; border-color: #ffffff; text-align: center;\">24-26\/03\/2026<\/td>\n<td style=\"width: 87px; background-color: #e0e0e0; border-style: none; height: 58px; border-color: #ffffff; text-align: center;\">Munich-<strong>Allemagne<\/strong><\/td>\n<td style=\"width: 81px; background-color: #e0e0e0; border-style: none; height: 58px; border-color: #ffffff; text-align: center;\">C\u00e9ramiques avanc\u00e9es<\/td>\n<td style=\"width: 87px; background-color: #e0e0e0; border-style: none; height: 58px; border-color: #ffffff; text-align: center;\">Baikowski France<\/td>\n<\/tr>\n<tr style=\"height: 72px;\">\n<td style=\"width: 92px; background-color: #e0e0e0; border-style: none; height: 60px; vertical-align: middle; border-color: #ffffff; text-align: center;\"><strong>Semicon China<\/strong><\/td>\n<td style=\"width: 66px; background-color: #e0e0e0; border-style: none; height: 60px; border-color: #ffffff; text-align: center;\">2304<\/td>\n<td style=\"width: 99px; background-color: #e0e0e0; border-style: none; height: 60px; border-color: #ffffff; text-align: center;\">25-27\/03\/2026<\/td>\n<td style=\"width: 87px; background-color: #e0e0e0; border-style: none; height: 60px; border-color: #ffffff; text-align: center;\">Shangai &#8211;<strong>Chine<\/strong><\/td>\n<td style=\"width: 81px; background-color: #e0e0e0; border-style: none; height: 60px; border-color: #ffffff; text-align: center;\">Semiconducteurs<\/td>\n<td style=\"width: 87px; background-color: #e0e0e0; border-style: none; height: 60px; border-color: #ffffff; text-align: center;\">Gomore\u00ae (dealer)<\/td>\n<\/tr>\n<tr style=\"height: 72px;\">\n<td style=\"width: 92px; background-color: #e0e0e0; border-style: none; height: 59px; vertical-align: middle; border-color: #ffffff; text-align: center;\"><strong>Ceramics Expo<\/strong><\/td>\n<td style=\"width: 66px; background-color: #e0e0e0; border-style: none; height: 59px; border-color: #ffffff; text-align: center;\">322<\/td>\n<td style=\"width: 99px; background-color: #e0e0e0; border-style: none; height: 59px; border-color: #ffffff; text-align: center;\">5-6\/05\/26<\/td>\n<td style=\"width: 87px; background-color: #e0e0e0; border-style: none; height: 59px; border-color: #ffffff; text-align: center;\">Cleveland-<strong>USA<\/strong><\/td>\n<td style=\"width: 81px; background-color: #e0e0e0; border-style: none; height: 59px; border-color: #ffffff; text-align: center;\">C\u00e9ramiques avanc\u00e9es<\/td>\n<td style=\"width: 87px; background-color: #e0e0e0; border-style: none; height: 59px; border-color: #ffffff; text-align: center;\">Baikowski\u00ae Int. Co<\/td>\n<\/tr>\n<tr style=\"height: 103px;\">\n<td style=\"width: 92px; background-color: #e0e0e0; border-style: none; height: 75px; vertical-align: middle; border-color: #ffffff; text-align: center;\"><strong>Ceramic Japan<\/strong><\/td>\n<td style=\"width: 66px; background-color: #e0e0e0; border-style: none; height: 75px; border-color: #ffffff; text-align: center;\"><\/td>\n<td style=\"width: 99px; background-color: #e0e0e0; border-style: none; height: 75px; border-color: #ffffff; text-align: center;\">13-15\/05\/2026<\/td>\n<td style=\"width: 87px; background-color: #e0e0e0; border-style: none; height: 75px; border-color: #ffffff; text-align: center;\">Osaka-<strong>Japon<\/strong><\/td>\n<td style=\"width: 81px; background-color: #e0e0e0; border-style: none; height: 75px; border-color: #ffffff; text-align: center;\">C\u00e9ramiques<\/td>\n<td style=\"width: 87px; background-color: #e0e0e0; border-style: none; height: 75px; border-color: #ffffff; text-align: center;\">Baikowski\u00ae Japan Co<\/td>\n<\/tr>\n<tr style=\"height: 58px;\">\n<td style=\"width: 92px; background-color: #e0e0e0; border-style: none; vertical-align: middle; border-color: #ffffff; text-align: center; height: 58px;\"><strong>Mat\u00e9riaux 2026<\/strong><\/td>\n<td style=\"width: 66px; background-color: #e0e0e0; border-style: none; border-color: #ffffff; text-align: center; height: 58px;\"><\/td>\n<td style=\"width: 99px; background-color: #e0e0e0; border-style: none; border-color: #ffffff; text-align: center; height: 58px;\">16-20\/11\/2026<\/td>\n<td style=\"width: 87px; background-color: #e0e0e0; border-style: none; border-color: #ffffff; text-align: center; height: 58px;\">Grenoble- <strong>France<\/strong><\/td>\n<td style=\"width: 81px; background-color: #e0e0e0; border-style: none; border-color: #ffffff; text-align: center; height: 58px;\"><\/td>\n<td style=\"width: 87px; background-color: #e0e0e0; border-style: none; border-color: #ffffff; text-align: center; height: 58px;\">Baikowski France<\/td>\n<\/tr>\n<\/tbody>\n<\/table>\n<p>&nbsp;<\/p>\n<p><strong>Pour obtenir les derni\u00e8res informations<\/strong><\/p>\n<script>(function() {\n\twindow.mc4wp = window.mc4wp || {\n\t\tlisteners: [],\n\t\tforms: {\n\t\t\ton: function(evt, cb) {\n\t\t\t\twindow.mc4wp.listeners.push(\n\t\t\t\t\t{\n\t\t\t\t\t\tevent   : evt,\n\t\t\t\t\t\tcallback: cb\n\t\t\t\t\t}\n\t\t\t\t);\n\t\t\t}\n\t\t}\n\t}\n})();\n<\/script><!-- Mailchimp for WordPress v4.10.4 - https:\/\/wordpress.org\/plugins\/mailchimp-for-wp\/ --><form id=\"mc4wp-form-1\" class=\"mc4wp-form mc4wp-form-1760\" method=\"post\" data-id=\"1760\" data-name=\"\" ><div class=\"mc4wp-form-fields\"><div class=\"form-items\">\r\n  <input name=\"EMAIL\" required=\"\" type=\"email\" placeholder=\"Votre email\" \/>\r\n  <label>\r\n    <input name=\"AGREE_TO_TERMS\" required=\"\" type=\"checkbox\" value=\"1\" \/> Je consens au traitement de mes donn\u00e9es conform\u00e9ment \u00e0 la <a href=\"http:\/\/www.baikowski.com\/fr\/politique-de-confidentialite\/\" target=\"_blank\" rel=\"noopener\">politique de confidentialit\u00e9 et de protection des donn\u00e9es<\/a>.*\r\n  <\/label>\r\n<\/div>\r\n<div class=\"form-actions\">\r\n  <input type=\"submit\" value=\"Soumettre\" \/>\r\n<\/div>\r\n<\/div><label style=\"display: none !important;\">Laissez ce champ vide si vous \u00eates humain\u00a0: <input type=\"text\" name=\"_mc4wp_honeypot\" value=\"\" tabindex=\"-1\" autocomplete=\"off\" \/><\/label><input type=\"hidden\" name=\"_mc4wp_timestamp\" value=\"1775823263\" \/><input type=\"hidden\" name=\"_mc4wp_form_id\" value=\"1760\" \/><input type=\"hidden\" name=\"_mc4wp_form_element_id\" value=\"mc4wp-form-1\" \/><div class=\"mc4wp-response\"><\/div><\/form><!-- \/ Mailchimp for WordPress Plugin -->\n<h2><\/h2>\n<h2 style=\"text-align: left;\">Conf\u00e9rences \u00e0 visionner<\/h2>\n<p>Journ\u00e9es de la formulation 2022 :<br \/>\n<strong>La suspension d\u2019alumine comme variable d\u2019ajustement pour les composites ox-ox<\/strong><\/p>\n<p style=\"text-align: left;\"><a class=\"bouton-bleu\" href=\"https:\/\/www.baikowski.com\/fr\/les-journees-de-la-formulation-2022\/\" rel=\"La suspension d\u2019alumine comme variable d\u2019ajustement pour les composites ox-ox noopener\"> Voir la video de la conf\u00e9rence <\/a><\/p>\n<p>&nbsp;<\/p>\n","protected":false},"excerpt":{"rendered":"<p>Visitez-nous, nous exposons en 2025-2026 Salons Stand Quand O\u00f9 A propos Soci\u00e9t\u00e9 Baikowski\u00ae\u00a0 Semicon Japan 6006 17-19\/12\/2025 Tokyo &#8211; Japon Semiconducteurs Baikowski\u00ae Japan Co Ceramitec 507 24-26\/03\/2026 Munich-Allemagne C\u00e9ramiques avanc\u00e9es Baikowski France Semicon China 2304 25-27\/03\/2026 Shangai &#8211;Chine Semiconducteurs Gomore\u00ae (dealer) Ceramics Expo 322 5-6\/05\/26 Cleveland-USA C\u00e9ramiques avanc\u00e9es Baikowski\u00ae Int. Co Ceramic Japan 13-15\/05\/2026 Osaka-Japon [&hellip;]<\/p>\n","protected":false},"author":1076,"featured_media":5456,"parent":0,"menu_order":0,"comment_status":"closed","ping_status":"closed","template":"","meta":{"_acf_changed":false,"footnotes":""},"class_list":["post-5382","page","type-page","status-publish","has-post-thumbnail","hentry"],"acf":[],"yoast_head":"<!-- This site is optimized with the Yoast SEO plugin v25.2 - https:\/\/yoast.com\/wordpress\/plugins\/seo\/ -->\n<title>Salons &amp; conferences - Baikowski\u00ae<\/title>\n<meta name=\"description\" content=\"Rencontrez nous sur diff\u00e9rents salons en France et aux USA. D\u00e9couvrez la liste ici et n&#039;h\u00e9sitez pas \u00e0 nous contacter pour planifier un RDV\" \/>\n<meta name=\"robots\" content=\"index, follow, max-snippet:-1, max-image-preview:large, max-video-preview:-1\" \/>\n<link rel=\"canonical\" href=\"https:\/\/www.baikowski.com\/fr\/salons-et-conferences\/\" \/>\n<meta name=\"twitter:card\" content=\"summary_large_image\" \/>\n<meta name=\"twitter:title\" content=\"Salons &amp; conferences - Baikowski\u00ae\" \/>\n<meta name=\"twitter:description\" content=\"Rencontrez nous sur diff\u00e9rents salons en France et aux USA. D\u00e9couvrez la liste ici et n&#039;h\u00e9sitez pas \u00e0 nous contacter pour planifier un RDV\" \/>\n<meta name=\"twitter:image\" content=\"https:\/\/www.baikowski.com\/wp-content\/uploads\/2022\/11\/Fairs.jpg\" \/>\n<meta name=\"twitter:site\" content=\"@BaikowskiTeam\" \/>\n<meta name=\"twitter:label1\" content=\"Dur\u00e9e de lecture estim\u00e9e\" \/>\n\t<meta name=\"twitter:data1\" content=\"1 minute\" \/>\n<script type=\"application\/ld+json\" class=\"yoast-schema-graph\">{\"@context\":\"https:\/\/schema.org\",\"@graph\":[{\"@type\":\"WebPage\",\"@id\":\"https:\/\/www.baikowski.com\/fr\/salons-et-conferences\/\",\"url\":\"https:\/\/www.baikowski.com\/fr\/salons-et-conferences\/\",\"name\":\"Salons & conferences - Baikowski\u00ae\",\"isPartOf\":{\"@id\":\"https:\/\/www.baikowski.com\/fr\/#website\"},\"primaryImageOfPage\":{\"@id\":\"https:\/\/www.baikowski.com\/fr\/salons-et-conferences\/#primaryimage\"},\"image\":{\"@id\":\"https:\/\/www.baikowski.com\/fr\/salons-et-conferences\/#primaryimage\"},\"thumbnailUrl\":\"https:\/\/www.baikowski.com\/wp-content\/uploads\/2022\/11\/Fairs.jpg\",\"datePublished\":\"2022-11-15T16:07:06+00:00\",\"dateModified\":\"2026-04-10T08:39:03+00:00\",\"description\":\"Rencontrez nous sur diff\u00e9rents salons en France et aux USA. D\u00e9couvrez la liste ici et n'h\u00e9sitez pas \u00e0 nous contacter pour planifier un RDV\",\"breadcrumb\":{\"@id\":\"https:\/\/www.baikowski.com\/fr\/salons-et-conferences\/#breadcrumb\"},\"inLanguage\":\"fr-FR\",\"potentialAction\":[{\"@type\":\"ReadAction\",\"target\":[\"https:\/\/www.baikowski.com\/fr\/salons-et-conferences\/\"]}]},{\"@type\":\"ImageObject\",\"inLanguage\":\"fr-FR\",\"@id\":\"https:\/\/www.baikowski.com\/fr\/salons-et-conferences\/#primaryimage\",\"url\":\"https:\/\/www.baikowski.com\/wp-content\/uploads\/2022\/11\/Fairs.jpg\",\"contentUrl\":\"https:\/\/www.baikowski.com\/wp-content\/uploads\/2022\/11\/Fairs.jpg\",\"width\":500,\"height\":335,\"caption\":\"Baikowski Fairs and conference 2022 - 2023\"},{\"@type\":\"BreadcrumbList\",\"@id\":\"https:\/\/www.baikowski.com\/fr\/salons-et-conferences\/#breadcrumb\",\"itemListElement\":[{\"@type\":\"ListItem\",\"position\":1,\"name\":\"Accueil\",\"item\":\"https:\/\/www.baikowski.com\/fr\/\"},{\"@type\":\"ListItem\",\"position\":2,\"name\":\"Salons &#038; conferences\"}]},{\"@type\":\"WebSite\",\"@id\":\"https:\/\/www.baikowski.com\/fr\/#website\",\"url\":\"https:\/\/www.baikowski.com\/fr\/\",\"name\":\"Baikowski\u00ae\",\"description\":\"Your solution partner for fine minerals\",\"publisher\":{\"@id\":\"https:\/\/www.baikowski.com\/fr\/#organization\"},\"potentialAction\":[{\"@type\":\"SearchAction\",\"target\":{\"@type\":\"EntryPoint\",\"urlTemplate\":\"https:\/\/www.baikowski.com\/fr\/?s={search_term_string}\"},\"query-input\":{\"@type\":\"PropertyValueSpecification\",\"valueRequired\":true,\"valueName\":\"search_term_string\"}}],\"inLanguage\":\"fr-FR\"},{\"@type\":\"Organization\",\"@id\":\"https:\/\/www.baikowski.com\/fr\/#organization\",\"name\":\"Baikowski\u00ae\",\"url\":\"https:\/\/www.baikowski.com\/fr\/\",\"logo\":{\"@type\":\"ImageObject\",\"inLanguage\":\"fr-FR\",\"@id\":\"https:\/\/www.baikowski.com\/fr\/#\/schema\/logo\/image\/\",\"url\":\"https:\/\/www.baikowski.com\/wp-content\/uploads\/2020\/10\/Baikowski_blocmarque_RVB_ok.jpg\",\"contentUrl\":\"https:\/\/www.baikowski.com\/wp-content\/uploads\/2020\/10\/Baikowski_blocmarque_RVB_ok.jpg\",\"width\":1977,\"height\":754,\"caption\":\"Baikowski\u00ae\"},\"image\":{\"@id\":\"https:\/\/www.baikowski.com\/fr\/#\/schema\/logo\/image\/\"},\"sameAs\":[\"https:\/\/x.com\/BaikowskiTeam\",\"https:\/\/www.linkedin.com\/company\/baikowski\",\"https:\/\/www.youtube.com\/channel\/UC8ypcOZkT7RxGf5HC_aW70g\"]}]}<\/script>\n<!-- \/ Yoast SEO plugin. -->","yoast_head_json":{"title":"Salons & conferences - Baikowski\u00ae","description":"Rencontrez nous sur diff\u00e9rents salons en France et aux USA. D\u00e9couvrez la liste ici et n'h\u00e9sitez pas \u00e0 nous contacter pour planifier un RDV","robots":{"index":"index","follow":"follow","max-snippet":"max-snippet:-1","max-image-preview":"max-image-preview:large","max-video-preview":"max-video-preview:-1"},"canonical":"https:\/\/www.baikowski.com\/fr\/salons-et-conferences\/","twitter_card":"summary_large_image","twitter_title":"Salons & conferences - Baikowski\u00ae","twitter_description":"Rencontrez nous sur diff\u00e9rents salons en France et aux USA. D\u00e9couvrez la liste ici et n'h\u00e9sitez pas \u00e0 nous contacter pour planifier un RDV","twitter_image":"https:\/\/www.baikowski.com\/wp-content\/uploads\/2022\/11\/Fairs.jpg","twitter_site":"@BaikowskiTeam","twitter_misc":{"Dur\u00e9e de lecture estim\u00e9e":"1 minute"},"schema":{"@context":"https:\/\/schema.org","@graph":[{"@type":"WebPage","@id":"https:\/\/www.baikowski.com\/fr\/salons-et-conferences\/","url":"https:\/\/www.baikowski.com\/fr\/salons-et-conferences\/","name":"Salons & conferences - Baikowski\u00ae","isPartOf":{"@id":"https:\/\/www.baikowski.com\/fr\/#website"},"primaryImageOfPage":{"@id":"https:\/\/www.baikowski.com\/fr\/salons-et-conferences\/#primaryimage"},"image":{"@id":"https:\/\/www.baikowski.com\/fr\/salons-et-conferences\/#primaryimage"},"thumbnailUrl":"https:\/\/www.baikowski.com\/wp-content\/uploads\/2022\/11\/Fairs.jpg","datePublished":"2022-11-15T16:07:06+00:00","dateModified":"2026-04-10T08:39:03+00:00","description":"Rencontrez nous sur diff\u00e9rents salons en France et aux USA. D\u00e9couvrez la liste ici et n'h\u00e9sitez pas \u00e0 nous contacter pour planifier un RDV","breadcrumb":{"@id":"https:\/\/www.baikowski.com\/fr\/salons-et-conferences\/#breadcrumb"},"inLanguage":"fr-FR","potentialAction":[{"@type":"ReadAction","target":["https:\/\/www.baikowski.com\/fr\/salons-et-conferences\/"]}]},{"@type":"ImageObject","inLanguage":"fr-FR","@id":"https:\/\/www.baikowski.com\/fr\/salons-et-conferences\/#primaryimage","url":"https:\/\/www.baikowski.com\/wp-content\/uploads\/2022\/11\/Fairs.jpg","contentUrl":"https:\/\/www.baikowski.com\/wp-content\/uploads\/2022\/11\/Fairs.jpg","width":500,"height":335,"caption":"Baikowski Fairs and conference 2022 - 2023"},{"@type":"BreadcrumbList","@id":"https:\/\/www.baikowski.com\/fr\/salons-et-conferences\/#breadcrumb","itemListElement":[{"@type":"ListItem","position":1,"name":"Accueil","item":"https:\/\/www.baikowski.com\/fr\/"},{"@type":"ListItem","position":2,"name":"Salons &#038; conferences"}]},{"@type":"WebSite","@id":"https:\/\/www.baikowski.com\/fr\/#website","url":"https:\/\/www.baikowski.com\/fr\/","name":"Baikowski\u00ae","description":"Your solution partner for fine minerals","publisher":{"@id":"https:\/\/www.baikowski.com\/fr\/#organization"},"potentialAction":[{"@type":"SearchAction","target":{"@type":"EntryPoint","urlTemplate":"https:\/\/www.baikowski.com\/fr\/?s={search_term_string}"},"query-input":{"@type":"PropertyValueSpecification","valueRequired":true,"valueName":"search_term_string"}}],"inLanguage":"fr-FR"},{"@type":"Organization","@id":"https:\/\/www.baikowski.com\/fr\/#organization","name":"Baikowski\u00ae","url":"https:\/\/www.baikowski.com\/fr\/","logo":{"@type":"ImageObject","inLanguage":"fr-FR","@id":"https:\/\/www.baikowski.com\/fr\/#\/schema\/logo\/image\/","url":"https:\/\/www.baikowski.com\/wp-content\/uploads\/2020\/10\/Baikowski_blocmarque_RVB_ok.jpg","contentUrl":"https:\/\/www.baikowski.com\/wp-content\/uploads\/2020\/10\/Baikowski_blocmarque_RVB_ok.jpg","width":1977,"height":754,"caption":"Baikowski\u00ae"},"image":{"@id":"https:\/\/www.baikowski.com\/fr\/#\/schema\/logo\/image\/"},"sameAs":["https:\/\/x.com\/BaikowskiTeam","https:\/\/www.linkedin.com\/company\/baikowski","https:\/\/www.youtube.com\/channel\/UC8ypcOZkT7RxGf5HC_aW70g"]}]}},"_links":{"self":[{"href":"https:\/\/www.baikowski.com\/fr\/wp-json\/wp\/v2\/pages\/5382","targetHints":{"allow":["GET"]}}],"collection":[{"href":"https:\/\/www.baikowski.com\/fr\/wp-json\/wp\/v2\/pages"}],"about":[{"href":"https:\/\/www.baikowski.com\/fr\/wp-json\/wp\/v2\/types\/page"}],"author":[{"embeddable":true,"href":"https:\/\/www.baikowski.com\/fr\/wp-json\/wp\/v2\/users\/1076"}],"replies":[{"embeddable":true,"href":"https:\/\/www.baikowski.com\/fr\/wp-json\/wp\/v2\/comments?post=5382"}],"version-history":[{"count":82,"href":"https:\/\/www.baikowski.com\/fr\/wp-json\/wp\/v2\/pages\/5382\/revisions"}],"predecessor-version":[{"id":13162,"href":"https:\/\/www.baikowski.com\/fr\/wp-json\/wp\/v2\/pages\/5382\/revisions\/13162"}],"wp:featuredmedia":[{"embeddable":true,"href":"https:\/\/www.baikowski.com\/fr\/wp-json\/wp\/v2\/media\/5456"}],"wp:attachment":[{"href":"https:\/\/www.baikowski.com\/fr\/wp-json\/wp\/v2\/media?parent=5382"}],"curies":[{"name":"wp","href":"https:\/\/api.w.org\/{rel}","templated":true}]}}