{"id":7046,"date":"2023-06-09T12:04:31","date_gmt":"2023-06-09T10:04:31","guid":{"rendered":"https:\/\/www.baikowski.com\/?page_id=7046"},"modified":"2025-02-19T11:07:40","modified_gmt":"2025-02-19T10:07:40","slug":"decarbonation-consommation-responsble","status":"publish","type":"page","link":"https:\/\/www.baikowski.com\/fr\/decarbonation-consommation-responsble\/","title":{"rendered":"D\u00e9carbonation &#038; consommation responsable"},"content":{"rendered":"<h2>Notre engagement bas-carbone<\/h2>\n<p>L&rsquo;industrie fran\u00e7aise dont le secteur de la chimie, repr\u00e9sente environ 20% des \u00e9missions de gaz \u00e0 effet de serre (GES} de France.<br \/>\n<strong>La d\u00e9carbonation de l&rsquo;industrie est un enjeu majeur du plan France 2030<\/strong> avec un objectif de r\u00e9duire de 35% les \u00e9missions de GES dans ce secteur entre 2015 et 2030.<\/p>\n<p><strong>Baikowski en tant qu&rsquo;industriel responsable s&rsquo;inscrit dans cette d\u00e9marche<\/strong> visant \u00e0 minimiser nos consommations d&rsquo;\u00e9nergie et d&rsquo;eau, et \u00e0 r\u00e9duire la quantit\u00e9 de d\u00e9chets \u00e9mis li\u00e9s \u00e0 nos activit\u00e9s, pour pr\u00e9server l&rsquo;environnement tout en p\u00e9rennisant notre mod\u00e8le \u00e9conomique.<\/p>\n<p><img loading=\"lazy\" decoding=\"async\" class=\"wp-image-5372 alignleft\" src=\"https:\/\/www.baikowski.com\/wp-content\/uploads\/2022\/11\/ADEME-ECOLOGY-e1739958657276-289x300.jpg\" alt=\"\" width=\"329\" height=\"341\" srcset=\"https:\/\/www.baikowski.com\/wp-content\/uploads\/2022\/11\/ADEME-ECOLOGY-e1739958657276-289x300.jpg 289w, https:\/\/www.baikowski.com\/wp-content\/uploads\/2022\/11\/ADEME-ECOLOGY-e1739958657276.jpg 321w\" sizes=\"auto, (max-width: 329px) 100vw, 329px\" \/>Notre objectif est de r\u00e9duire l&#8217;empreinte environnementale de nos activit\u00e9s en optimisant l&rsquo;efficacit\u00e9 \u00e9nerg\u00e9tique de nos proc\u00e9d\u00e9s et installations, et en limitant nos \u00e9missions.<\/p>\n<p>Apr\u00e8s la r\u00e9alisation en 2022 d&rsquo;un <strong>Bilan Carbone\u00ae,<\/strong> Baikowski<span style=\"color: #000000;\">\u00ae<\/span> a \u00e9t\u00e9 s\u00e9lectionn\u00e9 par<a href=\"https:\/\/www.baikowski.com\/fr\/accelerer-la-transition-industrielle\/\"> l&rsquo;ADEME pour mener une \u00e9tude d&rsquo;opportunit\u00e9 sur le mix \u00e9nerg\u00e9tique<\/a>, afin d&rsquo;identifier des axes de d\u00e9carbonation de nos activit\u00e9s.<\/p>\n<p>L&rsquo;eau est \u00e9galement essentielle dans notre process de production, que ce soit pour la fabrication de l&rsquo;alun, le refroidissement des gaz et des installations ou encore pour la production de vapeur. C&rsquo;est pourquoi nous nous devons d&rsquo;en faire une consommation responsable. Conform\u00e9ment \u00e0 cet engagement, notre site de Poisy en France avait d\u00e9j\u00e0 atteint <strong>une r\u00e9duction durable de 20% de sa consommation d&rsquo;eau<\/strong> en 2024, gr\u00e2ce \u00e0 de nouvelles technologies optimisant notre utilisation.<\/p>\n<h2>Notre politique environnement et \u00e9nergies<\/h2>\n<p>Depuis 2023, notre politique s&rsquo;articule autour de 4 axes:<\/p>\n<ul>\n<li style=\"text-align: left;\"><span style=\"color: #339966;\"><strong>R\u00e9duire notre empreinte carbone<\/strong> <\/span>par la d\u00e9carbonation de nos proc\u00e9d\u00e9s,<br \/>\nqui inclut l&rsquo;am\u00e9lioration constante de nos process de production, ainsi qu&rsquo;une d\u00e9marche d&rsquo;am\u00e9lioration de l&rsquo;efficacit\u00e9 \u00e9nerg\u00e9tique de nos \u00e9quipements.<\/li>\n<li style=\"text-align: left;\"><span style=\"color: #339966;\"><strong>Agir sur nos consommations<\/strong><\/span><\/li>\n<li style=\"text-align: left;\">Etablir notre <span style=\"color: #339966;\"><strong>Plan de Sobri\u00e9t\u00e9 Hydrique (PSH)<\/strong><\/span><\/li>\n<li style=\"text-align: left;\">Am\u00e9liorer la<span style=\"color: #339966;\"><strong> valorisation de nos d\u00e9chets<\/strong><\/span><\/li>\n<\/ul>\n<h2>Notre objectif : 45% de r\u00e9duction des \u00e9missions GES dont 25% d\u00e9j\u00e0 atteints<\/h2>\n<p><span style=\"color: #000000;\">2015 &#8211; 2021 : Baikowski\u00ae a d\u00e9j\u00e0 <strong><span style=\"color: #339966;\">r\u00e9duit de plus de 25% ses \u00e9missions de GES<\/span><\/strong> par l&rsquo;\u00e9volution de son activit\u00e9.<\/span><br \/>\n<span style=\"color: #000000;\">2021- 2030 : notre objectif est une r\u00e9duction <strong><span style=\"color: #339966;\">d&rsquo;au moins 20% suppl\u00e9mentaires <\/span><\/strong>\u00a0par des actions et des investissements cibl\u00e9s.<\/span><\/p>\n<p>Cette <strong>d\u00e9marche responsable<\/strong> est en lien avec la volont\u00e9 de Baikowski\u00ae de participer activement au d\u00e9veloppement des technologies p\u00e9rennes du futur.<\/p>\n","protected":false},"excerpt":{"rendered":"<p>Notre engagement bas-carbone L&rsquo;industrie fran\u00e7aise dont le secteur de la chimie, repr\u00e9sente environ 20% des \u00e9missions de gaz \u00e0 effet de serre (GES} de France. La d\u00e9carbonation de l&rsquo;industrie est un enjeu majeur du plan France 2030 avec un objectif de r\u00e9duire de 35% les \u00e9missions de GES dans ce secteur entre 2015 et 2030. [&hellip;]<\/p>\n","protected":false},"author":1076,"featured_media":1420,"parent":0,"menu_order":0,"comment_status":"closed","ping_status":"closed","template":"","meta":{"_acf_changed":false,"footnotes":""},"class_list":["post-7046","page","type-page","status-publish","has-post-thumbnail","hentry"],"acf":[],"yoast_head":"<!-- This site is optimized with the Yoast SEO plugin v25.2 - https:\/\/yoast.com\/wordpress\/plugins\/seo\/ -->\n<title>D\u00e9carbonation &amp; consommation responsable - Baikowski\u00ae<\/title>\n<meta name=\"robots\" content=\"index, follow, max-snippet:-1, max-image-preview:large, max-video-preview:-1\" \/>\n<link rel=\"canonical\" href=\"https:\/\/www.baikowski.com\/fr\/decarbonation-consommation-responsble\/\" \/>\n<meta name=\"twitter:card\" content=\"summary_large_image\" \/>\n<meta name=\"twitter:title\" content=\"D\u00e9carbonation &amp; consommation responsable - Baikowski\u00ae\" \/>\n<meta name=\"twitter:description\" content=\"Notre engagement bas-carbone L&rsquo;industrie fran\u00e7aise dont le secteur de la chimie, repr\u00e9sente environ 20% des \u00e9missions de gaz \u00e0 effet de serre (GES} de France. La d\u00e9carbonation de l&rsquo;industrie est un enjeu majeur du plan France 2030 avec un objectif de r\u00e9duire de 35% les \u00e9missions de GES dans ce secteur entre 2015 et 2030. [&hellip;]\" \/>\n<meta name=\"twitter:image\" content=\"https:\/\/www.baikowski.com\/wp-content\/uploads\/2019\/10\/shutterstock_563384638.png\" \/>\n<meta name=\"twitter:site\" content=\"@BaikowskiTeam\" \/>\n<meta name=\"twitter:label1\" content=\"Dur\u00e9e de lecture estim\u00e9e\" \/>\n\t<meta name=\"twitter:data1\" content=\"2 minutes\" \/>\n<script type=\"application\/ld+json\" class=\"yoast-schema-graph\">{\"@context\":\"https:\/\/schema.org\",\"@graph\":[{\"@type\":\"WebPage\",\"@id\":\"https:\/\/www.baikowski.com\/fr\/decarbonation-consommation-responsble\/\",\"url\":\"https:\/\/www.baikowski.com\/fr\/decarbonation-consommation-responsble\/\",\"name\":\"D\u00e9carbonation & consommation responsable - Baikowski\u00ae\",\"isPartOf\":{\"@id\":\"https:\/\/www.baikowski.com\/fr\/#website\"},\"primaryImageOfPage\":{\"@id\":\"https:\/\/www.baikowski.com\/fr\/decarbonation-consommation-responsble\/#primaryimage\"},\"image\":{\"@id\":\"https:\/\/www.baikowski.com\/fr\/decarbonation-consommation-responsble\/#primaryimage\"},\"thumbnailUrl\":\"https:\/\/www.baikowski.com\/wp-content\/uploads\/2019\/10\/shutterstock_563384638.png\",\"datePublished\":\"2023-06-09T10:04:31+00:00\",\"dateModified\":\"2025-02-19T10:07:40+00:00\",\"breadcrumb\":{\"@id\":\"https:\/\/www.baikowski.com\/fr\/decarbonation-consommation-responsble\/#breadcrumb\"},\"inLanguage\":\"fr-FR\",\"potentialAction\":[{\"@type\":\"ReadAction\",\"target\":[\"https:\/\/www.baikowski.com\/fr\/decarbonation-consommation-responsble\/\"]}]},{\"@type\":\"ImageObject\",\"inLanguage\":\"fr-FR\",\"@id\":\"https:\/\/www.baikowski.com\/fr\/decarbonation-consommation-responsble\/#primaryimage\",\"url\":\"https:\/\/www.baikowski.com\/wp-content\/uploads\/2019\/10\/shutterstock_563384638.png\",\"contentUrl\":\"https:\/\/www.baikowski.com\/wp-content\/uploads\/2019\/10\/shutterstock_563384638.png\",\"width\":2500,\"height\":2500},{\"@type\":\"BreadcrumbList\",\"@id\":\"https:\/\/www.baikowski.com\/fr\/decarbonation-consommation-responsble\/#breadcrumb\",\"itemListElement\":[{\"@type\":\"ListItem\",\"position\":1,\"name\":\"Accueil\",\"item\":\"https:\/\/www.baikowski.com\/fr\/\"},{\"@type\":\"ListItem\",\"position\":2,\"name\":\"D\u00e9carbonation &#038; consommation responsable\"}]},{\"@type\":\"WebSite\",\"@id\":\"https:\/\/www.baikowski.com\/fr\/#website\",\"url\":\"https:\/\/www.baikowski.com\/fr\/\",\"name\":\"Baikowski\u00ae\",\"description\":\"Your solution partner for fine minerals\",\"publisher\":{\"@id\":\"https:\/\/www.baikowski.com\/fr\/#organization\"},\"potentialAction\":[{\"@type\":\"SearchAction\",\"target\":{\"@type\":\"EntryPoint\",\"urlTemplate\":\"https:\/\/www.baikowski.com\/fr\/?s={search_term_string}\"},\"query-input\":{\"@type\":\"PropertyValueSpecification\",\"valueRequired\":true,\"valueName\":\"search_term_string\"}}],\"inLanguage\":\"fr-FR\"},{\"@type\":\"Organization\",\"@id\":\"https:\/\/www.baikowski.com\/fr\/#organization\",\"name\":\"Baikowski\u00ae\",\"url\":\"https:\/\/www.baikowski.com\/fr\/\",\"logo\":{\"@type\":\"ImageObject\",\"inLanguage\":\"fr-FR\",\"@id\":\"https:\/\/www.baikowski.com\/fr\/#\/schema\/logo\/image\/\",\"url\":\"https:\/\/www.baikowski.com\/wp-content\/uploads\/2020\/10\/Baikowski_blocmarque_RVB_ok.jpg\",\"contentUrl\":\"https:\/\/www.baikowski.com\/wp-content\/uploads\/2020\/10\/Baikowski_blocmarque_RVB_ok.jpg\",\"width\":1977,\"height\":754,\"caption\":\"Baikowski\u00ae\"},\"image\":{\"@id\":\"https:\/\/www.baikowski.com\/fr\/#\/schema\/logo\/image\/\"},\"sameAs\":[\"https:\/\/x.com\/BaikowskiTeam\",\"https:\/\/www.linkedin.com\/company\/baikowski\",\"https:\/\/www.youtube.com\/channel\/UC8ypcOZkT7RxGf5HC_aW70g\"]}]}<\/script>\n<!-- \/ Yoast SEO plugin. -->","yoast_head_json":{"title":"D\u00e9carbonation & consommation responsable - Baikowski\u00ae","robots":{"index":"index","follow":"follow","max-snippet":"max-snippet:-1","max-image-preview":"max-image-preview:large","max-video-preview":"max-video-preview:-1"},"canonical":"https:\/\/www.baikowski.com\/fr\/decarbonation-consommation-responsble\/","twitter_card":"summary_large_image","twitter_title":"D\u00e9carbonation & consommation responsable - Baikowski\u00ae","twitter_description":"Notre engagement bas-carbone L&rsquo;industrie fran\u00e7aise dont le secteur de la chimie, repr\u00e9sente environ 20% des \u00e9missions de gaz \u00e0 effet de serre (GES} de France. La d\u00e9carbonation de l&rsquo;industrie est un enjeu majeur du plan France 2030 avec un objectif de r\u00e9duire de 35% les \u00e9missions de GES dans ce secteur entre 2015 et 2030. [&hellip;]","twitter_image":"https:\/\/www.baikowski.com\/wp-content\/uploads\/2019\/10\/shutterstock_563384638.png","twitter_site":"@BaikowskiTeam","twitter_misc":{"Dur\u00e9e de lecture estim\u00e9e":"2 minutes"},"schema":{"@context":"https:\/\/schema.org","@graph":[{"@type":"WebPage","@id":"https:\/\/www.baikowski.com\/fr\/decarbonation-consommation-responsble\/","url":"https:\/\/www.baikowski.com\/fr\/decarbonation-consommation-responsble\/","name":"D\u00e9carbonation & consommation responsable - Baikowski\u00ae","isPartOf":{"@id":"https:\/\/www.baikowski.com\/fr\/#website"},"primaryImageOfPage":{"@id":"https:\/\/www.baikowski.com\/fr\/decarbonation-consommation-responsble\/#primaryimage"},"image":{"@id":"https:\/\/www.baikowski.com\/fr\/decarbonation-consommation-responsble\/#primaryimage"},"thumbnailUrl":"https:\/\/www.baikowski.com\/wp-content\/uploads\/2019\/10\/shutterstock_563384638.png","datePublished":"2023-06-09T10:04:31+00:00","dateModified":"2025-02-19T10:07:40+00:00","breadcrumb":{"@id":"https:\/\/www.baikowski.com\/fr\/decarbonation-consommation-responsble\/#breadcrumb"},"inLanguage":"fr-FR","potentialAction":[{"@type":"ReadAction","target":["https:\/\/www.baikowski.com\/fr\/decarbonation-consommation-responsble\/"]}]},{"@type":"ImageObject","inLanguage":"fr-FR","@id":"https:\/\/www.baikowski.com\/fr\/decarbonation-consommation-responsble\/#primaryimage","url":"https:\/\/www.baikowski.com\/wp-content\/uploads\/2019\/10\/shutterstock_563384638.png","contentUrl":"https:\/\/www.baikowski.com\/wp-content\/uploads\/2019\/10\/shutterstock_563384638.png","width":2500,"height":2500},{"@type":"BreadcrumbList","@id":"https:\/\/www.baikowski.com\/fr\/decarbonation-consommation-responsble\/#breadcrumb","itemListElement":[{"@type":"ListItem","position":1,"name":"Accueil","item":"https:\/\/www.baikowski.com\/fr\/"},{"@type":"ListItem","position":2,"name":"D\u00e9carbonation &#038; consommation responsable"}]},{"@type":"WebSite","@id":"https:\/\/www.baikowski.com\/fr\/#website","url":"https:\/\/www.baikowski.com\/fr\/","name":"Baikowski\u00ae","description":"Your solution partner for fine minerals","publisher":{"@id":"https:\/\/www.baikowski.com\/fr\/#organization"},"potentialAction":[{"@type":"SearchAction","target":{"@type":"EntryPoint","urlTemplate":"https:\/\/www.baikowski.com\/fr\/?s={search_term_string}"},"query-input":{"@type":"PropertyValueSpecification","valueRequired":true,"valueName":"search_term_string"}}],"inLanguage":"fr-FR"},{"@type":"Organization","@id":"https:\/\/www.baikowski.com\/fr\/#organization","name":"Baikowski\u00ae","url":"https:\/\/www.baikowski.com\/fr\/","logo":{"@type":"ImageObject","inLanguage":"fr-FR","@id":"https:\/\/www.baikowski.com\/fr\/#\/schema\/logo\/image\/","url":"https:\/\/www.baikowski.com\/wp-content\/uploads\/2020\/10\/Baikowski_blocmarque_RVB_ok.jpg","contentUrl":"https:\/\/www.baikowski.com\/wp-content\/uploads\/2020\/10\/Baikowski_blocmarque_RVB_ok.jpg","width":1977,"height":754,"caption":"Baikowski\u00ae"},"image":{"@id":"https:\/\/www.baikowski.com\/fr\/#\/schema\/logo\/image\/"},"sameAs":["https:\/\/x.com\/BaikowskiTeam","https:\/\/www.linkedin.com\/company\/baikowski","https:\/\/www.youtube.com\/channel\/UC8ypcOZkT7RxGf5HC_aW70g"]}]}},"_links":{"self":[{"href":"https:\/\/www.baikowski.com\/fr\/wp-json\/wp\/v2\/pages\/7046","targetHints":{"allow":["GET"]}}],"collection":[{"href":"https:\/\/www.baikowski.com\/fr\/wp-json\/wp\/v2\/pages"}],"about":[{"href":"https:\/\/www.baikowski.com\/fr\/wp-json\/wp\/v2\/types\/page"}],"author":[{"embeddable":true,"href":"https:\/\/www.baikowski.com\/fr\/wp-json\/wp\/v2\/users\/1076"}],"replies":[{"embeddable":true,"href":"https:\/\/www.baikowski.com\/fr\/wp-json\/wp\/v2\/comments?post=7046"}],"version-history":[{"count":38,"href":"https:\/\/www.baikowski.com\/fr\/wp-json\/wp\/v2\/pages\/7046\/revisions"}],"predecessor-version":[{"id":10845,"href":"https:\/\/www.baikowski.com\/fr\/wp-json\/wp\/v2\/pages\/7046\/revisions\/10845"}],"wp:featuredmedia":[{"embeddable":true,"href":"https:\/\/www.baikowski.com\/fr\/wp-json\/wp\/v2\/media\/1420"}],"wp:attachment":[{"href":"https:\/\/www.baikowski.com\/fr\/wp-json\/wp\/v2\/media?parent=7046"}],"curies":[{"name":"wp","href":"https:\/\/api.w.org\/{rel}","templated":true}]}}