{"id":7550,"date":"2023-10-11T10:19:03","date_gmt":"2023-10-11T08:19:03","guid":{"rendered":"https:\/\/www.baikowski.com\/restorative-dental-applications\/"},"modified":"2025-02-14T14:15:06","modified_gmt":"2025-02-14T13:15:06","slug":"materiaux-restauration-dentaire","status":"publish","type":"page","link":"https:\/\/www.baikowski.com\/fr\/materiaux-restauration-dentaire\/","title":{"rendered":"Les mat\u00e9riaux de restauration dentaire"},"content":{"rendered":"<p><a class=\"bouton-bleu\" href=\"https:\/\/www.baikowski.com\/fr\/chemistry\/nanosuspensions\/\">Discover les nano-suspensions Mathym\u00ae <\/a><\/p>\n<p><img loading=\"lazy\" decoding=\"async\" class=\" wp-image-1657 alignright\" src=\"https:\/\/www.baikowski.com\/wp-content\/uploads\/2019\/11\/dentiste-300x200.jpg\" alt=\"Dentist operation to illustrate bioceramics\" width=\"406\" height=\"271\" \/><\/p>\n<h2>Les nanomat\u00e9riaux r\u00e9volutionnent la dentisterie restauratrice<\/h2>\n<p><strong>Conjuguer duret\u00e9 et transparence est le challenge auquel le secteur est confront\u00e9.<\/strong><\/p>\n<p>En effet, les c\u00e9ramiques polycristallines transparentes poss\u00e8dent des propri\u00e9t\u00e9s physiques, m\u00e9caniques et optiques id\u00e9ales pour diverses applications, notamment pour la reconstitution dentaire. Cependant, leur fabrication n\u00e9cessite des temp\u00e9ratures \u00e9lev\u00e9es et des temps de densification longs pour \u00e9liminer les pores r\u00e9siduels, dont la diffusion lumineuse entra\u00eene une diminution de la transparence.<\/p>\n<p>Fort heureusement, les progr\u00e8s r\u00e9cents r\u00e9alis\u00e9s dans le domaine nanom\u00e9trique de la <strong>zircone stabilis\u00e9e \u00e0 l&rsquo;yttrium<\/strong> (YSZ) ont permis de r\u00e9unir les propri\u00e9t\u00e9s optiques et m\u00e9caniques requises. Voir la derni\u00e8re <a href=\"https:\/\/www.sciencedirect.com\/science\/article\/abs\/pii\/S0109564124001118\" target=\"_blank\" rel=\"noopener\">publication scientifique<\/a> conduite avec une nanodispersion de Mathym : \u00ab\u00a0<span class=\"title-text\">Conventional sintering of nano-crystalline Yttria-Stabilized Zirconia enables high-strength, highly translucent and opalescent dental ceramics\u00a0\u00bb.<\/span><\/p>\n<p>YSZ est un mat\u00e9riau connu pour ses excellentes propri\u00e9t\u00e9s m\u00e9caniques, notamment pour sa solidit\u00e9 et sa r\u00e9sistance \u00e0 la fracture. Il peut aussi pr\u00e9senter une bonne transparence optique en ajustant la teneur en yttrium, en particulier dans la plage des 8 % mol. Par cons\u00e9quent, avec des formulations optimis\u00e9es, comme celles de<a href=\"https:\/\/www.baikowski.com\/en\/serie\/zilight-ultra-small-nanozirconia\/\"><strong> la gamme zilight\u00ae<\/strong><\/a>, il est possible d&rsquo;obtenir un excellent indice de r\u00e9fraction isotrope.<\/p>\n<p>De plus,<strong><a href=\"https:\/\/www.baikowski.com\/wp-content\/uploads\/2023\/10\/TransparentHighStrength-Zirconia-Akhlaghi-JEurCeramSoc-HAL-1.pdf\" target=\"_blank\" rel=\"noopener\"> les \u00e9tudes<\/a><\/strong> men\u00e9es \u00e0 partir de nanodispersions collo\u00efdales aqueuses de zircone dop\u00e9e \u00e0 l&rsquo;yttrium de la soci\u00e9t\u00e9 Mathym\u00ae ont d\u00e9montr\u00e9 que l&rsquo;efficacit\u00e9 de diffusion des pores r\u00e9siduels diminue de mani\u00e8re significative \u00e0 mesure que leur taille passe \u00e0 l&rsquo;\u00e9chelle nanom\u00e9trique. En conclusion, une r\u00e9duction de la taille des grains des c\u00e9ramiques polycristallines en dessous de 100 nm permet <strong>d\u2019accro\u00eetre la transparence tout en conservant d\u2019excellentes performances m\u00e9caniques<\/strong>.<\/p>\n<h2><strong>Le d\u00e9veloppement prometteur des nanocharges dentaires<\/strong><\/h2>\n<h3>Les nanoparticules de Fluorure d&rsquo;Ytterbium<\/h3>\n<p><img loading=\"lazy\" decoding=\"async\" class=\" wp-image-6700 alignright\" src=\"https:\/\/www.baikowski.com\/wp-content\/uploads\/2023\/05\/x-ray-1462410-300x159.jpg\" alt=\"restorative radiopacifer dental composite\" width=\"407\" height=\"216\" \/><\/p>\n<p>En procurant des restaurations dentaires fonctionnelles, durables et esth\u00e9tiques, les nanoparticules d&rsquo;YbF3 sont des <a href=\"https:\/\/www.baikowski.com\/fr\/les-nanocharges-ceramiques\/\">nanocharges<\/a> digne d\u2019int\u00e9r\u00eat pour les composites dentaires. Les avantages des nanodispersions filixio\u00ae sont les suivants :<\/p>\n<ul>\n<li>Une <strong>radio-opacit\u00e9 \u00e9lev\u00e9e<\/strong> qui facilite le contr\u00f4le de la restauration dans le temps et assure un diagnostic pr\u00e9cis,<\/li>\n<li>Une densit\u00e9 de surface \u00e9lev\u00e9e qui am\u00e9liore les propri\u00e9t\u00e9s m\u00e9caniques, telles que la r\u00e9sistance \u00e0 la flexion et \u00e0 l&rsquo;usure,<\/li>\n<li><strong>La petite taille (20 nm)<\/strong> am\u00e9liore les propri\u00e9t\u00e9s optiques, telles que la translucidit\u00e9 et la stabilit\u00e9 de la couleur. De plus, elle ne perturbe pas le processus de polym\u00e9risation, ce qui autorise une teneur \u00e9lev\u00e9e tout en conservant la r\u00e9activit\u00e9 de la r\u00e9sine, m\u00eame en profondeur..<\/li>\n<li>La pr\u00e9vention de la formation de caries secondaires gr\u00e2ce \u00e0 la lib\u00e9ration d&rsquo;ions fluorure, qui ralentit la multiplication des bact\u00e9ries cariog\u00e8nes et favorisent la remin\u00e9ralisation de l&rsquo;\u00e9mail.<\/li>\n<\/ul>\n<p>De plus, la fonctionnalisation des produits de <strong><a href=\"https:\/\/www.baikowski.com\/en\/serie\/filyxio-nano-ytterbium-fluoride\/\">la gamme filixio\u00ae<\/a><\/strong> de Mathym\u00ae rend la compatibilit\u00e9 avec diff\u00e9rents monom\u00e8res dentaires possible, m\u00eame lorsque la concentration de nanoparticules est \u00e9lev\u00e9e.<\/p>\n<h3>Les nanoparticules de c\u00e9rium<\/h3>\n<p><a href=\"https:\/\/www.baikowski.com\/fr\/serie\/nano-cerium-oxide\/\"><strong><img loading=\"lazy\" decoding=\"async\" class=\" wp-image-1664 alignright\" src=\"https:\/\/www.baikowski.com\/wp-content\/uploads\/2019\/11\/shutterstock_610380737-300x202.jpg\" alt=\"Dental implant made with high purity zirconia\" width=\"395\" height=\"266\" srcset=\"https:\/\/www.baikowski.com\/wp-content\/uploads\/2019\/11\/shutterstock_610380737-300x202.jpg 300w, https:\/\/www.baikowski.com\/wp-content\/uploads\/2019\/11\/shutterstock_610380737-768x518.jpg 768w, https:\/\/www.baikowski.com\/wp-content\/uploads\/2019\/11\/shutterstock_610380737.jpg 777w\" sizes=\"auto, (max-width: 395px) 100vw, 395px\" \/><\/strong><\/a><\/p>\n<p>Les particules de <a href=\"https:\/\/www.baikowski.com\/fr\/serie\/nano-cerium-oxide\/\"><strong>nano-c\u00e9rium<\/strong><\/a> s\u2019av\u00e8rent prometteuses pour r\u00e9soudre la plupart des probl\u00e8mes li\u00e9s \u00e0 la formation de<strong> caries secondaires<\/strong> lors de restaurations dentaires en composite.<\/p>\n<p>En effet, les recherches existantes attestent de sa capacit\u00e9 \u00e0 inhiber la prolif\u00e9ration des bact\u00e9ries buccales gr\u00e2ce \u00e0 ses propri\u00e9t\u00e9s antioxydantes et antibact\u00e9riennes.<\/p>\n<p>Les produits\u00a0 de la soci\u00e9t\u00e9 Mathym\u00ae sont utilis\u00e9s comme nanocharge afin d&rsquo;optimiser les propri\u00e9t\u00e9s du composite comme l&rsquo;indice de r\u00e9fraction, la\u00a0 capacit\u00e9 d&rsquo;absorption des UV ou encore la r\u00e9sistance \u00e0 la flexion et la duret\u00e9&#8230;<\/p>\n<p style=\"text-align: left;\">T\u00e9l\u00e9chargez notre livre blanc (uniquement en anglais) pour en savoir plus et n&rsquo;h\u00e9sitez pas \u00e0 contacter notre \u00e9quipe pour discuter de vos besoins ou du d\u00e9veloppement de produits sur mesure !<\/p>\n<div style=\"background-color: aliceblue; padding: 15px;\">\n<h2 style=\"text-align: center;\">Nanofillers Pour Restaurations Dentaires<br \/>\n&amp; Endodontie avanc\u00e9es<\/h2>\n<h3 style=\"text-align: center;\">zilight\u00ae (YSZ) &amp; filyxio\u00ae (YbF\u2083)<\/h3>\n<p style=\"text-align: center;\"><a class=\"bouton-bleu\" href=\"https:\/\/www.baikowski.com\/wp-content\/uploads\/2025\/02\/Dental-Nanofillers-white-paper-2025.pdf\" target=\"_blank\" rel=\"noopener\">T\u00e9l\u00e9chargez<\/a><\/p>\n<p><center><img loading=\"lazy\" decoding=\"async\" class=\"alignnone wp-image-10136\" src=\"https:\/\/www.baikowski.com\/wp-content\/uploads\/2025\/02\/DENTAL-NANOFILLERS-white-paper-COVER.jpg\" alt=\"dental nanofillers white paper cover\" width=\"320\" height=\"468\" \/><\/center>&nbsp;<\/p>\n<\/div>\n","protected":false},"excerpt":{"rendered":"<p>Discover les nano-suspensions Mathym\u00ae Les nanomat\u00e9riaux r\u00e9volutionnent la dentisterie restauratrice Conjuguer duret\u00e9 et transparence est le challenge auquel le secteur est confront\u00e9. En effet, les c\u00e9ramiques polycristallines transparentes poss\u00e8dent des propri\u00e9t\u00e9s physiques, m\u00e9caniques et optiques id\u00e9ales pour diverses applications, notamment pour la reconstitution dentaire. Cependant, leur fabrication n\u00e9cessite des temp\u00e9ratures \u00e9lev\u00e9es et des temps de [&hellip;]<\/p>\n","protected":false},"author":1076,"featured_media":6703,"parent":0,"menu_order":0,"comment_status":"closed","ping_status":"closed","template":"","meta":{"_acf_changed":false,"footnotes":""},"class_list":["post-7550","page","type-page","status-publish","has-post-thumbnail","hentry"],"acf":[],"yoast_head":"<!-- This site is optimized with the Yoast SEO plugin v25.2 - https:\/\/yoast.com\/wordpress\/plugins\/seo\/ -->\n<title>Les mat\u00e9riaux de restauration dentaire - Baikowski\u00ae<\/title>\n<meta name=\"description\" content=\"D\u00e9couvrez comment les nanomat\u00e9riaux Mathym\u00ae combinent r\u00e9sistance, esth\u00e9tique et biocompatibilit\u00e9 pour des reconstructions durables et belles\" \/>\n<meta name=\"robots\" content=\"index, follow, max-snippet:-1, max-image-preview:large, max-video-preview:-1\" \/>\n<link rel=\"canonical\" href=\"https:\/\/www.baikowski.com\/fr\/materiaux-restauration-dentaire\/\" \/>\n<meta name=\"twitter:card\" content=\"summary_large_image\" \/>\n<meta name=\"twitter:title\" content=\"Les mat\u00e9riaux de restauration dentaire - Baikowski\u00ae\" \/>\n<meta name=\"twitter:description\" content=\"D\u00e9couvrez comment les nanomat\u00e9riaux Mathym\u00ae combinent r\u00e9sistance, esth\u00e9tique et biocompatibilit\u00e9 pour des reconstructions durables et belles\" \/>\n<meta name=\"twitter:image\" content=\"https:\/\/www.baikowski.com\/wp-content\/uploads\/2023\/05\/restorative-dentistry-ceramic-composite.jpg\" \/>\n<meta name=\"twitter:site\" content=\"@BaikowskiTeam\" \/>\n<meta name=\"twitter:label1\" content=\"Dur\u00e9e de lecture estim\u00e9e\" \/>\n\t<meta name=\"twitter:data1\" content=\"4 minutes\" \/>\n<script type=\"application\/ld+json\" class=\"yoast-schema-graph\">{\"@context\":\"https:\/\/schema.org\",\"@graph\":[{\"@type\":\"WebPage\",\"@id\":\"https:\/\/www.baikowski.com\/fr\/materiaux-restauration-dentaire\/\",\"url\":\"https:\/\/www.baikowski.com\/fr\/materiaux-restauration-dentaire\/\",\"name\":\"Les mat\u00e9riaux de restauration dentaire - Baikowski\u00ae\",\"isPartOf\":{\"@id\":\"https:\/\/www.baikowski.com\/fr\/#website\"},\"primaryImageOfPage\":{\"@id\":\"https:\/\/www.baikowski.com\/fr\/materiaux-restauration-dentaire\/#primaryimage\"},\"image\":{\"@id\":\"https:\/\/www.baikowski.com\/fr\/materiaux-restauration-dentaire\/#primaryimage\"},\"thumbnailUrl\":\"https:\/\/www.baikowski.com\/wp-content\/uploads\/2023\/05\/restorative-dentistry-ceramic-composite.jpg\",\"datePublished\":\"2023-10-11T08:19:03+00:00\",\"dateModified\":\"2025-02-14T13:15:06+00:00\",\"description\":\"D\u00e9couvrez comment les nanomat\u00e9riaux Mathym\u00ae combinent r\u00e9sistance, esth\u00e9tique et biocompatibilit\u00e9 pour des reconstructions durables et belles\",\"breadcrumb\":{\"@id\":\"https:\/\/www.baikowski.com\/fr\/materiaux-restauration-dentaire\/#breadcrumb\"},\"inLanguage\":\"fr-FR\",\"potentialAction\":[{\"@type\":\"ReadAction\",\"target\":[\"https:\/\/www.baikowski.com\/fr\/materiaux-restauration-dentaire\/\"]}]},{\"@type\":\"ImageObject\",\"inLanguage\":\"fr-FR\",\"@id\":\"https:\/\/www.baikowski.com\/fr\/materiaux-restauration-dentaire\/#primaryimage\",\"url\":\"https:\/\/www.baikowski.com\/wp-content\/uploads\/2023\/05\/restorative-dentistry-ceramic-composite.jpg\",\"contentUrl\":\"https:\/\/www.baikowski.com\/wp-content\/uploads\/2023\/05\/restorative-dentistry-ceramic-composite.jpg\",\"width\":330,\"height\":367,\"caption\":\"Restorative dentistry\"},{\"@type\":\"BreadcrumbList\",\"@id\":\"https:\/\/www.baikowski.com\/fr\/materiaux-restauration-dentaire\/#breadcrumb\",\"itemListElement\":[{\"@type\":\"ListItem\",\"position\":1,\"name\":\"Accueil\",\"item\":\"https:\/\/www.baikowski.com\/fr\/\"},{\"@type\":\"ListItem\",\"position\":2,\"name\":\"Les mat\u00e9riaux de restauration dentaire\"}]},{\"@type\":\"WebSite\",\"@id\":\"https:\/\/www.baikowski.com\/fr\/#website\",\"url\":\"https:\/\/www.baikowski.com\/fr\/\",\"name\":\"Baikowski\u00ae\",\"description\":\"Your solution partner for fine minerals\",\"publisher\":{\"@id\":\"https:\/\/www.baikowski.com\/fr\/#organization\"},\"potentialAction\":[{\"@type\":\"SearchAction\",\"target\":{\"@type\":\"EntryPoint\",\"urlTemplate\":\"https:\/\/www.baikowski.com\/fr\/?s={search_term_string}\"},\"query-input\":{\"@type\":\"PropertyValueSpecification\",\"valueRequired\":true,\"valueName\":\"search_term_string\"}}],\"inLanguage\":\"fr-FR\"},{\"@type\":\"Organization\",\"@id\":\"https:\/\/www.baikowski.com\/fr\/#organization\",\"name\":\"Baikowski\u00ae\",\"url\":\"https:\/\/www.baikowski.com\/fr\/\",\"logo\":{\"@type\":\"ImageObject\",\"inLanguage\":\"fr-FR\",\"@id\":\"https:\/\/www.baikowski.com\/fr\/#\/schema\/logo\/image\/\",\"url\":\"https:\/\/www.baikowski.com\/wp-content\/uploads\/2020\/10\/Baikowski_blocmarque_RVB_ok.jpg\",\"contentUrl\":\"https:\/\/www.baikowski.com\/wp-content\/uploads\/2020\/10\/Baikowski_blocmarque_RVB_ok.jpg\",\"width\":1977,\"height\":754,\"caption\":\"Baikowski\u00ae\"},\"image\":{\"@id\":\"https:\/\/www.baikowski.com\/fr\/#\/schema\/logo\/image\/\"},\"sameAs\":[\"https:\/\/x.com\/BaikowskiTeam\",\"https:\/\/www.linkedin.com\/company\/baikowski\",\"https:\/\/www.youtube.com\/channel\/UC8ypcOZkT7RxGf5HC_aW70g\"]}]}<\/script>\n<!-- \/ Yoast SEO plugin. -->","yoast_head_json":{"title":"Les mat\u00e9riaux de restauration dentaire - Baikowski\u00ae","description":"D\u00e9couvrez comment les nanomat\u00e9riaux Mathym\u00ae combinent r\u00e9sistance, esth\u00e9tique et biocompatibilit\u00e9 pour des reconstructions durables et belles","robots":{"index":"index","follow":"follow","max-snippet":"max-snippet:-1","max-image-preview":"max-image-preview:large","max-video-preview":"max-video-preview:-1"},"canonical":"https:\/\/www.baikowski.com\/fr\/materiaux-restauration-dentaire\/","twitter_card":"summary_large_image","twitter_title":"Les mat\u00e9riaux de restauration dentaire - Baikowski\u00ae","twitter_description":"D\u00e9couvrez comment les nanomat\u00e9riaux Mathym\u00ae combinent r\u00e9sistance, esth\u00e9tique et biocompatibilit\u00e9 pour des reconstructions durables et belles","twitter_image":"https:\/\/www.baikowski.com\/wp-content\/uploads\/2023\/05\/restorative-dentistry-ceramic-composite.jpg","twitter_site":"@BaikowskiTeam","twitter_misc":{"Dur\u00e9e de lecture estim\u00e9e":"4 minutes"},"schema":{"@context":"https:\/\/schema.org","@graph":[{"@type":"WebPage","@id":"https:\/\/www.baikowski.com\/fr\/materiaux-restauration-dentaire\/","url":"https:\/\/www.baikowski.com\/fr\/materiaux-restauration-dentaire\/","name":"Les mat\u00e9riaux de restauration dentaire - Baikowski\u00ae","isPartOf":{"@id":"https:\/\/www.baikowski.com\/fr\/#website"},"primaryImageOfPage":{"@id":"https:\/\/www.baikowski.com\/fr\/materiaux-restauration-dentaire\/#primaryimage"},"image":{"@id":"https:\/\/www.baikowski.com\/fr\/materiaux-restauration-dentaire\/#primaryimage"},"thumbnailUrl":"https:\/\/www.baikowski.com\/wp-content\/uploads\/2023\/05\/restorative-dentistry-ceramic-composite.jpg","datePublished":"2023-10-11T08:19:03+00:00","dateModified":"2025-02-14T13:15:06+00:00","description":"D\u00e9couvrez comment les nanomat\u00e9riaux Mathym\u00ae combinent r\u00e9sistance, esth\u00e9tique et biocompatibilit\u00e9 pour des reconstructions durables et belles","breadcrumb":{"@id":"https:\/\/www.baikowski.com\/fr\/materiaux-restauration-dentaire\/#breadcrumb"},"inLanguage":"fr-FR","potentialAction":[{"@type":"ReadAction","target":["https:\/\/www.baikowski.com\/fr\/materiaux-restauration-dentaire\/"]}]},{"@type":"ImageObject","inLanguage":"fr-FR","@id":"https:\/\/www.baikowski.com\/fr\/materiaux-restauration-dentaire\/#primaryimage","url":"https:\/\/www.baikowski.com\/wp-content\/uploads\/2023\/05\/restorative-dentistry-ceramic-composite.jpg","contentUrl":"https:\/\/www.baikowski.com\/wp-content\/uploads\/2023\/05\/restorative-dentistry-ceramic-composite.jpg","width":330,"height":367,"caption":"Restorative dentistry"},{"@type":"BreadcrumbList","@id":"https:\/\/www.baikowski.com\/fr\/materiaux-restauration-dentaire\/#breadcrumb","itemListElement":[{"@type":"ListItem","position":1,"name":"Accueil","item":"https:\/\/www.baikowski.com\/fr\/"},{"@type":"ListItem","position":2,"name":"Les mat\u00e9riaux de restauration dentaire"}]},{"@type":"WebSite","@id":"https:\/\/www.baikowski.com\/fr\/#website","url":"https:\/\/www.baikowski.com\/fr\/","name":"Baikowski\u00ae","description":"Your solution partner for fine minerals","publisher":{"@id":"https:\/\/www.baikowski.com\/fr\/#organization"},"potentialAction":[{"@type":"SearchAction","target":{"@type":"EntryPoint","urlTemplate":"https:\/\/www.baikowski.com\/fr\/?s={search_term_string}"},"query-input":{"@type":"PropertyValueSpecification","valueRequired":true,"valueName":"search_term_string"}}],"inLanguage":"fr-FR"},{"@type":"Organization","@id":"https:\/\/www.baikowski.com\/fr\/#organization","name":"Baikowski\u00ae","url":"https:\/\/www.baikowski.com\/fr\/","logo":{"@type":"ImageObject","inLanguage":"fr-FR","@id":"https:\/\/www.baikowski.com\/fr\/#\/schema\/logo\/image\/","url":"https:\/\/www.baikowski.com\/wp-content\/uploads\/2020\/10\/Baikowski_blocmarque_RVB_ok.jpg","contentUrl":"https:\/\/www.baikowski.com\/wp-content\/uploads\/2020\/10\/Baikowski_blocmarque_RVB_ok.jpg","width":1977,"height":754,"caption":"Baikowski\u00ae"},"image":{"@id":"https:\/\/www.baikowski.com\/fr\/#\/schema\/logo\/image\/"},"sameAs":["https:\/\/x.com\/BaikowskiTeam","https:\/\/www.linkedin.com\/company\/baikowski","https:\/\/www.youtube.com\/channel\/UC8ypcOZkT7RxGf5HC_aW70g"]}]}},"_links":{"self":[{"href":"https:\/\/www.baikowski.com\/fr\/wp-json\/wp\/v2\/pages\/7550","targetHints":{"allow":["GET"]}}],"collection":[{"href":"https:\/\/www.baikowski.com\/fr\/wp-json\/wp\/v2\/pages"}],"about":[{"href":"https:\/\/www.baikowski.com\/fr\/wp-json\/wp\/v2\/types\/page"}],"author":[{"embeddable":true,"href":"https:\/\/www.baikowski.com\/fr\/wp-json\/wp\/v2\/users\/1076"}],"replies":[{"embeddable":true,"href":"https:\/\/www.baikowski.com\/fr\/wp-json\/wp\/v2\/comments?post=7550"}],"version-history":[{"count":16,"href":"https:\/\/www.baikowski.com\/fr\/wp-json\/wp\/v2\/pages\/7550\/revisions"}],"predecessor-version":[{"id":10802,"href":"https:\/\/www.baikowski.com\/fr\/wp-json\/wp\/v2\/pages\/7550\/revisions\/10802"}],"wp:featuredmedia":[{"embeddable":true,"href":"https:\/\/www.baikowski.com\/fr\/wp-json\/wp\/v2\/media\/6703"}],"wp:attachment":[{"href":"https:\/\/www.baikowski.com\/fr\/wp-json\/wp\/v2\/media?parent=7550"}],"curies":[{"name":"wp","href":"https:\/\/api.w.org\/{rel}","templated":true}]}}