{"id":7938,"date":"2023-12-20T10:10:50","date_gmt":"2023-12-20T09:10:50","guid":{"rendered":"https:\/\/www.baikowski.com\/optics-photonics\/"},"modified":"2024-09-11T13:01:53","modified_gmt":"2024-09-11T11:01:53","slug":"optics-photonics","status":"publish","type":"page","link":"https:\/\/www.baikowski.com\/fr\/optics-photonics\/","title":{"rendered":"Optique &#038; Photonique"},"content":{"rendered":"<h2><strong>Nos solutions innovantes d&rsquo;HPA, YAG, Spinelle et Nano-zircone pour l&rsquo;optique et la photonique<\/strong><\/h2>\n<p>Afin de fournir des solutions offrant des caract\u00e9ristiques exceptionnelles pour les march\u00e9s de l&rsquo;optique et de la photonique, nos \u00e9quipes R&amp;D d\u00e9veloppent des produits avec une<strong> distribution de taille contr\u00f4l\u00e9e, une cristallinit\u00e9 \u00e9lev\u00e9e, ainsi qu&rsquo;une grande puret\u00e9 phasique et chimique. <\/strong><\/p>\n<h2 style=\"text-align: left;\"><strong><a class=\"bouton-bleu\" href=\"https:\/\/www.baikowski.com\/fr\/application\/haut-indice-refraction-optique\/\">Voir nos produits d\u00e9di\u00e9s \u00e0 l&rsquo;optique &amp; la photonique<\/a><\/strong><\/h2>\n<h3>Les Solutions Baikowski\u00ae d&rsquo;Alumina ultra pure, spinelle et YAG pour mat\u00e9riaux optiques et photoniques<\/h3>\n<p><img loading=\"lazy\" decoding=\"async\" class=\"wp-image-5710  alignleft\" src=\"https:\/\/www.baikowski.com\/wp-content\/uploads\/2022\/12\/Detection-Inorganique-Livre-blanc-couverture-217x300.jpg\" alt=\"\" width=\"330\" height=\"457\" srcset=\"https:\/\/www.baikowski.com\/wp-content\/uploads\/2022\/12\/Detection-Inorganique-Livre-blanc-couverture-217x300.jpg 217w, https:\/\/www.baikowski.com\/wp-content\/uploads\/2022\/12\/Detection-Inorganique-Livre-blanc-couverture.jpg 595w\" sizes=\"auto, (max-width: 330px) 100vw, 330px\" \/><\/p>\n<p>Gr\u00e2ce \u00e0 leur indice de r\u00e9fraction, leur transparence, leur duret\u00e9 et leur stabilit\u00e9 chimique, les poudres submicroniques de Baikowski\u00ae conviennent \u00e0 la production de divers composants optiques :<\/p>\n<ul>\n<li><strong>&#x1f31f; L&rsquo;alumine ultra pure, <\/strong>connue pour son excellente stabilit\u00e9 m\u00e9canique et thermique, est largement utilis\u00e9e dans les fen\u00eatres optiques, les lentilles infrarouges, les syst\u00e8mes laser de haute puissance&#8230;..<\/li>\n<li><a href=\"https:\/\/www.baikowski.com\/fr\/serie\/s25-s30\/\"><strong>&#x1f31f; Le Spinelle<\/strong><\/a>, \u00a0r\u00e9put\u00e9 pour sa transparence optique, sa durabilit\u00e9 et sa r\u00e9sistance aux environnements difficiles, est utilis\u00e9 par exemple dans les d\u00f4mes optiques et les lasers \u00e0 fibre.<\/li>\n<li><a href=\"https:\/\/www.baikowski.com\/fr\/chemistry\/luminophores\/\"><strong>&#x1f31f; Les luminophores comme le YAG<\/strong><\/a>\u00a0 pr\u00e9sentent des propri\u00e9t\u00e9s luminescentes exceptionnelles qui trouvent leur utilit\u00e9 dans l&rsquo;\u00e9clairage et les \u00e9crans, y compris les LEDs et les dispositifs opto\u00e9lectroniques.<\/li>\n<\/ul>\n<p>Ces mat\u00e9riaux innovants sur le march\u00e9 de l&rsquo;optique et de la photonique permettant des avanc\u00e9es dans <strong>les t\u00e9l\u00e9communications, l&rsquo;imagerie biom\u00e9dicale, le secteur militaire et bien d&rsquo;autres encore.<\/strong><\/p>\n<p><a class=\"bouton-bleu\" href=\"https:\/\/www.baikowski.com\/wp-content\/uploads\/2023\/09\/Detection-Inorganique-Livre-blanc-2023.pdf\" target=\"_blank\" rel=\"noopener\"><strong>T\u00e9l\u00e9chargez notre livre blanc sur les d\u00e9tecteurs inorganiques <\/strong><\/a><\/p>\n<h3>Le potentiel de la nano-zircone et c\u00e9rium de Mathym\u00ae pour les applications optiques et photoniques<\/h3>\n<p>Gr\u00e0ce \u00e0 une R&amp;D soutenue, Mathym\u00ae ouvre de nouvelles voies avec ses nano-oxydes, notamment sa solution commerciale zilight\u00ae, mais aussi ses produits R&amp;D de nano-c\u00e9rium, qui fa\u00e7onnent d\u00e9j\u00e0 l&rsquo;avenir des nouvelles technologies optiques : :<\/p>\n<ul>\n<li><a href=\"https:\/\/www.baikowski.com\/fr\/serie\/zilight-ultra-small-nanozirconia\/\"><strong>&#x1f31f; La nano-zircone<\/strong><\/a> pr\u00e9sente une bonne transparence sur une large gamme de longueurs d&rsquo;onde, y compris dans le visible et le proche infrarouge. Son indice de r\u00e9fraction \u00e9lev\u00e9 la rend pr\u00e9cieuse pour la production de lentilles et de fibres optiques. zilight\u00ae de Mathym\u00ae est aussi petit que <strong>5nm<\/strong> et r\u00e9pond aux applications optiques haut de gamme o\u00f9 la petite taille des particules est essentielle.<\/li>\n<li><a href=\"https:\/\/www.baikowski.com\/fr\/serie\/nano-cerium-oxide\/\"><strong>&#x1f31f; Le nano-cerium<\/strong><\/a> pr\u00e9sente une bonne transparence dans le domaine UV et visible, ce qui le rend appropri\u00e9 pour les composants optiques tels que les lentilles, les fen\u00eatres et les filtres des surfaces optiques. Il peut agir comme un catalyseur efficace, ce qui peut \u00eatre avantageux dans certaines applications photoniques et opto\u00e9lectroniques. Le nano-cerium de Mathym\u00ae est disponible sous forme d&rsquo;\u00e9chantillons R&amp;D et pr\u00e9sente des caract\u00e9ristiques cl\u00e9s pour ces applications, telles qu&rsquo;une cristallinit\u00e9 \u00e9lev\u00e9e, une faible teneur en mati\u00e8res organique et une distribution de taille \u00e9troite.<\/li>\n<\/ul>\n<p><img loading=\"lazy\" decoding=\"async\" class=\" wp-image-6813 alignleft\" src=\"https:\/\/www.baikowski.com\/wp-content\/uploads\/2023\/05\/mathym-3-produits.jpg\" alt=\"\" width=\"300\" height=\"300\" srcset=\"https:\/\/www.baikowski.com\/wp-content\/uploads\/2023\/05\/mathym-3-produits.jpg 271w, https:\/\/www.baikowski.com\/wp-content\/uploads\/2023\/05\/mathym-3-produits-150x150.jpg 150w\" sizes=\"auto, (max-width: 300px) 100vw, 300px\" \/>De l&rsquo;ajustement de l&rsquo;indice de r\u00e9fraction entre les films optiques \u00e0 la conception de mat\u00e9riaux transparents qui repoussent les limites sup\u00e9rieures de l&rsquo;indice de r\u00e9fraction, ces produits innovants vont jouer un r\u00f4le important dans l&rsquo;industrie optique. Les rev\u00eatement antireflets, les applications d&rsquo;affichage telles que microLED, AR \/ VR \/ MR, l&rsquo;\u00e9clairage OLED et LED, les composants optiques comme les lentilles de t\u00e9lescope et les capteurs optiques font partie des technologies susceptibles de b\u00e9n\u00e9ficier de leurs hautes performances optiques et de leur facilit\u00e9 de mise en oeuvre.<\/p>\n<p>Les nanodispersions de Mathym\u00ae sont compatibles avec divers proc\u00e9d\u00e9s de fabrication, notamment le coating par immersion et par centrifugation, la lithographie par nano-impression, l&rsquo;impression \u00e0 jet d&rsquo;encre et la s\u00e9rigraphie. Elles sont con\u00e7ues pour \u00eatre incorpor\u00e9es dans les formulations de rev\u00eatements, d&rsquo;encres, d&rsquo;adh\u00e9sifs et de compos\u00e9s de moulage.<\/p>\n<p style=\"text-align: left;\">Lorsque les nanoparticules sont int\u00e9gr\u00e9es dans des structures ou un coating \u00e0 l&rsquo;\u00e9chelle nanom\u00e9trique, elles permettent de miniaturiser les dispositifs optiques et de les int\u00e9grer \u00e0 d&rsquo;autres technologies, facilitant ainsi le d\u00e9veloppement de dispositifs opto\u00e9lectroniques compacts et multifonctionnels..<\/p>\n<h2><strong>Comment le coating am\u00e9liore les propri\u00e9t\u00e9s optiques ?<\/strong><\/h2>\n<p><img loading=\"lazy\" decoding=\"async\" class=\"wp-image-9651 alignleft\" src=\"https:\/\/www.baikowski.com\/wp-content\/uploads\/2024\/09\/optical-coating-white-paper-2024-217x300.jpg\" alt=\"Nano-zirconia for superior optical and opthalmic coatings\" width=\"382\" height=\"529\" srcset=\"https:\/\/www.baikowski.com\/wp-content\/uploads\/2024\/09\/optical-coating-white-paper-2024-217x300.jpg 217w, https:\/\/www.baikowski.com\/wp-content\/uploads\/2024\/09\/optical-coating-white-paper-2024.jpg 595w\" sizes=\"auto, (max-width: 382px) 100vw, 382px\" \/>Les oxydes peuvent \u00eatre appliqu\u00e9s en couches minces pour am\u00e9liorer diverses propri\u00e9t\u00e9s optiques. Dans ce contexte, les nanoparticules peuvent servir de <strong><a href=\"https:\/\/www.baikowski.com\/fr\/les-nanocharges-ceramiques\/\">nanocharges<\/a><\/strong> dans les rev\u00eatements optiques en offrant un contr\u00f4le ultrapr\u00e9cis des performances sans compromettre la transparence. Elles contribuent \u00e0 renforcer le mat\u00e9riau de la matrice, am\u00e9liorer <strong>leur indice de r\u00e9fraction,<\/strong> leurs<strong> r\u00e9sistances m\u00e9caniques et la stabilit\u00e9 thermique <\/strong>.<\/p>\n<p>Les exemples suivants illustrent leurs applications potentielles\u00a0 :<\/p>\n<ul>\n<li>Avec des indices de r\u00e9fraction adapt\u00e9s, ils\u00a0 suppriment les r\u00e9flexions ind\u00e9sirables et les pertes de la surface du capteur optique, augmentent la sensibilit\u00e9 et le rapport signal\/bruit. Ceci est particuli\u00e8rement utile pour les capteurs, ondes et adh\u00e9sifs qui requi\u00e8rent une pr\u00e9cision et une exactitude \u00e9lev\u00e9es. Ce contr\u00f4le fin permet aussi de r\u00e9duire les \u00e9carts d&rsquo;indice de r\u00e9fraction entre les diff\u00e9rentes couches optiques.<\/li>\n<li>Les filtres optiques peuvent \u00eatre con\u00e7us gr\u00e2ce \u00e0 un rev\u00eatement d&rsquo;oxyde qui va\u00a0 s\u00e9lectivement transmettre ou bloquer des longueurs d&rsquo;onde. Les exemples incluent notamment les capteurs de fluorescence ou les filtres UV.<\/li>\n<li>De plus, ils permettent de renforcer le signal de diffusion Raman des mol\u00e9cules adsorb\u00e9es \u00e0 leur surface. Cela permet une d\u00e9tection et une identification pr\u00e9cises de quantit\u00e9s, m\u00eame infimes de substances, ce qui les rend appropri\u00e9s pour des applications telles que la d\u00e9tection chimique ou la surveillance de l&rsquo;environnement..<\/li>\n<\/ul>\n<p><a class=\"bouton-bleu\" href=\"https:\/\/www.baikowski.com\/wp-content\/uploads\/2024\/09\/zilight-nanozirconia-optical-ophtalamic-coating-white-paper.pdf\" target=\"_blank\" rel=\"noopener\"><strong>T\u00e9l\u00e9chargez notre livre blanc sur les coatings optiques et opthalmiques <\/strong><\/a><\/p>\n<h2><strong>Le r\u00f4le des oxydes dans le polissage optique<\/strong><\/h2>\n<p>Les oxydes ont des propri\u00e9t\u00e9s abrasives dont le choix d\u00e9pend de la nature du mat\u00e9riau \u00e0 polir. En lissant les irr\u00e9gularit\u00e9s et en minimisant la rugosit\u00e9 de la surface optique, un polissage de finition \u00e0 base de nanoparticules permet d&rsquo;am\u00e9liorer la qualit\u00e9 de la transmission de la lumi\u00e8re.<\/p>\n<p>Gr\u00e2ce \u00e0 un taux d&rsquo;enl\u00e8vement plus uniforme et contr\u00f4l\u00e9, les nanoparticules peuvent \u00e9galement r\u00e9duire le temps n\u00e9cessaire \u00e0 l&rsquo;obtention de l&rsquo;\u00e9tat de surface souhait\u00e9.<\/p>\n<p style=\"text-align: left;\"><strong><a class=\"bouton-bleu\" href=\"https:\/\/www.baikowski.com\/fr\/application\/haut-indice-refraction-optique\/\">Voir nos produits optiques &amp; photoniques<\/a><\/strong><\/p>\n<p><strong>&#x1f31f;<\/strong> Contactez-nous pour vos besoins sur-mesure.<strong>&#x1f31f;<\/strong><\/p>\n","protected":false},"excerpt":{"rendered":"<p>Nos solutions innovantes d&rsquo;HPA, YAG, Spinelle et Nano-zircone pour l&rsquo;optique et la photonique Afin de fournir des solutions offrant des caract\u00e9ristiques exceptionnelles pour les march\u00e9s de l&rsquo;optique et de la photonique, nos \u00e9quipes R&amp;D d\u00e9veloppent des produits avec une distribution de taille contr\u00f4l\u00e9e, une cristallinit\u00e9 \u00e9lev\u00e9e, ainsi qu&rsquo;une grande puret\u00e9 phasique et chimique. Voir nos [&hellip;]<\/p>\n","protected":false},"author":1076,"featured_media":6391,"parent":0,"menu_order":0,"comment_status":"closed","ping_status":"closed","template":"","meta":{"_acf_changed":false,"footnotes":""},"class_list":["post-7938","page","type-page","status-publish","has-post-thumbnail","hentry"],"acf":[],"yoast_head":"<!-- This site is optimized with the Yoast SEO plugin v25.2 - https:\/\/yoast.com\/wordpress\/plugins\/seo\/ -->\n<title>Optique &amp; Photonique - Baikowski\u00ae<\/title>\n<meta name=\"description\" content=\"D\u00e9couvrez le r\u00f4le de nos solutions d&#039;HPA, YAG, Spinelle et Nano-zircone dans le d\u00e9veloppement de produits optiques et photoniques de pointe.\" \/>\n<meta name=\"robots\" content=\"index, follow, max-snippet:-1, max-image-preview:large, max-video-preview:-1\" \/>\n<link rel=\"canonical\" href=\"https:\/\/www.baikowski.com\/fr\/optics-photonics\/\" \/>\n<meta name=\"twitter:card\" content=\"summary_large_image\" \/>\n<meta name=\"twitter:title\" content=\"Optique &amp; Photonique - Baikowski\u00ae\" \/>\n<meta name=\"twitter:description\" content=\"D\u00e9couvrez le r\u00f4le de nos solutions d&#039;HPA, YAG, Spinelle et Nano-zircone dans le d\u00e9veloppement de produits optiques et photoniques de pointe.\" \/>\n<meta name=\"twitter:image\" content=\"https:\/\/www.baikowski.com\/wp-content\/uploads\/2023\/03\/mathym-glass.webp\" \/>\n<meta name=\"twitter:site\" content=\"@BaikowskiTeam\" \/>\n<meta name=\"twitter:label1\" content=\"Dur\u00e9e de lecture estim\u00e9e\" \/>\n\t<meta name=\"twitter:data1\" content=\"5 minutes\" \/>\n<script type=\"application\/ld+json\" class=\"yoast-schema-graph\">{\"@context\":\"https:\/\/schema.org\",\"@graph\":[{\"@type\":\"WebPage\",\"@id\":\"https:\/\/www.baikowski.com\/fr\/optics-photonics\/\",\"url\":\"https:\/\/www.baikowski.com\/fr\/optics-photonics\/\",\"name\":\"Optique & Photonique - Baikowski\u00ae\",\"isPartOf\":{\"@id\":\"https:\/\/www.baikowski.com\/fr\/#website\"},\"primaryImageOfPage\":{\"@id\":\"https:\/\/www.baikowski.com\/fr\/optics-photonics\/#primaryimage\"},\"image\":{\"@id\":\"https:\/\/www.baikowski.com\/fr\/optics-photonics\/#primaryimage\"},\"thumbnailUrl\":\"https:\/\/www.baikowski.com\/wp-content\/uploads\/2023\/03\/mathym-glass.webp\",\"datePublished\":\"2023-12-20T09:10:50+00:00\",\"dateModified\":\"2024-09-11T11:01:53+00:00\",\"description\":\"D\u00e9couvrez le r\u00f4le de nos solutions d'HPA, YAG, Spinelle et Nano-zircone dans le d\u00e9veloppement de produits optiques et photoniques de pointe.\",\"breadcrumb\":{\"@id\":\"https:\/\/www.baikowski.com\/fr\/optics-photonics\/#breadcrumb\"},\"inLanguage\":\"fr-FR\",\"potentialAction\":[{\"@type\":\"ReadAction\",\"target\":[\"https:\/\/www.baikowski.com\/fr\/optics-photonics\/\"]}]},{\"@type\":\"ImageObject\",\"inLanguage\":\"fr-FR\",\"@id\":\"https:\/\/www.baikowski.com\/fr\/optics-photonics\/#primaryimage\",\"url\":\"https:\/\/www.baikowski.com\/wp-content\/uploads\/2023\/03\/mathym-glass.webp\",\"contentUrl\":\"https:\/\/www.baikowski.com\/wp-content\/uploads\/2023\/03\/mathym-glass.webp\",\"width\":768,\"height\":513,\"caption\":\"Optics\"},{\"@type\":\"BreadcrumbList\",\"@id\":\"https:\/\/www.baikowski.com\/fr\/optics-photonics\/#breadcrumb\",\"itemListElement\":[{\"@type\":\"ListItem\",\"position\":1,\"name\":\"Accueil\",\"item\":\"https:\/\/www.baikowski.com\/fr\/\"},{\"@type\":\"ListItem\",\"position\":2,\"name\":\"Optique &#038; Photonique\"}]},{\"@type\":\"WebSite\",\"@id\":\"https:\/\/www.baikowski.com\/fr\/#website\",\"url\":\"https:\/\/www.baikowski.com\/fr\/\",\"name\":\"Baikowski\u00ae\",\"description\":\"Your solution partner for fine minerals\",\"publisher\":{\"@id\":\"https:\/\/www.baikowski.com\/fr\/#organization\"},\"potentialAction\":[{\"@type\":\"SearchAction\",\"target\":{\"@type\":\"EntryPoint\",\"urlTemplate\":\"https:\/\/www.baikowski.com\/fr\/?s={search_term_string}\"},\"query-input\":{\"@type\":\"PropertyValueSpecification\",\"valueRequired\":true,\"valueName\":\"search_term_string\"}}],\"inLanguage\":\"fr-FR\"},{\"@type\":\"Organization\",\"@id\":\"https:\/\/www.baikowski.com\/fr\/#organization\",\"name\":\"Baikowski\u00ae\",\"url\":\"https:\/\/www.baikowski.com\/fr\/\",\"logo\":{\"@type\":\"ImageObject\",\"inLanguage\":\"fr-FR\",\"@id\":\"https:\/\/www.baikowski.com\/fr\/#\/schema\/logo\/image\/\",\"url\":\"https:\/\/www.baikowski.com\/wp-content\/uploads\/2020\/10\/Baikowski_blocmarque_RVB_ok.jpg\",\"contentUrl\":\"https:\/\/www.baikowski.com\/wp-content\/uploads\/2020\/10\/Baikowski_blocmarque_RVB_ok.jpg\",\"width\":1977,\"height\":754,\"caption\":\"Baikowski\u00ae\"},\"image\":{\"@id\":\"https:\/\/www.baikowski.com\/fr\/#\/schema\/logo\/image\/\"},\"sameAs\":[\"https:\/\/x.com\/BaikowskiTeam\",\"https:\/\/www.linkedin.com\/company\/baikowski\",\"https:\/\/www.youtube.com\/channel\/UC8ypcOZkT7RxGf5HC_aW70g\"]}]}<\/script>\n<!-- \/ Yoast SEO plugin. -->","yoast_head_json":{"title":"Optique & Photonique - Baikowski\u00ae","description":"D\u00e9couvrez le r\u00f4le de nos solutions d'HPA, YAG, Spinelle et Nano-zircone dans le d\u00e9veloppement de produits optiques et photoniques de pointe.","robots":{"index":"index","follow":"follow","max-snippet":"max-snippet:-1","max-image-preview":"max-image-preview:large","max-video-preview":"max-video-preview:-1"},"canonical":"https:\/\/www.baikowski.com\/fr\/optics-photonics\/","twitter_card":"summary_large_image","twitter_title":"Optique & Photonique - Baikowski\u00ae","twitter_description":"D\u00e9couvrez le r\u00f4le de nos solutions d'HPA, YAG, Spinelle et Nano-zircone dans le d\u00e9veloppement de produits optiques et photoniques de pointe.","twitter_image":"https:\/\/www.baikowski.com\/wp-content\/uploads\/2023\/03\/mathym-glass.webp","twitter_site":"@BaikowskiTeam","twitter_misc":{"Dur\u00e9e de lecture estim\u00e9e":"5 minutes"},"schema":{"@context":"https:\/\/schema.org","@graph":[{"@type":"WebPage","@id":"https:\/\/www.baikowski.com\/fr\/optics-photonics\/","url":"https:\/\/www.baikowski.com\/fr\/optics-photonics\/","name":"Optique & Photonique - Baikowski\u00ae","isPartOf":{"@id":"https:\/\/www.baikowski.com\/fr\/#website"},"primaryImageOfPage":{"@id":"https:\/\/www.baikowski.com\/fr\/optics-photonics\/#primaryimage"},"image":{"@id":"https:\/\/www.baikowski.com\/fr\/optics-photonics\/#primaryimage"},"thumbnailUrl":"https:\/\/www.baikowski.com\/wp-content\/uploads\/2023\/03\/mathym-glass.webp","datePublished":"2023-12-20T09:10:50+00:00","dateModified":"2024-09-11T11:01:53+00:00","description":"D\u00e9couvrez le r\u00f4le de nos solutions d'HPA, YAG, Spinelle et Nano-zircone dans le d\u00e9veloppement de produits optiques et photoniques de pointe.","breadcrumb":{"@id":"https:\/\/www.baikowski.com\/fr\/optics-photonics\/#breadcrumb"},"inLanguage":"fr-FR","potentialAction":[{"@type":"ReadAction","target":["https:\/\/www.baikowski.com\/fr\/optics-photonics\/"]}]},{"@type":"ImageObject","inLanguage":"fr-FR","@id":"https:\/\/www.baikowski.com\/fr\/optics-photonics\/#primaryimage","url":"https:\/\/www.baikowski.com\/wp-content\/uploads\/2023\/03\/mathym-glass.webp","contentUrl":"https:\/\/www.baikowski.com\/wp-content\/uploads\/2023\/03\/mathym-glass.webp","width":768,"height":513,"caption":"Optics"},{"@type":"BreadcrumbList","@id":"https:\/\/www.baikowski.com\/fr\/optics-photonics\/#breadcrumb","itemListElement":[{"@type":"ListItem","position":1,"name":"Accueil","item":"https:\/\/www.baikowski.com\/fr\/"},{"@type":"ListItem","position":2,"name":"Optique &#038; Photonique"}]},{"@type":"WebSite","@id":"https:\/\/www.baikowski.com\/fr\/#website","url":"https:\/\/www.baikowski.com\/fr\/","name":"Baikowski\u00ae","description":"Your solution partner for fine minerals","publisher":{"@id":"https:\/\/www.baikowski.com\/fr\/#organization"},"potentialAction":[{"@type":"SearchAction","target":{"@type":"EntryPoint","urlTemplate":"https:\/\/www.baikowski.com\/fr\/?s={search_term_string}"},"query-input":{"@type":"PropertyValueSpecification","valueRequired":true,"valueName":"search_term_string"}}],"inLanguage":"fr-FR"},{"@type":"Organization","@id":"https:\/\/www.baikowski.com\/fr\/#organization","name":"Baikowski\u00ae","url":"https:\/\/www.baikowski.com\/fr\/","logo":{"@type":"ImageObject","inLanguage":"fr-FR","@id":"https:\/\/www.baikowski.com\/fr\/#\/schema\/logo\/image\/","url":"https:\/\/www.baikowski.com\/wp-content\/uploads\/2020\/10\/Baikowski_blocmarque_RVB_ok.jpg","contentUrl":"https:\/\/www.baikowski.com\/wp-content\/uploads\/2020\/10\/Baikowski_blocmarque_RVB_ok.jpg","width":1977,"height":754,"caption":"Baikowski\u00ae"},"image":{"@id":"https:\/\/www.baikowski.com\/fr\/#\/schema\/logo\/image\/"},"sameAs":["https:\/\/x.com\/BaikowskiTeam","https:\/\/www.linkedin.com\/company\/baikowski","https:\/\/www.youtube.com\/channel\/UC8ypcOZkT7RxGf5HC_aW70g"]}]}},"_links":{"self":[{"href":"https:\/\/www.baikowski.com\/fr\/wp-json\/wp\/v2\/pages\/7938","targetHints":{"allow":["GET"]}}],"collection":[{"href":"https:\/\/www.baikowski.com\/fr\/wp-json\/wp\/v2\/pages"}],"about":[{"href":"https:\/\/www.baikowski.com\/fr\/wp-json\/wp\/v2\/types\/page"}],"author":[{"embeddable":true,"href":"https:\/\/www.baikowski.com\/fr\/wp-json\/wp\/v2\/users\/1076"}],"replies":[{"embeddable":true,"href":"https:\/\/www.baikowski.com\/fr\/wp-json\/wp\/v2\/comments?post=7938"}],"version-history":[{"count":31,"href":"https:\/\/www.baikowski.com\/fr\/wp-json\/wp\/v2\/pages\/7938\/revisions"}],"predecessor-version":[{"id":9708,"href":"https:\/\/www.baikowski.com\/fr\/wp-json\/wp\/v2\/pages\/7938\/revisions\/9708"}],"wp:featuredmedia":[{"embeddable":true,"href":"https:\/\/www.baikowski.com\/fr\/wp-json\/wp\/v2\/media\/6391"}],"wp:attachment":[{"href":"https:\/\/www.baikowski.com\/fr\/wp-json\/wp\/v2\/media?parent=7938"}],"curies":[{"name":"wp","href":"https:\/\/api.w.org\/{rel}","templated":true}]}}