{"id":9125,"date":"2024-05-07T11:02:00","date_gmt":"2024-05-07T09:02:00","guid":{"rendered":"https:\/\/www.baikowski.com\/baikowskis-location-in-japan\/"},"modified":"2025-03-03T16:03:56","modified_gmt":"2025-03-03T15:03:56","slug":"baikowskis-location-in-japan","status":"publish","type":"page","link":"https:\/\/www.baikowski.com\/fr\/baikowskis-location-in-japan\/","title":{"rendered":"Baikowski\u00aeJapon"},"content":{"rendered":"<h2>Son Expertise dans les Suspensions de Polissage<\/h2>\n<p>Situ\u00e9e \u00e0 Narashino, Chiba, Baikowski\u00ae Japan a connu une croissance remarquable depuis sa cr\u00e9ation en 1988. Aujourd&rsquo;hui, avec plus de 60 employ\u00e9s, l&rsquo;entreprise se consacre au d\u00e9veloppement et \u00e0 la production de suspensions pour le polissage. Une grande diversit\u00e9 de mat\u00e9riaux, simples ou composites, sont concern\u00e9s, pour diverses applications, y compris la<strong><a href=\"https:\/\/www.baikowski.com\/fr\/application\/cmp-polissage-mecano-chimique\/\">\u00a0planarisation chimico-m\u00e9canique<\/a><\/strong> (CMP).<\/p>\n<p><img loading=\"lazy\" decoding=\"async\" class=\" wp-image-8971 alignright\" src=\"https:\/\/www.baikowski.com\/wp-content\/uploads\/2024\/05\/Furnace-261x300.jpg\" alt=\"Oxide production\" width=\"346\" height=\"398\" srcset=\"https:\/\/www.baikowski.com\/wp-content\/uploads\/2024\/05\/Furnace-261x300.jpg 261w, https:\/\/www.baikowski.com\/wp-content\/uploads\/2024\/05\/Furnace.jpg 600w\" sizes=\"auto, (max-width: 346px) 100vw, 346px\" \/><\/p>\n<p>En effet, gr\u00e2ce \u00e0 l&rsquo;utilisation d&rsquo;\u00e9quipements de polissage et de mesure, Baikowski\u00ae Japon a r\u00e9ussi \u00e0 formuler des solutions optimales, bas\u00e9es sur une grande vari\u00e9t\u00e9 de grains abrasifs (<strong>alumine, silice, diamant, etc<\/strong>.) et divers agents chimiques.<\/p>\n<p>Ces solutions sont m\u00e9ticuleusement con\u00e7ues pour r\u00e9pondre aux exigences rigoureuses des industries de pointe, en particulier lorsque la pr\u00e9cision et\/ou la s\u00e9lectivit\u00e9 de l&rsquo;enl\u00e8vement de mati\u00e8re sont n\u00e9cessaires, comme par exemple l<strong>es composants \u00e9lectroniques, les semi-conducteurs, les supports magn\u00e9tiques et les produits optiques.<\/strong><\/p>\n<h2>Des Solutions \u00e0 Haute Valeur Ajout\u00e9e et Innovantes<\/h2>\n<p>La customisation des solutions de polissage a permis d&rsquo;accumuler un grand savoir sur ce processus. Cette expertise a non seulement am\u00e9lior\u00e9 l&rsquo;efficacit\u00e9 du processus de polissage lui-m\u00eame, mais \u00e9galement de mani\u00e8re radicale les co\u00fbts de fabrication et\u00a0 la performance des produits.<\/p>\n<p>En encourageant une culture de l&rsquo;am\u00e9lioration continue, Baikowski\u00ae Japon permet \u00e0 son \u00e9quipe d&rsquo;op\u00e9rateurs hautement qualifi\u00e9s d&rsquo;explorer les avanc\u00e9es qui fa\u00e7onnent l&rsquo;avenir du polissage dans des industries critiques.<\/p>\n<h2>&#x1f31f;<span style=\"color: darkblue;\">Baikowski\u00ae Japan Co, Ltd.<\/span><\/h2>\n<p>6-17-13 Higashinarashino<br \/>\nNarashino-shi<br \/>\nChiba-ken<br \/>\n275-0001<\/p>\n<p><strong>T\u00e9l. +81 474.73.8150<\/strong><br \/>\n<strong><a href=\"https:\/\/baikowski.co.jp\/\">Site web local<\/a><\/strong><\/p>\n<figure id=\"attachment_9035\" aria-describedby=\"caption-attachment-9035\" style=\"width: 342px\" class=\"wp-caption alignright\"><img loading=\"lazy\" decoding=\"async\" class=\"wp-image-9035\" src=\"https:\/\/www.baikowski.com\/wp-content\/uploads\/2024\/05\/120-years-BJC-2-288x300.jpg\" alt=\"\" width=\"342\" height=\"356\" srcset=\"https:\/\/www.baikowski.com\/wp-content\/uploads\/2024\/05\/120-years-BJC-2-288x300.jpg 288w, https:\/\/www.baikowski.com\/wp-content\/uploads\/2024\/05\/120-years-BJC-2.jpg 650w\" sizes=\"auto, (max-width: 342px) 100vw, 342px\" \/><figcaption id=\"caption-attachment-9035\" class=\"wp-caption-text\"><center>2024, 120 years of Baikowski\u00ae<\/center><\/figcaption><\/figure>\n<p><img loading=\"lazy\" decoding=\"async\" class=\"wp-image-9040 alignleft\" src=\"https:\/\/www.baikowski.com\/wp-content\/uploads\/2024\/05\/Baikowski-Japan-Team-300x193.jpg\" alt=\"Baikowski Japan Team\" width=\"542\" height=\"349\" srcset=\"https:\/\/www.baikowski.com\/wp-content\/uploads\/2024\/05\/Baikowski-Japan-Team-300x193.jpg 300w, https:\/\/www.baikowski.com\/wp-content\/uploads\/2024\/05\/Baikowski-Japan-Team.jpg 600w\" sizes=\"auto, (max-width: 542px) 100vw, 542px\" \/><\/p>\n","protected":false},"excerpt":{"rendered":"<p>Son Expertise dans les Suspensions de Polissage Situ\u00e9e \u00e0 Narashino, Chiba, Baikowski\u00ae Japan a connu une croissance remarquable depuis sa cr\u00e9ation en 1988. Aujourd&rsquo;hui, avec plus de 60 employ\u00e9s, l&rsquo;entreprise se consacre au d\u00e9veloppement et \u00e0 la production de suspensions pour le polissage. Une grande diversit\u00e9 de mat\u00e9riaux, simples ou composites, sont concern\u00e9s, pour diverses [&hellip;]<\/p>\n","protected":false},"author":1076,"featured_media":8962,"parent":0,"menu_order":0,"comment_status":"closed","ping_status":"closed","template":"","meta":{"_acf_changed":false,"footnotes":""},"class_list":["post-9125","page","type-page","status-publish","has-post-thumbnail","hentry"],"acf":[],"yoast_head":"<!-- This site is optimized with the Yoast SEO plugin v25.2 - https:\/\/yoast.com\/wordpress\/plugins\/seo\/ -->\n<title>Baikowski\u00aeJapon - Baikowski\u00ae<\/title>\n<meta name=\"robots\" content=\"index, follow, max-snippet:-1, max-image-preview:large, max-video-preview:-1\" \/>\n<link rel=\"canonical\" href=\"https:\/\/www.baikowski.com\/fr\/baikowskis-location-in-japan\/\" \/>\n<meta name=\"twitter:card\" content=\"summary_large_image\" \/>\n<meta name=\"twitter:title\" content=\"Baikowski\u00aeJapon - Baikowski\u00ae\" \/>\n<meta name=\"twitter:description\" content=\"Son Expertise dans les Suspensions de Polissage Situ\u00e9e \u00e0 Narashino, Chiba, Baikowski\u00ae Japan a connu une croissance remarquable depuis sa cr\u00e9ation en 1988. Aujourd&rsquo;hui, avec plus de 60 employ\u00e9s, l&rsquo;entreprise se consacre au d\u00e9veloppement et \u00e0 la production de suspensions pour le polissage. Une grande diversit\u00e9 de mat\u00e9riaux, simples ou composites, sont concern\u00e9s, pour diverses [&hellip;]\" \/>\n<meta name=\"twitter:image\" content=\"https:\/\/www.baikowski.com\/wp-content\/uploads\/2024\/05\/BJC-BUILDING-NIGHT-s.jpg\" \/>\n<meta name=\"twitter:site\" content=\"@BaikowskiTeam\" \/>\n<meta name=\"twitter:label1\" content=\"Dur\u00e9e de lecture estim\u00e9e\" \/>\n\t<meta name=\"twitter:data1\" content=\"2 minutes\" \/>\n<script type=\"application\/ld+json\" class=\"yoast-schema-graph\">{\"@context\":\"https:\/\/schema.org\",\"@graph\":[{\"@type\":\"WebPage\",\"@id\":\"https:\/\/www.baikowski.com\/fr\/baikowskis-location-in-japan\/\",\"url\":\"https:\/\/www.baikowski.com\/fr\/baikowskis-location-in-japan\/\",\"name\":\"Baikowski\u00aeJapon - Baikowski\u00ae\",\"isPartOf\":{\"@id\":\"https:\/\/www.baikowski.com\/fr\/#website\"},\"primaryImageOfPage\":{\"@id\":\"https:\/\/www.baikowski.com\/fr\/baikowskis-location-in-japan\/#primaryimage\"},\"image\":{\"@id\":\"https:\/\/www.baikowski.com\/fr\/baikowskis-location-in-japan\/#primaryimage\"},\"thumbnailUrl\":\"https:\/\/www.baikowski.com\/wp-content\/uploads\/2024\/05\/BJC-BUILDING-NIGHT-s.jpg\",\"datePublished\":\"2024-05-07T09:02:00+00:00\",\"dateModified\":\"2025-03-03T15:03:56+00:00\",\"breadcrumb\":{\"@id\":\"https:\/\/www.baikowski.com\/fr\/baikowskis-location-in-japan\/#breadcrumb\"},\"inLanguage\":\"fr-FR\",\"potentialAction\":[{\"@type\":\"ReadAction\",\"target\":[\"https:\/\/www.baikowski.com\/fr\/baikowskis-location-in-japan\/\"]}]},{\"@type\":\"ImageObject\",\"inLanguage\":\"fr-FR\",\"@id\":\"https:\/\/www.baikowski.com\/fr\/baikowskis-location-in-japan\/#primaryimage\",\"url\":\"https:\/\/www.baikowski.com\/wp-content\/uploads\/2024\/05\/BJC-BUILDING-NIGHT-s.jpg\",\"contentUrl\":\"https:\/\/www.baikowski.com\/wp-content\/uploads\/2024\/05\/BJC-BUILDING-NIGHT-s.jpg\",\"width\":450,\"height\":443},{\"@type\":\"BreadcrumbList\",\"@id\":\"https:\/\/www.baikowski.com\/fr\/baikowskis-location-in-japan\/#breadcrumb\",\"itemListElement\":[{\"@type\":\"ListItem\",\"position\":1,\"name\":\"Accueil\",\"item\":\"https:\/\/www.baikowski.com\/fr\/\"},{\"@type\":\"ListItem\",\"position\":2,\"name\":\"Baikowski\u00aeJapon\"}]},{\"@type\":\"WebSite\",\"@id\":\"https:\/\/www.baikowski.com\/fr\/#website\",\"url\":\"https:\/\/www.baikowski.com\/fr\/\",\"name\":\"Baikowski\u00ae\",\"description\":\"Your solution partner for fine minerals\",\"publisher\":{\"@id\":\"https:\/\/www.baikowski.com\/fr\/#organization\"},\"potentialAction\":[{\"@type\":\"SearchAction\",\"target\":{\"@type\":\"EntryPoint\",\"urlTemplate\":\"https:\/\/www.baikowski.com\/fr\/?s={search_term_string}\"},\"query-input\":{\"@type\":\"PropertyValueSpecification\",\"valueRequired\":true,\"valueName\":\"search_term_string\"}}],\"inLanguage\":\"fr-FR\"},{\"@type\":\"Organization\",\"@id\":\"https:\/\/www.baikowski.com\/fr\/#organization\",\"name\":\"Baikowski\u00ae\",\"url\":\"https:\/\/www.baikowski.com\/fr\/\",\"logo\":{\"@type\":\"ImageObject\",\"inLanguage\":\"fr-FR\",\"@id\":\"https:\/\/www.baikowski.com\/fr\/#\/schema\/logo\/image\/\",\"url\":\"https:\/\/www.baikowski.com\/wp-content\/uploads\/2020\/10\/Baikowski_blocmarque_RVB_ok.jpg\",\"contentUrl\":\"https:\/\/www.baikowski.com\/wp-content\/uploads\/2020\/10\/Baikowski_blocmarque_RVB_ok.jpg\",\"width\":1977,\"height\":754,\"caption\":\"Baikowski\u00ae\"},\"image\":{\"@id\":\"https:\/\/www.baikowski.com\/fr\/#\/schema\/logo\/image\/\"},\"sameAs\":[\"https:\/\/x.com\/BaikowskiTeam\",\"https:\/\/www.linkedin.com\/company\/baikowski\",\"https:\/\/www.youtube.com\/channel\/UC8ypcOZkT7RxGf5HC_aW70g\"]}]}<\/script>\n<!-- \/ Yoast SEO plugin. -->","yoast_head_json":{"title":"Baikowski\u00aeJapon - Baikowski\u00ae","robots":{"index":"index","follow":"follow","max-snippet":"max-snippet:-1","max-image-preview":"max-image-preview:large","max-video-preview":"max-video-preview:-1"},"canonical":"https:\/\/www.baikowski.com\/fr\/baikowskis-location-in-japan\/","twitter_card":"summary_large_image","twitter_title":"Baikowski\u00aeJapon - Baikowski\u00ae","twitter_description":"Son Expertise dans les Suspensions de Polissage Situ\u00e9e \u00e0 Narashino, Chiba, Baikowski\u00ae Japan a connu une croissance remarquable depuis sa cr\u00e9ation en 1988. Aujourd&rsquo;hui, avec plus de 60 employ\u00e9s, l&rsquo;entreprise se consacre au d\u00e9veloppement et \u00e0 la production de suspensions pour le polissage. Une grande diversit\u00e9 de mat\u00e9riaux, simples ou composites, sont concern\u00e9s, pour diverses [&hellip;]","twitter_image":"https:\/\/www.baikowski.com\/wp-content\/uploads\/2024\/05\/BJC-BUILDING-NIGHT-s.jpg","twitter_site":"@BaikowskiTeam","twitter_misc":{"Dur\u00e9e de lecture estim\u00e9e":"2 minutes"},"schema":{"@context":"https:\/\/schema.org","@graph":[{"@type":"WebPage","@id":"https:\/\/www.baikowski.com\/fr\/baikowskis-location-in-japan\/","url":"https:\/\/www.baikowski.com\/fr\/baikowskis-location-in-japan\/","name":"Baikowski\u00aeJapon - Baikowski\u00ae","isPartOf":{"@id":"https:\/\/www.baikowski.com\/fr\/#website"},"primaryImageOfPage":{"@id":"https:\/\/www.baikowski.com\/fr\/baikowskis-location-in-japan\/#primaryimage"},"image":{"@id":"https:\/\/www.baikowski.com\/fr\/baikowskis-location-in-japan\/#primaryimage"},"thumbnailUrl":"https:\/\/www.baikowski.com\/wp-content\/uploads\/2024\/05\/BJC-BUILDING-NIGHT-s.jpg","datePublished":"2024-05-07T09:02:00+00:00","dateModified":"2025-03-03T15:03:56+00:00","breadcrumb":{"@id":"https:\/\/www.baikowski.com\/fr\/baikowskis-location-in-japan\/#breadcrumb"},"inLanguage":"fr-FR","potentialAction":[{"@type":"ReadAction","target":["https:\/\/www.baikowski.com\/fr\/baikowskis-location-in-japan\/"]}]},{"@type":"ImageObject","inLanguage":"fr-FR","@id":"https:\/\/www.baikowski.com\/fr\/baikowskis-location-in-japan\/#primaryimage","url":"https:\/\/www.baikowski.com\/wp-content\/uploads\/2024\/05\/BJC-BUILDING-NIGHT-s.jpg","contentUrl":"https:\/\/www.baikowski.com\/wp-content\/uploads\/2024\/05\/BJC-BUILDING-NIGHT-s.jpg","width":450,"height":443},{"@type":"BreadcrumbList","@id":"https:\/\/www.baikowski.com\/fr\/baikowskis-location-in-japan\/#breadcrumb","itemListElement":[{"@type":"ListItem","position":1,"name":"Accueil","item":"https:\/\/www.baikowski.com\/fr\/"},{"@type":"ListItem","position":2,"name":"Baikowski\u00aeJapon"}]},{"@type":"WebSite","@id":"https:\/\/www.baikowski.com\/fr\/#website","url":"https:\/\/www.baikowski.com\/fr\/","name":"Baikowski\u00ae","description":"Your solution partner for fine minerals","publisher":{"@id":"https:\/\/www.baikowski.com\/fr\/#organization"},"potentialAction":[{"@type":"SearchAction","target":{"@type":"EntryPoint","urlTemplate":"https:\/\/www.baikowski.com\/fr\/?s={search_term_string}"},"query-input":{"@type":"PropertyValueSpecification","valueRequired":true,"valueName":"search_term_string"}}],"inLanguage":"fr-FR"},{"@type":"Organization","@id":"https:\/\/www.baikowski.com\/fr\/#organization","name":"Baikowski\u00ae","url":"https:\/\/www.baikowski.com\/fr\/","logo":{"@type":"ImageObject","inLanguage":"fr-FR","@id":"https:\/\/www.baikowski.com\/fr\/#\/schema\/logo\/image\/","url":"https:\/\/www.baikowski.com\/wp-content\/uploads\/2020\/10\/Baikowski_blocmarque_RVB_ok.jpg","contentUrl":"https:\/\/www.baikowski.com\/wp-content\/uploads\/2020\/10\/Baikowski_blocmarque_RVB_ok.jpg","width":1977,"height":754,"caption":"Baikowski\u00ae"},"image":{"@id":"https:\/\/www.baikowski.com\/fr\/#\/schema\/logo\/image\/"},"sameAs":["https:\/\/x.com\/BaikowskiTeam","https:\/\/www.linkedin.com\/company\/baikowski","https:\/\/www.youtube.com\/channel\/UC8ypcOZkT7RxGf5HC_aW70g"]}]}},"_links":{"self":[{"href":"https:\/\/www.baikowski.com\/fr\/wp-json\/wp\/v2\/pages\/9125","targetHints":{"allow":["GET"]}}],"collection":[{"href":"https:\/\/www.baikowski.com\/fr\/wp-json\/wp\/v2\/pages"}],"about":[{"href":"https:\/\/www.baikowski.com\/fr\/wp-json\/wp\/v2\/types\/page"}],"author":[{"embeddable":true,"href":"https:\/\/www.baikowski.com\/fr\/wp-json\/wp\/v2\/users\/1076"}],"replies":[{"embeddable":true,"href":"https:\/\/www.baikowski.com\/fr\/wp-json\/wp\/v2\/comments?post=9125"}],"version-history":[{"count":15,"href":"https:\/\/www.baikowski.com\/fr\/wp-json\/wp\/v2\/pages\/9125\/revisions"}],"predecessor-version":[{"id":10933,"href":"https:\/\/www.baikowski.com\/fr\/wp-json\/wp\/v2\/pages\/9125\/revisions\/10933"}],"wp:featuredmedia":[{"embeddable":true,"href":"https:\/\/www.baikowski.com\/fr\/wp-json\/wp\/v2\/media\/8962"}],"wp:attachment":[{"href":"https:\/\/www.baikowski.com\/fr\/wp-json\/wp\/v2\/media?parent=9125"}],"curies":[{"name":"wp","href":"https:\/\/api.w.org\/{rel}","templated":true}]}}