{"id":9133,"date":"2024-05-06T16:35:37","date_gmt":"2024-05-06T14:35:37","guid":{"rendered":"https:\/\/www.baikowski.com\/baikowski-locations-in-the-us\/"},"modified":"2024-05-21T11:50:05","modified_gmt":"2024-05-21T09:50:05","slug":"baikowski-locations-in-the-us","status":"publish","type":"page","link":"https:\/\/www.baikowski.com\/fr\/baikowski-locations-in-the-us\/","title":{"rendered":"Baikowski\u00aeUSA"},"content":{"rendered":"<figure id=\"attachment_8919\" aria-describedby=\"caption-attachment-8919\" style=\"width: 395px\" class=\"wp-caption alignright\"><img loading=\"lazy\" decoding=\"async\" class=\"wp-image-8919\" src=\"https:\/\/www.baikowski.com\/wp-content\/uploads\/2024\/05\/120-years-BIC-203x300.jpg\" alt=\"Baikowski US sales team for 120 years anniversary\" width=\"395\" height=\"584\" srcset=\"https:\/\/www.baikowski.com\/wp-content\/uploads\/2024\/05\/120-years-BIC-203x300.jpg 203w, https:\/\/www.baikowski.com\/wp-content\/uploads\/2024\/05\/120-years-BIC.jpg 338w\" sizes=\"auto, (max-width: 395px) 100vw, 395px\" \/><figcaption id=\"caption-attachment-8919\" class=\"wp-caption-text\"><center>2024, 120 ans de Baikowski\u00ae<\/center><\/figcaption><\/figure>\n<h2>Une Proximit\u00e9 avec nos Clients Am\u00e9ricains&#x1f30e;<\/h2>\n<p>Depuis 1979 \u00e0 Charlotte et 2001 \u00e0 Malakoff, Baikowski\u00ae a consolid\u00e9 sa position de leader mondial dans la production de min\u00e9raux fins pour des applications de haute technologie et durables avec ses acquisitions aux USA.<\/p>\n<p>Notre usine de Malakoff, au Texas, dispose d&rsquo;installations de production de pointe, tandis que notre bureau de Charlotte, en Caroline du Nord, offre un environnement dynamique \u00e0 nos \u00e9quipes administratives et commerciales.<\/p>\n<p>Les deux entit\u00e9s emploient environ 30 professionnels d\u00e9vou\u00e9s qui r\u00e9pondent aux besoins des march\u00e9s nord et sud-am\u00e9ricains gr\u00e2ce \u00e0 l&rsquo;ensemble des gammes du groupe Baikowski\u00ae.<\/p>\n<h2>Des Solutions d&rsquo;Alumine sur mesure 3N et 4N<\/h2>\n<p><img loading=\"lazy\" decoding=\"async\" class=\"wp-image-8921 alignright\" src=\"https:\/\/www.baikowski.com\/wp-content\/uploads\/2024\/05\/120-years-BMI-300x209.jpg\" alt=\"Baikowski US sales team for 120 years anniversary\" width=\"486\" height=\"339\" srcset=\"https:\/\/www.baikowski.com\/wp-content\/uploads\/2024\/05\/120-years-BMI-300x209.jpg 300w, https:\/\/www.baikowski.com\/wp-content\/uploads\/2024\/05\/120-years-BMI.jpg 500w\" sizes=\"auto, (max-width: 486px) 100vw, 486px\" \/><\/p>\n<p>Notre usine de Malakoff d\u00e9veloppe et produit des solutions d&rsquo;alumine 3N et 4N con\u00e7ues pour <strong>les applications c\u00e9ramiques et le polissage<\/strong>, notamment notre c\u00e9l\u00e8bre <strong>gamme de polissage Baikalox\u00ae<\/strong> qui b\u00e9n\u00e9ficie d&rsquo;une large reconnaissance dans le monde entier.<\/p>\n<p>Parmi les march\u00e9s desservis, on peut citer les bioc\u00e9ramiques, les c\u00e9ramiques transparentes et translucides, les c\u00e9ramiques techniques, le polissage ophtalmique et les additifs thermiques.<\/p>\n<p>Notre site de production am\u00e9ricain peut \u00e9galement customiser ses poudres selon les besoins de ses clients en termes de morphologies cristallines, puret\u00e9s chimiques, r\u00e9activit\u00e9s, dimensions et propri\u00e9t\u00e9s c\u00e9ramiques.<\/p>\n<p>Attach\u00e9e \u00e0 la qualit\u00e9 et \u00e0 l&rsquo;innovation, l&rsquo;usine est \u00e9quip\u00e9e <strong>d&rsquo;appareils d&rsquo;analyse<\/strong> tels que la surface sp\u00e9cifique, la taille des particules, la puret\u00e9 (ICP), la densit\u00e9 tass\u00e9e\/tap\u00e9e, la densit\u00e9 post-frittage, SEM, Tramp Fe.<\/p>\n<p><strong>Certifi\u00e9 ISO 9001<\/strong> afin de garantir des mesures strictes de contr\u00f4le qualit\u00e9 \u00e0 chaque \u00e9tape de la production, Baikowski\u00ae dispose aussi d&rsquo;un dispositif d&rsquo;am\u00e9lioration continue lui permettant de fournir des produits qui r\u00e9pondent aux normes les plus \u00e9lev\u00e9es.<\/p>\n<h2>&#x1f31f;<span style=\"color: darkblue;\">Baikowski\u00ae International Corp.<\/span><\/h2>\n<p>6601 NorthPark blvd Suite H<br \/>\nCHARLOTTE, NC 28216- USA<\/p>\n<p><strong>T\u00e9l. (704) 587.7100<\/strong><\/p>\n<h2>&#x1f31f;<span style=\"color: darkblue;\">Baikowski\u00ae Malakoff Inc.<\/span><\/h2>\n<p>1631 West Royall Boulevard<br \/>\nMALAKOFF<br \/>\nTX 75148-6202-USA<br \/>\n<strong>T\u00e9l. +1 903-489-1910<\/strong><\/p>\n","protected":false},"excerpt":{"rendered":"<p>Une Proximit\u00e9 avec nos Clients Am\u00e9ricains&#x1f30e; Depuis 1979 \u00e0 Charlotte et 2001 \u00e0 Malakoff, Baikowski\u00ae a consolid\u00e9 sa position de leader mondial dans la production de min\u00e9raux fins pour des applications de haute technologie et durables avec ses acquisitions aux USA. Notre usine de Malakoff, au Texas, dispose d&rsquo;installations de production de pointe, tandis que [&hellip;]<\/p>\n","protected":false},"author":1076,"featured_media":2772,"parent":0,"menu_order":0,"comment_status":"closed","ping_status":"closed","template":"","meta":{"_acf_changed":false,"footnotes":""},"class_list":["post-9133","page","type-page","status-publish","has-post-thumbnail","hentry"],"acf":[],"yoast_head":"<!-- This site is optimized with the Yoast SEO plugin v25.2 - https:\/\/yoast.com\/wordpress\/plugins\/seo\/ -->\n<title>Baikowski\u00aeUSA - Baikowski\u00ae<\/title>\n<meta name=\"robots\" content=\"index, follow, max-snippet:-1, max-image-preview:large, max-video-preview:-1\" \/>\n<link rel=\"canonical\" href=\"https:\/\/www.baikowski.com\/fr\/baikowski-locations-in-the-us\/\" \/>\n<meta name=\"twitter:card\" content=\"summary_large_image\" \/>\n<meta name=\"twitter:title\" content=\"Baikowski\u00aeUSA - Baikowski\u00ae\" \/>\n<meta name=\"twitter:description\" content=\"Une Proximit\u00e9 avec nos Clients Am\u00e9ricains&#x1f30e; Depuis 1979 \u00e0 Charlotte et 2001 \u00e0 Malakoff, Baikowski\u00ae a consolid\u00e9 sa position de leader mondial dans la production de min\u00e9raux fins pour des applications de haute technologie et durables avec ses acquisitions aux USA. Notre usine de Malakoff, au Texas, dispose d&rsquo;installations de production de pointe, tandis que [&hellip;]\" \/>\n<meta name=\"twitter:image\" content=\"https:\/\/www.baikowski.com\/wp-content\/uploads\/2020\/01\/BMI-Aerial-View-s2.jpg\" \/>\n<meta name=\"twitter:site\" content=\"@BaikowskiTeam\" \/>\n<meta name=\"twitter:label1\" content=\"Dur\u00e9e de lecture estim\u00e9e\" \/>\n\t<meta name=\"twitter:data1\" content=\"2 minutes\" \/>\n<script type=\"application\/ld+json\" class=\"yoast-schema-graph\">{\"@context\":\"https:\/\/schema.org\",\"@graph\":[{\"@type\":\"WebPage\",\"@id\":\"https:\/\/www.baikowski.com\/fr\/baikowski-locations-in-the-us\/\",\"url\":\"https:\/\/www.baikowski.com\/fr\/baikowski-locations-in-the-us\/\",\"name\":\"Baikowski\u00aeUSA - Baikowski\u00ae\",\"isPartOf\":{\"@id\":\"https:\/\/www.baikowski.com\/fr\/#website\"},\"primaryImageOfPage\":{\"@id\":\"https:\/\/www.baikowski.com\/fr\/baikowski-locations-in-the-us\/#primaryimage\"},\"image\":{\"@id\":\"https:\/\/www.baikowski.com\/fr\/baikowski-locations-in-the-us\/#primaryimage\"},\"thumbnailUrl\":\"https:\/\/www.baikowski.com\/wp-content\/uploads\/2020\/01\/BMI-Aerial-View-s2.jpg\",\"datePublished\":\"2024-05-06T14:35:37+00:00\",\"dateModified\":\"2024-05-21T09:50:05+00:00\",\"breadcrumb\":{\"@id\":\"https:\/\/www.baikowski.com\/fr\/baikowski-locations-in-the-us\/#breadcrumb\"},\"inLanguage\":\"fr-FR\",\"potentialAction\":[{\"@type\":\"ReadAction\",\"target\":[\"https:\/\/www.baikowski.com\/fr\/baikowski-locations-in-the-us\/\"]}]},{\"@type\":\"ImageObject\",\"inLanguage\":\"fr-FR\",\"@id\":\"https:\/\/www.baikowski.com\/fr\/baikowski-locations-in-the-us\/#primaryimage\",\"url\":\"https:\/\/www.baikowski.com\/wp-content\/uploads\/2020\/01\/BMI-Aerial-View-s2.jpg\",\"contentUrl\":\"https:\/\/www.baikowski.com\/wp-content\/uploads\/2020\/01\/BMI-Aerial-View-s2.jpg\",\"width\":1383,\"height\":1383,\"caption\":\"Baikowski Malakoff Incorporation BMI office in Malakoff, USA\"},{\"@type\":\"BreadcrumbList\",\"@id\":\"https:\/\/www.baikowski.com\/fr\/baikowski-locations-in-the-us\/#breadcrumb\",\"itemListElement\":[{\"@type\":\"ListItem\",\"position\":1,\"name\":\"Accueil\",\"item\":\"https:\/\/www.baikowski.com\/fr\/\"},{\"@type\":\"ListItem\",\"position\":2,\"name\":\"Baikowski\u00aeUSA\"}]},{\"@type\":\"WebSite\",\"@id\":\"https:\/\/www.baikowski.com\/fr\/#website\",\"url\":\"https:\/\/www.baikowski.com\/fr\/\",\"name\":\"Baikowski\u00ae\",\"description\":\"Your solution partner for fine minerals\",\"publisher\":{\"@id\":\"https:\/\/www.baikowski.com\/fr\/#organization\"},\"potentialAction\":[{\"@type\":\"SearchAction\",\"target\":{\"@type\":\"EntryPoint\",\"urlTemplate\":\"https:\/\/www.baikowski.com\/fr\/?s={search_term_string}\"},\"query-input\":{\"@type\":\"PropertyValueSpecification\",\"valueRequired\":true,\"valueName\":\"search_term_string\"}}],\"inLanguage\":\"fr-FR\"},{\"@type\":\"Organization\",\"@id\":\"https:\/\/www.baikowski.com\/fr\/#organization\",\"name\":\"Baikowski\u00ae\",\"url\":\"https:\/\/www.baikowski.com\/fr\/\",\"logo\":{\"@type\":\"ImageObject\",\"inLanguage\":\"fr-FR\",\"@id\":\"https:\/\/www.baikowski.com\/fr\/#\/schema\/logo\/image\/\",\"url\":\"https:\/\/www.baikowski.com\/wp-content\/uploads\/2020\/10\/Baikowski_blocmarque_RVB_ok.jpg\",\"contentUrl\":\"https:\/\/www.baikowski.com\/wp-content\/uploads\/2020\/10\/Baikowski_blocmarque_RVB_ok.jpg\",\"width\":1977,\"height\":754,\"caption\":\"Baikowski\u00ae\"},\"image\":{\"@id\":\"https:\/\/www.baikowski.com\/fr\/#\/schema\/logo\/image\/\"},\"sameAs\":[\"https:\/\/x.com\/BaikowskiTeam\",\"https:\/\/www.linkedin.com\/company\/baikowski\",\"https:\/\/www.youtube.com\/channel\/UC8ypcOZkT7RxGf5HC_aW70g\"]}]}<\/script>\n<!-- \/ Yoast SEO plugin. -->","yoast_head_json":{"title":"Baikowski\u00aeUSA - Baikowski\u00ae","robots":{"index":"index","follow":"follow","max-snippet":"max-snippet:-1","max-image-preview":"max-image-preview:large","max-video-preview":"max-video-preview:-1"},"canonical":"https:\/\/www.baikowski.com\/fr\/baikowski-locations-in-the-us\/","twitter_card":"summary_large_image","twitter_title":"Baikowski\u00aeUSA - Baikowski\u00ae","twitter_description":"Une Proximit\u00e9 avec nos Clients Am\u00e9ricains&#x1f30e; Depuis 1979 \u00e0 Charlotte et 2001 \u00e0 Malakoff, Baikowski\u00ae a consolid\u00e9 sa position de leader mondial dans la production de min\u00e9raux fins pour des applications de haute technologie et durables avec ses acquisitions aux USA. Notre usine de Malakoff, au Texas, dispose d&rsquo;installations de production de pointe, tandis que [&hellip;]","twitter_image":"https:\/\/www.baikowski.com\/wp-content\/uploads\/2020\/01\/BMI-Aerial-View-s2.jpg","twitter_site":"@BaikowskiTeam","twitter_misc":{"Dur\u00e9e de lecture estim\u00e9e":"2 minutes"},"schema":{"@context":"https:\/\/schema.org","@graph":[{"@type":"WebPage","@id":"https:\/\/www.baikowski.com\/fr\/baikowski-locations-in-the-us\/","url":"https:\/\/www.baikowski.com\/fr\/baikowski-locations-in-the-us\/","name":"Baikowski\u00aeUSA - Baikowski\u00ae","isPartOf":{"@id":"https:\/\/www.baikowski.com\/fr\/#website"},"primaryImageOfPage":{"@id":"https:\/\/www.baikowski.com\/fr\/baikowski-locations-in-the-us\/#primaryimage"},"image":{"@id":"https:\/\/www.baikowski.com\/fr\/baikowski-locations-in-the-us\/#primaryimage"},"thumbnailUrl":"https:\/\/www.baikowski.com\/wp-content\/uploads\/2020\/01\/BMI-Aerial-View-s2.jpg","datePublished":"2024-05-06T14:35:37+00:00","dateModified":"2024-05-21T09:50:05+00:00","breadcrumb":{"@id":"https:\/\/www.baikowski.com\/fr\/baikowski-locations-in-the-us\/#breadcrumb"},"inLanguage":"fr-FR","potentialAction":[{"@type":"ReadAction","target":["https:\/\/www.baikowski.com\/fr\/baikowski-locations-in-the-us\/"]}]},{"@type":"ImageObject","inLanguage":"fr-FR","@id":"https:\/\/www.baikowski.com\/fr\/baikowski-locations-in-the-us\/#primaryimage","url":"https:\/\/www.baikowski.com\/wp-content\/uploads\/2020\/01\/BMI-Aerial-View-s2.jpg","contentUrl":"https:\/\/www.baikowski.com\/wp-content\/uploads\/2020\/01\/BMI-Aerial-View-s2.jpg","width":1383,"height":1383,"caption":"Baikowski Malakoff Incorporation BMI office in Malakoff, USA"},{"@type":"BreadcrumbList","@id":"https:\/\/www.baikowski.com\/fr\/baikowski-locations-in-the-us\/#breadcrumb","itemListElement":[{"@type":"ListItem","position":1,"name":"Accueil","item":"https:\/\/www.baikowski.com\/fr\/"},{"@type":"ListItem","position":2,"name":"Baikowski\u00aeUSA"}]},{"@type":"WebSite","@id":"https:\/\/www.baikowski.com\/fr\/#website","url":"https:\/\/www.baikowski.com\/fr\/","name":"Baikowski\u00ae","description":"Your solution partner for fine minerals","publisher":{"@id":"https:\/\/www.baikowski.com\/fr\/#organization"},"potentialAction":[{"@type":"SearchAction","target":{"@type":"EntryPoint","urlTemplate":"https:\/\/www.baikowski.com\/fr\/?s={search_term_string}"},"query-input":{"@type":"PropertyValueSpecification","valueRequired":true,"valueName":"search_term_string"}}],"inLanguage":"fr-FR"},{"@type":"Organization","@id":"https:\/\/www.baikowski.com\/fr\/#organization","name":"Baikowski\u00ae","url":"https:\/\/www.baikowski.com\/fr\/","logo":{"@type":"ImageObject","inLanguage":"fr-FR","@id":"https:\/\/www.baikowski.com\/fr\/#\/schema\/logo\/image\/","url":"https:\/\/www.baikowski.com\/wp-content\/uploads\/2020\/10\/Baikowski_blocmarque_RVB_ok.jpg","contentUrl":"https:\/\/www.baikowski.com\/wp-content\/uploads\/2020\/10\/Baikowski_blocmarque_RVB_ok.jpg","width":1977,"height":754,"caption":"Baikowski\u00ae"},"image":{"@id":"https:\/\/www.baikowski.com\/fr\/#\/schema\/logo\/image\/"},"sameAs":["https:\/\/x.com\/BaikowskiTeam","https:\/\/www.linkedin.com\/company\/baikowski","https:\/\/www.youtube.com\/channel\/UC8ypcOZkT7RxGf5HC_aW70g"]}]}},"_links":{"self":[{"href":"https:\/\/www.baikowski.com\/fr\/wp-json\/wp\/v2\/pages\/9133","targetHints":{"allow":["GET"]}}],"collection":[{"href":"https:\/\/www.baikowski.com\/fr\/wp-json\/wp\/v2\/pages"}],"about":[{"href":"https:\/\/www.baikowski.com\/fr\/wp-json\/wp\/v2\/types\/page"}],"author":[{"embeddable":true,"href":"https:\/\/www.baikowski.com\/fr\/wp-json\/wp\/v2\/users\/1076"}],"replies":[{"embeddable":true,"href":"https:\/\/www.baikowski.com\/fr\/wp-json\/wp\/v2\/comments?post=9133"}],"version-history":[{"count":7,"href":"https:\/\/www.baikowski.com\/fr\/wp-json\/wp\/v2\/pages\/9133\/revisions"}],"predecessor-version":[{"id":9171,"href":"https:\/\/www.baikowski.com\/fr\/wp-json\/wp\/v2\/pages\/9133\/revisions\/9171"}],"wp:featuredmedia":[{"embeddable":true,"href":"https:\/\/www.baikowski.com\/fr\/wp-json\/wp\/v2\/media\/2772"}],"wp:attachment":[{"href":"https:\/\/www.baikowski.com\/fr\/wp-json\/wp\/v2\/media?parent=9133"}],"curies":[{"name":"wp","href":"https:\/\/api.w.org\/{rel}","templated":true}]}}