{"id":9141,"date":"2024-05-07T11:54:05","date_gmt":"2024-05-07T09:54:05","guid":{"rendered":"https:\/\/www.baikowski.com\/baikowski-location-in-china-and-korea\/"},"modified":"2024-05-21T11:52:40","modified_gmt":"2024-05-21T09:52:40","slug":"baikowski-location-in-china-and-korea","status":"publish","type":"page","link":"https:\/\/www.baikowski.com\/fr\/baikowski-location-in-china-and-korea\/","title":{"rendered":"Baikowski\u00ae en China et Cor\u00e9e"},"content":{"rendered":"<h2>Un service de proximit\u00e9 en Asie<\/h2>\n<p>Baikowski\u00ae est pr\u00e9sent dans le monde entier avec des sites de production aux Etats-Unis, en France et au Japon.<\/p>\n<p>Mais l&rsquo;engagement de l&rsquo;entreprise en faveur de l&rsquo;excellence ne s&rsquo;arr\u00eate pas l\u00e0. Baikowski\u00ae dispose d&rsquo;un bureau de vente en Cor\u00e9e depuis 2010 et d&rsquo; une repr\u00e9sentation commerciale en Chine depuis 2011 afin d&rsquo;assurer un service client de qualit\u00e9 aupr\u00e8s des march\u00e9s dynamiques asiatiques.<\/p>\n<p><img loading=\"lazy\" decoding=\"async\" class=\"alignright\" src=\"https:\/\/www.baikowski.com\/wp-content\/uploads\/2024\/05\/120-years-BKC-1-300x270.jpg\" alt=\"120 years of Baikowski\" width=\"300\" height=\"270\" \/><\/p>\n<p>Ces \u00e9quipes locales sont les ambassadeurs de Baikowski\u00ae et de sa capacit\u00e9 d&rsquo;innovation. Elles fournissent<strong> une expertise commerciale, un support technique et des produits sur-mesure<\/strong> pour r\u00e9pondre aux besoins de cette r\u00e9gion.<\/p>\n<h2>&#x1f31f;<span style=\"color: darkblue;\">Baikowski\u00ae Korea Corporation<\/span><\/h2>\n<p>822, LG Eclat Bd. B<br \/>\n142-3, Samsung-Dong<br \/>\nGangnam-Gu<br \/>\n135-090 SEOUL<\/p>\n<p><strong>T\u00e9l. <\/strong>(82) 255.281.97<\/p>\n<h2>&#x1f31f;<span style=\"color: darkblue;\">Agent Commercial Chinois<\/span><\/h2>\n<p>Room 804B,<br \/>\nPortman Hotel, 1376 Nanjing West Road,<br \/>\n200040 SHANGHAI<\/p>\n<p><strong>T\u00e9l. <\/strong>(86) 21 6289 2939\/2949<\/p>\n","protected":false},"excerpt":{"rendered":"<p>Un service de proximit\u00e9 en Asie Baikowski\u00ae est pr\u00e9sent dans le monde entier avec des sites de production aux Etats-Unis, en France et au Japon. Mais l&rsquo;engagement de l&rsquo;entreprise en faveur de l&rsquo;excellence ne s&rsquo;arr\u00eate pas l\u00e0. Baikowski\u00ae dispose d&rsquo;un bureau de vente en Cor\u00e9e depuis 2010 et d&rsquo; une repr\u00e9sentation commerciale en Chine depuis [&hellip;]<\/p>\n","protected":false},"author":1076,"featured_media":8991,"parent":0,"menu_order":0,"comment_status":"closed","ping_status":"closed","template":"","meta":{"_acf_changed":false,"footnotes":""},"class_list":["post-9141","page","type-page","status-publish","has-post-thumbnail","hentry"],"acf":[],"yoast_head":"<!-- This site is optimized with the Yoast SEO plugin v25.2 - https:\/\/yoast.com\/wordpress\/plugins\/seo\/ -->\n<title>Baikowski\u00ae en China et Cor\u00e9e - Baikowski\u00ae<\/title>\n<meta name=\"robots\" content=\"index, follow, max-snippet:-1, max-image-preview:large, max-video-preview:-1\" \/>\n<link rel=\"canonical\" href=\"https:\/\/www.baikowski.com\/fr\/baikowski-location-in-china-and-korea\/\" \/>\n<meta name=\"twitter:card\" content=\"summary_large_image\" \/>\n<meta name=\"twitter:title\" content=\"Baikowski\u00ae en China et Cor\u00e9e - Baikowski\u00ae\" \/>\n<meta name=\"twitter:description\" content=\"Un service de proximit\u00e9 en Asie Baikowski\u00ae est pr\u00e9sent dans le monde entier avec des sites de production aux Etats-Unis, en France et au Japon. Mais l&rsquo;engagement de l&rsquo;entreprise en faveur de l&rsquo;excellence ne s&rsquo;arr\u00eate pas l\u00e0. Baikowski\u00ae dispose d&rsquo;un bureau de vente en Cor\u00e9e depuis 2010 et d&rsquo; une repr\u00e9sentation commerciale en Chine depuis [&hellip;]\" \/>\n<meta name=\"twitter:image\" content=\"https:\/\/www.baikowski.com\/wp-content\/uploads\/2024\/05\/Melanie-cristau-1.jpg\" \/>\n<meta name=\"twitter:site\" content=\"@BaikowskiTeam\" \/>\n<meta name=\"twitter:label1\" content=\"Dur\u00e9e de lecture estim\u00e9e\" \/>\n\t<meta name=\"twitter:data1\" content=\"1 minute\" \/>\n<script type=\"application\/ld+json\" class=\"yoast-schema-graph\">{\"@context\":\"https:\/\/schema.org\",\"@graph\":[{\"@type\":\"WebPage\",\"@id\":\"https:\/\/www.baikowski.com\/fr\/baikowski-location-in-china-and-korea\/\",\"url\":\"https:\/\/www.baikowski.com\/fr\/baikowski-location-in-china-and-korea\/\",\"name\":\"Baikowski\u00ae en China et Cor\u00e9e - Baikowski\u00ae\",\"isPartOf\":{\"@id\":\"https:\/\/www.baikowski.com\/fr\/#website\"},\"primaryImageOfPage\":{\"@id\":\"https:\/\/www.baikowski.com\/fr\/baikowski-location-in-china-and-korea\/#primaryimage\"},\"image\":{\"@id\":\"https:\/\/www.baikowski.com\/fr\/baikowski-location-in-china-and-korea\/#primaryimage\"},\"thumbnailUrl\":\"https:\/\/www.baikowski.com\/wp-content\/uploads\/2024\/05\/Melanie-cristau-1.jpg\",\"datePublished\":\"2024-05-07T09:54:05+00:00\",\"dateModified\":\"2024-05-21T09:52:40+00:00\",\"breadcrumb\":{\"@id\":\"https:\/\/www.baikowski.com\/fr\/baikowski-location-in-china-and-korea\/#breadcrumb\"},\"inLanguage\":\"fr-FR\",\"potentialAction\":[{\"@type\":\"ReadAction\",\"target\":[\"https:\/\/www.baikowski.com\/fr\/baikowski-location-in-china-and-korea\/\"]}]},{\"@type\":\"ImageObject\",\"inLanguage\":\"fr-FR\",\"@id\":\"https:\/\/www.baikowski.com\/fr\/baikowski-location-in-china-and-korea\/#primaryimage\",\"url\":\"https:\/\/www.baikowski.com\/wp-content\/uploads\/2024\/05\/Melanie-cristau-1.jpg\",\"contentUrl\":\"https:\/\/www.baikowski.com\/wp-content\/uploads\/2024\/05\/Melanie-cristau-1.jpg\",\"width\":500,\"height\":332,\"caption\":\"Baikowski Sale agent in China\"},{\"@type\":\"BreadcrumbList\",\"@id\":\"https:\/\/www.baikowski.com\/fr\/baikowski-location-in-china-and-korea\/#breadcrumb\",\"itemListElement\":[{\"@type\":\"ListItem\",\"position\":1,\"name\":\"Accueil\",\"item\":\"https:\/\/www.baikowski.com\/fr\/\"},{\"@type\":\"ListItem\",\"position\":2,\"name\":\"Baikowski\u00ae en China et Cor\u00e9e\"}]},{\"@type\":\"WebSite\",\"@id\":\"https:\/\/www.baikowski.com\/fr\/#website\",\"url\":\"https:\/\/www.baikowski.com\/fr\/\",\"name\":\"Baikowski\u00ae\",\"description\":\"Your solution partner for fine minerals\",\"publisher\":{\"@id\":\"https:\/\/www.baikowski.com\/fr\/#organization\"},\"potentialAction\":[{\"@type\":\"SearchAction\",\"target\":{\"@type\":\"EntryPoint\",\"urlTemplate\":\"https:\/\/www.baikowski.com\/fr\/?s={search_term_string}\"},\"query-input\":{\"@type\":\"PropertyValueSpecification\",\"valueRequired\":true,\"valueName\":\"search_term_string\"}}],\"inLanguage\":\"fr-FR\"},{\"@type\":\"Organization\",\"@id\":\"https:\/\/www.baikowski.com\/fr\/#organization\",\"name\":\"Baikowski\u00ae\",\"url\":\"https:\/\/www.baikowski.com\/fr\/\",\"logo\":{\"@type\":\"ImageObject\",\"inLanguage\":\"fr-FR\",\"@id\":\"https:\/\/www.baikowski.com\/fr\/#\/schema\/logo\/image\/\",\"url\":\"https:\/\/www.baikowski.com\/wp-content\/uploads\/2020\/10\/Baikowski_blocmarque_RVB_ok.jpg\",\"contentUrl\":\"https:\/\/www.baikowski.com\/wp-content\/uploads\/2020\/10\/Baikowski_blocmarque_RVB_ok.jpg\",\"width\":1977,\"height\":754,\"caption\":\"Baikowski\u00ae\"},\"image\":{\"@id\":\"https:\/\/www.baikowski.com\/fr\/#\/schema\/logo\/image\/\"},\"sameAs\":[\"https:\/\/x.com\/BaikowskiTeam\",\"https:\/\/www.linkedin.com\/company\/baikowski\",\"https:\/\/www.youtube.com\/channel\/UC8ypcOZkT7RxGf5HC_aW70g\"]}]}<\/script>\n<!-- \/ Yoast SEO plugin. -->","yoast_head_json":{"title":"Baikowski\u00ae en China et Cor\u00e9e - Baikowski\u00ae","robots":{"index":"index","follow":"follow","max-snippet":"max-snippet:-1","max-image-preview":"max-image-preview:large","max-video-preview":"max-video-preview:-1"},"canonical":"https:\/\/www.baikowski.com\/fr\/baikowski-location-in-china-and-korea\/","twitter_card":"summary_large_image","twitter_title":"Baikowski\u00ae en China et Cor\u00e9e - Baikowski\u00ae","twitter_description":"Un service de proximit\u00e9 en Asie Baikowski\u00ae est pr\u00e9sent dans le monde entier avec des sites de production aux Etats-Unis, en France et au Japon. Mais l&rsquo;engagement de l&rsquo;entreprise en faveur de l&rsquo;excellence ne s&rsquo;arr\u00eate pas l\u00e0. Baikowski\u00ae dispose d&rsquo;un bureau de vente en Cor\u00e9e depuis 2010 et d&rsquo; une repr\u00e9sentation commerciale en Chine depuis [&hellip;]","twitter_image":"https:\/\/www.baikowski.com\/wp-content\/uploads\/2024\/05\/Melanie-cristau-1.jpg","twitter_site":"@BaikowskiTeam","twitter_misc":{"Dur\u00e9e de lecture estim\u00e9e":"1 minute"},"schema":{"@context":"https:\/\/schema.org","@graph":[{"@type":"WebPage","@id":"https:\/\/www.baikowski.com\/fr\/baikowski-location-in-china-and-korea\/","url":"https:\/\/www.baikowski.com\/fr\/baikowski-location-in-china-and-korea\/","name":"Baikowski\u00ae en China et Cor\u00e9e - Baikowski\u00ae","isPartOf":{"@id":"https:\/\/www.baikowski.com\/fr\/#website"},"primaryImageOfPage":{"@id":"https:\/\/www.baikowski.com\/fr\/baikowski-location-in-china-and-korea\/#primaryimage"},"image":{"@id":"https:\/\/www.baikowski.com\/fr\/baikowski-location-in-china-and-korea\/#primaryimage"},"thumbnailUrl":"https:\/\/www.baikowski.com\/wp-content\/uploads\/2024\/05\/Melanie-cristau-1.jpg","datePublished":"2024-05-07T09:54:05+00:00","dateModified":"2024-05-21T09:52:40+00:00","breadcrumb":{"@id":"https:\/\/www.baikowski.com\/fr\/baikowski-location-in-china-and-korea\/#breadcrumb"},"inLanguage":"fr-FR","potentialAction":[{"@type":"ReadAction","target":["https:\/\/www.baikowski.com\/fr\/baikowski-location-in-china-and-korea\/"]}]},{"@type":"ImageObject","inLanguage":"fr-FR","@id":"https:\/\/www.baikowski.com\/fr\/baikowski-location-in-china-and-korea\/#primaryimage","url":"https:\/\/www.baikowski.com\/wp-content\/uploads\/2024\/05\/Melanie-cristau-1.jpg","contentUrl":"https:\/\/www.baikowski.com\/wp-content\/uploads\/2024\/05\/Melanie-cristau-1.jpg","width":500,"height":332,"caption":"Baikowski Sale agent in China"},{"@type":"BreadcrumbList","@id":"https:\/\/www.baikowski.com\/fr\/baikowski-location-in-china-and-korea\/#breadcrumb","itemListElement":[{"@type":"ListItem","position":1,"name":"Accueil","item":"https:\/\/www.baikowski.com\/fr\/"},{"@type":"ListItem","position":2,"name":"Baikowski\u00ae en China et Cor\u00e9e"}]},{"@type":"WebSite","@id":"https:\/\/www.baikowski.com\/fr\/#website","url":"https:\/\/www.baikowski.com\/fr\/","name":"Baikowski\u00ae","description":"Your solution partner for fine minerals","publisher":{"@id":"https:\/\/www.baikowski.com\/fr\/#organization"},"potentialAction":[{"@type":"SearchAction","target":{"@type":"EntryPoint","urlTemplate":"https:\/\/www.baikowski.com\/fr\/?s={search_term_string}"},"query-input":{"@type":"PropertyValueSpecification","valueRequired":true,"valueName":"search_term_string"}}],"inLanguage":"fr-FR"},{"@type":"Organization","@id":"https:\/\/www.baikowski.com\/fr\/#organization","name":"Baikowski\u00ae","url":"https:\/\/www.baikowski.com\/fr\/","logo":{"@type":"ImageObject","inLanguage":"fr-FR","@id":"https:\/\/www.baikowski.com\/fr\/#\/schema\/logo\/image\/","url":"https:\/\/www.baikowski.com\/wp-content\/uploads\/2020\/10\/Baikowski_blocmarque_RVB_ok.jpg","contentUrl":"https:\/\/www.baikowski.com\/wp-content\/uploads\/2020\/10\/Baikowski_blocmarque_RVB_ok.jpg","width":1977,"height":754,"caption":"Baikowski\u00ae"},"image":{"@id":"https:\/\/www.baikowski.com\/fr\/#\/schema\/logo\/image\/"},"sameAs":["https:\/\/x.com\/BaikowskiTeam","https:\/\/www.linkedin.com\/company\/baikowski","https:\/\/www.youtube.com\/channel\/UC8ypcOZkT7RxGf5HC_aW70g"]}]}},"_links":{"self":[{"href":"https:\/\/www.baikowski.com\/fr\/wp-json\/wp\/v2\/pages\/9141","targetHints":{"allow":["GET"]}}],"collection":[{"href":"https:\/\/www.baikowski.com\/fr\/wp-json\/wp\/v2\/pages"}],"about":[{"href":"https:\/\/www.baikowski.com\/fr\/wp-json\/wp\/v2\/types\/page"}],"author":[{"embeddable":true,"href":"https:\/\/www.baikowski.com\/fr\/wp-json\/wp\/v2\/users\/1076"}],"replies":[{"embeddable":true,"href":"https:\/\/www.baikowski.com\/fr\/wp-json\/wp\/v2\/comments?post=9141"}],"version-history":[{"count":17,"href":"https:\/\/www.baikowski.com\/fr\/wp-json\/wp\/v2\/pages\/9141\/revisions"}],"predecessor-version":[{"id":9172,"href":"https:\/\/www.baikowski.com\/fr\/wp-json\/wp\/v2\/pages\/9141\/revisions\/9172"}],"wp:featuredmedia":[{"embeddable":true,"href":"https:\/\/www.baikowski.com\/fr\/wp-json\/wp\/v2\/media\/8991"}],"wp:attachment":[{"href":"https:\/\/www.baikowski.com\/fr\/wp-json\/wp\/v2\/media?parent=9141"}],"curies":[{"name":"wp","href":"https:\/\/api.w.org\/{rel}","templated":true}]}}